{"id":7688,"date":"2025-10-03T15:58:41","date_gmt":"2025-10-03T15:58:41","guid":{"rendered":"https:\/\/orkza.com\/?post_type=product&#038;p=7688"},"modified":"2026-02-26T06:10:45","modified_gmt":"2026-02-26T06:10:45","slug":"tetris-effect-steam-account","status":"publish","type":"product","link":"https:\/\/orkza.com\/it\/prodotto\/tetris-effect-steam-account\/","title":{"rendered":"Account Steam di Tetris Effect"},"content":{"rendered":"<h2 data-start=\"2977\" data-end=\"3044\"><strong data-start=\"2981\" data-end=\"3044\">Account Steam di Tetris Effect \u2013 Un Classico Senza Tempo Reinventato<\/strong><\/h2>\n<p class=\"\" data-start=\"3046\" data-end=\"3270\">Gioca a <a href=\"https:\/\/store.steampowered.com\/app\/1003590\/Tetris_Effect_Connected\/\" target=\"_blank\" rel=\"noopener\"><em data-start=\"3051\" data-end=\"3066\">Tetris Effect<\/em><\/a> con il nostro account Steam e vivi il famoso puzzle game come mai prima d&#8217;ora. Con grafica mozzafiato, paesaggi sonori dinamici ed effetti coinvolgenti, questa \u00e8 l&#8217;evoluzione definitiva dell&#8217;esperienza Tetris.<\/p>\n<h3 data-start=\"3272\" data-end=\"3317\"><strong data-start=\"3277\" data-end=\"3317\">Gameplay Classico con un Tocco Moderno<\/strong><\/h3>\n<p class=\"\" data-start=\"3319\" data-end=\"3484\">Incastra i blocchi che cadono in linee, proprio come nel Tetris originale\u2014ma ora con effetti esplosivi, musica che evolve e sfondi vibranti che reagiscono al tuo modo di giocare.<\/p>\n<h3 data-start=\"3486\" data-end=\"3514\"><strong data-start=\"3491\" data-end=\"3514\">Pi\u00f9 di 30 Livelli Spettacolari<\/strong><\/h3>\n<p class=\"\" data-start=\"3516\" data-end=\"3690\">Ogni livello ha la sua colonna sonora unica, un tema visivo e un ritmo. Dallo spazio profondo alle trincee oceaniche, ogni ambiente aggiunge un nuovo strato emotivo alla tua esperienza.<\/p>\n<h3 data-start=\"3692\" data-end=\"3735\"><strong data-start=\"3697\" data-end=\"3735\">Varie Modalit\u00e0 di Gioco e Supporto VR<\/strong><\/h3>\n<p class=\"\" data-start=\"3737\" data-end=\"3898\">Mettiti alla prova con nuove modalit\u00e0 come la Modalit\u00e0 Journey, la Modalit\u00e0 Zone e il Multiplayer Connected. Tetris Effect \u00e8 anche compatibile con la VR per un&#8217;immersione ancora pi\u00f9 profonda.<\/p>\n<h3>Come Usare il Tuo Account Steam di Tetris Effect<\/h3>\n<p><img decoding=\"async\" class=\"alignnone wp-image-3511\" src=\"https:\/\/orkza.com\/wp-content\/uploads\/2024\/10\/STEAM-ACTIVATION-GUIDE-400x225.jpg\" alt=\"\" width=\"804\" height=\"453\" title=\"\" srcset=\"https:\/\/orkza.com\/wp-content\/uploads\/2024\/10\/STEAM-ACTIVATION-GUIDE-400x225.jpg 400w, https:\/\/orkza.com\/wp-content\/uploads\/2024\/10\/STEAM-ACTIVATION-GUIDE-430x242.jpg 430w, https:\/\/orkza.com\/wp-content\/uploads\/2024\/10\/STEAM-ACTIVATION-GUIDE-150x84.jpg 150w, https:\/\/orkza.com\/wp-content\/uploads\/2024\/10\/STEAM-ACTIVATION-GUIDE-700x394.jpg 700w, https:\/\/orkza.com\/wp-content\/uploads\/2024\/10\/STEAM-ACTIVATION-GUIDE-768x432.jpg 768w, https:\/\/orkza.com\/wp-content\/uploads\/2024\/10\/STEAM-ACTIVATION-GUIDE.jpg 1280w\" sizes=\"(max-width: 804px) 100vw, 804px\" \/><\/p>\n<p>Dopo l&#8217;acquisto, accedi all&#8217;account Steam fornito sul tuo PC. Una volta loggato, vai alla tua libreria, installa il gioco e clicca sul pulsante play. Dopo qualche minuto, esci dal gioco e passa Steam alla modalit\u00e0 offline, e sei pronto per tuffarti in ore di gameplay emozionante!<\/p>\n<p>Per un processo di configurazione completo, consulta la nostra <a href=\"https:\/\/orkza.com\/it\/steam-account-activation-guide\/\" target=\"_blank\" rel=\"noopener\">Guida Completa all&#8217;Attivazione<\/a><\/p>\n<h3 data-start=\"3900\" data-end=\"3936\"><strong data-start=\"3905\" data-end=\"3936\">Requisiti Minimi di Sistema<\/strong><\/h3>\n<ul data-start=\"3938\" data-end=\"4089\">\n<li class=\"\" data-start=\"3938\" data-end=\"3965\">\n<p class=\"\" data-start=\"3940\" data-end=\"3965\">Sistema Operativo: Windows 10 (64-bit)<\/p>\n<\/li>\n<li class=\"\" data-start=\"3966\" data-end=\"3999\">\n<p class=\"\" data-start=\"3968\" data-end=\"3999\">Processore: Intel Core i3-4340<\/p>\n<\/li>\n<li class=\"\" data-start=\"4000\" data-end=\"4020\">\n<p class=\"\" data-start=\"4002\" data-end=\"4020\">Memoria: 4 GB RAM<\/p>\n<\/li>\n<li class=\"\" data-start=\"4021\" data-end=\"4073\">\n<p class=\"\" data-start=\"4023\" data-end=\"4073\">Scheda grafica: NVIDIA GTX 750 Ti \/ AMD Radeon R7 260X<\/p>\n<\/li>\n<li class=\"\" data-start=\"4074\" data-end=\"4089\">\n<p class=\"\" data-start=\"4076\" data-end=\"4089\">Spazio di archiviazione: 5 GB<\/p>\n<\/li>\n<\/ul>\n<h3 data-start=\"4091\" data-end=\"4131\"><strong data-start=\"4096\" data-end=\"4131\">Requisiti di Sistema Consigliati<\/strong><\/h3>\n<ul data-start=\"4133\" data-end=\"4280\">\n<li class=\"\" data-start=\"4133\" data-end=\"4163\">\n<p class=\"\" data-start=\"4135\" data-end=\"4163\">Sistema Operativo: Windows 10\/11 (64-bit)<\/p>\n<\/li>\n<li class=\"\" data-start=\"4164\" data-end=\"4197\">\n<p class=\"\" data-start=\"4166\" data-end=\"4197\">Processore: Intel Core i5-4590<\/p>\n<\/li>\n<li class=\"\" data-start=\"4198\" data-end=\"4218\">\n<p class=\"\" data-start=\"4200\" data-end=\"4218\">Memoria: 8 GB RAM<\/p>\n<\/li>\n<li class=\"\" data-start=\"4219\" data-end=\"4260\">\n<p class=\"\" data-start=\"4221\" data-end=\"4260\">Scheda grafica: NVIDIA GTX 970 \/ AMD RX 470<\/p>\n<\/li>\n<li class=\"\" data-start=\"4261\" data-end=\"4280\">\n<p class=\"\" data-start=\"4263\" data-end=\"4280\">Spazio di archiviazione: 5 GB SSD<\/p>\n<\/li>\n<\/ul>\n<p>Esplora i Nostri Nuovissimi <a href=\"https:\/\/orkza.com\/it\/giochi-pc\/\" target=\"_blank\" rel=\"noopener\">Account di Gioco<\/a><\/p>\n","protected":false},"excerpt":{"rendered":"<p class=\"\" data-start=\"361\" data-end=\"487\">Goditi il leggendario puzzle game con musica, effetti visivi e supporto VR in Tetris Effect\u2014ora su Steam.<\/p>\n<p><img decoding=\"async\" class=\"alignnone wp-image-3526\" src=\"https:\/\/orkza.com\/wp-content\/uploads\/2024\/10\/Steam-Account-Notice-min-300x300.png\" alt=\"\" width=\"45\" height=\"45\" srcset=\"https:\/\/orkza.com\/wp-content\/uploads\/2024\/10\/Steam-Account-Notice-min-300x300.png 300w, https:\/\/orkza.com\/wp-content\/uploads\/2024\/10\/Steam-Account-Notice-min-scaled-430x430.png 430w, https:\/\/orkza.com\/wp-content\/uploads\/2024\/10\/Steam-Account-Notice-min-150x150.png 150w, https:\/\/orkza.com\/wp-content\/uploads\/2024\/10\/Steam-Account-Notice-min-scaled-700x700.png 700w, https:\/\/orkza.com\/wp-content\/uploads\/2024\/10\/Steam-Account-Notice-min-800x800.png 800w, https:\/\/orkza.com\/wp-content\/uploads\/2024\/10\/Steam-Account-Notice-min-768x768.png 768w, https:\/\/orkza.com\/wp-content\/uploads\/2024\/10\/Steam-Account-Notice-min-1536x1536.png 1536w, https:\/\/orkza.com\/wp-content\/uploads\/2024\/10\/Steam-Account-Notice-min-2048x2048.png 2048w\" sizes=\"(max-width: 45px) 100vw, 45px\" \/><strong>Nota: I dati dell&#8217;account non possono essere modificati. Questo \u00e8 un Account Steam con Accesso a Vita solo per il gioco offline <\/strong><\/p>\n","protected":false},"featured_media":7750,"comment_status":"open","ping_status":"closed","template":"","meta":[],"product_brand":[],"product_cat":[142],"product_tag":[173],"class_list":{"0":"post-7688","1":"product","2":"type-product","3":"status-publish","4":"has-post-thumbnail","6":"product_cat-casual","7":"product_tag-steam-it","9":"first","10":"instock","11":"sale","12":"virtual","13":"purchasable","14":"product-type-simple"},"_links":{"self":[{"href":"https:\/\/orkza.com\/it\/wp-json\/wp\/v2\/product\/7688","targetHints":{"allow":["GET"]}}],"collection":[{"href":"https:\/\/orkza.com\/it\/wp-json\/wp\/v2\/product"}],"about":[{"href":"https:\/\/orkza.com\/it\/wp-json\/wp\/v2\/types\/product"}],"replies":[{"embeddable":true,"href":"https:\/\/orkza.com\/it\/wp-json\/wp\/v2\/comments?post=7688"}],"version-history":[{"count":3,"href":"https:\/\/orkza.com\/it\/wp-json\/wp\/v2\/product\/7688\/revisions"}],"predecessor-version":[{"id":16425,"href":"https:\/\/orkza.com\/it\/wp-json\/wp\/v2\/product\/7688\/revisions\/16425"}],"wp:featuredmedia":[{"embeddable":true,"href":"https:\/\/orkza.com\/it\/wp-json\/wp\/v2\/media\/7750"}],"wp:attachment":[{"href":"https:\/\/orkza.com\/it\/wp-json\/wp\/v2\/media?parent=7688"}],"wp:term":[{"taxonomy":"product_brand","embeddable":true,"href":"https:\/\/orkza.com\/it\/wp-json\/wp\/v2\/product_brand?post=7688"},{"taxonomy":"product_cat","embeddable":true,"href":"https:\/\/orkza.com\/it\/wp-json\/wp\/v2\/product_cat?post=7688"},{"taxonomy":"product_tag","embeddable":true,"href":"https:\/\/orkza.com\/it\/wp-json\/wp\/v2\/product_tag?post=7688"}],"curies":[{"name":"wp","href":"https:\/\/api.w.org\/{rel}","templated":true}]}}