{"id":5951,"date":"2025-10-03T00:05:07","date_gmt":"2025-10-03T00:05:07","guid":{"rendered":"https:\/\/orkza.com\/product\/account-steam-ghostrunner-2\/"},"modified":"2026-02-26T05:59:05","modified_gmt":"2026-02-26T05:59:05","slug":"ghostrunner-2-account-steam","status":"publish","type":"product","link":"https:\/\/orkza.com\/it\/prodotto\/ghostrunner-2-account-steam\/","title":{"rendered":"Ghostrunner 2 Account Steam"},"content":{"rendered":"<h2><span data-preserver-spaces=\"true\">Account Steam Ghostrunner 2 - Tuffati nell&#8217;Azione Cyberpunk e nei Combattimenti di Precisione<\/span><\/h2>\n<p><span data-preserver-spaces=\"true\">Entra nel mondo ad alta velocit\u00e0 e cyberpunk di <a href=\"https:\/\/store.steampowered.com\/app\/2144740\/Ghostrunner_2\/\" target=\"_blank\" rel=\"noopener\">Ghostrunner 2<\/a> con il nostro account Steam. Questo sequel porta la serie in un futuro distopico, dove i giocatori affrontano combattimenti cerebrali e azione platform per ogni centimetro del suo magnifico mondo post-apocalittico. Jack torna in una nuova avventura che combina platform di precisione a ritmo serrato e azione frenetica, mentre combatti per salvare l&#8217;umanit\u00e0 dalle orde vampiriche. Ghostrunner 2 eleva il gameplay basato sull&#8217;abilit\u00e0 a un nuovo livello, bilanciando velocit\u00e0, precisione e strategia.<\/span><\/p>\n<p><img decoding=\"async\" class=\"alignnone wp-image-3713 \" src=\"https:\/\/orkza.com\/wp-content\/uploads\/2024\/10\/Ghostrunner-2-Gameplay-2-400x225.jpg\" alt=\"Gameplay di Ghostrunner 2\" width=\"806\" height=\"453\" title=\"\" srcset=\"https:\/\/orkza.com\/wp-content\/uploads\/2024\/10\/Ghostrunner-2-Gameplay-2-400x225.jpg 400w, https:\/\/orkza.com\/wp-content\/uploads\/2024\/10\/Ghostrunner-2-Gameplay-2-430x242.jpg 430w, https:\/\/orkza.com\/wp-content\/uploads\/2024\/10\/Ghostrunner-2-Gameplay-2-150x84.jpg 150w, https:\/\/orkza.com\/wp-content\/uploads\/2024\/10\/Ghostrunner-2-Gameplay-2-700x394.jpg 700w, https:\/\/orkza.com\/wp-content\/uploads\/2024\/10\/Ghostrunner-2-Gameplay-2-768x432.jpg 768w, https:\/\/orkza.com\/wp-content\/uploads\/2024\/10\/Ghostrunner-2-Gameplay-2.jpg 1024w\" sizes=\"(max-width: 806px) 100vw, 806px\" \/><\/p>\n<h3><span data-preserver-spaces=\"true\">Combattimenti Intensi e Abilit\u00e0 Potenziate<\/span><\/h3>\n<p><span data-preserver-spaces=\"true\">Come nel primo Ghostrunner, molti movimenti seguono lo stesso principio, ma i giocatori avranno armi ancora pi\u00f9 potenti per eliminare i nemici. Affronta i combattimenti con varie strategie e armi, sia in mischia che a distanza, rendendo ogni scontro unico. Puoi anche sfrecciare tra i nemici, schivare proiettili e usare le abilit\u00e0 sbloccate per dominare i combattimenti e le aree di platform. Ghostrunner 2 sfida i giocatori a perfezionare le proprie abilit\u00e0 con un&#8217;azione adrenalinica.<\/span><\/p>\n<h3><span data-preserver-spaces=\"true\">Nuovi Ambienti e Mondi Espansi<\/span><\/h3>\n<p><span data-preserver-spaces=\"true\">In Ghostrunner 2, i giocatori lasceranno la roccaforte della Torre di Dharma per avventurarsi in terre inesplorate, scoprendo nuovi misteri di questo mondo cyberpunk. Con uno stile visivo e un level design migliorati, Satellite Nomads offre un mondo atmosferico e profondo da esplorare, con ambienti oscuri e grotteschi ricchi di lore. Oltre a livelli pi\u00f9 intricati ed enigmi impegnativi, questo mondo espanso regala uno sguardo sull&#8217;universo cyberpunk di Ghostrunner.<\/span><\/p>\n<h3><span data-preserver-spaces=\"true\">Platform di Precisione con Meccaniche Potenziate<\/span><\/h3>\n<p><span data-preserver-spaces=\"true\">Basandosi sul platform classico di Ghostrunner, il sequel migliora le meccaniche di movimento per un&#8217;esperienza pi\u00f9 reattiva e precisa. L&#8217;emozione di correre sui muri, oscillare con la fune e altre manovre agili \u00e8 centrale per la progressione, incoraggiando i giocatori a mixare velocit\u00e0 e finezza. I livelli sono progettati per essere impegnativi ma accessibili, bilanciando difficolt\u00e0 per giocatori occasionali ed esperti.<\/span><\/p>\n<h3>Come Usare il Tuo Account Steam Ghostrunner 2<\/h3>\n<p><img decoding=\"async\" class=\"alignnone wp-image-3511\" src=\"https:\/\/orkza.com\/wp-content\/uploads\/2024\/10\/STEAM-ACTIVATION-GUIDE-400x225.jpg\" alt=\"Guida all&#039;attivazione Steam\" width=\"804\" height=\"453\" title=\"\" srcset=\"https:\/\/orkza.com\/wp-content\/uploads\/2024\/10\/STEAM-ACTIVATION-GUIDE-400x225.jpg 400w, https:\/\/orkza.com\/wp-content\/uploads\/2024\/10\/STEAM-ACTIVATION-GUIDE-430x242.jpg 430w, https:\/\/orkza.com\/wp-content\/uploads\/2024\/10\/STEAM-ACTIVATION-GUIDE-150x84.jpg 150w, https:\/\/orkza.com\/wp-content\/uploads\/2024\/10\/STEAM-ACTIVATION-GUIDE-700x394.jpg 700w, https:\/\/orkza.com\/wp-content\/uploads\/2024\/10\/STEAM-ACTIVATION-GUIDE-768x432.jpg 768w, https:\/\/orkza.com\/wp-content\/uploads\/2024\/10\/STEAM-ACTIVATION-GUIDE.jpg 1280w\" sizes=\"(max-width: 804px) 100vw, 804px\" \/><\/p>\n<p>Dopo l&#8217;acquisto, accedi all&#8217;account Steam fornito sul tuo PC. Una volta connesso, vai alla libreria, installa il gioco e clicca su &#8220;Gioca&#8221;. Dopo qualche minuto, esci dal gioco e passa Steam in modalit\u00e0 offline: sei pronto per ore di gameplay emozionante!<\/p>\n<p>Per una guida completa, consulta il nostro <a href=\"https:\/\/orkza.com\/it\/steam-account-activation-guide\/\" target=\"_blank\" rel=\"noopener\">Manuale Completo di Attivazione<\/a><\/p>\n<h3><strong>Requisiti Minimi di Sistema<\/strong><\/h3>\n<ul>\n<li>OS: Windows 10 (64-bit)<\/li>\n<li>Processore: Intel Core i5-4590 o AMD FX 8350<\/li>\n<li>Memoria: 8 GB RAM<\/li>\n<li>Grafica: NVIDIA GTX 960 o AMD RX 560<\/li>\n<li>Spazio di archiviazione: 25 GB disponibili<\/li>\n<\/ul>\n<h3><strong>Requisiti Consigliati di Sistema<\/strong><\/h3>\n<ul>\n<li>OS: Windows 10\/11 (64-bit)<\/li>\n<li>Processore: Intel Core i7-6700K o AMD Ryzen 5 1600<\/li>\n<li>Memoria: 16 GB RAM<\/li>\n<li>Grafica: NVIDIA GTX 1080 o AMD RX 5700 XT<\/li>\n<li>Spazio di archiviazione: 25 GB disponibili<\/li>\n<\/ul>\n<p>Scopri i nostri ultimi <a href=\"https:\/\/orkza.com\/it\/giochi-pc\/\" target=\"_blank\" rel=\"noopener\">Account di Giochi<\/a><\/p>\n","protected":false},"excerpt":{"rendered":"<p>Domina il combattimento cyber in Ghostrunner 2! Sfreccia, affetta ed esplora un mondo cyberpunk con azione intensa sul nostro account Steam.<\/p>\n<p><img decoding=\"async\" class=\"alignnone wp-image-3526\" src=\"https:\/\/orkza.com\/wp-content\/uploads\/2024\/10\/Steam-Account-Notice-min-300x300.png\" alt=\"\" width=\"45\" height=\"45\" srcset=\"https:\/\/orkza.com\/wp-content\/uploads\/2024\/10\/Steam-Account-Notice-min-300x300.png 300w, https:\/\/orkza.com\/wp-content\/uploads\/2024\/10\/Steam-Account-Notice-min-scaled-430x430.png 430w, https:\/\/orkza.com\/wp-content\/uploads\/2024\/10\/Steam-Account-Notice-min-150x150.png 150w, https:\/\/orkza.com\/wp-content\/uploads\/2024\/10\/Steam-Account-Notice-min-scaled-700x700.png 700w, https:\/\/orkza.com\/wp-content\/uploads\/2024\/10\/Steam-Account-Notice-min-800x800.png 800w, https:\/\/orkza.com\/wp-content\/uploads\/2024\/10\/Steam-Account-Notice-min-768x768.png 768w, https:\/\/orkza.com\/wp-content\/uploads\/2024\/10\/Steam-Account-Notice-min-1536x1536.png 1536w, https:\/\/orkza.com\/wp-content\/uploads\/2024\/10\/Steam-Account-Notice-min-2048x2048.png 2048w\" sizes=\"(max-width: 45px) 100vw, 45px\" \/><strong>Nota: I dati dell&#8217;account non possono essere modificati. Questo \u00e8 un account Steam con accesso a vita, utilizzabile solo in modalit\u00e0 offline<\/strong><\/p>\n","protected":false},"featured_media":5957,"comment_status":"open","ping_status":"closed","template":"","meta":[],"product_brand":[],"product_cat":[140],"product_tag":[173],"class_list":{"0":"post-5951","1":"product","2":"type-product","3":"status-publish","4":"has-post-thumbnail","6":"product_cat-azione","7":"product_tag-steam-it","9":"first","10":"instock","11":"sale","12":"virtual","13":"purchasable","14":"product-type-simple"},"_links":{"self":[{"href":"https:\/\/orkza.com\/it\/wp-json\/wp\/v2\/product\/5951","targetHints":{"allow":["GET"]}}],"collection":[{"href":"https:\/\/orkza.com\/it\/wp-json\/wp\/v2\/product"}],"about":[{"href":"https:\/\/orkza.com\/it\/wp-json\/wp\/v2\/types\/product"}],"replies":[{"embeddable":true,"href":"https:\/\/orkza.com\/it\/wp-json\/wp\/v2\/comments?post=5951"}],"version-history":[{"count":1,"href":"https:\/\/orkza.com\/it\/wp-json\/wp\/v2\/product\/5951\/revisions"}],"predecessor-version":[{"id":8042,"href":"https:\/\/orkza.com\/it\/wp-json\/wp\/v2\/product\/5951\/revisions\/8042"}],"wp:featuredmedia":[{"embeddable":true,"href":"https:\/\/orkza.com\/it\/wp-json\/wp\/v2\/media\/5957"}],"wp:attachment":[{"href":"https:\/\/orkza.com\/it\/wp-json\/wp\/v2\/media?parent=5951"}],"wp:term":[{"taxonomy":"product_brand","embeddable":true,"href":"https:\/\/orkza.com\/it\/wp-json\/wp\/v2\/product_brand?post=5951"},{"taxonomy":"product_cat","embeddable":true,"href":"https:\/\/orkza.com\/it\/wp-json\/wp\/v2\/product_cat?post=5951"},{"taxonomy":"product_tag","embeddable":true,"href":"https:\/\/orkza.com\/it\/wp-json\/wp\/v2\/product_tag?post=5951"}],"curies":[{"name":"wp","href":"https:\/\/api.w.org\/{rel}","templated":true}]}}