{"id":16144,"date":"2026-02-21T07:42:36","date_gmt":"2026-02-21T07:42:36","guid":{"rendered":"https:\/\/orkza.com\/?post_type=product&#038;p=16144"},"modified":"2026-02-26T05:28:28","modified_gmt":"2026-02-26T05:28:28","slug":"romeo-is-a-dead-man-steam-account","status":"publish","type":"product","link":"https:\/\/orkza.com\/it\/prodotto\/romeo-is-a-dead-man-steam-account\/","title":{"rendered":"Account Steam ROMEO IS A DEAD MAN"},"content":{"rendered":"<h2 data-start=\"4662\" data-end=\"4708\"><strong data-start=\"4669\" data-end=\"4706\">Caos Cosmico: ROMEO IS A DEAD MAN<\/strong><\/h2>\n<p data-start=\"4710\" data-end=\"5352\">Vivi un&#8217;azione sci-fi implacabile in <strong data-start=\"4749\" data-end=\"4862\"><a class=\"decorated-link\" href=\"https:\/\/store.steampowered.com\/app\/3050900\/ROMEO_IS_A_DEAD_MAN\/?utm_source=chatgpt.com\" target=\"_new\" rel=\"noopener\" data-start=\"4751\" data-end=\"4860\">ROMEO IS A DEAD MAN<\/a><\/strong>, una nuova audace avventura di <em data-start=\"4890\" data-end=\"4915\">Grasshopper Manufacture<\/em> che fonde azione sopra le righe con una narrativa che salta attraverso spazio e tempo. Interpreti Romeo Stargazer, un agente d&#8217;\u00e9lite resuscitato da una tecnologia all&#8217;avanguardia dopo essere stato in punto di morte, ora incaricato di dare la caccia a criminali che manipolano la realt\u00e0 stessa. Con un combattimento frenetico che combina mischia, armi da fuoco e abilit\u00e0 soprannaturali, questo titolo aumenta l&#8217;intensit\u00e0 dal primo scontro.<\/p>\n<p data-start=\"5354\" data-end=\"5796\">Nei panni di Romeo, attraverserai linee temporali frammentate e dimensioni bizzarre alla ricerca di risposte sulla scomparsa della tua partner Juliet. Il design del gioco non fa sconti: mondi vividi e stilizzati si scontrano con nemici grotteschi e incontri brutali che richiedono padronanza sia della lama che dell&#8217;arma. Il combattimento scorre rapidamente tra duelli con la spada e sparatorie a distanza, offrendo profondit\u00e0 strategica e spettacolo in egual misura.<\/p>\n<p data-start=\"5798\" data-end=\"6225\">Oltre alla sua azione implacabile, ROMEO IS A DEAD MAN intreccia anche una narrativa imprevedibile ricca di colpi di scena e posta in gioco cosmica. Ogni capitolo ti spinge pi\u00f9 a fondo in una realt\u00e0 alternativa dove le leggi della fisica si sgretolano e nulla \u00e8 certo. Per gli appassionati di giochi d&#8217;azione che bramano battaglie frenetiche e narrazione audace, questo offre una delle esperienze sci-fi pi\u00f9 memorabili dell&#8217;anno.<\/p>\n<h3 data-start=\"6227\" data-end=\"6663\"><strong data-start=\"6227\" data-end=\"6269\">Requisiti di Sistema <\/strong><\/h3>\n<p data-start=\"6227\" data-end=\"6663\"><strong data-start=\"6272\" data-end=\"6284\">Minimi:<\/strong><br data-start=\"6284\" data-end=\"6287\" \/>\u2022 OS: Windows 11<br data-start=\"6303\" data-end=\"6306\" \/>\u2022 CPU: Intel Core i5-8400 \/ AMD Ryzen 3 3100<br data-start=\"6350\" data-end=\"6353\" \/>\u2022 RAM: 16 GB<br data-start=\"6365\" data-end=\"6368\" \/>\u2022 GPU: NVIDIA GTX 1080 \/ AMD RX 5600 XT<br data-start=\"6407\" data-end=\"6410\" \/>\u2022 DirectX: 12<br data-start=\"6423\" data-end=\"6426\" \/>\u2022 Spazio: 60 GB<\/p>\n<p data-start=\"6227\" data-end=\"6663\"><br data-start=\"6442\" data-end=\"6445\" \/><strong data-start=\"6445\" data-end=\"6461\">Consigliati:<\/strong><br data-start=\"6461\" data-end=\"6464\" \/>\u2022 OS: Windows 11<br data-start=\"6480\" data-end=\"6483\" \/>\u2022 CPU: Intel Core i7-10700F \/ AMD Ryzen 5 4500<br data-start=\"6529\" data-end=\"6532\" \/>\u2022 RAM: 16 GB<br data-start=\"6544\" data-end=\"6547\" \/>\u2022 GPU: NVIDIA RTX 3060 Ti \/ AMD RX 7600<br data-start=\"6586\" data-end=\"6589\" \/>\u2022 DirectX: 12<br data-start=\"6602\" data-end=\"6605\" \/>\u2022 Spazio: 60 GB<\/p>\n<h3>Come Usare il Tuo Account Steam ROMEO IS A DEAD MAN<\/h3>\n<p><img decoding=\"async\" class=\"alignnone wp-image-3511\" src=\"https:\/\/orkza.com\/wp-content\/uploads\/2024\/10\/STEAM-ACTIVATION-GUIDE-400x225.jpg\" alt=\"\" width=\"804\" height=\"453\" title=\"\" srcset=\"https:\/\/orkza.com\/wp-content\/uploads\/2024\/10\/STEAM-ACTIVATION-GUIDE-400x225.jpg 400w, https:\/\/orkza.com\/wp-content\/uploads\/2024\/10\/STEAM-ACTIVATION-GUIDE-430x242.jpg 430w, https:\/\/orkza.com\/wp-content\/uploads\/2024\/10\/STEAM-ACTIVATION-GUIDE-150x84.jpg 150w, https:\/\/orkza.com\/wp-content\/uploads\/2024\/10\/STEAM-ACTIVATION-GUIDE-700x394.jpg 700w, https:\/\/orkza.com\/wp-content\/uploads\/2024\/10\/STEAM-ACTIVATION-GUIDE-768x432.jpg 768w, https:\/\/orkza.com\/wp-content\/uploads\/2024\/10\/STEAM-ACTIVATION-GUIDE.jpg 1280w\" sizes=\"(max-width: 804px) 100vw, 804px\" \/><\/p>\n<p>Dopo l&#8217;acquisto, accedi all&#8217;account Steam fornito sul tuo PC. Una volta loggato, vai alla tua libreria, installa il gioco e clicca sul pulsante play. Dopo qualche minuto, esci dal gioco e passa Steam alla modalit\u00e0 offline, e sei pronto per tuffarti in ore di gameplay emozionante!<\/p>\n<p>Per un processo di configurazione completo, consulta la nostra <a href=\"https:\/\/orkza.com\/it\/steam-account-activation-guide\/\" target=\"_blank\" rel=\"noopener\">Guida all&#8217;Attivazione dell&#8217;Account Steam<\/a><\/p>\n<p>Esplora i nostri nuovi <a href=\"https:\/\/orkza.com\/it\/giochi-pc\/\" target=\"_blank\" rel=\"noopener\">GIOCHI PER PC<\/a><\/p>\n","protected":false},"excerpt":{"rendered":"<p data-start=\"6665\" data-end=\"6797\">Azione sci-fi iperviolenta con combattimenti che piegano il tempo, armi, lame e battaglie su scala cosmica.<\/p>\n<p><img decoding=\"async\" class=\"alignnone wp-image-3526\" src=\"https:\/\/orkza.com\/wp-content\/uploads\/2024\/10\/Steam-Account-Notice-min-300x300.png\" alt=\"\" width=\"41\" height=\"41\" srcset=\"https:\/\/orkza.com\/wp-content\/uploads\/2024\/10\/Steam-Account-Notice-min-300x300.png 300w, https:\/\/orkza.com\/wp-content\/uploads\/2024\/10\/Steam-Account-Notice-min-scaled-430x430.png 430w, https:\/\/orkza.com\/wp-content\/uploads\/2024\/10\/Steam-Account-Notice-min-150x150.png 150w, https:\/\/orkza.com\/wp-content\/uploads\/2024\/10\/Steam-Account-Notice-min-scaled-700x700.png 700w, https:\/\/orkza.com\/wp-content\/uploads\/2024\/10\/Steam-Account-Notice-min-800x800.png 800w, https:\/\/orkza.com\/wp-content\/uploads\/2024\/10\/Steam-Account-Notice-min-768x768.png 768w, https:\/\/orkza.com\/wp-content\/uploads\/2024\/10\/Steam-Account-Notice-min-1536x1536.png 1536w, https:\/\/orkza.com\/wp-content\/uploads\/2024\/10\/Steam-Account-Notice-min-2048x2048.png 2048w\" sizes=\"(max-width: 41px) 100vw, 41px\" \/><strong>Nota: I dati dell&#8217;account non possono essere modificati. Questo \u00e8 un Account Steam con Accesso a Vita solo per il gioco offline <\/strong><\/p>\n","protected":false},"featured_media":16267,"comment_status":"open","ping_status":"closed","template":"","meta":[],"product_brand":[],"product_cat":[140],"product_tag":[173],"class_list":{"0":"post-16144","1":"product","2":"type-product","3":"status-publish","4":"has-post-thumbnail","6":"product_cat-azione","7":"product_tag-steam-it","9":"first","10":"instock","11":"sale","12":"virtual","13":"purchasable","14":"product-type-simple"},"_links":{"self":[{"href":"https:\/\/orkza.com\/it\/wp-json\/wp\/v2\/product\/16144","targetHints":{"allow":["GET"]}}],"collection":[{"href":"https:\/\/orkza.com\/it\/wp-json\/wp\/v2\/product"}],"about":[{"href":"https:\/\/orkza.com\/it\/wp-json\/wp\/v2\/types\/product"}],"replies":[{"embeddable":true,"href":"https:\/\/orkza.com\/it\/wp-json\/wp\/v2\/comments?post=16144"}],"version-history":[{"count":3,"href":"https:\/\/orkza.com\/it\/wp-json\/wp\/v2\/product\/16144\/revisions"}],"predecessor-version":[{"id":16345,"href":"https:\/\/orkza.com\/it\/wp-json\/wp\/v2\/product\/16144\/revisions\/16345"}],"wp:featuredmedia":[{"embeddable":true,"href":"https:\/\/orkza.com\/it\/wp-json\/wp\/v2\/media\/16267"}],"wp:attachment":[{"href":"https:\/\/orkza.com\/it\/wp-json\/wp\/v2\/media?parent=16144"}],"wp:term":[{"taxonomy":"product_brand","embeddable":true,"href":"https:\/\/orkza.com\/it\/wp-json\/wp\/v2\/product_brand?post=16144"},{"taxonomy":"product_cat","embeddable":true,"href":"https:\/\/orkza.com\/it\/wp-json\/wp\/v2\/product_cat?post=16144"},{"taxonomy":"product_tag","embeddable":true,"href":"https:\/\/orkza.com\/it\/wp-json\/wp\/v2\/product_tag?post=16144"}],"curies":[{"name":"wp","href":"https:\/\/api.w.org\/{rel}","templated":true}]}}