{"id":16142,"date":"2026-02-21T07:42:35","date_gmt":"2026-02-21T07:42:35","guid":{"rendered":"https:\/\/orkza.com\/?post_type=product&#038;p=16142"},"modified":"2026-02-26T05:27:50","modified_gmt":"2026-02-26T05:27:50","slug":"styx-blades-of-greed-deluxe-edition-steam-account","status":"publish","type":"product","link":"https:\/\/orkza.com\/it\/prodotto\/styx-blades-of-greed-deluxe-edition-steam-account\/","title":{"rendered":"Styx Blades of Greed Deluxe Edition Account Steam"},"content":{"rendered":"<h2 data-start=\"2438\" data-end=\"2493\"><strong data-start=\"2446\" data-end=\"2491\">Stealth e Intrighi: Styx Blades of Greed<\/strong><\/h2>\n<p data-start=\"2495\" data-end=\"3114\">In <strong data-start=\"2498\" data-end=\"2613\"><a class=\"decorated-link\" href=\"https:\/\/store.steampowered.com\/app\/3290690\/Styx_Blades_of_Greed\/?utm_source=chatgpt.com\" target=\"_new\" rel=\"noopener\" data-start=\"2500\" data-end=\"2611\">Styx Blades of Greed<\/a><\/strong>, il leggendario goblin maestro del furtivit\u00e0 ritorna con una vendetta in un vasto mondo dark fantasy pieno di pericoli, opportunit\u00e0 e, naturalmente, ricchezze. Vesti i panni di Styx \u2014 astuto, sarcastico e infinitamente avido \u2014 mentre intraprende una missione solitaria per impossessarsi del prezioso Quarzo, una risorsa potente e pericolosa ambita da tutti. Offrendo una perfetta combinazione di stealth, azione ed esplorazione, questo gioco mette in primo piano creativit\u00e0 e astuzia.<\/p>\n<p data-start=\"3116\" data-end=\"3614\">Con ambienti espansivi e verticali attraverso il Continente Iseriano, <strong data-start=\"3189\" data-end=\"3213\">Styx Blades of Greed<\/strong> mette alla prova la tua padronanza delle ombre, degli strumenti e dei poteri. Con abilit\u00e0 come Invisibilit\u00e0, Clonazione, Spostamento Temporale e Controllo Mentale a tua disposizione, ogni missione diventa un campo di sperimentazione. Invece di forzare un unico percorso, il mondo incoraggia molteplici approcci: sgattaiola oltre le guardie, prepara trappole intelligenti, raccogli informazioni o colpisci con precisione calcolata.<\/p>\n<p data-start=\"3616\" data-end=\"4048\">La storia di Styx in questo capitolo non riguarda il lavorare per altri \u2014 si tratta di forgiare la propria leggenda. Dal comandare zeppelin all&#8217;assemblare un equipaggio di reietti, affronterai ambiguit\u00e0 morali e intrighi ad alto rischio che richiedono sia ingegno che agilit\u00e0. I fan dei giochi stealth apprezzeranno la profondit\u00e0 delle meccaniche e la libert\u00e0 in ogni scontro, che si tratti di eludere una pattuglia o di portare a termine un audace colpo.<\/p>\n<h3 data-start=\"4050\" data-end=\"4498\"><strong data-start=\"4050\" data-end=\"4092\">Requisiti di sistema<\/strong><\/h3>\n<p data-start=\"4050\" data-end=\"4498\"><strong data-start=\"4095\" data-end=\"4107\">Minimi:<\/strong><br data-start=\"4107\" data-end=\"4110\" \/>\u2022 SO: Windows 10 (64 bit)<br data-start=\"4135\" data-end=\"4138\" \/>\u2022 CPU: Intel Core i7-8700K \/ AMD Ryzen 5 1600X<br data-start=\"4184\" data-end=\"4187\" \/>\u2022 RAM: 12 GB<br data-start=\"4199\" data-end=\"4202\" \/>\u2022 GPU: NVIDIA GTX 1060 \/ AMD RX 590<br data-start=\"4237\" data-end=\"4240\" \/>\u2022 DirectX: 12<br data-start=\"4253\" data-end=\"4256\" \/>\u2022 Spazio: 25 GB<br data-start=\"4272\" data-end=\"4275\" \/><strong data-start=\"4275\" data-end=\"4291\">Consigliati:<\/strong><br data-start=\"4291\" data-end=\"4294\" \/>\u2022 SO: Windows 11 (64 bit)<br data-start=\"4319\" data-end=\"4322\" \/>\u2022 CPU: Intel Core i5-12600K \/ AMD Ryzen 7 5800X<br data-start=\"4369\" data-end=\"4372\" \/>\u2022 RAM: 16 GB<br data-start=\"4384\" data-end=\"4387\" \/>\u2022 GPU: NVIDIA RTX 3070 \/ AMD RX 6800<br data-start=\"4423\" data-end=\"4426\" \/>\u2022 DirectX: 12<br data-start=\"4439\" data-end=\"4442\" \/>\u2022 Spazio: 25 GB<\/p>\n<h3>Come Usare il Tuo Account Steam di Styx Blades of Greed<\/h3>\n<p><img decoding=\"async\" class=\"alignnone wp-image-3511\" src=\"https:\/\/orkza.com\/wp-content\/uploads\/2024\/10\/STEAM-ACTIVATION-GUIDE-400x225.jpg\" alt=\"\" width=\"804\" height=\"453\" title=\"\" srcset=\"https:\/\/orkza.com\/wp-content\/uploads\/2024\/10\/STEAM-ACTIVATION-GUIDE-400x225.jpg 400w, https:\/\/orkza.com\/wp-content\/uploads\/2024\/10\/STEAM-ACTIVATION-GUIDE-430x242.jpg 430w, https:\/\/orkza.com\/wp-content\/uploads\/2024\/10\/STEAM-ACTIVATION-GUIDE-150x84.jpg 150w, https:\/\/orkza.com\/wp-content\/uploads\/2024\/10\/STEAM-ACTIVATION-GUIDE-700x394.jpg 700w, https:\/\/orkza.com\/wp-content\/uploads\/2024\/10\/STEAM-ACTIVATION-GUIDE-768x432.jpg 768w, https:\/\/orkza.com\/wp-content\/uploads\/2024\/10\/STEAM-ACTIVATION-GUIDE.jpg 1280w\" sizes=\"(max-width: 804px) 100vw, 804px\" \/><\/p>\n<p>Dopo l&#8217;acquisto, accedi all&#8217;account Steam fornito sul tuo PC. Una volta loggato, vai alla tua libreria, installa il gioco e clicca sul pulsante play. Dopo qualche minuto, esci dal gioco e passa Steam alla modalit\u00e0 offline, e sei pronto per tuffarti in ore di gameplay emozionante!<\/p>\n<p>Per un processo di configurazione completo, consulta la nostra <a href=\"https:\/\/orkza.com\/it\/steam-account-activation-guide\/\" target=\"_blank\" rel=\"noopener\">Guida all&#8217;Attivazione dell&#8217;Account Steam<\/a><\/p>\n<p>Esplora i nostri nuovi <a href=\"https:\/\/orkza.com\/it\/giochi-pc\/\" target=\"_blank\" rel=\"noopener\">GIOCHI PER PC<\/a><\/p>\n","protected":false},"excerpt":{"rendered":"<p data-start=\"4500\" data-end=\"4655\">Azione stealth con un goblin astuto, poteri del Quarzo, esplorazione verticale e molteplici modi per ingannare i nemici.<\/p>\n<p><img decoding=\"async\" class=\"alignnone wp-image-3526\" src=\"https:\/\/orkza.com\/wp-content\/uploads\/2024\/10\/Steam-Account-Notice-min-300x300.png\" alt=\"\" width=\"41\" height=\"41\" srcset=\"https:\/\/orkza.com\/wp-content\/uploads\/2024\/10\/Steam-Account-Notice-min-300x300.png 300w, https:\/\/orkza.com\/wp-content\/uploads\/2024\/10\/Steam-Account-Notice-min-scaled-430x430.png 430w, https:\/\/orkza.com\/wp-content\/uploads\/2024\/10\/Steam-Account-Notice-min-150x150.png 150w, https:\/\/orkza.com\/wp-content\/uploads\/2024\/10\/Steam-Account-Notice-min-scaled-700x700.png 700w, https:\/\/orkza.com\/wp-content\/uploads\/2024\/10\/Steam-Account-Notice-min-800x800.png 800w, https:\/\/orkza.com\/wp-content\/uploads\/2024\/10\/Steam-Account-Notice-min-768x768.png 768w, https:\/\/orkza.com\/wp-content\/uploads\/2024\/10\/Steam-Account-Notice-min-1536x1536.png 1536w, https:\/\/orkza.com\/wp-content\/uploads\/2024\/10\/Steam-Account-Notice-min-2048x2048.png 2048w\" sizes=\"(max-width: 41px) 100vw, 41px\" \/><strong>Nota: I dati dell&#8217;account non possono essere modificati. Questo \u00e8 un Account Steam con Accesso a Vita solo per il gioco offline <\/strong><\/p>\n","protected":false},"featured_media":16270,"comment_status":"open","ping_status":"closed","template":"","meta":[],"product_brand":[],"product_cat":[140],"product_tag":[173],"class_list":{"0":"post-16142","1":"product","2":"type-product","3":"status-publish","4":"has-post-thumbnail","6":"product_cat-azione","7":"product_tag-steam-it","9":"first","10":"instock","11":"sale","12":"virtual","13":"purchasable","14":"product-type-simple"},"_links":{"self":[{"href":"https:\/\/orkza.com\/it\/wp-json\/wp\/v2\/product\/16142","targetHints":{"allow":["GET"]}}],"collection":[{"href":"https:\/\/orkza.com\/it\/wp-json\/wp\/v2\/product"}],"about":[{"href":"https:\/\/orkza.com\/it\/wp-json\/wp\/v2\/types\/product"}],"replies":[{"embeddable":true,"href":"https:\/\/orkza.com\/it\/wp-json\/wp\/v2\/comments?post=16142"}],"version-history":[{"count":3,"href":"https:\/\/orkza.com\/it\/wp-json\/wp\/v2\/product\/16142\/revisions"}],"predecessor-version":[{"id":16344,"href":"https:\/\/orkza.com\/it\/wp-json\/wp\/v2\/product\/16142\/revisions\/16344"}],"wp:featuredmedia":[{"embeddable":true,"href":"https:\/\/orkza.com\/it\/wp-json\/wp\/v2\/media\/16270"}],"wp:attachment":[{"href":"https:\/\/orkza.com\/it\/wp-json\/wp\/v2\/media?parent=16142"}],"wp:term":[{"taxonomy":"product_brand","embeddable":true,"href":"https:\/\/orkza.com\/it\/wp-json\/wp\/v2\/product_brand?post=16142"},{"taxonomy":"product_cat","embeddable":true,"href":"https:\/\/orkza.com\/it\/wp-json\/wp\/v2\/product_cat?post=16142"},{"taxonomy":"product_tag","embeddable":true,"href":"https:\/\/orkza.com\/it\/wp-json\/wp\/v2\/product_tag?post=16142"}],"curies":[{"name":"wp","href":"https:\/\/api.w.org\/{rel}","templated":true}]}}