{"id":16138,"date":"2026-02-21T07:42:32","date_gmt":"2026-02-21T07:42:32","guid":{"rendered":"https:\/\/orkza.com\/?post_type=product&#038;p=16138"},"modified":"2026-02-26T05:27:38","modified_gmt":"2026-02-26T05:27:38","slug":"my-hero-academia-alls-justice-ultimate-edition-steam-account","status":"publish","type":"product","link":"https:\/\/orkza.com\/it\/prodotto\/my-hero-academia-alls-justice-ultimate-edition-steam-account\/","title":{"rendered":"MY HERO ACADEMIA All&#8217;s Justice Ultimate Edition Account Steam"},"content":{"rendered":"<h3 data-start=\"5073\" data-end=\"5134\"><strong data-start=\"5083\" data-end=\"5132\">Scontro tra Eroi: MY HERO ACADEMIA All&#8217;s Justice<\/strong><\/h3>\n<p data-start=\"5136\" data-end=\"5708\">Immergiti in esplosivi combattimenti 3v3 e scontri eroici in <strong data-start=\"5191\" data-end=\"5325\"><a class=\"decorated-link\" href=\"https:\/\/store.steampowered.com\/app\/2362050\/MY_HERO_ACADEMIA_Alls_Justice\/?utm_source=chatgpt.com\" target=\"_new\" rel=\"noopener\" data-start=\"5193\" data-end=\"5323\">MY HERO ACADEMIA All&#8217;s Justice<\/a><\/strong>, l&#8217;arena fighter ispirato all&#8217;anime che porta i tuoi eroi e villain preferiti dalla serie di successo <em data-start=\"5425\" data-end=\"5443\">My Hero Academia<\/em> in battaglie frenetiche su PC. Combatti in arene dinamiche, scatena potenti Quirk e rivivi momenti iconici della storia della Guerra Finale insieme a Deku, Bakugo, Shigaraki e altri mentre forgi il tuo cammino verso la giustizia.<\/p>\n<p data-start=\"5710\" data-end=\"6118\">MY HERO ACADEMIA All&#8217;s Justice offre diverse modalit\u00e0 di gioco, dalla &#8220;Missione di Squadra&#8221; dove ti alleni con la Classe 1-A della U.A. High alla &#8220;Modalit\u00e0 Battaglia Archivi&#8221;, che ti permette di rivivere scontri classici di tutta la serie. La Modalit\u00e0 Storia ti mette nel cuore della Guerra Finale, offrendo narrazioni cinematiche e battaglie strategiche che mettono alla prova i tuoi riflessi e la sinergia di squadra.<\/p>\n<p data-start=\"6120\" data-end=\"6557\">Il roster \u00e8 uno dei maggiori punti di forza del gioco: eroi, eroi professionisti e terrificanti villain dell&#8217;universo MHA portano i loro Quirk in combattimenti ad alta velocit\u00e0 dove tempismo, esecuzione delle combo e composizione della squadra contano. Potenziamenti strategici come il meccanismo &#8220;Rising&#8221; aumentano potenza e mobilit\u00e0, incoraggiando i giocatori a concatenare combo e abilit\u00e0 speciali per ribaltare le sorti della battaglia.<\/p>\n<p data-start=\"6559\" data-end=\"6813\">Che tu stia rivivendo archi narrativi chiave dell&#8217;anime o competendo contro altri in arene PvP, questo action fighter ricco d&#8217;azione offre battaglie emozionanti e adrenalina anime sia per i fan che per i giocatori competitivi.<\/p>\n<h3 data-start=\"6815\" data-end=\"7233\"><strong data-start=\"6815\" data-end=\"6857\">Requisiti di sistema<\/strong><\/h3>\n<p data-start=\"6815\" data-end=\"7233\"><strong data-start=\"6860\" data-end=\"6872\">Minimi:<\/strong><br data-start=\"6872\" data-end=\"6875\" \/>\u2022 OS: Windows 11 \u2022 CPU: Intel i5-10600K \/ AMD Ryzen 5 3600 XT \u2022 RAM: 8 GB \u2022 GPU: NVIDIA GTX 1660 Ti \/ Radeon RX 5600 XT \u2022 DirectX: 12 \u2022 Spazio: 20 GB<br data-start=\"7025\" data-end=\"7028\" \/><strong data-start=\"7028\" data-end=\"7044\">Consigliati:<\/strong><br data-start=\"7044\" data-end=\"7047\" \/>\u2022 OS: Windows 11 \u2022 CPU: Intel i7-9700 \/ AMD Ryzen 7 3700X \u2022 RAM: 16 GB \u2022 GPU: NVIDIA RTX 2070 \/ Radeon RX 5700 XT \u2022 DirectX: 12 \u2022 Spazio: 20 GB<\/p>\n<h3>Come Usare il Tuo Account Steam di MY HERO ACADEMIA All&#8217;s Justice<\/h3>\n<p><img decoding=\"async\" class=\"alignnone wp-image-3511\" src=\"https:\/\/orkza.com\/wp-content\/uploads\/2024\/10\/STEAM-ACTIVATION-GUIDE-400x225.jpg\" alt=\"\" width=\"804\" height=\"453\" title=\"\" srcset=\"https:\/\/orkza.com\/wp-content\/uploads\/2024\/10\/STEAM-ACTIVATION-GUIDE-400x225.jpg 400w, https:\/\/orkza.com\/wp-content\/uploads\/2024\/10\/STEAM-ACTIVATION-GUIDE-430x242.jpg 430w, https:\/\/orkza.com\/wp-content\/uploads\/2024\/10\/STEAM-ACTIVATION-GUIDE-150x84.jpg 150w, https:\/\/orkza.com\/wp-content\/uploads\/2024\/10\/STEAM-ACTIVATION-GUIDE-700x394.jpg 700w, https:\/\/orkza.com\/wp-content\/uploads\/2024\/10\/STEAM-ACTIVATION-GUIDE-768x432.jpg 768w, https:\/\/orkza.com\/wp-content\/uploads\/2024\/10\/STEAM-ACTIVATION-GUIDE.jpg 1280w\" sizes=\"(max-width: 804px) 100vw, 804px\" \/><\/p>\n<p>Dopo l&#8217;acquisto, accedi all&#8217;account Steam fornito sul tuo PC. Una volta loggato, vai alla tua libreria, installa il gioco e clicca sul pulsante play. Dopo qualche minuto, esci dal gioco e passa Steam alla modalit\u00e0 offline, e sei pronto per tuffarti in ore di gameplay emozionante!<\/p>\n<p>Per un processo di configurazione completo, consulta la nostra <a href=\"https:\/\/orkza.com\/it\/steam-account-activation-guide\/\" target=\"_blank\" rel=\"noopener\">Guida all&#8217;Attivazione dell&#8217;Account Steam<\/a><\/p>\n<p>Esplora i nostri nuovi <a href=\"https:\/\/orkza.com\/it\/giochi-pc\/\" target=\"_blank\" rel=\"noopener\">GIOCHI PER PC<\/a><\/p>\n","protected":false},"excerpt":{"rendered":"<p data-start=\"7235\" data-end=\"7379\">Arena fighter anime 3v3 con eroi iconici, combattimenti strategici con i Quirk e battaglie della storia della Guerra Finale.<\/p>\n<p><img decoding=\"async\" class=\"alignnone wp-image-3526\" src=\"https:\/\/orkza.com\/wp-content\/uploads\/2024\/10\/Steam-Account-Notice-min-300x300.png\" alt=\"\" width=\"41\" height=\"41\" srcset=\"https:\/\/orkza.com\/wp-content\/uploads\/2024\/10\/Steam-Account-Notice-min-300x300.png 300w, https:\/\/orkza.com\/wp-content\/uploads\/2024\/10\/Steam-Account-Notice-min-scaled-430x430.png 430w, https:\/\/orkza.com\/wp-content\/uploads\/2024\/10\/Steam-Account-Notice-min-150x150.png 150w, https:\/\/orkza.com\/wp-content\/uploads\/2024\/10\/Steam-Account-Notice-min-scaled-700x700.png 700w, https:\/\/orkza.com\/wp-content\/uploads\/2024\/10\/Steam-Account-Notice-min-800x800.png 800w, https:\/\/orkza.com\/wp-content\/uploads\/2024\/10\/Steam-Account-Notice-min-768x768.png 768w, https:\/\/orkza.com\/wp-content\/uploads\/2024\/10\/Steam-Account-Notice-min-1536x1536.png 1536w, https:\/\/orkza.com\/wp-content\/uploads\/2024\/10\/Steam-Account-Notice-min-2048x2048.png 2048w\" sizes=\"(max-width: 41px) 100vw, 41px\" \/><strong>Nota: I dati dell&#8217;account non possono essere modificati. Questo \u00e8 un Account Steam con Accesso a Vita solo per il gioco offline <\/strong><\/p>\n","protected":false},"featured_media":16258,"comment_status":"open","ping_status":"closed","template":"","meta":[],"product_brand":[],"product_cat":[140],"product_tag":[173],"class_list":{"0":"post-16138","1":"product","2":"type-product","3":"status-publish","4":"has-post-thumbnail","6":"product_cat-azione","7":"product_tag-steam-it","9":"first","10":"instock","11":"sale","12":"virtual","13":"purchasable","14":"product-type-simple"},"_links":{"self":[{"href":"https:\/\/orkza.com\/it\/wp-json\/wp\/v2\/product\/16138","targetHints":{"allow":["GET"]}}],"collection":[{"href":"https:\/\/orkza.com\/it\/wp-json\/wp\/v2\/product"}],"about":[{"href":"https:\/\/orkza.com\/it\/wp-json\/wp\/v2\/types\/product"}],"replies":[{"embeddable":true,"href":"https:\/\/orkza.com\/it\/wp-json\/wp\/v2\/comments?post=16138"}],"version-history":[{"count":3,"href":"https:\/\/orkza.com\/it\/wp-json\/wp\/v2\/product\/16138\/revisions"}],"predecessor-version":[{"id":16342,"href":"https:\/\/orkza.com\/it\/wp-json\/wp\/v2\/product\/16138\/revisions\/16342"}],"wp:featuredmedia":[{"embeddable":true,"href":"https:\/\/orkza.com\/it\/wp-json\/wp\/v2\/media\/16258"}],"wp:attachment":[{"href":"https:\/\/orkza.com\/it\/wp-json\/wp\/v2\/media?parent=16138"}],"wp:term":[{"taxonomy":"product_brand","embeddable":true,"href":"https:\/\/orkza.com\/it\/wp-json\/wp\/v2\/product_brand?post=16138"},{"taxonomy":"product_cat","embeddable":true,"href":"https:\/\/orkza.com\/it\/wp-json\/wp\/v2\/product_cat?post=16138"},{"taxonomy":"product_tag","embeddable":true,"href":"https:\/\/orkza.com\/it\/wp-json\/wp\/v2\/product_tag?post=16138"}],"curies":[{"name":"wp","href":"https:\/\/api.w.org\/{rel}","templated":true}]}}