{"id":16134,"date":"2026-02-21T07:42:29","date_gmt":"2026-02-21T07:42:29","guid":{"rendered":"https:\/\/orkza.com\/?post_type=product&#038;p=16134"},"modified":"2026-02-26T05:28:40","modified_gmt":"2026-02-26T05:28:40","slug":"dragon-quest-vii-reimagined-digital-deluxe-edition-steam-account","status":"publish","type":"product","link":"https:\/\/orkza.com\/it\/prodotto\/dragon-quest-vii-reimagined-digital-deluxe-edition-steam-account\/","title":{"rendered":"Account Steam di DRAGON QUEST VII Reimagined Digital Deluxe Edition"},"content":{"rendered":"<h3 data-start=\"0\" data-end=\"56\">&#x1f6e1;&#xfe0f; <strong data-start=\"8\" data-end=\"54\">La rinascita di una leggenda: DRAGON QUEST VII Reimagined<\/strong><\/h3>\n<p data-start=\"58\" data-end=\"766\">Inizia un viaggio indimenticabile con <strong data-start=\"94\" data-end=\"223\"><a class=\"decorated-link cursor-pointer\" href=\"https:\/\/store.steampowered.com\/app\/2499860\/DRAGON_QUEST_VII_Reimagined\/\" target=\"_new\" rel=\"noopener\" data-start=\"96\" data-end=\"221\">DRAGON QUEST VII Reimagined<\/a><\/strong>, la rivisitazione moderna di uno dei racconti JRPG pi\u00f9 amati di sempre. Lasciati alle spalle le comodit\u00e0 della tua piccola isola e salpa con un gruppo di fedeli compagni per scoprire cosa si cela oltre i confini noti. Presto verrai trascinato in epoche antiche, scoprendo terre dimenticate dal tempo e lottando per ripristinare la storia stessa. Questa avventura epica fonde il classico combattimento a turni con meccaniche snellite e una narrazione profonda, adatta sia ai fan di lunga data che ai nuovi giocatori.<\/p>\n<p data-start=\"768\" data-end=\"1284\">Dai boschi lussureggianti alle citt\u00e0 brulicanti, fino a rovine misteriose e mostri bizzarri, ogni angolo del mondo di DRAGON QUEST VII Reimagined \u00e8 stato meticolosamente realizzato con una grafica a diorama e l&#8217;iconico character design di Akira Toriyama, che infonde vita a ogni incontro. Il sistema di battaglia rinnovato aggiunge funzioni pratiche come la velocit\u00e0 regolabile e le opzioni di auto-combattimento, permettendoti di vivere la storia al tuo ritmo senza rinunciare alla sfida o alla profondit\u00e0.<\/p>\n<p data-start=\"1286\" data-end=\"1714\">Uno degli elementi di spicco \u00e8 la meccanica del Doppio Lavoro, che permette al tuo eroe di equipaggiare due vocazioni contemporaneamente. Questo apre nuovi livelli strategici per la progressione di livello, l&#8217;accesso agli incantesimi e i bonus in combattimento, arricchendo il tuo stile di gioco e incoraggiando la sperimentazione. Che tu preferisca la forza bruta, la magia tattica o ruoli di supporto, il gioco si adatta al tuo modo di giocare.<\/p>\n<p data-start=\"1716\" data-end=\"2144\">Missioni avvincenti e trame emotive rendono DRAGON QUEST VII Reimagined molto pi\u00f9 di un semplice tuffo nella nostalgia: \u00e8 una nuova interpretazione che onora l&#8217;eredit\u00e0 dell&#8217;originale perfezionandola per un pubblico moderno. Con compagni affascinanti da reclutare, misteri da svelare e un mondo che si arricchisce man mano che esplori, questo titolo \u00e8 un must per gli amanti della narrazione RPG classica.<\/p>\n<h3 data-start=\"2146\" data-end=\"2566\"><strong data-start=\"2146\" data-end=\"2188\">Requisiti di sistema <\/strong><\/h3>\n<p data-start=\"2146\" data-end=\"2566\"><strong data-start=\"2191\" data-end=\"2203\">Minimi:<\/strong><br data-start=\"2203\" data-end=\"2206\" \/>\u2022 SO: Windows 11 (64-bit) \u2022 CPU: AMD Ryzen 3 1200 \/ Intel Core i3-6100 \u2022 RAM: 8 GB \u2022 GPU: RX 460 \/ Arc A380 \/ GTX 750 \u2022 DirectX: 12 \u2022 Spazio d&#8217;archiviazione: 15 GB<br data-start=\"2354\" data-end=\"2357\" \/><strong data-start=\"2357\" data-end=\"2373\">Consigliati:<\/strong><br data-start=\"2373\" data-end=\"2376\" \/>\u2022 SO: Windows 11 (64-bit) \u2022 CPU: AMD Ryzen 3 1200 \/ Intel Core i3-6100 \u2022 RAM: 16 GB \u2022 GPU: RX 580 \/ Arc A750 \/ GTX 1070 \u2022 DirectX: 12 \u2022 Spazio d&#8217;archiviazione: 15 GB<\/p>\n<h3>Come usare il tuo account Steam di DRAGON QUEST VII Reimagined<\/h3>\n<p><img decoding=\"async\" class=\"alignnone wp-image-3511\" src=\"https:\/\/orkza.com\/wp-content\/uploads\/2024\/10\/STEAM-ACTIVATION-GUIDE-400x225.jpg\" alt=\"\" width=\"804\" height=\"453\" title=\"\" srcset=\"https:\/\/orkza.com\/wp-content\/uploads\/2024\/10\/STEAM-ACTIVATION-GUIDE-400x225.jpg 400w, https:\/\/orkza.com\/wp-content\/uploads\/2024\/10\/STEAM-ACTIVATION-GUIDE-430x242.jpg 430w, https:\/\/orkza.com\/wp-content\/uploads\/2024\/10\/STEAM-ACTIVATION-GUIDE-150x84.jpg 150w, https:\/\/orkza.com\/wp-content\/uploads\/2024\/10\/STEAM-ACTIVATION-GUIDE-700x394.jpg 700w, https:\/\/orkza.com\/wp-content\/uploads\/2024\/10\/STEAM-ACTIVATION-GUIDE-768x432.jpg 768w, https:\/\/orkza.com\/wp-content\/uploads\/2024\/10\/STEAM-ACTIVATION-GUIDE.jpg 1280w\" sizes=\"(max-width: 804px) 100vw, 804px\" \/><\/p>\n<p>Dopo l&#8217;acquisto, accedi all&#8217;account Steam fornito sul tuo PC. Una volta loggato, vai alla tua libreria, installa il gioco e clicca sul pulsante play. Dopo qualche minuto, esci dal gioco e passa Steam alla modalit\u00e0 offline, e sei pronto per tuffarti in ore di gameplay emozionante!<\/p>\n<p>Per un processo di configurazione completo, consulta la nostra <a href=\"https:\/\/orkza.com\/it\/steam-account-activation-guide\/\" target=\"_blank\" rel=\"noopener\">Guida all&#8217;Attivazione dell&#8217;Account Steam<\/a><\/p>\n<p>Esplora i nostri nuovi <a href=\"https:\/\/orkza.com\/it\/giochi-pc\/\" target=\"_blank\" rel=\"noopener\">GIOCHI PER PC<\/a><\/p>\n","protected":false},"excerpt":{"rendered":"<p data-start=\"2568\" data-end=\"2725\">Un&#8217;avventura JRPG classica rinata con una grafica vibrante, combattimenti rifiniti e missioni attraverso il tempo in un mondo fantasy epico.<\/p>\n<p><img decoding=\"async\" class=\"alignnone wp-image-3526\" src=\"https:\/\/orkza.com\/wp-content\/uploads\/2024\/10\/Steam-Account-Notice-min-300x300.png\" alt=\"\" width=\"41\" height=\"41\" srcset=\"https:\/\/orkza.com\/wp-content\/uploads\/2024\/10\/Steam-Account-Notice-min-300x300.png 300w, https:\/\/orkza.com\/wp-content\/uploads\/2024\/10\/Steam-Account-Notice-min-scaled-430x430.png 430w, https:\/\/orkza.com\/wp-content\/uploads\/2024\/10\/Steam-Account-Notice-min-150x150.png 150w, https:\/\/orkza.com\/wp-content\/uploads\/2024\/10\/Steam-Account-Notice-min-scaled-700x700.png 700w, https:\/\/orkza.com\/wp-content\/uploads\/2024\/10\/Steam-Account-Notice-min-800x800.png 800w, https:\/\/orkza.com\/wp-content\/uploads\/2024\/10\/Steam-Account-Notice-min-768x768.png 768w, https:\/\/orkza.com\/wp-content\/uploads\/2024\/10\/Steam-Account-Notice-min-1536x1536.png 1536w, https:\/\/orkza.com\/wp-content\/uploads\/2024\/10\/Steam-Account-Notice-min-2048x2048.png 2048w\" sizes=\"(max-width: 41px) 100vw, 41px\" \/><strong>Nota: I dati dell&#8217;account non possono essere modificati. Questo \u00e8 un Account Steam con Accesso a Vita solo per il gioco offline <\/strong><\/p>\n","protected":false},"featured_media":16246,"comment_status":"open","ping_status":"closed","template":"","meta":[],"product_brand":[],"product_cat":[145],"product_tag":[173],"class_list":{"0":"post-16134","1":"product","2":"type-product","3":"status-publish","4":"has-post-thumbnail","6":"product_cat-rpg","7":"product_tag-steam-it","9":"first","10":"instock","11":"sale","12":"virtual","13":"purchasable","14":"product-type-simple"},"_links":{"self":[{"href":"https:\/\/orkza.com\/it\/wp-json\/wp\/v2\/product\/16134","targetHints":{"allow":["GET"]}}],"collection":[{"href":"https:\/\/orkza.com\/it\/wp-json\/wp\/v2\/product"}],"about":[{"href":"https:\/\/orkza.com\/it\/wp-json\/wp\/v2\/types\/product"}],"replies":[{"embeddable":true,"href":"https:\/\/orkza.com\/it\/wp-json\/wp\/v2\/comments?post=16134"}],"version-history":[{"count":3,"href":"https:\/\/orkza.com\/it\/wp-json\/wp\/v2\/product\/16134\/revisions"}],"predecessor-version":[{"id":16340,"href":"https:\/\/orkza.com\/it\/wp-json\/wp\/v2\/product\/16134\/revisions\/16340"}],"wp:featuredmedia":[{"embeddable":true,"href":"https:\/\/orkza.com\/it\/wp-json\/wp\/v2\/media\/16246"}],"wp:attachment":[{"href":"https:\/\/orkza.com\/it\/wp-json\/wp\/v2\/media?parent=16134"}],"wp:term":[{"taxonomy":"product_brand","embeddable":true,"href":"https:\/\/orkza.com\/it\/wp-json\/wp\/v2\/product_brand?post=16134"},{"taxonomy":"product_cat","embeddable":true,"href":"https:\/\/orkza.com\/it\/wp-json\/wp\/v2\/product_cat?post=16134"},{"taxonomy":"product_tag","embeddable":true,"href":"https:\/\/orkza.com\/it\/wp-json\/wp\/v2\/product_tag?post=16134"}],"curies":[{"name":"wp","href":"https:\/\/api.w.org\/{rel}","templated":true}]}}