{"id":16132,"date":"2026-02-21T07:42:27","date_gmt":"2026-02-21T07:42:27","guid":{"rendered":"https:\/\/orkza.com\/?post_type=product&#038;p=16132"},"modified":"2026-03-11T08:03:47","modified_gmt":"2026-03-11T08:03:47","slug":"code-vein-ii-steam-account","status":"publish","type":"product","link":"https:\/\/orkza.com\/it\/prodotto\/code-vein-ii-steam-account\/","title":{"rendered":"Account Steam CODE VEIN II"},"content":{"rendered":"<h3 data-start=\"4667\" data-end=\"4733\"><strong data-start=\"4674\" data-end=\"4731\">CODE VEIN II \u2014 Azione Intrisa di Sangue in un Mondo Devastato<\/strong><\/h3>\n<p data-start=\"4735\" data-end=\"5307\">Immergiti nel mondo inquietante di <strong data-start=\"4767\" data-end=\"4867\"><a class=\"decorated-link\" href=\"https:\/\/store.steampowered.com\/app\/2362060\/CODE_VEIN__II\/?utm_source=chatgpt.com\" target=\"_new\" rel=\"noopener\" data-start=\"4769\" data-end=\"4865\">CODE VEIN II<\/a><\/strong>, l&#8217;attesissimo sequel del cult action RPG che fonde combattimenti intensi con una profonda personalizzazione dei personaggi e una narrativa post-apocalittica. Ambientato in un futuro devastato dove i Revenant lottano contro mostruosi Orrori, questo seguito espande il franchise con trame narrative che attraversano il tempo, gameplay viscerale e interazioni strategiche con i compagni che spingono i giocatori ad adattarsi o soccombere.<\/p>\n<p data-start=\"5309\" data-end=\"5716\">In <strong data-start=\"5312\" data-end=\"5328\">CODE VEIN II<\/strong>, viaggerai attraverso paesaggi frammentati e citt\u00e0 desolate insieme a compagni le cui abilit\u00e0 completano la tua build. Il sistema di combattimento mantiene la sua caratteristica brutalit\u00e0 in stile anime \u2014 drenerai e sfrutterai il sangue nemico per alimentare abilit\u00e0 potenti, personalizzare il tuo arsenale ed eseguire attacchi carichi di adrenalina che risultano pesanti e d&#8217;impatto.<\/p>\n<p data-start=\"5718\" data-end=\"6089\">Oltre al combattimento, la narrativa ti trascina in una trama che piega il tempo dove le scelte contano e la storia rimodella il presente. Ogni regione \u00e8 impregnata di atmosfera e pericolo, e ogni missione rafforza la posta in gioco oscura ed emotiva del gioco mentre scopri verit\u00e0 nascoste sui Revenant e le forze cataclismiche che minacciano ogni forma di vita.<\/p>\n<p data-start=\"6091\" data-end=\"6361\">Sebbene le prime reazioni dei giocatori siano state contrastanti a causa di problemi di ottimizzazione e tecnici su alcuni sistemi, molti fan lodano ancora il combattimento, il design del mondo e la progressione dei personaggi del gioco per offrire profondit\u00e0 e sfida soddisfacenti.<\/p>\n<h3 data-start=\"6363\" data-end=\"6790\"><strong data-start=\"6363\" data-end=\"6405\">Requisiti di Sistema <\/strong><\/h3>\n<p data-start=\"6363\" data-end=\"6790\"><strong data-start=\"6408\" data-end=\"6420\">Minimi:<\/strong><br data-start=\"6420\" data-end=\"6423\" \/>\u2022 OS: Windows 11 \u2022 CPU: Intel Core i5\u20119600K \/ AMD Ryzen 5 3600 \u2022 RAM: 16 GB \u2022 GPU: NVIDIA GTX 1660 Super \/ Radeon RX 5700 \u2022 DirectX: 12 \u2022 Spazio: 70 GB<br data-start=\"6575\" data-end=\"6578\" \/><strong data-start=\"6578\" data-end=\"6594\">Consigliati:<\/strong><br data-start=\"6594\" data-end=\"6597\" \/>\u2022 OS: Windows 11 \u2022 CPU: Intel Core i7\u201112700KF \/ AMD Ryzen 7 7800X3D \u2022 RAM: 16 GB \u2022 GPU: NVIDIA RTX 3080 \/ Radeon RX 6800 \u2022 DirectX: 12 \u2022 Spazio: 70 GB<\/p>\n<h3>Come Usare il Tuo Account Steam CODE VEIN II<\/h3>\n<p><img decoding=\"async\" class=\"alignnone wp-image-3511\" src=\"https:\/\/orkza.com\/wp-content\/uploads\/2024\/10\/STEAM-ACTIVATION-GUIDE-400x225.jpg\" alt=\"\" width=\"804\" height=\"453\" title=\"\" srcset=\"https:\/\/orkza.com\/wp-content\/uploads\/2024\/10\/STEAM-ACTIVATION-GUIDE-400x225.jpg 400w, https:\/\/orkza.com\/wp-content\/uploads\/2024\/10\/STEAM-ACTIVATION-GUIDE-430x242.jpg 430w, https:\/\/orkza.com\/wp-content\/uploads\/2024\/10\/STEAM-ACTIVATION-GUIDE-150x84.jpg 150w, https:\/\/orkza.com\/wp-content\/uploads\/2024\/10\/STEAM-ACTIVATION-GUIDE-700x394.jpg 700w, https:\/\/orkza.com\/wp-content\/uploads\/2024\/10\/STEAM-ACTIVATION-GUIDE-768x432.jpg 768w, https:\/\/orkza.com\/wp-content\/uploads\/2024\/10\/STEAM-ACTIVATION-GUIDE.jpg 1280w\" sizes=\"(max-width: 804px) 100vw, 804px\" \/><\/p>\n<p>Dopo l&#8217;acquisto, accedi all&#8217;account Steam fornito sul tuo PC. Una volta loggato, vai alla tua libreria, installa il gioco e clicca sul pulsante play. Dopo qualche minuto, esci dal gioco e passa Steam alla modalit\u00e0 offline, e sei pronto per tuffarti in ore di gameplay emozionante!<\/p>\n<p>Per un processo di configurazione completo, consulta la nostra <a href=\"https:\/\/orkza.com\/it\/steam-account-activation-guide\/\" target=\"_blank\" rel=\"noopener\">Guida all&#8217;Attivazione dell&#8217;Account Steam<\/a><\/p>\n<p>Esplora i nostri nuovi <a href=\"https:\/\/orkza.com\/it\/giochi-pc\/\" target=\"_blank\" rel=\"noopener\">GIOCHI PER PC<\/a><\/p>\n","protected":false},"excerpt":{"rendered":"<p data-start=\"6792\" data-end=\"6944\">Action RPG oscuro con combattimenti intensi, personalizzazione profonda e narrativa che attraversa il tempo in un mondo post-apocalittico.<\/p>\n<p><img decoding=\"async\" class=\"alignnone wp-image-3526\" src=\"https:\/\/orkza.com\/wp-content\/uploads\/2024\/10\/Steam-Account-Notice-min-300x300.png\" alt=\"\" width=\"41\" height=\"41\" srcset=\"https:\/\/orkza.com\/wp-content\/uploads\/2024\/10\/Steam-Account-Notice-min-300x300.png 300w, https:\/\/orkza.com\/wp-content\/uploads\/2024\/10\/Steam-Account-Notice-min-scaled-430x430.png 430w, https:\/\/orkza.com\/wp-content\/uploads\/2024\/10\/Steam-Account-Notice-min-150x150.png 150w, https:\/\/orkza.com\/wp-content\/uploads\/2024\/10\/Steam-Account-Notice-min-scaled-700x700.png 700w, https:\/\/orkza.com\/wp-content\/uploads\/2024\/10\/Steam-Account-Notice-min-800x800.png 800w, https:\/\/orkza.com\/wp-content\/uploads\/2024\/10\/Steam-Account-Notice-min-768x768.png 768w, https:\/\/orkza.com\/wp-content\/uploads\/2024\/10\/Steam-Account-Notice-min-1536x1536.png 1536w, https:\/\/orkza.com\/wp-content\/uploads\/2024\/10\/Steam-Account-Notice-min-2048x2048.png 2048w\" sizes=\"(max-width: 41px) 100vw, 41px\" \/><strong>Nota: I dati dell&#8217;account non possono essere modificati. Questo \u00e8 un Account Steam con Accesso a Vita solo per il gioco offline <\/strong><\/p>\n","protected":false},"featured_media":16249,"comment_status":"open","ping_status":"closed","template":"","meta":[],"product_brand":[],"product_cat":[145],"product_tag":[173],"class_list":{"0":"post-16132","1":"product","2":"type-product","3":"status-publish","4":"has-post-thumbnail","6":"product_cat-rpg","7":"product_tag-steam-it","9":"first","10":"instock","11":"sale","12":"virtual","13":"purchasable","14":"product-type-simple"},"_links":{"self":[{"href":"https:\/\/orkza.com\/it\/wp-json\/wp\/v2\/product\/16132","targetHints":{"allow":["GET"]}}],"collection":[{"href":"https:\/\/orkza.com\/it\/wp-json\/wp\/v2\/product"}],"about":[{"href":"https:\/\/orkza.com\/it\/wp-json\/wp\/v2\/types\/product"}],"replies":[{"embeddable":true,"href":"https:\/\/orkza.com\/it\/wp-json\/wp\/v2\/comments?post=16132"}],"version-history":[{"count":3,"href":"https:\/\/orkza.com\/it\/wp-json\/wp\/v2\/product\/16132\/revisions"}],"predecessor-version":[{"id":16339,"href":"https:\/\/orkza.com\/it\/wp-json\/wp\/v2\/product\/16132\/revisions\/16339"}],"wp:featuredmedia":[{"embeddable":true,"href":"https:\/\/orkza.com\/it\/wp-json\/wp\/v2\/media\/16249"}],"wp:attachment":[{"href":"https:\/\/orkza.com\/it\/wp-json\/wp\/v2\/media?parent=16132"}],"wp:term":[{"taxonomy":"product_brand","embeddable":true,"href":"https:\/\/orkza.com\/it\/wp-json\/wp\/v2\/product_brand?post=16132"},{"taxonomy":"product_cat","embeddable":true,"href":"https:\/\/orkza.com\/it\/wp-json\/wp\/v2\/product_cat?post=16132"},{"taxonomy":"product_tag","embeddable":true,"href":"https:\/\/orkza.com\/it\/wp-json\/wp\/v2\/product_tag?post=16132"}],"curies":[{"name":"wp","href":"https:\/\/api.w.org\/{rel}","templated":true}]}}