{"id":16102,"date":"2026-02-21T07:42:05","date_gmt":"2026-02-21T07:42:05","guid":{"rendered":"https:\/\/orkza.com\/?post_type=product&#038;p=16102"},"modified":"2026-02-26T05:31:12","modified_gmt":"2026-02-26T05:31:12","slug":"tales-of-xillia-remastered-deluxe-edition-steam-account","status":"publish","type":"product","link":"https:\/\/orkza.com\/it\/prodotto\/tales-of-xillia-remastered-deluxe-edition-steam-account\/","title":{"rendered":"Account Steam di Tales of Xillia Remastered Deluxe Edition"},"content":{"rendered":"<h2 data-start=\"4393\" data-end=\"4445\">Tales of Xillia Remastered<\/h2>\n<p data-start=\"4447\" data-end=\"4926\"><strong data-start=\"4447\" data-end=\"4551\"><a class=\"decorated-link\" href=\"https:\/\/store.steampowered.com\/app\/2246670\/Tales_of_Xillia_Remastered\/?utm_source=chatgpt.com\" target=\"_new\" rel=\"noopener\" data-start=\"4449\" data-end=\"4549\">Tales of Xillia Remastered<\/a><\/strong> porta un amato classico JRPG nell&#8217;era moderna con una grafica migliorata, ottimizzazioni della qualit\u00e0 della vita e tutta l&#8217;avventura ricca di storia amata dai fan. Ambientato nel vibrante mondo di Rieze Maxia, questo remaster ti permette di scegliere tra due protagonisti \u2014 Jude Mathis o Milla Maxwell \u2014 ognuno con prospettive uniche su un viaggio che segner\u00e0 il loro destino.<\/p>\n<p data-start=\"4928\" data-end=\"5240\">Esplora paesaggi sconfinati, svela segreti nascosti e affronta combattimenti d&#8217;azione in tempo reale usando il Dual Raid Linear Motion Battle System. Coordina le combo, padroneggia le abilit\u00e0 di supporto e scatena tecniche devastanti con i membri del tuo gruppo mentre affronti una vasta gamma di nemici.<\/p>\n<p data-start=\"5242\" data-end=\"5661\">La profondit\u00e0 narrativa di Xillia Remastered \u00e8 uno dei suoi punti di forza. Temi come l&#8217;amicizia, il destino e il conflitto si intrecciano negli archi dei personaggi e nella progressione della storia, offrendo risonanza emotiva e una ricca costruzione del mondo. Miglioramenti come il salvataggio automatico, gli incontri attivabili e i menu semplificati rendono questa edizione pi\u00f9 accessibile senza sacrificarne la profondit\u00e0.<\/p>\n<p data-start=\"5663\" data-end=\"6003\">Con una grafica aggiornata e prestazioni pi\u00f9 fluide, il remaster cattura l&#8217;essenza dell&#8217;originale attirando al contempo il pubblico moderno. Le funzionalit\u00e0 di Steam come i salvataggi in Cloud, gli obiettivi e la modalit\u00e0 cooperativa a schermo condiviso estendono la rigiocabilit\u00e0, invitando sia i nuovi giocatori che i fan di vecchia data a riscoprire questo caposaldo dei JRPG.<\/p>\n<h3 data-start=\"6005\" data-end=\"6037\">Requisiti di sistema (PC)<\/h3>\n<p data-start=\"6039\" data-end=\"6250\"><strong data-start=\"6039\" data-end=\"6051\">Minimi:<\/strong><br data-start=\"6051\" data-end=\"6054\" \/>\u2022 SO: Windows 11 (64-bit)<br data-start=\"6079\" data-end=\"6082\" \/>\u2022 CPU: Intel Core i3-8100 \/ AMD Ryzen 3 3100<br data-start=\"6126\" data-end=\"6129\" \/>\u2022 RAM: 8 GB<br data-start=\"6140\" data-end=\"6143\" \/>\u2022 GPU: NVIDIA GeForce GTX 550 Ti \/ AMD Radeon HD 5770 \/ Intel Arc A310<br data-start=\"6213\" data-end=\"6216\" \/>\u2022 Spazio di archiviazione: 19 GB<br data-start=\"6232\" data-end=\"6235\" \/>\u2022 DirectX: 12<\/p>\n<p data-start=\"6252\" data-end=\"6501\"><strong data-start=\"6252\" data-end=\"6268\">Consigliati:<\/strong><br data-start=\"6268\" data-end=\"6271\" \/>\u2022 SO: Windows 11 (64-bit)<br data-start=\"6296\" data-end=\"6299\" \/>\u2022 CPU: Intel Core i3-8100 \/ AMD Ryzen 3 3100<br data-start=\"6343\" data-end=\"6346\" \/>\u2022 RAM: 8 GB<br data-start=\"6357\" data-end=\"6360\" \/>\u2022 GPU: NVIDIA GeForce GTX 650 \/ AMD Radeon HD 7770 \/ Intel Arc A310<br data-start=\"6427\" data-end=\"6430\" \/>\u2022 Spazio di archiviazione: 19 GB<br data-start=\"6446\" data-end=\"6449\" \/>\u2022 DirectX: 12<\/p>\n<h3>Come usare il tuo account Steam di Tales of Xillia Remastered<\/h3>\n<p><img decoding=\"async\" class=\"alignnone wp-image-3511\" src=\"https:\/\/orkza.com\/wp-content\/uploads\/2024\/10\/STEAM-ACTIVATION-GUIDE-400x225.jpg\" alt=\"\" width=\"804\" height=\"453\" title=\"\" srcset=\"https:\/\/orkza.com\/wp-content\/uploads\/2024\/10\/STEAM-ACTIVATION-GUIDE-400x225.jpg 400w, https:\/\/orkza.com\/wp-content\/uploads\/2024\/10\/STEAM-ACTIVATION-GUIDE-430x242.jpg 430w, https:\/\/orkza.com\/wp-content\/uploads\/2024\/10\/STEAM-ACTIVATION-GUIDE-150x84.jpg 150w, https:\/\/orkza.com\/wp-content\/uploads\/2024\/10\/STEAM-ACTIVATION-GUIDE-700x394.jpg 700w, https:\/\/orkza.com\/wp-content\/uploads\/2024\/10\/STEAM-ACTIVATION-GUIDE-768x432.jpg 768w, https:\/\/orkza.com\/wp-content\/uploads\/2024\/10\/STEAM-ACTIVATION-GUIDE.jpg 1280w\" sizes=\"(max-width: 804px) 100vw, 804px\" \/><\/p>\n<p>Dopo l&#8217;acquisto, accedi all&#8217;account Steam fornito sul tuo PC. Una volta loggato, vai alla tua libreria, installa il gioco e clicca sul pulsante play. Dopo qualche minuto, esci dal gioco e passa Steam alla modalit\u00e0 offline, e sei pronto per tuffarti in ore di gameplay emozionante!<\/p>\n<p>Per un processo di configurazione completo, consulta la nostra <a href=\"https:\/\/orkza.com\/it\/steam-account-activation-guide\/\" target=\"_blank\" rel=\"noopener\">Guida all&#8217;Attivazione dell&#8217;Account Steam<\/a><\/p>\n<p>Esplora i nostri nuovi <a href=\"https:\/\/orkza.com\/it\/giochi-pc\/\" target=\"_blank\" rel=\"noopener\">GIOCHI PER PC<\/a><\/p>\n","protected":false},"excerpt":{"rendered":"<div class=\"text-base my-auto mx-auto [--thread-content-margin:--spacing(4)] @w-sm\/main:[--thread-content-margin:--spacing(6)] @w-lg\/main:[--thread-content-margin:--spacing(16)] px-(--thread-content-margin)\">\n<div class=\"[--thread-content-max-width:40rem] @w-lg\/main:[--thread-content-max-width:48rem] mx-auto max-w-(--thread-content-max-width) flex-1 group\/turn-messages focus-visible:outline-hidden relative flex w-full min-w-0 flex-col agent-turn\" tabindex=\"-1\">\n<div class=\"flex max-w-full flex-col grow\">\n<div class=\"min-h-8 text-message relative flex w-full flex-col items-end gap-2 text-start break-words whitespace-normal [.text-message+&amp;]:mt-1\" dir=\"auto\" data-message-author-role=\"assistant\" data-message-id=\"b92aba5d-edac-4090-8cec-3b9bd6f4e165\" data-message-model-slug=\"gpt-5-2\">\n<div class=\"flex w-full flex-col gap-1 empty:hidden first:pt-[1px]\">\n<div class=\"markdown prose dark:prose-invert w-full wrap-break-word dark markdown-new-styling\">\n<p data-start=\"6503\" data-end=\"6642\">Classico JRPG rimasterizzato con due protagonisti, combattimento dinamico, trama profonda e miglioramenti moderni.<\/p>\n<\/div>\n<\/div>\n<\/div>\n<\/div>\n<\/div>\n<\/div>\n<p><img decoding=\"async\" class=\"alignnone wp-image-3526\" src=\"https:\/\/orkza.com\/wp-content\/uploads\/2024\/10\/Steam-Account-Notice-min-300x300.png\" alt=\"\" width=\"41\" height=\"41\" srcset=\"https:\/\/orkza.com\/wp-content\/uploads\/2024\/10\/Steam-Account-Notice-min-300x300.png 300w, https:\/\/orkza.com\/wp-content\/uploads\/2024\/10\/Steam-Account-Notice-min-scaled-430x430.png 430w, https:\/\/orkza.com\/wp-content\/uploads\/2024\/10\/Steam-Account-Notice-min-150x150.png 150w, https:\/\/orkza.com\/wp-content\/uploads\/2024\/10\/Steam-Account-Notice-min-scaled-700x700.png 700w, https:\/\/orkza.com\/wp-content\/uploads\/2024\/10\/Steam-Account-Notice-min-800x800.png 800w, https:\/\/orkza.com\/wp-content\/uploads\/2024\/10\/Steam-Account-Notice-min-768x768.png 768w, https:\/\/orkza.com\/wp-content\/uploads\/2024\/10\/Steam-Account-Notice-min-1536x1536.png 1536w, https:\/\/orkza.com\/wp-content\/uploads\/2024\/10\/Steam-Account-Notice-min-2048x2048.png 2048w\" sizes=\"(max-width: 41px) 100vw, 41px\" \/><strong>Nota: I dati dell&#8217;account non possono essere modificati. Questo \u00e8 un Account Steam con Accesso a Vita solo per il gioco offline <\/strong><\/p>\n","protected":false},"featured_media":16204,"comment_status":"open","ping_status":"closed","template":"","meta":[],"product_brand":[],"product_cat":[145],"product_tag":[173],"class_list":{"0":"post-16102","1":"product","2":"type-product","3":"status-publish","4":"has-post-thumbnail","6":"product_cat-rpg","7":"product_tag-steam-it","9":"first","10":"instock","11":"sale","12":"virtual","13":"purchasable","14":"product-type-simple"},"_links":{"self":[{"href":"https:\/\/orkza.com\/it\/wp-json\/wp\/v2\/product\/16102","targetHints":{"allow":["GET"]}}],"collection":[{"href":"https:\/\/orkza.com\/it\/wp-json\/wp\/v2\/product"}],"about":[{"href":"https:\/\/orkza.com\/it\/wp-json\/wp\/v2\/types\/product"}],"replies":[{"embeddable":true,"href":"https:\/\/orkza.com\/it\/wp-json\/wp\/v2\/comments?post=16102"}],"version-history":[{"count":3,"href":"https:\/\/orkza.com\/it\/wp-json\/wp\/v2\/product\/16102\/revisions"}],"predecessor-version":[{"id":16324,"href":"https:\/\/orkza.com\/it\/wp-json\/wp\/v2\/product\/16102\/revisions\/16324"}],"wp:featuredmedia":[{"embeddable":true,"href":"https:\/\/orkza.com\/it\/wp-json\/wp\/v2\/media\/16204"}],"wp:attachment":[{"href":"https:\/\/orkza.com\/it\/wp-json\/wp\/v2\/media?parent=16102"}],"wp:term":[{"taxonomy":"product_brand","embeddable":true,"href":"https:\/\/orkza.com\/it\/wp-json\/wp\/v2\/product_brand?post=16102"},{"taxonomy":"product_cat","embeddable":true,"href":"https:\/\/orkza.com\/it\/wp-json\/wp\/v2\/product_cat?post=16102"},{"taxonomy":"product_tag","embeddable":true,"href":"https:\/\/orkza.com\/it\/wp-json\/wp\/v2\/product_tag?post=16102"}],"curies":[{"name":"wp","href":"https:\/\/api.w.org\/{rel}","templated":true}]}}