{"id":16100,"date":"2026-02-21T07:42:04","date_gmt":"2026-02-21T07:42:04","guid":{"rendered":"https:\/\/orkza.com\/?post_type=product&#038;p=16100"},"modified":"2026-02-26T05:31:10","modified_gmt":"2026-02-26T05:31:10","slug":"football-manager-26-steam-account","status":"publish","type":"product","link":"https:\/\/orkza.com\/it\/prodotto\/football-manager-26-steam-account\/","title":{"rendered":"Account Steam di Football Manager 26"},"content":{"rendered":"<h2 data-start=\"2315\" data-end=\"2360\">Football Manager 26<\/h2>\n<p data-start=\"2362\" data-end=\"2721\"><strong data-start=\"2362\" data-end=\"2452\"><a class=\"decorated-link\" href=\"https:\/\/store.steampowered.com\/app\/3551340\/Football_Manager_26\/?utm_source=chatgpt.com\" target=\"_new\" rel=\"noopener\" data-start=\"2364\" data-end=\"2450\">Football Manager 26<\/a><\/strong> ti mette in panchina per costruire, plasmare e guidare il destino del tuo club. Questo capitolo annuale della rinomata serie di simulazione potenzia i sistemi principali con database aggiornati, innovazioni tattiche ed esperienze di gioco immersive.<\/p>\n<p data-start=\"2723\" data-end=\"3127\">Dallo scouting ai trasferimenti, dall&#8217;allenamento ai ritocchi tattici, FM26 ti d\u00e0 il controllo su ogni elemento della squadra. Personalizza formazioni, stili di pressing, crea programmi di allenamento e prendi decisioni cruciali che influenzano morale, finanze e successo a lungo termine. Che tu stia ricostruendo un club in difficolt\u00e0 o mantenendo il dominio tra l&#8217;\u00e9lite, ogni scelta influenza la tua eredit\u00e0.<\/p>\n<p data-start=\"3129\" data-end=\"3427\">L&#8217;esperienza del giorno della partita \u00e8 pi\u00f9 profonda che mai con una grafica migliorata, strumenti analitici e feedback che supportano decisioni pi\u00f9 intelligenti durante il gioco. Fuori dal campo, interagisci con i media, gestisci le aspettative della dirigenza e pianifica lo sviluppo giovanile per assicurare il futuro del tuo club.<\/p>\n<p data-start=\"3429\" data-end=\"3784\">Football Manager 26 ti permette anche di definire l&#8217;identit\u00e0 del tuo allenatore, con una creazione del personaggio rinnovata ed elementi narrativi che rendono la tua carriera personale e d&#8217;impatto. Aggiungi le funzionalit\u00e0 di Steam come obiettivi, salvataggi in Cloud e supporto al Workshop, e avrai un simulatore gestionale complesso ma accessibile.<\/p>\n<h3 data-start=\"3786\" data-end=\"3818\">&#x1f5a5;&#xfe0f; Requisiti di sistema (PC)<\/h3>\n<p data-start=\"3820\" data-end=\"4032\"><strong data-start=\"3820\" data-end=\"3832\">Minimi:<\/strong><br data-start=\"3832\" data-end=\"3835\" \/>\u2022 SO: Windows 10\/11 (64-bit)<br data-start=\"3863\" data-end=\"3866\" \/>\u2022 CPU: Intel Core i3 \/ AMD FX-4100 o equivalente<br data-start=\"3914\" data-end=\"3917\" \/>\u2022 RAM: 4 GB<br data-start=\"3928\" data-end=\"3931\" \/>\u2022 GPU: NVIDIA GeForce GTX 960 \/ AMD Radeon R9 380 \/ Intel HD 530<br data-start=\"3995\" data-end=\"3998\" \/>\u2022 Spazio di archiviazione: 20 GB<br data-start=\"4014\" data-end=\"4017\" \/>\u2022 DirectX: 11<\/p>\n<p data-start=\"4034\" data-end=\"4253\"><strong data-start=\"4034\" data-end=\"4050\">Consigliati:<\/strong><br data-start=\"4050\" data-end=\"4053\" \/>\u2022 SO: Windows 10\/11 (64-bit)<br data-start=\"4081\" data-end=\"4084\" \/>\u2022 CPU: Intel Core i5 o superiore<br data-start=\"4114\" data-end=\"4117\" \/>\u2022 RAM: 8 GB<br data-start=\"4128\" data-end=\"4131\" \/>\u2022 GPU: GPU dedicata consigliata<br data-start=\"4163\" data-end=\"4166\" \/>\u2022 Spazio di archiviazione: 20 GB (SSD consigliato)<br data-start=\"4200\" data-end=\"4203\" \/>\u2022 DirectX: 11<\/p>\n<h3>Come utilizzare il tuo account Steam di Football Manager 26<\/h3>\n<p><img decoding=\"async\" class=\"alignnone wp-image-3511\" src=\"https:\/\/orkza.com\/wp-content\/uploads\/2024\/10\/STEAM-ACTIVATION-GUIDE-400x225.jpg\" alt=\"\" width=\"804\" height=\"453\" title=\"\" srcset=\"https:\/\/orkza.com\/wp-content\/uploads\/2024\/10\/STEAM-ACTIVATION-GUIDE-400x225.jpg 400w, https:\/\/orkza.com\/wp-content\/uploads\/2024\/10\/STEAM-ACTIVATION-GUIDE-430x242.jpg 430w, https:\/\/orkza.com\/wp-content\/uploads\/2024\/10\/STEAM-ACTIVATION-GUIDE-150x84.jpg 150w, https:\/\/orkza.com\/wp-content\/uploads\/2024\/10\/STEAM-ACTIVATION-GUIDE-700x394.jpg 700w, https:\/\/orkza.com\/wp-content\/uploads\/2024\/10\/STEAM-ACTIVATION-GUIDE-768x432.jpg 768w, https:\/\/orkza.com\/wp-content\/uploads\/2024\/10\/STEAM-ACTIVATION-GUIDE.jpg 1280w\" sizes=\"(max-width: 804px) 100vw, 804px\" \/><\/p>\n<p>Dopo l&#8217;acquisto, accedi all&#8217;account Steam fornito sul tuo PC. Una volta loggato, vai alla tua libreria, installa il gioco e clicca sul pulsante play. Dopo qualche minuto, esci dal gioco e passa Steam alla modalit\u00e0 offline, e sei pronto per tuffarti in ore di gameplay emozionante!<\/p>\n<p>Per un processo di configurazione completo, consulta la nostra <a href=\"https:\/\/orkza.com\/it\/steam-account-activation-guide\/\" target=\"_blank\" rel=\"noopener\">Guida all&#8217;Attivazione dell&#8217;Account Steam<\/a><\/p>\n<p>Esplora i nostri nuovi <a href=\"https:\/\/orkza.com\/it\/giochi-pc\/\" target=\"_blank\" rel=\"noopener\">GIOCHI PER PC<\/a><\/p>\n","protected":false},"excerpt":{"rendered":"<p data-start=\"4255\" data-end=\"4386\">Il simulatore gestionale di calcio definitivo con tattiche profonde, trasferimenti e controllo realistico del club.<\/p>\n<p><img decoding=\"async\" class=\"alignnone wp-image-3526\" src=\"https:\/\/orkza.com\/wp-content\/uploads\/2024\/10\/Steam-Account-Notice-min-300x300.png\" alt=\"\" width=\"41\" height=\"41\" srcset=\"https:\/\/orkza.com\/wp-content\/uploads\/2024\/10\/Steam-Account-Notice-min-300x300.png 300w, https:\/\/orkza.com\/wp-content\/uploads\/2024\/10\/Steam-Account-Notice-min-scaled-430x430.png 430w, https:\/\/orkza.com\/wp-content\/uploads\/2024\/10\/Steam-Account-Notice-min-150x150.png 150w, https:\/\/orkza.com\/wp-content\/uploads\/2024\/10\/Steam-Account-Notice-min-scaled-700x700.png 700w, https:\/\/orkza.com\/wp-content\/uploads\/2024\/10\/Steam-Account-Notice-min-800x800.png 800w, https:\/\/orkza.com\/wp-content\/uploads\/2024\/10\/Steam-Account-Notice-min-768x768.png 768w, https:\/\/orkza.com\/wp-content\/uploads\/2024\/10\/Steam-Account-Notice-min-1536x1536.png 1536w, https:\/\/orkza.com\/wp-content\/uploads\/2024\/10\/Steam-Account-Notice-min-2048x2048.png 2048w\" sizes=\"(max-width: 41px) 100vw, 41px\" \/><strong>Nota: I dati dell&#8217;account non possono essere modificati. Questo \u00e8 un Account Steam con Accesso a Vita solo per il gioco offline <\/strong><\/p>\n","protected":false},"featured_media":16207,"comment_status":"open","ping_status":"closed","template":"","meta":[],"product_brand":[],"product_cat":[142],"product_tag":[173],"class_list":{"0":"post-16100","1":"product","2":"type-product","3":"status-publish","4":"has-post-thumbnail","6":"product_cat-casual","7":"product_tag-steam-it","9":"first","10":"instock","11":"sale","12":"virtual","13":"purchasable","14":"product-type-simple"},"_links":{"self":[{"href":"https:\/\/orkza.com\/it\/wp-json\/wp\/v2\/product\/16100","targetHints":{"allow":["GET"]}}],"collection":[{"href":"https:\/\/orkza.com\/it\/wp-json\/wp\/v2\/product"}],"about":[{"href":"https:\/\/orkza.com\/it\/wp-json\/wp\/v2\/types\/product"}],"replies":[{"embeddable":true,"href":"https:\/\/orkza.com\/it\/wp-json\/wp\/v2\/comments?post=16100"}],"version-history":[{"count":3,"href":"https:\/\/orkza.com\/it\/wp-json\/wp\/v2\/product\/16100\/revisions"}],"predecessor-version":[{"id":16323,"href":"https:\/\/orkza.com\/it\/wp-json\/wp\/v2\/product\/16100\/revisions\/16323"}],"wp:featuredmedia":[{"embeddable":true,"href":"https:\/\/orkza.com\/it\/wp-json\/wp\/v2\/media\/16207"}],"wp:attachment":[{"href":"https:\/\/orkza.com\/it\/wp-json\/wp\/v2\/media?parent=16100"}],"wp:term":[{"taxonomy":"product_brand","embeddable":true,"href":"https:\/\/orkza.com\/it\/wp-json\/wp\/v2\/product_brand?post=16100"},{"taxonomy":"product_cat","embeddable":true,"href":"https:\/\/orkza.com\/it\/wp-json\/wp\/v2\/product_cat?post=16100"},{"taxonomy":"product_tag","embeddable":true,"href":"https:\/\/orkza.com\/it\/wp-json\/wp\/v2\/product_tag?post=16100"}],"curies":[{"name":"wp","href":"https:\/\/api.w.org\/{rel}","templated":true}]}}