{"id":16098,"date":"2026-02-21T07:42:01","date_gmt":"2026-02-21T07:42:01","guid":{"rendered":"https:\/\/orkza.com\/?post_type=product&#038;p=16098"},"modified":"2026-02-26T05:31:23","modified_gmt":"2026-02-26T05:31:23","slug":"inazuma-eleven-victory-road-deluxe-edition-steam-account","status":"publish","type":"product","link":"https:\/\/orkza.com\/it\/prodotto\/inazuma-eleven-victory-road-deluxe-edition-steam-account\/","title":{"rendered":"Account Steam di INAZUMA ELEVEN Victory Road Deluxe Edition"},"content":{"rendered":"<h2 data-start=\"0\" data-end=\"53\">INAZUMA ELEVEN Victory Road<\/h2>\n<p data-start=\"55\" data-end=\"512\"><strong data-start=\"55\" data-end=\"162\"><a class=\"decorated-link\" href=\"https:\/\/store.steampowered.com\/app\/2799860\/INAZUMA_ELEVEN_Victory_Road\/?utm_source=chatgpt.com\" target=\"_new\" rel=\"noopener\" data-start=\"57\" data-end=\"160\">INAZUMA ELEVEN: Victory Road<\/a><\/strong> ti proietta in un RPG calcistico in stile anime dove mosse speciali esplosive, team building tattico e un roster immenso definiscono ogni partita. Non \u00e8 un semplice simulatore di calcio: \u00e8 un RPG basato sulla collezione di personaggi con una storia, sistemi social e una personalizzazione profonda che premia il pensiero strategico e la creativit\u00e0 in campo.<\/p>\n<p data-start=\"514\" data-end=\"920\">Ambientato 25 anni dopo la serie originale, Victory Road introduce una nuova narrazione con nuovi protagonisti, intense modalit\u00e0 competitive e oltre 5.400 personaggi collezionabili che ripercorrono la storia del franchise. Allenerai, personalizzerai e guiderai la tua squadra attraverso campagne storia, battaglie nella Modalit\u00e0 Cronaca e competizioni online che metteranno alla prova la tua profondit\u00e0 tattica e adattabilit\u00e0.<\/p>\n<p data-start=\"922\" data-end=\"1382\">Le partite sono veloci, vibranti e cariche di tecniche &#8220;Hissatsu&#8221; spettacolari che rendono ogni gol cinematografico e d&#8217;impatto. Fuori dal campo, sistemi come la Bond Station ti permettono di creare il tuo hub social, personalizzare il tuo avatar e interagire con gli amici per sfidarvi a vicenda. Dai giocatori occasionali ai fan sfegatati di Inazuma Eleven, il mix di progressione RPG e azione sportiva offre a ogni giocatore qualcosa da padroneggiare.<\/p>\n<p data-start=\"1384\" data-end=\"1670\">Visivamente, il gioco punta su un&#8217;estetica anime decisa, con animazioni fluide ed effetti appariscenti che rendono le partite entusiasmanti. Il comparto sonoro \u2014 inclusi musica e doppiaggio \u2014 arricchisce l&#8217;esperienza, creando un&#8217;atmosfera vivace sia dentro che fuori dal campo.<\/p>\n<h3 data-start=\"1672\" data-end=\"1704\">Requisiti di sistema (PC)<\/h3>\n<p data-start=\"1706\" data-end=\"1902\"><strong data-start=\"1706\" data-end=\"1718\">Minimi:<\/strong><br data-start=\"1718\" data-end=\"1721\" \/>\u2022 SO: Windows 11 (64 bit)<br data-start=\"1746\" data-end=\"1749\" \/>\u2022 CPU: Intel Core i5-8400 \/ AMD Ryzen 3 3100<br data-start=\"1793\" data-end=\"1796\" \/>\u2022 RAM: 8 GB<br data-start=\"1807\" data-end=\"1810\" \/>\u2022 GPU: NVIDIA GeForce GTX 750 \/ AMD Radeon R7 370 (2GB)<br data-start=\"1865\" data-end=\"1868\" \/>\u2022 Spazio di archiviazione: 75 GB<br data-start=\"1884\" data-end=\"1887\" \/>\u2022 DirectX: 11<\/p>\n<p data-start=\"1904\" data-end=\"2147\"><strong data-start=\"1904\" data-end=\"1920\">Consigliati:<\/strong><br data-start=\"1920\" data-end=\"1923\" \/>\u2022 SO: Windows 11 (64 bit)<br data-start=\"1948\" data-end=\"1951\" \/>\u2022 CPU: Intel Core i5-10400 \/ AMD Ryzen 5 3600<br data-start=\"1996\" data-end=\"1999\" \/>\u2022 RAM: 16 GB<br data-start=\"2011\" data-end=\"2014\" \/>\u2022 GPU: NVIDIA GeForce GTX 1060 (6GB) \/ AMD Radeon RX570 (4GB)<br data-start=\"2075\" data-end=\"2078\" \/>\u2022 Spazio di archiviazione: 75 GB<br data-start=\"2094\" data-end=\"2097\" \/>\u2022 DirectX: 11<\/p>\n<h3>Come utilizzare il tuo account Steam di INAZUMA ELEVEN Victory Road<\/h3>\n<p><img decoding=\"async\" class=\"alignnone wp-image-3511\" src=\"https:\/\/orkza.com\/wp-content\/uploads\/2024\/10\/STEAM-ACTIVATION-GUIDE-400x225.jpg\" alt=\"\" width=\"804\" height=\"453\" title=\"\" srcset=\"https:\/\/orkza.com\/wp-content\/uploads\/2024\/10\/STEAM-ACTIVATION-GUIDE-400x225.jpg 400w, https:\/\/orkza.com\/wp-content\/uploads\/2024\/10\/STEAM-ACTIVATION-GUIDE-430x242.jpg 430w, https:\/\/orkza.com\/wp-content\/uploads\/2024\/10\/STEAM-ACTIVATION-GUIDE-150x84.jpg 150w, https:\/\/orkza.com\/wp-content\/uploads\/2024\/10\/STEAM-ACTIVATION-GUIDE-700x394.jpg 700w, https:\/\/orkza.com\/wp-content\/uploads\/2024\/10\/STEAM-ACTIVATION-GUIDE-768x432.jpg 768w, https:\/\/orkza.com\/wp-content\/uploads\/2024\/10\/STEAM-ACTIVATION-GUIDE.jpg 1280w\" sizes=\"(max-width: 804px) 100vw, 804px\" \/><\/p>\n<p>Dopo l&#8217;acquisto, accedi all&#8217;account Steam fornito sul tuo PC. Una volta loggato, vai alla tua libreria, installa il gioco e clicca sul pulsante play. Dopo qualche minuto, esci dal gioco e passa Steam alla modalit\u00e0 offline, e sei pronto per tuffarti in ore di gameplay emozionante!<\/p>\n<p>Per un processo di configurazione completo, consulta la nostra <a href=\"https:\/\/orkza.com\/it\/steam-account-activation-guide\/\" target=\"_blank\" rel=\"noopener\">Guida all&#8217;Attivazione dell&#8217;Account Steam<\/a><\/p>\n<p>Esplora i nostri nuovi <a href=\"https:\/\/orkza.com\/it\/giochi-pc\/\" target=\"_blank\" rel=\"noopener\">GIOCHI PER PC<\/a><\/p>\n","protected":false},"excerpt":{"rendered":"<p data-start=\"2149\" data-end=\"2308\">RPG di calcio in stile anime con una vasta collezione di personaggi, tecniche esplosive, team building profondo e modalit\u00e0 competitive.<\/p>\n<p><img decoding=\"async\" class=\"alignnone wp-image-3526\" src=\"https:\/\/orkza.com\/wp-content\/uploads\/2024\/10\/Steam-Account-Notice-min-300x300.png\" alt=\"\" width=\"41\" height=\"41\" srcset=\"https:\/\/orkza.com\/wp-content\/uploads\/2024\/10\/Steam-Account-Notice-min-300x300.png 300w, https:\/\/orkza.com\/wp-content\/uploads\/2024\/10\/Steam-Account-Notice-min-scaled-430x430.png 430w, https:\/\/orkza.com\/wp-content\/uploads\/2024\/10\/Steam-Account-Notice-min-150x150.png 150w, https:\/\/orkza.com\/wp-content\/uploads\/2024\/10\/Steam-Account-Notice-min-scaled-700x700.png 700w, https:\/\/orkza.com\/wp-content\/uploads\/2024\/10\/Steam-Account-Notice-min-800x800.png 800w, https:\/\/orkza.com\/wp-content\/uploads\/2024\/10\/Steam-Account-Notice-min-768x768.png 768w, https:\/\/orkza.com\/wp-content\/uploads\/2024\/10\/Steam-Account-Notice-min-1536x1536.png 1536w, https:\/\/orkza.com\/wp-content\/uploads\/2024\/10\/Steam-Account-Notice-min-2048x2048.png 2048w\" sizes=\"(max-width: 41px) 100vw, 41px\" \/><strong>Nota: I dati dell&#8217;account non possono essere modificati. Questo \u00e8 un Account Steam con Accesso a Vita solo per il gioco offline <\/strong><\/p>\n","protected":false},"featured_media":16210,"comment_status":"open","ping_status":"closed","template":"","meta":[],"product_brand":[],"product_cat":[142],"product_tag":[173],"class_list":{"0":"post-16098","1":"product","2":"type-product","3":"status-publish","4":"has-post-thumbnail","6":"product_cat-casual","7":"product_tag-steam-it","9":"first","10":"instock","11":"sale","12":"virtual","13":"purchasable","14":"product-type-simple"},"_links":{"self":[{"href":"https:\/\/orkza.com\/it\/wp-json\/wp\/v2\/product\/16098","targetHints":{"allow":["GET"]}}],"collection":[{"href":"https:\/\/orkza.com\/it\/wp-json\/wp\/v2\/product"}],"about":[{"href":"https:\/\/orkza.com\/it\/wp-json\/wp\/v2\/types\/product"}],"replies":[{"embeddable":true,"href":"https:\/\/orkza.com\/it\/wp-json\/wp\/v2\/comments?post=16098"}],"version-history":[{"count":3,"href":"https:\/\/orkza.com\/it\/wp-json\/wp\/v2\/product\/16098\/revisions"}],"predecessor-version":[{"id":16322,"href":"https:\/\/orkza.com\/it\/wp-json\/wp\/v2\/product\/16098\/revisions\/16322"}],"wp:featuredmedia":[{"embeddable":true,"href":"https:\/\/orkza.com\/it\/wp-json\/wp\/v2\/media\/16210"}],"wp:attachment":[{"href":"https:\/\/orkza.com\/it\/wp-json\/wp\/v2\/media?parent=16098"}],"wp:term":[{"taxonomy":"product_brand","embeddable":true,"href":"https:\/\/orkza.com\/it\/wp-json\/wp\/v2\/product_brand?post=16098"},{"taxonomy":"product_cat","embeddable":true,"href":"https:\/\/orkza.com\/it\/wp-json\/wp\/v2\/product_cat?post=16098"},{"taxonomy":"product_tag","embeddable":true,"href":"https:\/\/orkza.com\/it\/wp-json\/wp\/v2\/product_tag?post=16098"}],"curies":[{"name":"wp","href":"https:\/\/api.w.org\/{rel}","templated":true}]}}