{"id":13928,"date":"2025-11-07T05:37:28","date_gmt":"2025-11-07T05:37:28","guid":{"rendered":"https:\/\/orkza.com\/?post_type=product&#038;p=13928"},"modified":"2026-02-26T05:33:32","modified_gmt":"2026-02-26T05:33:32","slug":"atlas-fallen-reign-of-sand-steam-account","status":"publish","type":"product","link":"https:\/\/orkza.com\/it\/prodotto\/atlas-fallen-reign-of-sand-steam-account\/","title":{"rendered":"Atlas Fallen Reign Of Sand account Steam"},"content":{"rendered":"<h2 data-start=\"3797\" data-end=\"4204\"><strong data-start=\"3797\" data-end=\"3828\">Atlas Fallen: Reign of Sand<\/strong><\/h2>\n<p data-start=\"3797\" data-end=\"4204\">Risorgi dalla polvere e riconquista il mondo in <a class=\"decorated-link cursor-pointer\" href=\"https:\/\/store.steampowered.com\/app\/1230530\/Atlas_Fallen_Reign_Of_Sand\/\" target=\"_new\" rel=\"noopener\" data-start=\"3875\" data-end=\"3962\">Atlas Fallen: Reign of Sand<\/a>, un epico action RPG ambientato in una terra bruciata dal sole e governata da divinit\u00e0 corrotte. Sviluppato da Deck13, creatori di <em data-start=\"4068\" data-end=\"4079\">The Surge<\/em>, Atlas Fallen fonde combattimenti frenetici, esplorazione open-world e narrazione mitica in un&#8217;ambientazione fantasy mozzafiato.<\/p>\n<p data-start=\"4206\" data-end=\"4576\">Brandisci antichi poteri con il tuo guanto mutaforma e dai la caccia a mostri leggendari attraverso mutevoli paesaggi di sabbia. Scivola senza sforzo tra le dune, scatena abilit\u00e0 devastanti e potenzia le tue armi per adattarti a ogni sfida. Il sistema di combattimento incoraggia movimenti fluidi e precisione, premiando il tempismo e la creativit\u00e0 mentre combatti contro colossali nemici in epici scontri.<\/p>\n<p data-start=\"4578\" data-end=\"4869\">Oltre al combattimento, il mondo del gioco \u00e8 pieno di segreti, rovine e leggende da scoprire. Unisciti in co-op a due giocatori per esplorare vasti deserti, sfidare entit\u00e0 divine e scoprire la verit\u00e0 dietro una civilt\u00e0 caduta. Ogni incontro si aggiunge alla tua leggenda come campione che risorge dalle sabbie.<\/p>\n<h3 data-start=\"4871\" data-end=\"4913\">Requisiti di sistema<\/h3>\n<p data-start=\"4914\" data-end=\"4928\"><strong data-start=\"4914\" data-end=\"4926\">Minimi:<\/strong><\/p>\n<ul data-start=\"4929\" data-end=\"5120\">\n<li data-start=\"4929\" data-end=\"4956\">\n<p data-start=\"4931\" data-end=\"4956\">Sistema Operativo: Windows 10 (64-bit)<\/p>\n<\/li>\n<li data-start=\"4957\" data-end=\"5010\">\n<p data-start=\"4959\" data-end=\"5010\">Processore: Intel Core i5-6600K \/ AMD Ryzen 3 1200<\/p>\n<\/li>\n<li data-start=\"5011\" data-end=\"5031\">\n<p data-start=\"5013\" data-end=\"5031\">Memoria: 8 GB RAM<\/p>\n<\/li>\n<li data-start=\"5032\" data-end=\"5085\">\n<p data-start=\"5034\" data-end=\"5085\">Scheda grafica: NVIDIA GeForce GTX 1050 ti \/ AMD RX 470<\/p>\n<\/li>\n<li data-start=\"5086\" data-end=\"5120\">\n<p data-start=\"5088\" data-end=\"5120\">Spazio di archiviazione: 35 GB di spazio disponibile<\/p>\n<\/li>\n<\/ul>\n<p data-start=\"5122\" data-end=\"5140\"><strong data-start=\"5122\" data-end=\"5138\">Consigliati:<\/strong><\/p>\n<ul data-start=\"5141\" data-end=\"5331\">\n<li data-start=\"5141\" data-end=\"5171\">\n<p data-start=\"5143\" data-end=\"5171\">Sistema Operativo: Windows 10\/11 (64-bit)<\/p>\n<\/li>\n<li data-start=\"5172\" data-end=\"5225\">\n<p data-start=\"5174\" data-end=\"5225\">Processore: Intel Core i7-8700K \/ AMD Ryzen 5 3600<\/p>\n<\/li>\n<li data-start=\"5226\" data-end=\"5247\">\n<p data-start=\"5228\" data-end=\"5247\">Memoria: 16 GB RAM<\/p>\n<\/li>\n<li data-start=\"5248\" data-end=\"5302\">\n<p data-start=\"5250\" data-end=\"5302\">Scheda grafica: NVIDIA GeForce RTX 2070 \/ AMD RX 5700 XT<\/p>\n<\/li>\n<li data-start=\"5303\" data-end=\"5331\">\n<p data-start=\"5305\" data-end=\"5331\">Spazio di archiviazione: 35 GB di spazio SSD<\/p>\n<\/li>\n<\/ul>\n<p data-start=\"5333\" data-end=\"5474\">Scatena il potere divino, combatti esseri mostruosi e ripristina l&#8217;equilibrio in un mondo abbandonato: Atlas Fallen: Reign of Sand \u00e8 il tuo percorso verso la gloria.<\/p>\n<h3>Come utilizzare il tuo account Steam di Atlas Fallen Reign Of Sand<\/h3>\n<p><img decoding=\"async\" class=\"alignnone wp-image-3511\" src=\"https:\/\/orkza.com\/wp-content\/uploads\/2024\/10\/STEAM-ACTIVATION-GUIDE-400x225.jpg\" alt=\"\" width=\"804\" height=\"453\" title=\"\" srcset=\"https:\/\/orkza.com\/wp-content\/uploads\/2024\/10\/STEAM-ACTIVATION-GUIDE-400x225.jpg 400w, https:\/\/orkza.com\/wp-content\/uploads\/2024\/10\/STEAM-ACTIVATION-GUIDE-430x242.jpg 430w, https:\/\/orkza.com\/wp-content\/uploads\/2024\/10\/STEAM-ACTIVATION-GUIDE-150x84.jpg 150w, https:\/\/orkza.com\/wp-content\/uploads\/2024\/10\/STEAM-ACTIVATION-GUIDE-700x394.jpg 700w, https:\/\/orkza.com\/wp-content\/uploads\/2024\/10\/STEAM-ACTIVATION-GUIDE-768x432.jpg 768w, https:\/\/orkza.com\/wp-content\/uploads\/2024\/10\/STEAM-ACTIVATION-GUIDE.jpg 1280w\" sizes=\"(max-width: 804px) 100vw, 804px\" \/><\/p>\n<p>Dopo l&#8217;acquisto, accedi all&#8217;account Steam fornito sul tuo PC. Una volta loggato, vai alla tua libreria, installa il gioco e clicca sul pulsante play. Dopo qualche minuto, esci dal gioco e passa Steam alla modalit\u00e0 offline, e sei pronto per tuffarti in ore di gameplay emozionante!<\/p>\n<p>Per un processo di configurazione completo, consulta la nostra <a href=\"https:\/\/orkza.com\/it\/steam-account-activation-guide\/\" target=\"_blank\" rel=\"noopener\">Guida all&#8217;Attivazione dell&#8217;Account Steam<\/a><\/p>\n<p>Esplora i nostri nuovi <a href=\"https:\/\/orkza.com\/it\/giochi-pc\/\" target=\"_blank\" rel=\"noopener\">GIOCHI PER PC<\/a><\/p>\n","protected":false},"excerpt":{"rendered":"<article class=\"text-token-text-primary w-full focus:outline-none scroll-mt-[calc(var(--header-height)+min(200px,max(70px,20svh)))]\" dir=\"auto\" tabindex=\"-1\" data-turn-id=\"825f8558-9f2b-458c-ad9a-5b51e35369c8\" data-testid=\"conversation-turn-286\" data-scroll-anchor=\"true\" data-turn=\"assistant\">\n<div class=\"text-base my-auto mx-auto pb-10 [--thread-content-margin:--spacing(4)] thread-sm:[--thread-content-margin:--spacing(6)] thread-lg:[--thread-content-margin:--spacing(16)] px-(--thread-content-margin)\">\n<div class=\"[--thread-content-max-width:40rem] thread-lg:[--thread-content-max-width:48rem] mx-auto max-w-(--thread-content-max-width) flex-1 group\/turn-messages focus-visible:outline-hidden relative flex w-full min-w-0 flex-col agent-turn\" tabindex=\"-1\">\n<div class=\"flex max-w-full flex-col grow\">\n<div class=\"min-h-8 text-message relative flex w-full flex-col items-end gap-2 text-start break-words whitespace-normal [.text-message+&amp;]:mt-5\" dir=\"auto\" data-message-author-role=\"assistant\" data-message-id=\"2928a0af-c8b9-4771-8af5-a56ec1451607\" data-message-model-slug=\"gpt-5\">\n<div class=\"flex w-full flex-col gap-1 empty:hidden first:pt-[3px]\">\n<div class=\"markdown prose dark:prose-invert w-full break-words dark markdown-new-styling\">\n<article class=\"text-token-text-primary w-full focus:outline-none scroll-mt-[calc(var(--header-height)+min(200px,max(70px,20svh)))]\" dir=\"auto\" tabindex=\"-1\" data-turn-id=\"4853738f-41d9-4361-acbd-da104adcb5f6\" data-testid=\"conversation-turn-288\" data-scroll-anchor=\"true\" data-turn=\"assistant\">\n<div class=\"text-base my-auto mx-auto pb-10 [--thread-content-margin:--spacing(4)] thread-sm:[--thread-content-margin:--spacing(6)] thread-lg:[--thread-content-margin:--spacing(16)] px-(--thread-content-margin)\">\n<div class=\"[--thread-content-max-width:40rem] thread-lg:[--thread-content-max-width:48rem] mx-auto max-w-(--thread-content-max-width) flex-1 group\/turn-messages focus-visible:outline-hidden relative flex w-full min-w-0 flex-col agent-turn\" tabindex=\"-1\">\n<div class=\"flex max-w-full flex-col grow\">\n<div class=\"min-h-8 text-message relative flex w-full flex-col items-end gap-2 text-start break-words whitespace-normal [.text-message+&amp;]:mt-5\" dir=\"auto\" data-message-author-role=\"assistant\" data-message-id=\"5f2e51b3-f20e-438b-8196-6d76021c77fc\" data-message-model-slug=\"gpt-5\">\n<div class=\"flex w-full flex-col gap-1 empty:hidden first:pt-[3px]\">\n<div class=\"markdown prose dark:prose-invert w-full break-words dark markdown-new-styling\">\n<article class=\"text-token-text-primary w-full focus:outline-none [--shadow-height:45px] has-data-writing-block:pointer-events-none has-data-writing-block:-mt-(--shadow-height) has-data-writing-block:pt-(--shadow-height) [&amp;:has([data-writing-block])&gt;*]:pointer-events-auto [content-visibility:auto] supports-[content-visibility:auto]:[contain-intrinsic-size:auto_100lvh] scroll-mt-[calc(var(--header-height)+min(200px,max(70px,20svh)))]\" dir=\"auto\" tabindex=\"-1\" data-turn-id=\"ffdcbe9e-343d-46ff-84d9-9e9fa6393272\" data-testid=\"conversation-turn-326\" data-scroll-anchor=\"false\" data-turn=\"assistant\">\n<div class=\"text-base my-auto mx-auto [--thread-content-margin:--spacing(4)] thread-sm:[--thread-content-margin:--spacing(6)] thread-lg:[--thread-content-margin:--spacing(16)] px-(--thread-content-margin)\">\n<div class=\"[--thread-content-max-width:40rem] thread-lg:[--thread-content-max-width:48rem] mx-auto max-w-(--thread-content-max-width) flex-1 group\/turn-messages focus-visible:outline-hidden relative flex w-full min-w-0 flex-col agent-turn\" tabindex=\"-1\">\n<div class=\"flex max-w-full flex-col grow\">\n<div class=\"min-h-8 text-message relative flex w-full flex-col items-end gap-2 text-start break-words whitespace-normal [.text-message+&amp;]:mt-1\" dir=\"auto\" data-message-author-role=\"assistant\" data-message-id=\"ffdcbe9e-343d-46ff-84d9-9e9fa6393272\" data-message-model-slug=\"gpt-5\">\n<div class=\"flex w-full flex-col gap-1 empty:hidden first:pt-[1px]\">\n<div class=\"markdown prose dark:prose-invert w-full break-words dark markdown-new-styling\">\n<p data-start=\"5476\" data-end=\"5638\" data-is-last-node=\"\" data-is-only-node=\"\">Scatena poteri divini e risorgi dalle sabbie in Atlas Fallen: Reign of Sand \u2014 un epico action RPG di mito e vendetta.<\/p>\n<\/div>\n<\/div>\n<\/div>\n<\/div>\n<\/div>\n<\/div>\n<\/article>\n<\/div>\n<\/div>\n<\/div>\n<\/div>\n<\/div>\n<\/div>\n<\/article>\n<\/div>\n<\/div>\n<\/div>\n<\/div>\n<\/div>\n<\/div>\n<\/article>\n<p><img decoding=\"async\" class=\"alignnone wp-image-3526\" src=\"https:\/\/orkza.com\/wp-content\/uploads\/2024\/10\/Steam-Account-Notice-min-300x300.png\" alt=\"\" width=\"41\" height=\"41\" srcset=\"https:\/\/orkza.com\/wp-content\/uploads\/2024\/10\/Steam-Account-Notice-min-300x300.png 300w, https:\/\/orkza.com\/wp-content\/uploads\/2024\/10\/Steam-Account-Notice-min-scaled-430x430.png 430w, https:\/\/orkza.com\/wp-content\/uploads\/2024\/10\/Steam-Account-Notice-min-150x150.png 150w, https:\/\/orkza.com\/wp-content\/uploads\/2024\/10\/Steam-Account-Notice-min-scaled-700x700.png 700w, https:\/\/orkza.com\/wp-content\/uploads\/2024\/10\/Steam-Account-Notice-min-800x800.png 800w, https:\/\/orkza.com\/wp-content\/uploads\/2024\/10\/Steam-Account-Notice-min-768x768.png 768w, https:\/\/orkza.com\/wp-content\/uploads\/2024\/10\/Steam-Account-Notice-min-1536x1536.png 1536w, https:\/\/orkza.com\/wp-content\/uploads\/2024\/10\/Steam-Account-Notice-min-2048x2048.png 2048w\" sizes=\"(max-width: 41px) 100vw, 41px\" \/><strong>Nota: I dati dell&#8217;account non possono essere modificati. Questo \u00e8 un Account Steam con Accesso a Vita solo per il gioco offline <\/strong><\/p>\n","protected":false},"featured_media":14157,"comment_status":"open","ping_status":"closed","template":"","meta":[],"product_brand":[],"product_cat":[141],"product_tag":[173],"class_list":{"0":"post-13928","1":"product","2":"type-product","3":"status-publish","4":"has-post-thumbnail","6":"product_cat-avventura","7":"product_tag-steam-it","9":"first","10":"instock","11":"sale","12":"virtual","13":"purchasable","14":"product-type-simple"},"_links":{"self":[{"href":"https:\/\/orkza.com\/it\/wp-json\/wp\/v2\/product\/13928","targetHints":{"allow":["GET"]}}],"collection":[{"href":"https:\/\/orkza.com\/it\/wp-json\/wp\/v2\/product"}],"about":[{"href":"https:\/\/orkza.com\/it\/wp-json\/wp\/v2\/types\/product"}],"replies":[{"embeddable":true,"href":"https:\/\/orkza.com\/it\/wp-json\/wp\/v2\/comments?post=13928"}],"version-history":[{"count":3,"href":"https:\/\/orkza.com\/it\/wp-json\/wp\/v2\/product\/13928\/revisions"}],"predecessor-version":[{"id":16315,"href":"https:\/\/orkza.com\/it\/wp-json\/wp\/v2\/product\/13928\/revisions\/16315"}],"wp:featuredmedia":[{"embeddable":true,"href":"https:\/\/orkza.com\/it\/wp-json\/wp\/v2\/media\/14157"}],"wp:attachment":[{"href":"https:\/\/orkza.com\/it\/wp-json\/wp\/v2\/media?parent=13928"}],"wp:term":[{"taxonomy":"product_brand","embeddable":true,"href":"https:\/\/orkza.com\/it\/wp-json\/wp\/v2\/product_brand?post=13928"},{"taxonomy":"product_cat","embeddable":true,"href":"https:\/\/orkza.com\/it\/wp-json\/wp\/v2\/product_cat?post=13928"},{"taxonomy":"product_tag","embeddable":true,"href":"https:\/\/orkza.com\/it\/wp-json\/wp\/v2\/product_tag?post=13928"}],"curies":[{"name":"wp","href":"https:\/\/api.w.org\/{rel}","templated":true}]}}