{"id":13920,"date":"2025-11-07T05:37:22","date_gmt":"2025-11-07T05:37:22","guid":{"rendered":"https:\/\/orkza.com\/?post_type=product&#038;p=13920"},"modified":"2026-02-26T05:33:43","modified_gmt":"2026-02-26T05:33:43","slug":"like-a-dragon-ishin-digital-deluxe-steam-account","status":"publish","type":"product","link":"https:\/\/orkza.com\/it\/prodotto\/like-a-dragon-ishin-digital-deluxe-steam-account\/","title":{"rendered":"Account Steam di Like a Dragon Ishin Digital Deluxe"},"content":{"rendered":"<h2 data-start=\"1990\" data-end=\"2536\"><strong data-start=\"1990\" data-end=\"2015\">Like a Dragon: Ishin!<\/strong><\/h2>\n<p data-start=\"1990\" data-end=\"2536\">Vesti i panni di una leggenda samurai in <a class=\"decorated-link\" href=\"https:\/\/store.steampowered.com\/app\/1805480\/Like_a_Dragon_Ishin\/\" target=\"_new\" rel=\"noopener\" data-start=\"2061\" data-end=\"2149\">Like a Dragon: Ishin!<\/a>, un&#8217;epica avventura d&#8217;azione storica di Ryu Ga Gotoku Studio. Ambientata nel Giappone del 1860 durante la caotica era Bakumatsu, questa avvincente storia segue Sakamoto Ryoma mentre cerca giustizia e lotta per cambiare il destino della sua nazione. Combinando intensi combattimenti con la spada, sparatorie e il caratteristico dramma in stile Yakuza, Ishin! offre un perfetto equilibrio tra narrazione cinematografica e azione frenetica.<\/p>\n<p data-start=\"2538\" data-end=\"2834\">Vivi le strade di Kyo portate vividamente in vita \u2014 dai mercati affollati e le bische ai santuari tranquilli e alla campagna panoramica. Ingaggia duelli con precisione letale usando un mix di scherma e armi da fuoco attraverso molteplici stili di combattimento: Spadaccino, Pistolero, Rissoso e Danzatore Selvaggio.<\/p>\n<p data-start=\"2836\" data-end=\"3139\">Oltre la battaglia, puoi goderti attivit\u00e0 secondarie, mini-giochi e interazioni tra personaggi che danno profondit\u00e0 a questa avvincente storia di lealt\u00e0, onore e rivoluzione. Grafica rimasterizzata, illuminazione migliorata e aggiornamenti moderni al gameplay rendono questa edizione definitiva il modo migliore per vivere la leggenda di Ryoma.<\/p>\n<h3 data-start=\"3141\" data-end=\"3183\">Requisiti di sistema<\/h3>\n<p data-start=\"3184\" data-end=\"3198\"><strong data-start=\"3184\" data-end=\"3196\">Minimi:<\/strong><\/p>\n<ul data-start=\"3199\" data-end=\"3392\">\n<li data-start=\"3199\" data-end=\"3226\">\n<p data-start=\"3201\" data-end=\"3226\">Sistema Operativo: Windows 10 (64-bit)<\/p>\n<\/li>\n<li data-start=\"3227\" data-end=\"3279\">\n<p data-start=\"3229\" data-end=\"3279\">Processore: Intel Core i5-3470 \/ AMD Ryzen 3 1200<\/p>\n<\/li>\n<li data-start=\"3280\" data-end=\"3300\">\n<p data-start=\"3282\" data-end=\"3300\">Memoria: 8 GB RAM<\/p>\n<\/li>\n<li data-start=\"3301\" data-end=\"3357\">\n<p data-start=\"3303\" data-end=\"3357\">Grafica: NVIDIA GeForce GTX 960 \/ AMD Radeon RX 460<\/p>\n<\/li>\n<li data-start=\"3358\" data-end=\"3392\">\n<p data-start=\"3360\" data-end=\"3392\">Spazio di archiviazione: 60 GB di spazio disponibile<\/p>\n<\/li>\n<\/ul>\n<p data-start=\"3394\" data-end=\"3412\"><strong data-start=\"3394\" data-end=\"3410\">Consigliati:<\/strong><\/p>\n<ul data-start=\"3413\" data-end=\"3609\">\n<li data-start=\"3413\" data-end=\"3443\">\n<p data-start=\"3415\" data-end=\"3443\">Sistema Operativo: Windows 10\/11 (64-bit)<\/p>\n<\/li>\n<li data-start=\"3444\" data-end=\"3496\">\n<p data-start=\"3446\" data-end=\"3496\">Processore: Intel Core i7-4790 \/ AMD Ryzen 5 1600<\/p>\n<\/li>\n<li data-start=\"3497\" data-end=\"3518\">\n<p data-start=\"3499\" data-end=\"3518\">Memoria: 16 GB RAM<\/p>\n<\/li>\n<li data-start=\"3519\" data-end=\"3580\">\n<p data-start=\"3521\" data-end=\"3580\">Grafica: NVIDIA GeForce RTX 2060 \/ AMD Radeon RX Vega 56<\/p>\n<\/li>\n<li data-start=\"3581\" data-end=\"3609\">\n<p data-start=\"3583\" data-end=\"3609\">Spazio di archiviazione: 60 GB di spazio SSD<\/p>\n<\/li>\n<\/ul>\n<p data-start=\"3611\" data-end=\"3733\">Forgia il tuo destino e ripristina l&#8217;onore al tuo nome in una storia dove giustizia e rivoluzione si scontrano \u2014 Like a Dragon: Ishin!<\/p>\n<h3>Come usare il tuo account Steam di Like a Dragon Ishin<\/h3>\n<p><img decoding=\"async\" class=\"alignnone wp-image-3511\" src=\"https:\/\/orkza.com\/wp-content\/uploads\/2024\/10\/STEAM-ACTIVATION-GUIDE-400x225.jpg\" alt=\"\" width=\"804\" height=\"453\" title=\"\" srcset=\"https:\/\/orkza.com\/wp-content\/uploads\/2024\/10\/STEAM-ACTIVATION-GUIDE-400x225.jpg 400w, https:\/\/orkza.com\/wp-content\/uploads\/2024\/10\/STEAM-ACTIVATION-GUIDE-430x242.jpg 430w, https:\/\/orkza.com\/wp-content\/uploads\/2024\/10\/STEAM-ACTIVATION-GUIDE-150x84.jpg 150w, https:\/\/orkza.com\/wp-content\/uploads\/2024\/10\/STEAM-ACTIVATION-GUIDE-700x394.jpg 700w, https:\/\/orkza.com\/wp-content\/uploads\/2024\/10\/STEAM-ACTIVATION-GUIDE-768x432.jpg 768w, https:\/\/orkza.com\/wp-content\/uploads\/2024\/10\/STEAM-ACTIVATION-GUIDE.jpg 1280w\" sizes=\"(max-width: 804px) 100vw, 804px\" \/><\/p>\n<p>Dopo l&#8217;acquisto, accedi all&#8217;account Steam fornito sul tuo PC. Una volta loggato, vai alla tua libreria, installa il gioco e clicca sul pulsante play. Dopo qualche minuto, esci dal gioco e passa Steam alla modalit\u00e0 offline, e sei pronto per tuffarti in ore di gameplay emozionante!<\/p>\n<p>Per un processo di configurazione completo, consulta la nostra <a href=\"https:\/\/orkza.com\/it\/steam-account-activation-guide\/\" target=\"_blank\" rel=\"noopener\">Guida all&#8217;Attivazione dell&#8217;Account Steam<\/a><\/p>\n<p>Esplora i nostri nuovi <a href=\"https:\/\/orkza.com\/it\/giochi-pc\/\" target=\"_blank\" rel=\"noopener\">GIOCHI PER PC<\/a><\/p>\n","protected":false},"excerpt":{"rendered":"<article class=\"text-token-text-primary w-full focus:outline-none scroll-mt-[calc(var(--header-height)+min(200px,max(70px,20svh)))]\" dir=\"auto\" tabindex=\"-1\" data-turn-id=\"825f8558-9f2b-458c-ad9a-5b51e35369c8\" data-testid=\"conversation-turn-286\" data-scroll-anchor=\"true\" data-turn=\"assistant\">\n<div class=\"text-base my-auto mx-auto pb-10 [--thread-content-margin:--spacing(4)] thread-sm:[--thread-content-margin:--spacing(6)] thread-lg:[--thread-content-margin:--spacing(16)] px-(--thread-content-margin)\">\n<div class=\"[--thread-content-max-width:40rem] thread-lg:[--thread-content-max-width:48rem] mx-auto max-w-(--thread-content-max-width) flex-1 group\/turn-messages focus-visible:outline-hidden relative flex w-full min-w-0 flex-col agent-turn\" tabindex=\"-1\">\n<div class=\"flex max-w-full flex-col grow\">\n<div class=\"min-h-8 text-message relative flex w-full flex-col items-end gap-2 text-start break-words whitespace-normal [.text-message+&amp;]:mt-5\" dir=\"auto\" data-message-author-role=\"assistant\" data-message-id=\"2928a0af-c8b9-4771-8af5-a56ec1451607\" data-message-model-slug=\"gpt-5\">\n<div class=\"flex w-full flex-col gap-1 empty:hidden first:pt-[3px]\">\n<div class=\"markdown prose dark:prose-invert w-full break-words dark markdown-new-styling\">\n<article class=\"text-token-text-primary w-full focus:outline-none scroll-mt-[calc(var(--header-height)+min(200px,max(70px,20svh)))]\" dir=\"auto\" tabindex=\"-1\" data-turn-id=\"4853738f-41d9-4361-acbd-da104adcb5f6\" data-testid=\"conversation-turn-288\" data-scroll-anchor=\"true\" data-turn=\"assistant\">\n<div class=\"text-base my-auto mx-auto pb-10 [--thread-content-margin:--spacing(4)] thread-sm:[--thread-content-margin:--spacing(6)] thread-lg:[--thread-content-margin:--spacing(16)] px-(--thread-content-margin)\">\n<div class=\"[--thread-content-max-width:40rem] thread-lg:[--thread-content-max-width:48rem] mx-auto max-w-(--thread-content-max-width) flex-1 group\/turn-messages focus-visible:outline-hidden relative flex w-full min-w-0 flex-col agent-turn\" tabindex=\"-1\">\n<div class=\"flex max-w-full flex-col grow\">\n<div class=\"min-h-8 text-message relative flex w-full flex-col items-end gap-2 text-start break-words whitespace-normal [.text-message+&amp;]:mt-5\" dir=\"auto\" data-message-author-role=\"assistant\" data-message-id=\"5f2e51b3-f20e-438b-8196-6d76021c77fc\" data-message-model-slug=\"gpt-5\">\n<div class=\"flex w-full flex-col gap-1 empty:hidden first:pt-[3px]\">\n<div class=\"markdown prose dark:prose-invert w-full break-words dark markdown-new-styling\">\n<p data-start=\"3735\" data-end=\"3893\">Combina spada e pistola in Like a Dragon: Ishin! \u2014 un&#8217;epopea samurai di giustizia, lealt\u00e0 e rivoluzione nel Giappone del 1860.<\/p>\n<\/div>\n<\/div>\n<\/div>\n<\/div>\n<\/div>\n<\/div>\n<\/article>\n<\/div>\n<\/div>\n<\/div>\n<\/div>\n<\/div>\n<\/div>\n<\/article>\n<p><img decoding=\"async\" class=\"alignnone wp-image-3526\" src=\"https:\/\/orkza.com\/wp-content\/uploads\/2024\/10\/Steam-Account-Notice-min-300x300.png\" alt=\"\" width=\"41\" height=\"41\" srcset=\"https:\/\/orkza.com\/wp-content\/uploads\/2024\/10\/Steam-Account-Notice-min-300x300.png 300w, https:\/\/orkza.com\/wp-content\/uploads\/2024\/10\/Steam-Account-Notice-min-scaled-430x430.png 430w, https:\/\/orkza.com\/wp-content\/uploads\/2024\/10\/Steam-Account-Notice-min-150x150.png 150w, https:\/\/orkza.com\/wp-content\/uploads\/2024\/10\/Steam-Account-Notice-min-scaled-700x700.png 700w, https:\/\/orkza.com\/wp-content\/uploads\/2024\/10\/Steam-Account-Notice-min-800x800.png 800w, https:\/\/orkza.com\/wp-content\/uploads\/2024\/10\/Steam-Account-Notice-min-768x768.png 768w, https:\/\/orkza.com\/wp-content\/uploads\/2024\/10\/Steam-Account-Notice-min-1536x1536.png 1536w, https:\/\/orkza.com\/wp-content\/uploads\/2024\/10\/Steam-Account-Notice-min-2048x2048.png 2048w\" sizes=\"(max-width: 41px) 100vw, 41px\" \/><strong>Nota: I dati dell&#8217;account non possono essere modificati. Questo \u00e8 un Account Steam con Accesso a Vita solo per il gioco offline <\/strong><\/p>\n","protected":false},"featured_media":14142,"comment_status":"open","ping_status":"closed","template":"","meta":[],"product_brand":[],"product_cat":[140],"product_tag":[173],"class_list":{"0":"post-13920","1":"product","2":"type-product","3":"status-publish","4":"has-post-thumbnail","6":"product_cat-azione","7":"product_tag-steam-it","9":"first","10":"instock","11":"sale","12":"virtual","13":"purchasable","14":"product-type-simple"},"_links":{"self":[{"href":"https:\/\/orkza.com\/it\/wp-json\/wp\/v2\/product\/13920","targetHints":{"allow":["GET"]}}],"collection":[{"href":"https:\/\/orkza.com\/it\/wp-json\/wp\/v2\/product"}],"about":[{"href":"https:\/\/orkza.com\/it\/wp-json\/wp\/v2\/types\/product"}],"replies":[{"embeddable":true,"href":"https:\/\/orkza.com\/it\/wp-json\/wp\/v2\/comments?post=13920"}],"version-history":[{"count":3,"href":"https:\/\/orkza.com\/it\/wp-json\/wp\/v2\/product\/13920\/revisions"}],"predecessor-version":[{"id":16312,"href":"https:\/\/orkza.com\/it\/wp-json\/wp\/v2\/product\/13920\/revisions\/16312"}],"wp:featuredmedia":[{"embeddable":true,"href":"https:\/\/orkza.com\/it\/wp-json\/wp\/v2\/media\/14142"}],"wp:attachment":[{"href":"https:\/\/orkza.com\/it\/wp-json\/wp\/v2\/media?parent=13920"}],"wp:term":[{"taxonomy":"product_brand","embeddable":true,"href":"https:\/\/orkza.com\/it\/wp-json\/wp\/v2\/product_brand?post=13920"},{"taxonomy":"product_cat","embeddable":true,"href":"https:\/\/orkza.com\/it\/wp-json\/wp\/v2\/product_cat?post=13920"},{"taxonomy":"product_tag","embeddable":true,"href":"https:\/\/orkza.com\/it\/wp-json\/wp\/v2\/product_tag?post=13920"}],"curies":[{"name":"wp","href":"https:\/\/api.w.org\/{rel}","templated":true}]}}