{"id":13908,"date":"2025-11-07T05:37:14","date_gmt":"2025-11-07T05:37:14","guid":{"rendered":"https:\/\/orkza.com\/?post_type=product&#038;p=13908"},"modified":"2026-02-26T05:34:05","modified_gmt":"2026-02-26T05:34:05","slug":"triangle-strategy-deluxe-edition-steam-account","status":"publish","type":"product","link":"https:\/\/orkza.com\/it\/prodotto\/triangle-strategy-deluxe-edition-steam-account\/","title":{"rendered":"TRIANGLE STRATEGY - account Steam edizione deluxe"},"content":{"rendered":"<h2 data-start=\"1709\" data-end=\"2068\"><strong data-start=\"1709\" data-end=\"1730\">TRIANGLE STRATEGY<\/strong><\/h2>\n<p data-start=\"1709\" data-end=\"2068\">Forgia il tuo destino attraverso conflitti e convinzioni in <em data-start=\"1787\" data-end=\"1871\"><a class=\"decorated-link\" href=\"https:\/\/store.steampowered.com\/app\/1850510\/TRIANGLE_STRATEGY\/\" target=\"_new\" rel=\"noopener\" data-start=\"1788\" data-end=\"1870\">TRIANGLE STRATEGY<\/a><\/em> \u2014 un RPG tattico di Square Enix e Artdink. Ambientato nel continente di Norzelia, il gioco segue Serenoa Wolffort e i suoi compagni mentre affrontano una guerra guidata da ideali, lealt\u00e0 e potere.<\/p>\n<p data-start=\"2070\" data-end=\"2441\">Con il suo splendido stile artistico HD-2D e il combattimento strategico a turni, <em data-start=\"2138\" data-end=\"2157\">TRIANGLE STRATEGY<\/em> fonde la narrazione classica degli RPG con un design moderno. Le scelte contano \u2014 ogni decisione influenza la direzione della storia e le tue relazioni con gli alleati. Attraverso il sistema di gioco \u201cBilancia della Convinzione\u201d, i giocatori votano per determinare l&#8217;esito degli eventi chiave, portando a finali multipli.<\/p>\n<p data-start=\"2443\" data-end=\"2748\">Il combattimento si svolge su mappe a griglia che enfatizzano l&#8217;elevazione, il posizionamento e il terreno. Adatta le tue tattiche per sfruttare le debolezze nemiche e usa l&#8217;ambiente per ottenere il vantaggio. Ogni personaggio porta abilit\u00e0 uniche, dalla magia elementale alle capacit\u00e0 basate sulle armi, offrendo una profondit\u00e0 strategica infinita.<\/p>\n<p data-start=\"2750\" data-end=\"2795\"><strong data-start=\"2750\" data-end=\"2778\">Requisiti di sistema (PC)<\/strong><br data-start=\"2778\" data-end=\"2781\" \/><strong data-start=\"2781\" data-end=\"2793\">minimi:<\/strong><\/p>\n<ul data-start=\"2796\" data-end=\"2985\">\n<li data-start=\"2796\" data-end=\"2823\">\n<p data-start=\"2798\" data-end=\"2823\">Sistema Operativo: Windows 10 (64-bit)<\/p>\n<\/li>\n<li data-start=\"2824\" data-end=\"2871\">\n<p data-start=\"2826\" data-end=\"2871\">Processore: Intel Core i3-3210 \/ AMD A8-7600<\/p>\n<\/li>\n<li data-start=\"2872\" data-end=\"2892\">\n<p data-start=\"2874\" data-end=\"2892\">Memoria: 8 GB RAM<\/p>\n<\/li>\n<li data-start=\"2893\" data-end=\"2950\">\n<p data-start=\"2895\" data-end=\"2950\">Grafica: NVIDIA GeForce GTX 750 \/ AMD Radeon R7 260X<\/p>\n<\/li>\n<li data-start=\"2951\" data-end=\"2985\">\n<p data-start=\"2953\" data-end=\"2985\">Archiviazione: 15 GB di spazio disponibile<\/p>\n<\/li>\n<\/ul>\n<p data-start=\"2987\" data-end=\"3005\"><strong data-start=\"2987\" data-end=\"3003\">Consigliati:<\/strong><\/p>\n<ul data-start=\"3006\" data-end=\"3191\">\n<li data-start=\"3006\" data-end=\"3038\">\n<p data-start=\"3008\" data-end=\"3038\">Sistema operativo: Windows 10 \/ 11 (64 bit)<\/p>\n<\/li>\n<li data-start=\"3039\" data-end=\"3092\">\n<p data-start=\"3041\" data-end=\"3092\">Processore: Intel Core i5-6400 \/ AMD Ryzen 5 1500X<\/p>\n<\/li>\n<li data-start=\"3093\" data-end=\"3113\">\n<p data-start=\"3095\" data-end=\"3113\">Memoria: 8 GB RAM<\/p>\n<\/li>\n<li data-start=\"3114\" data-end=\"3156\">\n<p data-start=\"3116\" data-end=\"3156\">Scheda Grafica: NVIDIA GTX 1060 \/ AMD RX 580<\/p>\n<\/li>\n<li data-start=\"3157\" data-end=\"3191\">\n<p data-start=\"3159\" data-end=\"3191\">Archiviazione: 15 GB di spazio disponibile<\/p>\n<\/li>\n<\/ul>\n<h3>Come usare il tuo account Steam di TRIANGLE STRATEGY<\/h3>\n<p><img decoding=\"async\" class=\"alignnone wp-image-3511\" src=\"https:\/\/orkza.com\/wp-content\/uploads\/2024\/10\/STEAM-ACTIVATION-GUIDE-400x225.jpg\" alt=\"\" width=\"804\" height=\"453\" title=\"\" srcset=\"https:\/\/orkza.com\/wp-content\/uploads\/2024\/10\/STEAM-ACTIVATION-GUIDE-400x225.jpg 400w, https:\/\/orkza.com\/wp-content\/uploads\/2024\/10\/STEAM-ACTIVATION-GUIDE-430x242.jpg 430w, https:\/\/orkza.com\/wp-content\/uploads\/2024\/10\/STEAM-ACTIVATION-GUIDE-150x84.jpg 150w, https:\/\/orkza.com\/wp-content\/uploads\/2024\/10\/STEAM-ACTIVATION-GUIDE-700x394.jpg 700w, https:\/\/orkza.com\/wp-content\/uploads\/2024\/10\/STEAM-ACTIVATION-GUIDE-768x432.jpg 768w, https:\/\/orkza.com\/wp-content\/uploads\/2024\/10\/STEAM-ACTIVATION-GUIDE.jpg 1280w\" sizes=\"(max-width: 804px) 100vw, 804px\" \/><\/p>\n<p>Dopo l&#8217;acquisto, accedi all&#8217;account Steam fornito sul tuo PC. Una volta loggato, vai alla tua libreria, installa il gioco e clicca sul pulsante play. Dopo qualche minuto, esci dal gioco e passa Steam alla modalit\u00e0 offline, e sei pronto per tuffarti in ore di gameplay emozionante!<\/p>\n<p>Per un processo di configurazione completo, consulta la nostra <a href=\"https:\/\/orkza.com\/it\/steam-account-activation-guide\/\" target=\"_blank\" rel=\"noopener\">Guida all&#8217;Attivazione dell&#8217;Account Steam<\/a><\/p>\n<p>Esplora i nostri nuovi <a href=\"https:\/\/orkza.com\/it\/giochi-pc\/\" target=\"_blank\" rel=\"noopener\">GIOCHI PER PC<\/a><\/p>\n","protected":false},"excerpt":{"rendered":"<article class=\"text-token-text-primary w-full focus:outline-none scroll-mt-[calc(var(--header-height)+min(200px,max(70px,20svh)))]\" dir=\"auto\" tabindex=\"-1\" data-turn-id=\"825f8558-9f2b-458c-ad9a-5b51e35369c8\" data-testid=\"conversation-turn-286\" data-scroll-anchor=\"true\" data-turn=\"assistant\">\n<div class=\"text-base my-auto mx-auto pb-10 [--thread-content-margin:--spacing(4)] thread-sm:[--thread-content-margin:--spacing(6)] thread-lg:[--thread-content-margin:--spacing(16)] px-(--thread-content-margin)\">\n<div class=\"[--thread-content-max-width:40rem] thread-lg:[--thread-content-max-width:48rem] mx-auto max-w-(--thread-content-max-width) flex-1 group\/turn-messages focus-visible:outline-hidden relative flex w-full min-w-0 flex-col agent-turn\" tabindex=\"-1\">\n<div class=\"flex max-w-full flex-col grow\">\n<div class=\"min-h-8 text-message relative flex w-full flex-col items-end gap-2 text-start break-words whitespace-normal [.text-message+&amp;]:mt-5\" dir=\"auto\" data-message-author-role=\"assistant\" data-message-id=\"2928a0af-c8b9-4771-8af5-a56ec1451607\" data-message-model-slug=\"gpt-5\">\n<div class=\"flex w-full flex-col gap-1 empty:hidden first:pt-[3px]\">\n<div class=\"markdown prose dark:prose-invert w-full break-words dark markdown-new-styling\">\n<article class=\"text-token-text-primary w-full focus:outline-none scroll-mt-[calc(var(--header-height)+min(200px,max(70px,20svh)))]\" dir=\"auto\" tabindex=\"-1\" data-turn-id=\"4853738f-41d9-4361-acbd-da104adcb5f6\" data-testid=\"conversation-turn-288\" data-scroll-anchor=\"true\" data-turn=\"assistant\">\n<div class=\"text-base my-auto mx-auto pb-10 [--thread-content-margin:--spacing(4)] thread-sm:[--thread-content-margin:--spacing(6)] thread-lg:[--thread-content-margin:--spacing(16)] px-(--thread-content-margin)\">\n<div class=\"[--thread-content-max-width:40rem] thread-lg:[--thread-content-max-width:48rem] mx-auto max-w-(--thread-content-max-width) flex-1 group\/turn-messages focus-visible:outline-hidden relative flex w-full min-w-0 flex-col agent-turn\" tabindex=\"-1\">\n<div class=\"flex max-w-full flex-col grow\">\n<div class=\"min-h-8 text-message relative flex w-full flex-col items-end gap-2 text-start break-words whitespace-normal [.text-message+&amp;]:mt-5\" dir=\"auto\" data-message-author-role=\"assistant\" data-message-id=\"5f2e51b3-f20e-438b-8196-6d76021c77fc\" data-message-model-slug=\"gpt-5\">\n<div class=\"flex w-full flex-col gap-1 empty:hidden first:pt-[3px]\">\n<div class=\"markdown prose dark:prose-invert w-full break-words dark markdown-new-styling\">\n<p data-start=\"3193\" data-end=\"3321\">Fai scelte che plasmano le nazioni in <em data-start=\"3253\" data-end=\"3272\">TRIANGLE STRATEGY<\/em>, un RPG tattico di guerra, onore e convinzione.<\/p>\n<\/div>\n<\/div>\n<\/div>\n<\/div>\n<\/div>\n<\/div>\n<\/article>\n<\/div>\n<\/div>\n<\/div>\n<\/div>\n<\/div>\n<\/div>\n<\/article>\n<p><img decoding=\"async\" class=\"alignnone wp-image-3526\" src=\"https:\/\/orkza.com\/wp-content\/uploads\/2024\/10\/Steam-Account-Notice-min-300x300.png\" alt=\"\" width=\"41\" height=\"41\" srcset=\"https:\/\/orkza.com\/wp-content\/uploads\/2024\/10\/Steam-Account-Notice-min-300x300.png 300w, https:\/\/orkza.com\/wp-content\/uploads\/2024\/10\/Steam-Account-Notice-min-scaled-430x430.png 430w, https:\/\/orkza.com\/wp-content\/uploads\/2024\/10\/Steam-Account-Notice-min-150x150.png 150w, https:\/\/orkza.com\/wp-content\/uploads\/2024\/10\/Steam-Account-Notice-min-scaled-700x700.png 700w, https:\/\/orkza.com\/wp-content\/uploads\/2024\/10\/Steam-Account-Notice-min-800x800.png 800w, https:\/\/orkza.com\/wp-content\/uploads\/2024\/10\/Steam-Account-Notice-min-768x768.png 768w, https:\/\/orkza.com\/wp-content\/uploads\/2024\/10\/Steam-Account-Notice-min-1536x1536.png 1536w, https:\/\/orkza.com\/wp-content\/uploads\/2024\/10\/Steam-Account-Notice-min-2048x2048.png 2048w\" sizes=\"(max-width: 41px) 100vw, 41px\" \/><strong>Nota: I dati dell&#8217;account non possono essere modificati. Questo \u00e8 un Account Steam con Accesso a Vita solo per il gioco offline <\/strong><\/p>\n","protected":false},"featured_media":14118,"comment_status":"open","ping_status":"closed","template":"","meta":[],"product_brand":[],"product_cat":[145],"product_tag":[173],"class_list":{"0":"post-13908","1":"product","2":"type-product","3":"status-publish","4":"has-post-thumbnail","6":"product_cat-rpg","7":"product_tag-steam-it","9":"first","10":"instock","11":"sale","12":"virtual","13":"purchasable","14":"product-type-simple"},"_links":{"self":[{"href":"https:\/\/orkza.com\/it\/wp-json\/wp\/v2\/product\/13908","targetHints":{"allow":["GET"]}}],"collection":[{"href":"https:\/\/orkza.com\/it\/wp-json\/wp\/v2\/product"}],"about":[{"href":"https:\/\/orkza.com\/it\/wp-json\/wp\/v2\/types\/product"}],"replies":[{"embeddable":true,"href":"https:\/\/orkza.com\/it\/wp-json\/wp\/v2\/comments?post=13908"}],"version-history":[{"count":3,"href":"https:\/\/orkza.com\/it\/wp-json\/wp\/v2\/product\/13908\/revisions"}],"predecessor-version":[{"id":16306,"href":"https:\/\/orkza.com\/it\/wp-json\/wp\/v2\/product\/13908\/revisions\/16306"}],"wp:featuredmedia":[{"embeddable":true,"href":"https:\/\/orkza.com\/it\/wp-json\/wp\/v2\/media\/14118"}],"wp:attachment":[{"href":"https:\/\/orkza.com\/it\/wp-json\/wp\/v2\/media?parent=13908"}],"wp:term":[{"taxonomy":"product_brand","embeddable":true,"href":"https:\/\/orkza.com\/it\/wp-json\/wp\/v2\/product_brand?post=13908"},{"taxonomy":"product_cat","embeddable":true,"href":"https:\/\/orkza.com\/it\/wp-json\/wp\/v2\/product_cat?post=13908"},{"taxonomy":"product_tag","embeddable":true,"href":"https:\/\/orkza.com\/it\/wp-json\/wp\/v2\/product_tag?post=13908"}],"curies":[{"name":"wp","href":"https:\/\/api.w.org\/{rel}","templated":true}]}}