{"id":13904,"date":"2025-11-07T05:37:11","date_gmt":"2025-11-07T05:37:11","guid":{"rendered":"https:\/\/orkza.com\/?post_type=product&#038;p=13904"},"modified":"2026-02-26T05:35:43","modified_gmt":"2026-02-26T05:35:43","slug":"gunner-heat-pc-steam-account","status":"publish","type":"product","link":"https:\/\/orkza.com\/it\/prodotto\/gunner-heat-pc-steam-account\/","title":{"rendered":"Gunner, HEAT, PC! Account Steam"},"content":{"rendered":"<h2 data-start=\"3597\" data-end=\"3986\"><strong data-start=\"3597\" data-end=\"3618\">Gunner, HEAT, PC!<\/strong><\/h2>\n<p data-start=\"3597\" data-end=\"3986\">Immergiti nel realismo della guerra tra carri armati con <em data-start=\"3667\" data-end=\"3748\"><a class=\"decorated-link\" href=\"https:\/\/store.steampowered.com\/app\/1705180\/Gunner_HEAT_PC\/\" target=\"_new\" rel=\"noopener\" data-start=\"3668\" data-end=\"3747\">Gunner, HEAT, PC!<\/a><\/em> \u2014 un simulatore di combattimento tra carri armati di nuova generazione che fonde l&#8217;autenticit\u00e0 con un&#8217;intensa azione sul campo di battaglia. Progettato da veri appassionati militari, cattura la vera essenza del moderno combattimento corazzato senza sacrificare il divertimento e l&#8217;accessibilit\u00e0.<\/p>\n<p data-start=\"3988\" data-end=\"4351\">Prendi il controllo di carri armati dell&#8217;era della Guerra Fredda e moderni, combattendo attraverso campi di battaglia realistici pieni di terreno distruttibile e condizioni meteorologiche dinamiche. Ogni proiettile sparato, colpo di armatura e manovra \u00e8 modellato con fisica di precisione. Che tu stia comandando un plotone o operando da solo, <em data-start=\"4261\" data-end=\"4280\">Gunner, HEAT, PC!<\/em> offre scontri profondamente tattici che premiano l&#8217;abilit\u00e0 e il lavoro di squadra.<\/p>\n<p data-start=\"4353\" data-end=\"4693\">La balistica di livello simulativo del gioco, la modellazione dei danni ai veicoli e il comportamento dell&#8217;IA rendono ogni battaglia imprevedibile ed emozionante. Dagli M60 e T-72 ai veicoli di supporto alla fanteria, ogni unit\u00e0 risulta distinta e autentica. Le modalit\u00e0 multiplayer e single-player presentano entrambe operazioni su larga scala che mettono alla prova il tuo coordinamento tattico sotto il fuoco.<\/p>\n<p data-start=\"4695\" data-end=\"4957\">L&#8217;attenzione del team di sviluppo al realismo garantisce che anche i piccoli dettagli \u2014 come l&#8217;imaging termico, il telemetro e la modellazione della penetrazione \u2014 si comportino come farebbero nella vita reale. Questo \u00e8 pi\u00f9 di un semplice gioco di carri armati; \u00e8 un&#8217;esperienza costruita per i veri appassionati di armature.<\/p>\n<p data-start=\"4959\" data-end=\"5004\"><strong data-start=\"4959\" data-end=\"4987\">Requisiti di sistema (PC)<\/strong><br data-start=\"4987\" data-end=\"4990\" \/><strong data-start=\"4990\" data-end=\"5002\">minimi:<\/strong><\/p>\n<ul data-start=\"5005\" data-end=\"5178\">\n<li data-start=\"5005\" data-end=\"5032\">\n<p data-start=\"5007\" data-end=\"5032\">Sistema Operativo: Windows 10 (64-bit)<\/p>\n<\/li>\n<li data-start=\"5033\" data-end=\"5080\">\n<p data-start=\"5035\" data-end=\"5080\">Processore: Intel Core i5 3GHz \/ AMD FX-6300<\/p>\n<\/li>\n<li data-start=\"5081\" data-end=\"5101\">\n<p data-start=\"5083\" data-end=\"5101\">Memoria: 8 GB RAM<\/p>\n<\/li>\n<li data-start=\"5102\" data-end=\"5143\">\n<p data-start=\"5104\" data-end=\"5143\">Scheda grafica: NVIDIA GTX 970 \/ AMD RX 570<\/p>\n<\/li>\n<li data-start=\"5144\" data-end=\"5178\">\n<p data-start=\"5146\" data-end=\"5178\">Memoria: 10 GB di spazio disponibile<\/p>\n<\/li>\n<\/ul>\n<p data-start=\"5180\" data-end=\"5198\"><strong data-start=\"5180\" data-end=\"5196\">Consigliati:<\/strong><\/p>\n<ul data-start=\"5199\" data-end=\"5375\">\n<li data-start=\"5199\" data-end=\"5231\">\n<p data-start=\"5201\" data-end=\"5231\">Sistema operativo: Windows 10 \/ 11 (64 bit)<\/p>\n<\/li>\n<li data-start=\"5232\" data-end=\"5274\">\n<p data-start=\"5234\" data-end=\"5274\">Processore: Intel Core i7 \/ AMD Ryzen 7<\/p>\n<\/li>\n<li data-start=\"5275\" data-end=\"5296\">\n<p data-start=\"5277\" data-end=\"5296\">Memoria: 16 GB RAM<\/p>\n<\/li>\n<li data-start=\"5297\" data-end=\"5340\">\n<p data-start=\"5299\" data-end=\"5340\">Grafica: NVIDIA GTX 1080 \/ AMD RX 6800<\/p>\n<\/li>\n<li data-start=\"5341\" data-end=\"5375\">\n<p data-start=\"5343\" data-end=\"5375\">Memoria: 10 GB di spazio disponibile<\/p>\n<\/li>\n<\/ul>\n<h3>Come utilizzare il tuo account Steam di Gunner, HEAT, PC!<\/h3>\n<p><img decoding=\"async\" class=\"alignnone wp-image-3511\" src=\"https:\/\/orkza.com\/wp-content\/uploads\/2024\/10\/STEAM-ACTIVATION-GUIDE-400x225.jpg\" alt=\"\" width=\"804\" height=\"453\" title=\"\" srcset=\"https:\/\/orkza.com\/wp-content\/uploads\/2024\/10\/STEAM-ACTIVATION-GUIDE-400x225.jpg 400w, https:\/\/orkza.com\/wp-content\/uploads\/2024\/10\/STEAM-ACTIVATION-GUIDE-430x242.jpg 430w, https:\/\/orkza.com\/wp-content\/uploads\/2024\/10\/STEAM-ACTIVATION-GUIDE-150x84.jpg 150w, https:\/\/orkza.com\/wp-content\/uploads\/2024\/10\/STEAM-ACTIVATION-GUIDE-700x394.jpg 700w, https:\/\/orkza.com\/wp-content\/uploads\/2024\/10\/STEAM-ACTIVATION-GUIDE-768x432.jpg 768w, https:\/\/orkza.com\/wp-content\/uploads\/2024\/10\/STEAM-ACTIVATION-GUIDE.jpg 1280w\" sizes=\"(max-width: 804px) 100vw, 804px\" \/><\/p>\n<p>Dopo l&#8217;acquisto, accedi all&#8217;account Steam fornito sul tuo PC. Una volta loggato, vai alla tua libreria, installa il gioco e clicca sul pulsante play. Dopo qualche minuto, esci dal gioco e passa Steam alla modalit\u00e0 offline, e sei pronto per tuffarti in ore di gameplay emozionante!<\/p>\n<p>Per un processo di configurazione completo, consulta la nostra <a href=\"https:\/\/orkza.com\/it\/steam-account-activation-guide\/\" target=\"_blank\" rel=\"noopener\">Guida all&#8217;Attivazione dell&#8217;Account Steam<\/a><\/p>\n<p>Esplora i nostri nuovi <a href=\"https:\/\/orkza.com\/it\/giochi-pc\/\" target=\"_blank\" rel=\"noopener\">GIOCHI PER PC<\/a><\/p>\n","protected":false},"excerpt":{"rendered":"<article class=\"text-token-text-primary w-full focus:outline-none scroll-mt-[calc(var(--header-height)+min(200px,max(70px,20svh)))]\" dir=\"auto\" tabindex=\"-1\" data-turn-id=\"825f8558-9f2b-458c-ad9a-5b51e35369c8\" data-testid=\"conversation-turn-286\" data-scroll-anchor=\"true\" data-turn=\"assistant\">\n<div class=\"text-base my-auto mx-auto pb-10 [--thread-content-margin:--spacing(4)] thread-sm:[--thread-content-margin:--spacing(6)] thread-lg:[--thread-content-margin:--spacing(16)] px-(--thread-content-margin)\">\n<div class=\"[--thread-content-max-width:40rem] thread-lg:[--thread-content-max-width:48rem] mx-auto max-w-(--thread-content-max-width) flex-1 group\/turn-messages focus-visible:outline-hidden relative flex w-full min-w-0 flex-col agent-turn\" tabindex=\"-1\">\n<div class=\"flex max-w-full flex-col grow\">\n<div class=\"min-h-8 text-message relative flex w-full flex-col items-end gap-2 text-start break-words whitespace-normal [.text-message+&amp;]:mt-5\" dir=\"auto\" data-message-author-role=\"assistant\" data-message-id=\"2928a0af-c8b9-4771-8af5-a56ec1451607\" data-message-model-slug=\"gpt-5\">\n<div class=\"flex w-full flex-col gap-1 empty:hidden first:pt-[3px]\">\n<div class=\"markdown prose dark:prose-invert w-full break-words dark markdown-new-styling\">\n<article class=\"text-token-text-primary w-full focus:outline-none scroll-mt-[calc(var(--header-height)+min(200px,max(70px,20svh)))]\" dir=\"auto\" tabindex=\"-1\" data-turn-id=\"4853738f-41d9-4361-acbd-da104adcb5f6\" data-testid=\"conversation-turn-288\" data-scroll-anchor=\"true\" data-turn=\"assistant\">\n<div class=\"text-base my-auto mx-auto pb-10 [--thread-content-margin:--spacing(4)] thread-sm:[--thread-content-margin:--spacing(6)] thread-lg:[--thread-content-margin:--spacing(16)] px-(--thread-content-margin)\">\n<div class=\"[--thread-content-max-width:40rem] thread-lg:[--thread-content-max-width:48rem] mx-auto max-w-(--thread-content-max-width) flex-1 group\/turn-messages focus-visible:outline-hidden relative flex w-full min-w-0 flex-col agent-turn\" tabindex=\"-1\">\n<div class=\"flex max-w-full flex-col grow\">\n<div class=\"min-h-8 text-message relative flex w-full flex-col items-end gap-2 text-start break-words whitespace-normal [.text-message+&amp;]:mt-5\" dir=\"auto\" data-message-author-role=\"assistant\" data-message-id=\"5f2e51b3-f20e-438b-8196-6d76021c77fc\" data-message-model-slug=\"gpt-5\">\n<div class=\"flex w-full flex-col gap-1 empty:hidden first:pt-[3px]\">\n<div class=\"markdown prose dark:prose-invert w-full break-words dark markdown-new-styling\">\n<article class=\"text-token-text-primary w-full focus:outline-none [--shadow-height:45px] has-data-writing-block:pointer-events-none has-data-writing-block:-mt-(--shadow-height) has-data-writing-block:pt-(--shadow-height) [&amp;:has([data-writing-block])&gt;*]:pointer-events-auto [content-visibility:auto] supports-[content-visibility:auto]:[contain-intrinsic-size:auto_100lvh] scroll-mt-[calc(var(--header-height)+min(200px,max(70px,20svh)))]\" dir=\"auto\" tabindex=\"-1\" data-turn-id=\"33b8c56b-6245-48a4-a508-a112e9023cd3\" data-testid=\"conversation-turn-318\" data-scroll-anchor=\"false\" data-turn=\"assistant\">\n<div class=\"text-base my-auto mx-auto [--thread-content-margin:--spacing(4)] thread-sm:[--thread-content-margin:--spacing(6)] thread-lg:[--thread-content-margin:--spacing(16)] px-(--thread-content-margin)\">\n<div class=\"[--thread-content-max-width:40rem] thread-lg:[--thread-content-max-width:48rem] mx-auto max-w-(--thread-content-max-width) flex-1 group\/turn-messages focus-visible:outline-hidden relative flex w-full min-w-0 flex-col agent-turn\" tabindex=\"-1\">\n<div class=\"flex max-w-full flex-col grow\">\n<div class=\"min-h-8 text-message relative flex w-full flex-col items-end gap-2 text-start break-words whitespace-normal [.text-message+&amp;]:mt-1\" dir=\"auto\" data-message-author-role=\"assistant\" data-message-id=\"33b8c56b-6245-48a4-a508-a112e9023cd3\" data-message-model-slug=\"gpt-5\">\n<div class=\"flex w-full flex-col gap-1 empty:hidden first:pt-[1px]\">\n<div class=\"markdown prose dark:prose-invert w-full break-words dark markdown-new-styling\">\n<p data-start=\"5377\" data-end=\"5526\" data-is-last-node=\"\" data-is-only-node=\"\">Comanda carri armati della Guerra Fredda in <em data-start=\"5428\" data-end=\"5447\">Gunner, HEAT, PC!<\/em> \u2014 un simulatore di guerra corazzata iper-realistico creato per i veri appassionati di carri armati.<\/p>\n<\/div>\n<\/div>\n<\/div>\n<\/div>\n<\/div>\n<\/div>\n<\/article>\n<\/div>\n<\/div>\n<\/div>\n<\/div>\n<\/div>\n<\/div>\n<\/article>\n<\/div>\n<\/div>\n<\/div>\n<\/div>\n<\/div>\n<\/div>\n<\/article>\n<p><img decoding=\"async\" class=\"alignnone wp-image-3526\" src=\"https:\/\/orkza.com\/wp-content\/uploads\/2024\/10\/Steam-Account-Notice-min-300x300.png\" alt=\"\" width=\"41\" height=\"41\" srcset=\"https:\/\/orkza.com\/wp-content\/uploads\/2024\/10\/Steam-Account-Notice-min-300x300.png 300w, https:\/\/orkza.com\/wp-content\/uploads\/2024\/10\/Steam-Account-Notice-min-scaled-430x430.png 430w, https:\/\/orkza.com\/wp-content\/uploads\/2024\/10\/Steam-Account-Notice-min-150x150.png 150w, https:\/\/orkza.com\/wp-content\/uploads\/2024\/10\/Steam-Account-Notice-min-scaled-700x700.png 700w, https:\/\/orkza.com\/wp-content\/uploads\/2024\/10\/Steam-Account-Notice-min-800x800.png 800w, https:\/\/orkza.com\/wp-content\/uploads\/2024\/10\/Steam-Account-Notice-min-768x768.png 768w, https:\/\/orkza.com\/wp-content\/uploads\/2024\/10\/Steam-Account-Notice-min-1536x1536.png 1536w, https:\/\/orkza.com\/wp-content\/uploads\/2024\/10\/Steam-Account-Notice-min-2048x2048.png 2048w\" sizes=\"(max-width: 41px) 100vw, 41px\" \/><strong>Nota: I dati dell&#8217;account non possono essere modificati. Questo \u00e8 un Account Steam con Accesso a Vita solo per il gioco offline <\/strong><\/p>\n","protected":false},"featured_media":14107,"comment_status":"open","ping_status":"closed","template":"","meta":[],"product_brand":[],"product_cat":[147],"product_tag":[173],"class_list":{"0":"post-13904","1":"product","2":"type-product","3":"status-publish","4":"has-post-thumbnail","6":"product_cat-simulazione","7":"product_tag-steam-it","9":"first","10":"instock","11":"sale","12":"virtual","13":"purchasable","14":"product-type-simple"},"_links":{"self":[{"href":"https:\/\/orkza.com\/it\/wp-json\/wp\/v2\/product\/13904","targetHints":{"allow":["GET"]}}],"collection":[{"href":"https:\/\/orkza.com\/it\/wp-json\/wp\/v2\/product"}],"about":[{"href":"https:\/\/orkza.com\/it\/wp-json\/wp\/v2\/types\/product"}],"replies":[{"embeddable":true,"href":"https:\/\/orkza.com\/it\/wp-json\/wp\/v2\/comments?post=13904"}],"version-history":[{"count":3,"href":"https:\/\/orkza.com\/it\/wp-json\/wp\/v2\/product\/13904\/revisions"}],"predecessor-version":[{"id":16304,"href":"https:\/\/orkza.com\/it\/wp-json\/wp\/v2\/product\/13904\/revisions\/16304"}],"wp:featuredmedia":[{"embeddable":true,"href":"https:\/\/orkza.com\/it\/wp-json\/wp\/v2\/media\/14107"}],"wp:attachment":[{"href":"https:\/\/orkza.com\/it\/wp-json\/wp\/v2\/media?parent=13904"}],"wp:term":[{"taxonomy":"product_brand","embeddable":true,"href":"https:\/\/orkza.com\/it\/wp-json\/wp\/v2\/product_brand?post=13904"},{"taxonomy":"product_cat","embeddable":true,"href":"https:\/\/orkza.com\/it\/wp-json\/wp\/v2\/product_cat?post=13904"},{"taxonomy":"product_tag","embeddable":true,"href":"https:\/\/orkza.com\/it\/wp-json\/wp\/v2\/product_tag?post=13904"}],"curies":[{"name":"wp","href":"https:\/\/api.w.org\/{rel}","templated":true}]}}