{"id":13894,"date":"2025-11-07T05:37:05","date_gmt":"2025-11-07T05:37:05","guid":{"rendered":"https:\/\/orkza.com\/?post_type=product&#038;p=13894"},"modified":"2026-02-26T05:35:02","modified_gmt":"2026-02-26T05:35:02","slug":"ultimate-admiral-dreadnoughts-steam-account","status":"publish","type":"product","link":"https:\/\/orkza.com\/it\/prodotto\/ultimate-admiral-dreadnoughts-steam-account\/","title":{"rendered":"Account Steam di Ultimate Admiral Dreadnoughts"},"content":{"rendered":"<h2 data-start=\"0\" data-end=\"540\"><strong data-start=\"0\" data-end=\"34\">Ultimate Admiral: Dreadnoughts<\/strong><\/h2>\n<p data-start=\"0\" data-end=\"540\">Prendi il comando della storia navale in <em data-start=\"70\" data-end=\"179\"><a class=\"decorated-link\" href=\"https:\/\/store.steampowered.com\/app\/1069660\/Ultimate_Admiral_Dreadnoughts\/\" target=\"_new\" rel=\"noopener\" data-start=\"71\" data-end=\"178\">Ultimate Admiral: Dreadnoughts<\/a><\/em> \u2014 un dettagliato gioco di strategia navale che ti mette al comando della progettazione, del comando e della guida di imponenti navi da guerra dall&#8217;era pre-dreadnought fino alla Seconda Guerra Mondiale. Ogni aspetto della tua flotta, dalle dimensioni dello scafo alla disposizione dell&#8217;armatura e all&#8217;armamento, \u00e8 sotto il tuo controllo. Questo non \u00e8 solo un gioco di combattimento navale; \u00e8 una simulazione realistica dell&#8217;et\u00e0 d&#8217;oro delle corazzate.<\/p>\n<p data-start=\"542\" data-end=\"968\">Come ammiraglio, devi bilanciare tecnologia, potenza di fuoco e strategia. Progetta le tue navi con strumenti di personalizzazione avanzati che consentono migliaia di combinazioni. In battaglia, la precisione tattica e la conoscenza della guerra navale determinano la vittoria o la sconfitta. Guarda i tuoi progetti prendere vita mentre si impegnano in un combattimento navale realistico basato sulla fisica, completo di balistica dettagliata, penetrazione dell&#8217;armatura e sistemi di danno alle navi.<\/p>\n<p data-start=\"970\" data-end=\"1382\">La modalit\u00e0 campagna dinamica ti permette di gestire la marina, l&#8217;economia, la diplomazia e lo sviluppo militare di un impero. Competi contro flotte storicamente ispirate, adattati a nuove tecnologie e riscrivi la storia navale attraverso la tua leadership. Con elementi visivi cinematografici, un comportamento IA profondo e sfide tattiche in evoluzione, <em data-start=\"1276\" data-end=\"1308\">Ultimate Admiral: Dreadnoughts<\/em> offre un&#8217;esperienza coinvolgente sia per gli appassionati di strategia che di simulazione.<\/p>\n<p data-start=\"1384\" data-end=\"1429\"><strong data-start=\"1384\" data-end=\"1412\">Requisiti di sistema (PC)<\/strong><br data-start=\"1412\" data-end=\"1415\" \/><strong data-start=\"1415\" data-end=\"1427\">minimi:<\/strong><\/p>\n<ul data-start=\"1430\" data-end=\"1619\">\n<li data-start=\"1430\" data-end=\"1465\">\n<p data-start=\"1432\" data-end=\"1465\">Sistema operativo: Windows 7 o successivi (64-bit)<\/p>\n<\/li>\n<li data-start=\"1466\" data-end=\"1513\">\n<p data-start=\"1468\" data-end=\"1513\">Processore: Intel Core i5 3GHz o equivalente<\/p>\n<\/li>\n<li data-start=\"1514\" data-end=\"1534\">\n<p data-start=\"1516\" data-end=\"1534\">Memoria: 8 GB RAM<\/p>\n<\/li>\n<li data-start=\"1535\" data-end=\"1584\">\n<p data-start=\"1537\" data-end=\"1584\">Scheda video: NVIDIA GTX 660 \/ AMD Radeon HD 7870<\/p>\n<\/li>\n<li data-start=\"1585\" data-end=\"1619\">\n<p data-start=\"1587\" data-end=\"1619\">Memoria: 10 GB di spazio disponibile<\/p>\n<\/li>\n<\/ul>\n<p data-start=\"1621\" data-end=\"1639\"><strong data-start=\"1621\" data-end=\"1637\">Consigliati:<\/strong><\/p>\n<ul data-start=\"1640\" data-end=\"1810\">\n<li data-start=\"1640\" data-end=\"1667\">\n<p data-start=\"1642\" data-end=\"1667\">Sistema Operativo: Windows 10 (64-bit)<\/p>\n<\/li>\n<li data-start=\"1668\" data-end=\"1710\">\n<p data-start=\"1670\" data-end=\"1710\">Processore: Intel Core i7 \/ AMD Ryzen 5<\/p>\n<\/li>\n<li data-start=\"1711\" data-end=\"1732\">\n<p data-start=\"1713\" data-end=\"1732\">Memoria: 16 GB RAM<\/p>\n<\/li>\n<li data-start=\"1733\" data-end=\"1775\">\n<p data-start=\"1735\" data-end=\"1775\">Scheda Grafica: NVIDIA GTX 1060 \/ AMD RX 580<\/p>\n<\/li>\n<li data-start=\"1776\" data-end=\"1810\">\n<p data-start=\"1778\" data-end=\"1810\">Memoria: 10 GB di spazio disponibile<\/p>\n<\/li>\n<\/ul>\n<h3>Come usare il tuo account Steam di Ultimate Admiral Dreadnoughts<\/h3>\n<p><img decoding=\"async\" class=\"alignnone wp-image-3511\" src=\"https:\/\/orkza.com\/wp-content\/uploads\/2024\/10\/STEAM-ACTIVATION-GUIDE-400x225.jpg\" alt=\"\" width=\"804\" height=\"453\" title=\"\" srcset=\"https:\/\/orkza.com\/wp-content\/uploads\/2024\/10\/STEAM-ACTIVATION-GUIDE-400x225.jpg 400w, https:\/\/orkza.com\/wp-content\/uploads\/2024\/10\/STEAM-ACTIVATION-GUIDE-430x242.jpg 430w, https:\/\/orkza.com\/wp-content\/uploads\/2024\/10\/STEAM-ACTIVATION-GUIDE-150x84.jpg 150w, https:\/\/orkza.com\/wp-content\/uploads\/2024\/10\/STEAM-ACTIVATION-GUIDE-700x394.jpg 700w, https:\/\/orkza.com\/wp-content\/uploads\/2024\/10\/STEAM-ACTIVATION-GUIDE-768x432.jpg 768w, https:\/\/orkza.com\/wp-content\/uploads\/2024\/10\/STEAM-ACTIVATION-GUIDE.jpg 1280w\" sizes=\"(max-width: 804px) 100vw, 804px\" \/><\/p>\n<p>Dopo l&#8217;acquisto, accedi all&#8217;account Steam fornito sul tuo PC. Una volta loggato, vai alla tua libreria, installa il gioco e clicca sul pulsante play. Dopo qualche minuto, esci dal gioco e passa Steam alla modalit\u00e0 offline, e sei pronto per tuffarti in ore di gameplay emozionante!<\/p>\n<p>Per un processo di configurazione completo, consulta la nostra <a href=\"https:\/\/orkza.com\/it\/steam-account-activation-guide\/\" target=\"_blank\" rel=\"noopener\">Guida all&#8217;Attivazione dell&#8217;Account Steam<\/a><\/p>\n<p>Esplora i nostri nuovi <a href=\"https:\/\/orkza.com\/it\/giochi-pc\/\" target=\"_blank\" rel=\"noopener\">GIOCHI PER PC<\/a><\/p>\n","protected":false},"excerpt":{"rendered":"<article class=\"text-token-text-primary w-full focus:outline-none scroll-mt-[calc(var(--header-height)+min(200px,max(70px,20svh)))]\" dir=\"auto\" tabindex=\"-1\" data-turn-id=\"825f8558-9f2b-458c-ad9a-5b51e35369c8\" data-testid=\"conversation-turn-286\" data-scroll-anchor=\"true\" data-turn=\"assistant\">\n<div class=\"text-base my-auto mx-auto pb-10 [--thread-content-margin:--spacing(4)] thread-sm:[--thread-content-margin:--spacing(6)] thread-lg:[--thread-content-margin:--spacing(16)] px-(--thread-content-margin)\">\n<div class=\"[--thread-content-max-width:40rem] thread-lg:[--thread-content-max-width:48rem] mx-auto max-w-(--thread-content-max-width) flex-1 group\/turn-messages focus-visible:outline-hidden relative flex w-full min-w-0 flex-col agent-turn\" tabindex=\"-1\">\n<div class=\"flex max-w-full flex-col grow\">\n<div class=\"min-h-8 text-message relative flex w-full flex-col items-end gap-2 text-start break-words whitespace-normal [.text-message+&amp;]:mt-5\" dir=\"auto\" data-message-author-role=\"assistant\" data-message-id=\"2928a0af-c8b9-4771-8af5-a56ec1451607\" data-message-model-slug=\"gpt-5\">\n<div class=\"flex w-full flex-col gap-1 empty:hidden first:pt-[3px]\">\n<div class=\"markdown prose dark:prose-invert w-full break-words dark markdown-new-styling\">\n<article class=\"text-token-text-primary w-full focus:outline-none scroll-mt-[calc(var(--header-height)+min(200px,max(70px,20svh)))]\" dir=\"auto\" tabindex=\"-1\" data-turn-id=\"4853738f-41d9-4361-acbd-da104adcb5f6\" data-testid=\"conversation-turn-288\" data-scroll-anchor=\"true\" data-turn=\"assistant\">\n<div class=\"text-base my-auto mx-auto pb-10 [--thread-content-margin:--spacing(4)] thread-sm:[--thread-content-margin:--spacing(6)] thread-lg:[--thread-content-margin:--spacing(16)] px-(--thread-content-margin)\">\n<div class=\"[--thread-content-max-width:40rem] thread-lg:[--thread-content-max-width:48rem] mx-auto max-w-(--thread-content-max-width) flex-1 group\/turn-messages focus-visible:outline-hidden relative flex w-full min-w-0 flex-col agent-turn\" tabindex=\"-1\">\n<div class=\"flex max-w-full flex-col grow\">\n<div class=\"min-h-8 text-message relative flex w-full flex-col items-end gap-2 text-start break-words whitespace-normal [.text-message+&amp;]:mt-5\" dir=\"auto\" data-message-author-role=\"assistant\" data-message-id=\"5f2e51b3-f20e-438b-8196-6d76021c77fc\" data-message-model-slug=\"gpt-5\">\n<div class=\"flex w-full flex-col gap-1 empty:hidden first:pt-[3px]\">\n<div class=\"markdown prose dark:prose-invert w-full break-words dark markdown-new-styling\">\n<p data-start=\"1812\" data-end=\"1952\">Progetta e comanda potenti navi da guerra in <em data-start=\"1877\" data-end=\"1909\">Ultimate Admiral: Dreadnoughts<\/em>, la simulazione definitiva di strategia navale.<\/p>\n<\/div>\n<\/div>\n<\/div>\n<\/div>\n<\/div>\n<\/div>\n<\/article>\n<\/div>\n<\/div>\n<\/div>\n<\/div>\n<\/div>\n<\/div>\n<\/article>\n<p><img decoding=\"async\" class=\"alignnone wp-image-3526\" src=\"https:\/\/orkza.com\/wp-content\/uploads\/2024\/10\/Steam-Account-Notice-min-300x300.png\" alt=\"\" width=\"41\" height=\"41\" srcset=\"https:\/\/orkza.com\/wp-content\/uploads\/2024\/10\/Steam-Account-Notice-min-300x300.png 300w, https:\/\/orkza.com\/wp-content\/uploads\/2024\/10\/Steam-Account-Notice-min-scaled-430x430.png 430w, https:\/\/orkza.com\/wp-content\/uploads\/2024\/10\/Steam-Account-Notice-min-150x150.png 150w, https:\/\/orkza.com\/wp-content\/uploads\/2024\/10\/Steam-Account-Notice-min-scaled-700x700.png 700w, https:\/\/orkza.com\/wp-content\/uploads\/2024\/10\/Steam-Account-Notice-min-800x800.png 800w, https:\/\/orkza.com\/wp-content\/uploads\/2024\/10\/Steam-Account-Notice-min-768x768.png 768w, https:\/\/orkza.com\/wp-content\/uploads\/2024\/10\/Steam-Account-Notice-min-1536x1536.png 1536w, https:\/\/orkza.com\/wp-content\/uploads\/2024\/10\/Steam-Account-Notice-min-2048x2048.png 2048w\" sizes=\"(max-width: 41px) 100vw, 41px\" \/><strong>Nota: I dati dell&#8217;account non possono essere modificati. Questo \u00e8 un Account Steam con Accesso a Vita solo per il gioco offline <\/strong><\/p>\n","protected":false},"featured_media":14095,"comment_status":"open","ping_status":"closed","template":"","meta":[],"product_brand":[],"product_cat":[148],"product_tag":[173],"class_list":{"0":"post-13894","1":"product","2":"type-product","3":"status-publish","4":"has-post-thumbnail","6":"product_cat-strategia","7":"product_tag-steam-it","9":"first","10":"instock","11":"sale","12":"virtual","13":"purchasable","14":"product-type-simple"},"_links":{"self":[{"href":"https:\/\/orkza.com\/it\/wp-json\/wp\/v2\/product\/13894","targetHints":{"allow":["GET"]}}],"collection":[{"href":"https:\/\/orkza.com\/it\/wp-json\/wp\/v2\/product"}],"about":[{"href":"https:\/\/orkza.com\/it\/wp-json\/wp\/v2\/types\/product"}],"replies":[{"embeddable":true,"href":"https:\/\/orkza.com\/it\/wp-json\/wp\/v2\/comments?post=13894"}],"version-history":[{"count":3,"href":"https:\/\/orkza.com\/it\/wp-json\/wp\/v2\/product\/13894\/revisions"}],"predecessor-version":[{"id":16299,"href":"https:\/\/orkza.com\/it\/wp-json\/wp\/v2\/product\/13894\/revisions\/16299"}],"wp:featuredmedia":[{"embeddable":true,"href":"https:\/\/orkza.com\/it\/wp-json\/wp\/v2\/media\/14095"}],"wp:attachment":[{"href":"https:\/\/orkza.com\/it\/wp-json\/wp\/v2\/media?parent=13894"}],"wp:term":[{"taxonomy":"product_brand","embeddable":true,"href":"https:\/\/orkza.com\/it\/wp-json\/wp\/v2\/product_brand?post=13894"},{"taxonomy":"product_cat","embeddable":true,"href":"https:\/\/orkza.com\/it\/wp-json\/wp\/v2\/product_cat?post=13894"},{"taxonomy":"product_tag","embeddable":true,"href":"https:\/\/orkza.com\/it\/wp-json\/wp\/v2\/product_tag?post=13894"}],"curies":[{"name":"wp","href":"https:\/\/api.w.org\/{rel}","templated":true}]}}