{"id":13870,"date":"2025-11-07T05:36:47","date_gmt":"2025-11-07T05:36:47","guid":{"rendered":"https:\/\/orkza.com\/?post_type=product&#038;p=13870"},"modified":"2026-02-26T05:37:07","modified_gmt":"2026-02-26T05:37:07","slug":"visage-steam-account","status":"publish","type":"product","link":"https:\/\/orkza.com\/it\/prodotto\/visage-steam-account\/","title":{"rendered":"Account Steam di Visage"},"content":{"rendered":"<h2 data-start=\"5\" data-end=\"18\"><strong data-start=\"8\" data-end=\"18\">Visage<\/strong><\/h2>\n<p data-start=\"20\" data-end=\"453\"><strong data-start=\"20\" data-end=\"83\"><a class=\"decorated-link\" href=\"https:\/\/store.steampowered.com\/app\/594330\/Visage\/\" target=\"_new\" rel=\"noopener\" data-start=\"22\" data-end=\"81\">Visage<\/a><\/strong> \u00e8 un&#8217;esperienza horror psicologica diversa da qualsiasi altra, che immerge i giocatori in un ambiente realisticamente inquietante, pieno di mistero, terrore e tensione emotiva. Ambientato all&#8217;interno di una grande e spettrale casa con un passato tragico, Visage ti invita a scoprire gli oscuri segreti nascosti tra le sue mura, ma attenzione, ogni stanza custodisce una storia e ogni ombra nasconde qualcosa di sinistro.<\/p>\n<p data-start=\"455\" data-end=\"849\">Ispirato ai classici giochi horror e ai thriller psicologici, Visage si affida all&#8217;atmosfera, al ritmo e alla sottile tensione, invece che ai jump scare. I giocatori esplorano un ambiente in costante cambiamento, dove il tempo si distorce, le stanze si trasformano e la sanit\u00e0 mentale diventa fragile. La grafica realistica del gioco, l&#8217;inquietante sound design ambientale e la profonda narrazione creano un indimenticabile senso di paura e immersione.<\/p>\n<p data-start=\"851\" data-end=\"1091\">Devi raccogliere indizi, risolvere enigmi e scoprire il destino di coloro che un tempo vivevano nella casa. Ma pi\u00f9 a lungo rimani, pi\u00f9 l&#8217;oscurit\u00e0 cresce. Ogni decisione e scoperta ti avvicina alla verit\u00e0&#8230; e ai tuoi incubi.<\/p>\n<h3 data-start=\"1093\" data-end=\"1120\"><strong data-start=\"1097\" data-end=\"1120\">Requisiti di sistema<\/strong><\/h3>\n<p data-start=\"1121\" data-end=\"1135\"><strong data-start=\"1121\" data-end=\"1133\">Minimi:<\/strong><\/p>\n<ul data-start=\"1136\" data-end=\"1327\">\n<li data-start=\"1136\" data-end=\"1171\">\n<p data-start=\"1138\" data-end=\"1171\">OS: Windows 7 \/ 8 \/ 10 (64-bit)<\/p>\n<\/li>\n<li data-start=\"1172\" data-end=\"1214\">\n<p data-start=\"1174\" data-end=\"1214\">Processore: Intel Core i3 \/ AMD Ryzen 3<\/p>\n<\/li>\n<li data-start=\"1215\" data-end=\"1235\">\n<p data-start=\"1217\" data-end=\"1235\">Memoria: 6 GB RAM<\/p>\n<\/li>\n<li data-start=\"1236\" data-end=\"1292\">\n<p data-start=\"1238\" data-end=\"1292\">Grafica: NVIDIA GeForce GTX 950 \/ AMD Radeon R7 370<\/p>\n<\/li>\n<li data-start=\"1293\" data-end=\"1327\">\n<p data-start=\"1295\" data-end=\"1327\">Memoria: 10 GB di spazio disponibile<\/p>\n<\/li>\n<\/ul>\n<p data-start=\"1329\" data-end=\"1347\"><strong data-start=\"1329\" data-end=\"1345\">Consigliati:<\/strong><\/p>\n<ul data-start=\"1348\" data-end=\"1516\">\n<li data-start=\"1348\" data-end=\"1380\">\n<p data-start=\"1350\" data-end=\"1380\">Sistema operativo: Windows 10 \/ 11 (64 bit)<\/p>\n<\/li>\n<li data-start=\"1381\" data-end=\"1423\">\n<p data-start=\"1383\" data-end=\"1423\">Processore: Intel Core i7 \/ AMD Ryzen 7<\/p>\n<\/li>\n<li data-start=\"1424\" data-end=\"1444\">\n<p data-start=\"1426\" data-end=\"1444\">Memoria: 8 GB RAM<\/p>\n<\/li>\n<li data-start=\"1445\" data-end=\"1487\">\n<p data-start=\"1447\" data-end=\"1487\">Scheda Grafica: NVIDIA GTX 1060 \/ AMD RX 580<\/p>\n<\/li>\n<li data-start=\"1488\" data-end=\"1516\">\n<p data-start=\"1490\" data-end=\"1516\">Spazio di archiviazione: 10 GB di spazio SSD<\/p>\n<\/li>\n<\/ul>\n<p data-start=\"1518\" data-end=\"1713\">Visage cattura l&#8217;essenza del terrore psicologico: lento, intelligente ed emotivamente ossessionante. Ogni suono, ogni tremolio di luce ti fa dubitare di ci\u00f2 che \u00e8 reale e di ci\u00f2 che \u00e8 nella tua mente.<\/p>\n<h3>Come utilizzare il tuo account Steam di Visage<\/h3>\n<p><img decoding=\"async\" class=\"alignnone wp-image-3511\" src=\"https:\/\/orkza.com\/wp-content\/uploads\/2024\/10\/STEAM-ACTIVATION-GUIDE-400x225.jpg\" alt=\"\" width=\"804\" height=\"453\" title=\"\" srcset=\"https:\/\/orkza.com\/wp-content\/uploads\/2024\/10\/STEAM-ACTIVATION-GUIDE-400x225.jpg 400w, https:\/\/orkza.com\/wp-content\/uploads\/2024\/10\/STEAM-ACTIVATION-GUIDE-430x242.jpg 430w, https:\/\/orkza.com\/wp-content\/uploads\/2024\/10\/STEAM-ACTIVATION-GUIDE-150x84.jpg 150w, https:\/\/orkza.com\/wp-content\/uploads\/2024\/10\/STEAM-ACTIVATION-GUIDE-700x394.jpg 700w, https:\/\/orkza.com\/wp-content\/uploads\/2024\/10\/STEAM-ACTIVATION-GUIDE-768x432.jpg 768w, https:\/\/orkza.com\/wp-content\/uploads\/2024\/10\/STEAM-ACTIVATION-GUIDE.jpg 1280w\" sizes=\"(max-width: 804px) 100vw, 804px\" \/><\/p>\n<p>Dopo l&#8217;acquisto, accedi all&#8217;account Steam fornito sul tuo PC. Una volta loggato, vai alla tua libreria, installa il gioco e clicca sul pulsante play. Dopo qualche minuto, esci dal gioco e passa Steam alla modalit\u00e0 offline, e sei pronto per tuffarti in ore di gameplay emozionante!<\/p>\n<p>Per un processo di configurazione completo, consulta la nostra <a href=\"https:\/\/orkza.com\/it\/steam-account-activation-guide\/\" target=\"_blank\" rel=\"noopener\">Guida all&#8217;Attivazione dell&#8217;Account Steam<\/a><\/p>\n<p>Esplora i nostri nuovi <a href=\"https:\/\/orkza.com\/it\/giochi-pc\/\" target=\"_blank\" rel=\"noopener\">GIOCHI PER PC<\/a><\/p>\n","protected":false},"excerpt":{"rendered":"<article class=\"text-token-text-primary w-full focus:outline-none scroll-mt-[calc(var(--header-height)+min(200px,max(70px,20svh)))]\" dir=\"auto\" tabindex=\"-1\" data-turn-id=\"825f8558-9f2b-458c-ad9a-5b51e35369c8\" data-testid=\"conversation-turn-286\" data-scroll-anchor=\"true\" data-turn=\"assistant\">\n<div class=\"text-base my-auto mx-auto pb-10 [--thread-content-margin:--spacing(4)] thread-sm:[--thread-content-margin:--spacing(6)] thread-lg:[--thread-content-margin:--spacing(16)] px-(--thread-content-margin)\">\n<div class=\"[--thread-content-max-width:40rem] thread-lg:[--thread-content-max-width:48rem] mx-auto max-w-(--thread-content-max-width) flex-1 group\/turn-messages focus-visible:outline-hidden relative flex w-full min-w-0 flex-col agent-turn\" tabindex=\"-1\">\n<div class=\"flex max-w-full flex-col grow\">\n<div class=\"min-h-8 text-message relative flex w-full flex-col items-end gap-2 text-start break-words whitespace-normal [.text-message+&amp;]:mt-5\" dir=\"auto\" data-message-author-role=\"assistant\" data-message-id=\"2928a0af-c8b9-4771-8af5-a56ec1451607\" data-message-model-slug=\"gpt-5\">\n<div class=\"flex w-full flex-col gap-1 empty:hidden first:pt-[3px]\">\n<div class=\"markdown prose dark:prose-invert w-full break-words dark markdown-new-styling\">\n<article class=\"text-token-text-primary w-full focus:outline-none scroll-mt-[calc(var(--header-height)+min(200px,max(70px,20svh)))]\" dir=\"auto\" tabindex=\"-1\" data-turn-id=\"4853738f-41d9-4361-acbd-da104adcb5f6\" data-testid=\"conversation-turn-288\" data-scroll-anchor=\"true\" data-turn=\"assistant\">\n<div class=\"text-base my-auto mx-auto pb-10 [--thread-content-margin:--spacing(4)] thread-sm:[--thread-content-margin:--spacing(6)] thread-lg:[--thread-content-margin:--spacing(16)] px-(--thread-content-margin)\">\n<div class=\"[--thread-content-max-width:40rem] thread-lg:[--thread-content-max-width:48rem] mx-auto max-w-(--thread-content-max-width) flex-1 group\/turn-messages focus-visible:outline-hidden relative flex w-full min-w-0 flex-col agent-turn\" tabindex=\"-1\">\n<div class=\"flex max-w-full flex-col grow\">\n<div class=\"min-h-8 text-message relative flex w-full flex-col items-end gap-2 text-start break-words whitespace-normal [.text-message+&amp;]:mt-5\" dir=\"auto\" data-message-author-role=\"assistant\" data-message-id=\"5f2e51b3-f20e-438b-8196-6d76021c77fc\" data-message-model-slug=\"gpt-5\">\n<div class=\"flex w-full flex-col gap-1 empty:hidden first:pt-[3px]\">\n<div class=\"markdown prose dark:prose-invert w-full break-words dark markdown-new-styling\">\n<p data-start=\"1715\" data-end=\"1862\">Esplora una terrificante casa infestata e scopri i suoi oscuri segreti in questo agghiacciante horror psicologico.<\/p>\n<\/div>\n<\/div>\n<\/div>\n<\/div>\n<\/div>\n<\/div>\n<\/article>\n<\/div>\n<\/div>\n<\/div>\n<\/div>\n<\/div>\n<\/div>\n<\/article>\n<p><img decoding=\"async\" class=\"alignnone wp-image-3526\" src=\"https:\/\/orkza.com\/wp-content\/uploads\/2024\/10\/Steam-Account-Notice-min-300x300.png\" alt=\"\" width=\"41\" height=\"41\" srcset=\"https:\/\/orkza.com\/wp-content\/uploads\/2024\/10\/Steam-Account-Notice-min-300x300.png 300w, https:\/\/orkza.com\/wp-content\/uploads\/2024\/10\/Steam-Account-Notice-min-scaled-430x430.png 430w, https:\/\/orkza.com\/wp-content\/uploads\/2024\/10\/Steam-Account-Notice-min-150x150.png 150w, https:\/\/orkza.com\/wp-content\/uploads\/2024\/10\/Steam-Account-Notice-min-scaled-700x700.png 700w, https:\/\/orkza.com\/wp-content\/uploads\/2024\/10\/Steam-Account-Notice-min-800x800.png 800w, https:\/\/orkza.com\/wp-content\/uploads\/2024\/10\/Steam-Account-Notice-min-768x768.png 768w, https:\/\/orkza.com\/wp-content\/uploads\/2024\/10\/Steam-Account-Notice-min-1536x1536.png 1536w, https:\/\/orkza.com\/wp-content\/uploads\/2024\/10\/Steam-Account-Notice-min-2048x2048.png 2048w\" sizes=\"(max-width: 41px) 100vw, 41px\" \/><strong>Nota: I dati dell&#8217;account non possono essere modificati. Questo \u00e8 un Account Steam con Accesso a Vita solo per il gioco offline <\/strong><\/p>\n","protected":false},"featured_media":14068,"comment_status":"open","ping_status":"closed","template":"","meta":[],"product_brand":[],"product_cat":[143],"product_tag":[173],"class_list":{"0":"post-13870","1":"product","2":"type-product","3":"status-publish","4":"has-post-thumbnail","6":"product_cat-horror","7":"product_tag-steam-it","9":"first","10":"instock","11":"sale","12":"virtual","13":"purchasable","14":"product-type-simple"},"_links":{"self":[{"href":"https:\/\/orkza.com\/it\/wp-json\/wp\/v2\/product\/13870","targetHints":{"allow":["GET"]}}],"collection":[{"href":"https:\/\/orkza.com\/it\/wp-json\/wp\/v2\/product"}],"about":[{"href":"https:\/\/orkza.com\/it\/wp-json\/wp\/v2\/types\/product"}],"replies":[{"embeddable":true,"href":"https:\/\/orkza.com\/it\/wp-json\/wp\/v2\/comments?post=13870"}],"version-history":[{"count":3,"href":"https:\/\/orkza.com\/it\/wp-json\/wp\/v2\/product\/13870\/revisions"}],"predecessor-version":[{"id":16381,"href":"https:\/\/orkza.com\/it\/wp-json\/wp\/v2\/product\/13870\/revisions\/16381"}],"wp:featuredmedia":[{"embeddable":true,"href":"https:\/\/orkza.com\/it\/wp-json\/wp\/v2\/media\/14068"}],"wp:attachment":[{"href":"https:\/\/orkza.com\/it\/wp-json\/wp\/v2\/media?parent=13870"}],"wp:term":[{"taxonomy":"product_brand","embeddable":true,"href":"https:\/\/orkza.com\/it\/wp-json\/wp\/v2\/product_brand?post=13870"},{"taxonomy":"product_cat","embeddable":true,"href":"https:\/\/orkza.com\/it\/wp-json\/wp\/v2\/product_cat?post=13870"},{"taxonomy":"product_tag","embeddable":true,"href":"https:\/\/orkza.com\/it\/wp-json\/wp\/v2\/product_tag?post=13870"}],"curies":[{"name":"wp","href":"https:\/\/api.w.org\/{rel}","templated":true}]}}