{"id":13868,"date":"2025-11-07T05:36:45","date_gmt":"2025-11-07T05:36:45","guid":{"rendered":"https:\/\/orkza.com\/?post_type=product&#038;p=13868"},"modified":"2026-02-26T05:36:57","modified_gmt":"2026-02-26T05:36:57","slug":"factorio-steam-account","status":"publish","type":"product","link":"https:\/\/orkza.com\/it\/prodotto\/factorio-steam-account\/","title":{"rendered":"Account Steam di Factorio"},"content":{"rendered":"<h2 data-start=\"3832\" data-end=\"3847\"><strong data-start=\"3835\" data-end=\"3847\">Factorio<\/strong><\/h2>\n<p data-start=\"3849\" data-end=\"4170\"><strong data-start=\"3849\" data-end=\"3916\"><a class=\"decorated-link\" href=\"https:\/\/store.steampowered.com\/app\/427520\/Factorio\/\" target=\"_new\" rel=\"noopener\" data-start=\"3851\" data-end=\"3914\">Factorio<\/a><\/strong> \u00e8 un gioco di costruzione, automazione e ottimizzazione: un capolavoro per menti ingegneristiche e problem solver. Inizi su un pianeta alieno e devi costruire fabbriche per produrre oggetti, gestire risorse e difendere la tua creazione da forze ostili.<\/p>\n<p data-start=\"4172\" data-end=\"4517\">Nella sua essenza, Factorio riguarda l&#8217;efficienza. I giocatori progettano sistemi automatizzati tentacolari che trasformano le materie prime in tecnologie avanzate. Pi\u00f9 vai in profondit\u00e0, pi\u00f9 la tua rete diventa complessa e soddisfacente. Con il supporto multiplayer, puoi collaborare con altri per costruire enormi imperi industriali o competere per la produzione pi\u00f9 veloce.<\/p>\n<p data-start=\"4519\" data-end=\"4767\">Il suo stile pixel art dall&#8217;alto pu\u00f2 sembrare semplice, ma la profondit\u00e0 del gameplay \u00e8 immensa. Dalla ricerca di nuove tecnologie alla gestione di energia, logistica e difesa, ogni decisione conta. Mod e progetti della community espandono l&#8217;esperienza all&#8217;infinito.<\/p>\n<h3 data-start=\"4769\" data-end=\"4796\"><strong data-start=\"4773\" data-end=\"4796\">Requisiti di sistema<\/strong><\/h3>\n<p data-start=\"4797\" data-end=\"4811\"><strong data-start=\"4797\" data-end=\"4809\">Minimi:<\/strong><\/p>\n<ul data-start=\"4812\" data-end=\"4950\">\n<li data-start=\"4812\" data-end=\"4839\">\n<p data-start=\"4814\" data-end=\"4839\">Sistema Operativo: Windows 10 (64-bit)<\/p>\n<\/li>\n<li data-start=\"4840\" data-end=\"4870\">\n<p data-start=\"4842\" data-end=\"4870\">Processore: Dual-core 3 GHz<\/p>\n<\/li>\n<li data-start=\"4871\" data-end=\"4891\">\n<p data-start=\"4873\" data-end=\"4891\">Memoria: 4 GB RAM<\/p>\n<\/li>\n<li data-start=\"4892\" data-end=\"4916\">\n<p data-start=\"4894\" data-end=\"4916\">Grafica: 512MB VRAM<\/p>\n<\/li>\n<li data-start=\"4917\" data-end=\"4950\">\n<p data-start=\"4919\" data-end=\"4950\">Memoria: 3 GB di spazio disponibile<\/p>\n<\/li>\n<\/ul>\n<p data-start=\"4952\" data-end=\"4970\"><strong data-start=\"4952\" data-end=\"4968\">Consigliati:<\/strong><\/p>\n<ul data-start=\"4971\" data-end=\"5108\">\n<li data-start=\"4971\" data-end=\"5003\">\n<p data-start=\"4973\" data-end=\"5003\">Sistema operativo: Windows 10 \/ 11 (64 bit)<\/p>\n<\/li>\n<li data-start=\"5004\" data-end=\"5036\">\n<p data-start=\"5006\" data-end=\"5036\">Processore: Quad-core 3.4 GHz<\/p>\n<\/li>\n<li data-start=\"5037\" data-end=\"5057\">\n<p data-start=\"5039\" data-end=\"5057\">Memoria: 8 GB RAM<\/p>\n<\/li>\n<li data-start=\"5058\" data-end=\"5080\">\n<p data-start=\"5060\" data-end=\"5080\">Grafica: 2GB VRAM<\/p>\n<\/li>\n<li data-start=\"5081\" data-end=\"5108\">\n<p data-start=\"5083\" data-end=\"5108\">Memoria: 3 GB di spazio SSD<\/p>\n<\/li>\n<\/ul>\n<p data-start=\"5110\" data-end=\"5219\">Costruisci. Automatizza. Ottimizza. Factorio trasforma l&#8217;ingegneria in arte e la produttivit\u00e0 in una sfida entusiasmante.<\/p>\n<h3>Come utilizzare il tuo account Steam di Factorio<\/h3>\n<p><img decoding=\"async\" class=\"alignnone wp-image-3511\" src=\"https:\/\/orkza.com\/wp-content\/uploads\/2024\/10\/STEAM-ACTIVATION-GUIDE-400x225.jpg\" alt=\"\" width=\"804\" height=\"453\" title=\"\" srcset=\"https:\/\/orkza.com\/wp-content\/uploads\/2024\/10\/STEAM-ACTIVATION-GUIDE-400x225.jpg 400w, https:\/\/orkza.com\/wp-content\/uploads\/2024\/10\/STEAM-ACTIVATION-GUIDE-430x242.jpg 430w, https:\/\/orkza.com\/wp-content\/uploads\/2024\/10\/STEAM-ACTIVATION-GUIDE-150x84.jpg 150w, https:\/\/orkza.com\/wp-content\/uploads\/2024\/10\/STEAM-ACTIVATION-GUIDE-700x394.jpg 700w, https:\/\/orkza.com\/wp-content\/uploads\/2024\/10\/STEAM-ACTIVATION-GUIDE-768x432.jpg 768w, https:\/\/orkza.com\/wp-content\/uploads\/2024\/10\/STEAM-ACTIVATION-GUIDE.jpg 1280w\" sizes=\"(max-width: 804px) 100vw, 804px\" \/><\/p>\n<p>Dopo l&#8217;acquisto, accedi all&#8217;account Steam fornito sul tuo PC. Una volta loggato, vai alla tua libreria, installa il gioco e clicca sul pulsante play. Dopo qualche minuto, esci dal gioco e passa Steam alla modalit\u00e0 offline, e sei pronto per tuffarti in ore di gameplay emozionante!<\/p>\n<p>Per un processo di configurazione completo, consulta la nostra <a href=\"https:\/\/orkza.com\/it\/steam-account-activation-guide\/\" target=\"_blank\" rel=\"noopener\">Guida all&#8217;Attivazione dell&#8217;Account Steam<\/a><\/p>\n<p>Esplora i nostri nuovi <a href=\"https:\/\/orkza.com\/it\/giochi-pc\/\" target=\"_blank\" rel=\"noopener\">GIOCHI PER PC<\/a><\/p>\n","protected":false},"excerpt":{"rendered":"<article class=\"text-token-text-primary w-full focus:outline-none scroll-mt-[calc(var(--header-height)+min(200px,max(70px,20svh)))]\" dir=\"auto\" tabindex=\"-1\" data-turn-id=\"825f8558-9f2b-458c-ad9a-5b51e35369c8\" data-testid=\"conversation-turn-286\" data-scroll-anchor=\"true\" data-turn=\"assistant\">\n<div class=\"text-base my-auto mx-auto pb-10 [--thread-content-margin:--spacing(4)] thread-sm:[--thread-content-margin:--spacing(6)] thread-lg:[--thread-content-margin:--spacing(16)] px-(--thread-content-margin)\">\n<div class=\"[--thread-content-max-width:40rem] thread-lg:[--thread-content-max-width:48rem] mx-auto max-w-(--thread-content-max-width) flex-1 group\/turn-messages focus-visible:outline-hidden relative flex w-full min-w-0 flex-col agent-turn\" tabindex=\"-1\">\n<div class=\"flex max-w-full flex-col grow\">\n<div class=\"min-h-8 text-message relative flex w-full flex-col items-end gap-2 text-start break-words whitespace-normal [.text-message+&amp;]:mt-5\" dir=\"auto\" data-message-author-role=\"assistant\" data-message-id=\"2928a0af-c8b9-4771-8af5-a56ec1451607\" data-message-model-slug=\"gpt-5\">\n<div class=\"flex w-full flex-col gap-1 empty:hidden first:pt-[3px]\">\n<div class=\"markdown prose dark:prose-invert w-full break-words dark markdown-new-styling\">\n<article class=\"text-token-text-primary w-full focus:outline-none scroll-mt-[calc(var(--header-height)+min(200px,max(70px,20svh)))]\" dir=\"auto\" tabindex=\"-1\" data-turn-id=\"4853738f-41d9-4361-acbd-da104adcb5f6\" data-testid=\"conversation-turn-288\" data-scroll-anchor=\"true\" data-turn=\"assistant\">\n<div class=\"text-base my-auto mx-auto pb-10 [--thread-content-margin:--spacing(4)] thread-sm:[--thread-content-margin:--spacing(6)] thread-lg:[--thread-content-margin:--spacing(16)] px-(--thread-content-margin)\">\n<div class=\"[--thread-content-max-width:40rem] thread-lg:[--thread-content-max-width:48rem] mx-auto max-w-(--thread-content-max-width) flex-1 group\/turn-messages focus-visible:outline-hidden relative flex w-full min-w-0 flex-col agent-turn\" tabindex=\"-1\">\n<div class=\"flex max-w-full flex-col grow\">\n<div class=\"min-h-8 text-message relative flex w-full flex-col items-end gap-2 text-start break-words whitespace-normal [.text-message+&amp;]:mt-5\" dir=\"auto\" data-message-author-role=\"assistant\" data-message-id=\"5f2e51b3-f20e-438b-8196-6d76021c77fc\" data-message-model-slug=\"gpt-5\">\n<div class=\"flex w-full flex-col gap-1 empty:hidden first:pt-[3px]\">\n<div class=\"markdown prose dark:prose-invert w-full break-words dark markdown-new-styling\">\n<article class=\"text-token-text-primary w-full focus:outline-none [--shadow-height:45px] has-data-writing-block:pointer-events-none has-data-writing-block:-mt-(--shadow-height) has-data-writing-block:pt-(--shadow-height) [&amp;:has([data-writing-block])&gt;*]:pointer-events-auto [content-visibility:auto] supports-[content-visibility:auto]:[contain-intrinsic-size:auto_100lvh] scroll-mt-[calc(var(--header-height)+min(200px,max(70px,20svh)))]\" dir=\"auto\" tabindex=\"-1\" data-turn-id=\"a1a3b22b-6380-4878-97eb-5ca512a2b50d\" data-testid=\"conversation-turn-306\" data-scroll-anchor=\"false\" data-turn=\"assistant\">\n<div class=\"text-base my-auto mx-auto [--thread-content-margin:--spacing(4)] thread-sm:[--thread-content-margin:--spacing(6)] thread-lg:[--thread-content-margin:--spacing(16)] px-(--thread-content-margin)\">\n<div class=\"[--thread-content-max-width:40rem] thread-lg:[--thread-content-max-width:48rem] mx-auto max-w-(--thread-content-max-width) flex-1 group\/turn-messages focus-visible:outline-hidden relative flex w-full min-w-0 flex-col agent-turn\" tabindex=\"-1\">\n<div class=\"flex max-w-full flex-col grow\">\n<div class=\"min-h-8 text-message relative flex w-full flex-col items-end gap-2 text-start break-words whitespace-normal [.text-message+&amp;]:mt-1\" dir=\"auto\" data-message-author-role=\"assistant\" data-message-id=\"78bfde3b-9299-458c-98ce-9432fb740cc5\" data-message-model-slug=\"gpt-5\">\n<div class=\"flex w-full flex-col gap-1 empty:hidden first:pt-[1px]\">\n<div class=\"markdown prose dark:prose-invert w-full break-words dark markdown-new-styling\">\n<p data-start=\"5221\" data-end=\"5353\" data-is-last-node=\"\" data-is-only-node=\"\">Costruisci fabbriche enormi, automatizza la produzione e sopravvivi su un pianeta alieno in Factorio.<\/p>\n<\/div>\n<\/div>\n<\/div>\n<\/div>\n<\/div>\n<\/div>\n<\/article>\n<\/div>\n<\/div>\n<\/div>\n<\/div>\n<\/div>\n<\/div>\n<\/article>\n<\/div>\n<\/div>\n<\/div>\n<\/div>\n<\/div>\n<\/div>\n<\/article>\n<p><img decoding=\"async\" class=\"alignnone wp-image-3526\" src=\"https:\/\/orkza.com\/wp-content\/uploads\/2024\/10\/Steam-Account-Notice-min-300x300.png\" alt=\"\" width=\"41\" height=\"41\" srcset=\"https:\/\/orkza.com\/wp-content\/uploads\/2024\/10\/Steam-Account-Notice-min-300x300.png 300w, https:\/\/orkza.com\/wp-content\/uploads\/2024\/10\/Steam-Account-Notice-min-scaled-430x430.png 430w, https:\/\/orkza.com\/wp-content\/uploads\/2024\/10\/Steam-Account-Notice-min-150x150.png 150w, https:\/\/orkza.com\/wp-content\/uploads\/2024\/10\/Steam-Account-Notice-min-scaled-700x700.png 700w, https:\/\/orkza.com\/wp-content\/uploads\/2024\/10\/Steam-Account-Notice-min-800x800.png 800w, https:\/\/orkza.com\/wp-content\/uploads\/2024\/10\/Steam-Account-Notice-min-768x768.png 768w, https:\/\/orkza.com\/wp-content\/uploads\/2024\/10\/Steam-Account-Notice-min-1536x1536.png 1536w, https:\/\/orkza.com\/wp-content\/uploads\/2024\/10\/Steam-Account-Notice-min-2048x2048.png 2048w\" sizes=\"(max-width: 41px) 100vw, 41px\" \/><strong>Nota: I dati dell&#8217;account non possono essere modificati. Questo \u00e8 un Account Steam con Accesso a Vita solo per il gioco offline <\/strong><\/p>\n","protected":false},"featured_media":14053,"comment_status":"open","ping_status":"closed","template":"","meta":[],"product_brand":[],"product_cat":[147],"product_tag":[173],"class_list":{"0":"post-13868","1":"product","2":"type-product","3":"status-publish","4":"has-post-thumbnail","6":"product_cat-simulazione","7":"product_tag-steam-it","9":"first","10":"instock","11":"sale","12":"virtual","13":"purchasable","14":"product-type-simple"},"_links":{"self":[{"href":"https:\/\/orkza.com\/it\/wp-json\/wp\/v2\/product\/13868","targetHints":{"allow":["GET"]}}],"collection":[{"href":"https:\/\/orkza.com\/it\/wp-json\/wp\/v2\/product"}],"about":[{"href":"https:\/\/orkza.com\/it\/wp-json\/wp\/v2\/types\/product"}],"replies":[{"embeddable":true,"href":"https:\/\/orkza.com\/it\/wp-json\/wp\/v2\/comments?post=13868"}],"version-history":[{"count":3,"href":"https:\/\/orkza.com\/it\/wp-json\/wp\/v2\/product\/13868\/revisions"}],"predecessor-version":[{"id":16380,"href":"https:\/\/orkza.com\/it\/wp-json\/wp\/v2\/product\/13868\/revisions\/16380"}],"wp:featuredmedia":[{"embeddable":true,"href":"https:\/\/orkza.com\/it\/wp-json\/wp\/v2\/media\/14053"}],"wp:attachment":[{"href":"https:\/\/orkza.com\/it\/wp-json\/wp\/v2\/media?parent=13868"}],"wp:term":[{"taxonomy":"product_brand","embeddable":true,"href":"https:\/\/orkza.com\/it\/wp-json\/wp\/v2\/product_brand?post=13868"},{"taxonomy":"product_cat","embeddable":true,"href":"https:\/\/orkza.com\/it\/wp-json\/wp\/v2\/product_cat?post=13868"},{"taxonomy":"product_tag","embeddable":true,"href":"https:\/\/orkza.com\/it\/wp-json\/wp\/v2\/product_tag?post=13868"}],"curies":[{"name":"wp","href":"https:\/\/api.w.org\/{rel}","templated":true}]}}