{"id":13850,"date":"2025-11-07T05:36:32","date_gmt":"2025-11-07T05:36:32","guid":{"rendered":"https:\/\/orkza.com\/?post_type=product&#038;p=13850"},"modified":"2026-02-26T05:42:35","modified_gmt":"2026-02-26T05:42:35","slug":"they-are-billions-steam-account","status":"publish","type":"product","link":"https:\/\/orkza.com\/it\/prodotto\/they-are-billions-steam-account\/","title":{"rendered":"They Are Billions account Steam"},"content":{"rendered":"<h2 data-start=\"3375\" data-end=\"3737\"><strong data-start=\"3375\" data-end=\"3396\">They Are Billions<\/strong><\/h2>\n<p data-start=\"3375\" data-end=\"3737\">Affronta l&#8217;apocalisse in <a class=\"decorated-link\" href=\"https:\/\/store.steampowered.com\/app\/644930\/They_Are_Billions\/\" target=\"_new\" rel=\"noopener\" data-start=\"3422\" data-end=\"3503\">They Are Billions<\/a>, un gioco di strategia steampunk ambientato in un mondo invaso da miliardi di zombi infetti. Costruisci, gestisci e difendi la tua colonia da orde implacabili in questa esperienza di sopravvivenza strategica in tempo reale, dove un errore pu\u00f2 porre fine a tutto.<\/p>\n<p data-start=\"3739\" data-end=\"4026\">I giocatori devono bilanciare l&#8217;espansione con la difesa, raccogliendo risorse, costruendo edifici e addestrando eserciti per resistere alle ondate di infetti in arrivo. Ogni decisione \u00e8 importante: espandersi troppo velocemente pu\u00f2 esporre la tua colonia al pericolo, mentre l&#8217;esitazione pu\u00f2 significare essere sopraffatti da miliardi di persone.<\/p>\n<p data-start=\"4028\" data-end=\"4359\">Il gioco presenta una campagna impegnativa, &#8220;The New Empire&#8221;, in cui l&#8217;umanit\u00e0 combatte per riconquistare la Terra, insieme a infinite modalit\u00e0 di sopravvivenza che mettono alla prova le tue capacit\u00e0 di pianificazione e strategia. Con una grafica dettagliata, un sound design suggestivo e meccaniche di gioco profonde, <em data-start=\"4291\" data-end=\"4310\">They Are Billions<\/em> offre tensione ed eccitazione ad ogni angolo.<\/p>\n<h3 data-start=\"4361\" data-end=\"4384\">Requisiti di sistema<\/h3>\n<p data-start=\"4385\" data-end=\"4399\"><strong data-start=\"4385\" data-end=\"4397\">Minimi:<\/strong><\/p>\n<ul data-start=\"4400\" data-end=\"4583\">\n<li data-start=\"4400\" data-end=\"4433\">\n<p data-start=\"4402\" data-end=\"4433\">Sistema operativo: Windows 7, 8, 10 (64 bit)<\/p>\n<\/li>\n<li data-start=\"4434\" data-end=\"4477\">\n<p data-start=\"4436\" data-end=\"4477\">Processore: Intel i3-3220 o AMD FX 6300<\/p>\n<\/li>\n<li data-start=\"4478\" data-end=\"4498\">\n<p data-start=\"4480\" data-end=\"4498\">Memoria: 8 GB RAM<\/p>\n<\/li>\n<li data-start=\"4499\" data-end=\"4549\">\n<p data-start=\"4501\" data-end=\"4549\">Grafica: NVIDIA GTX 660 o AMD Radeon HD 7870<\/p>\n<\/li>\n<li data-start=\"4550\" data-end=\"4583\">\n<p data-start=\"4552\" data-end=\"4583\">Memoria: 4 GB di spazio disponibile<\/p>\n<\/li>\n<\/ul>\n<p data-start=\"4585\" data-end=\"4603\"><strong data-start=\"4585\" data-end=\"4601\">Consigliati:<\/strong><\/p>\n<ul data-start=\"4604\" data-end=\"4778\">\n<li data-start=\"4604\" data-end=\"4631\">\n<p data-start=\"4606\" data-end=\"4631\">Sistema Operativo: Windows 10 (64-bit)<\/p>\n<\/li>\n<li data-start=\"4632\" data-end=\"4680\">\n<p data-start=\"4634\" data-end=\"4680\">Processore: Intel i5-7600K \/ AMD Ryzen 5 2600<\/p>\n<\/li>\n<li data-start=\"4681\" data-end=\"4702\">\n<p data-start=\"4683\" data-end=\"4702\">Memoria: 16 GB RAM<\/p>\n<\/li>\n<li data-start=\"4703\" data-end=\"4744\">\n<p data-start=\"4705\" data-end=\"4744\">Scheda grafica: NVIDIA GTX 970 \/ AMD RX 580<\/p>\n<\/li>\n<li data-start=\"4745\" data-end=\"4778\">\n<p data-start=\"4747\" data-end=\"4778\">Memoria: 4 GB di spazio disponibile<\/p>\n<\/li>\n<\/ul>\n<h3>Come utilizzare il tuo account Steam di They Are Billions<\/h3>\n<p><img decoding=\"async\" class=\"alignnone wp-image-3511\" src=\"https:\/\/orkza.com\/wp-content\/uploads\/2024\/10\/STEAM-ACTIVATION-GUIDE-400x225.jpg\" alt=\"\" width=\"804\" height=\"453\" title=\"\" srcset=\"https:\/\/orkza.com\/wp-content\/uploads\/2024\/10\/STEAM-ACTIVATION-GUIDE-400x225.jpg 400w, https:\/\/orkza.com\/wp-content\/uploads\/2024\/10\/STEAM-ACTIVATION-GUIDE-430x242.jpg 430w, https:\/\/orkza.com\/wp-content\/uploads\/2024\/10\/STEAM-ACTIVATION-GUIDE-150x84.jpg 150w, https:\/\/orkza.com\/wp-content\/uploads\/2024\/10\/STEAM-ACTIVATION-GUIDE-700x394.jpg 700w, https:\/\/orkza.com\/wp-content\/uploads\/2024\/10\/STEAM-ACTIVATION-GUIDE-768x432.jpg 768w, https:\/\/orkza.com\/wp-content\/uploads\/2024\/10\/STEAM-ACTIVATION-GUIDE.jpg 1280w\" sizes=\"(max-width: 804px) 100vw, 804px\" \/><\/p>\n<p>Dopo l&#8217;acquisto, accedi all&#8217;account Steam fornito sul tuo PC. Una volta loggato, vai alla tua libreria, installa il gioco e clicca sul pulsante play. Dopo qualche minuto, esci dal gioco e passa Steam alla modalit\u00e0 offline, e sei pronto per tuffarti in ore di gameplay emozionante!<\/p>\n<p>Per un processo di configurazione completo, consulta la nostra <a href=\"https:\/\/orkza.com\/it\/steam-account-activation-guide\/\" target=\"_blank\" rel=\"noopener\">Guida all&#8217;Attivazione dell&#8217;Account Steam<\/a><\/p>\n<p>Esplora i nostri nuovi <a href=\"https:\/\/orkza.com\/it\/giochi-pc\/\" target=\"_blank\" rel=\"noopener\">GIOCHI PER PC<\/a><\/p>\n","protected":false},"excerpt":{"rendered":"<article class=\"text-token-text-primary w-full focus:outline-none scroll-mt-[calc(var(--header-height)+min(200px,max(70px,20svh)))]\" dir=\"auto\" tabindex=\"-1\" data-turn-id=\"825f8558-9f2b-458c-ad9a-5b51e35369c8\" data-testid=\"conversation-turn-286\" data-scroll-anchor=\"true\" data-turn=\"assistant\">\n<div class=\"text-base my-auto mx-auto pb-10 [--thread-content-margin:--spacing(4)] thread-sm:[--thread-content-margin:--spacing(6)] thread-lg:[--thread-content-margin:--spacing(16)] px-(--thread-content-margin)\">\n<div class=\"[--thread-content-max-width:40rem] thread-lg:[--thread-content-max-width:48rem] mx-auto max-w-(--thread-content-max-width) flex-1 group\/turn-messages focus-visible:outline-hidden relative flex w-full min-w-0 flex-col agent-turn\" tabindex=\"-1\">\n<div class=\"flex max-w-full flex-col grow\">\n<div class=\"min-h-8 text-message relative flex w-full flex-col items-end gap-2 text-start break-words whitespace-normal [.text-message+&amp;]:mt-5\" dir=\"auto\" data-message-author-role=\"assistant\" data-message-id=\"2928a0af-c8b9-4771-8af5-a56ec1451607\" data-message-model-slug=\"gpt-5\">\n<div class=\"flex w-full flex-col gap-1 empty:hidden first:pt-[3px]\">\n<div class=\"markdown prose dark:prose-invert w-full break-words dark markdown-new-styling\">\n<article class=\"text-token-text-primary w-full focus:outline-none scroll-mt-[calc(var(--header-height)+min(200px,max(70px,20svh)))]\" dir=\"auto\" tabindex=\"-1\" data-turn-id=\"4853738f-41d9-4361-acbd-da104adcb5f6\" data-testid=\"conversation-turn-288\" data-scroll-anchor=\"true\" data-turn=\"assistant\">\n<div class=\"text-base my-auto mx-auto pb-10 [--thread-content-margin:--spacing(4)] thread-sm:[--thread-content-margin:--spacing(6)] thread-lg:[--thread-content-margin:--spacing(16)] px-(--thread-content-margin)\">\n<div class=\"[--thread-content-max-width:40rem] thread-lg:[--thread-content-max-width:48rem] mx-auto max-w-(--thread-content-max-width) flex-1 group\/turn-messages focus-visible:outline-hidden relative flex w-full min-w-0 flex-col agent-turn\" tabindex=\"-1\">\n<div class=\"flex max-w-full flex-col grow\">\n<div class=\"min-h-8 text-message relative flex w-full flex-col items-end gap-2 text-start break-words whitespace-normal [.text-message+&amp;]:mt-5\" dir=\"auto\" data-message-author-role=\"assistant\" data-message-id=\"5f2e51b3-f20e-438b-8196-6d76021c77fc\" data-message-model-slug=\"gpt-5\">\n<div class=\"flex w-full flex-col gap-1 empty:hidden first:pt-[3px]\">\n<div class=\"markdown prose dark:prose-invert w-full break-words dark markdown-new-styling\">\n<article class=\"text-token-text-primary w-full focus:outline-none [--shadow-height:45px] has-data-writing-block:pointer-events-none has-data-writing-block:-mt-(--shadow-height) has-data-writing-block:pt-(--shadow-height) [&amp;:has([data-writing-block])&gt;*]:pointer-events-auto [content-visibility:auto] supports-[content-visibility:auto]:[contain-intrinsic-size:auto_100lvh] scroll-mt-[calc(var(--header-height)+min(200px,max(70px,20svh)))]\" dir=\"auto\" tabindex=\"-1\" data-turn-id=\"d6e75f15-d912-41e6-94be-dd04c9f38be2\" data-testid=\"conversation-turn-300\" data-scroll-anchor=\"false\" data-turn=\"assistant\">\n<div class=\"text-base my-auto mx-auto [--thread-content-margin:--spacing(4)] thread-sm:[--thread-content-margin:--spacing(6)] thread-lg:[--thread-content-margin:--spacing(16)] px-(--thread-content-margin)\">\n<div class=\"[--thread-content-max-width:40rem] thread-lg:[--thread-content-max-width:48rem] mx-auto max-w-(--thread-content-max-width) flex-1 group\/turn-messages focus-visible:outline-hidden relative flex w-full min-w-0 flex-col agent-turn\" tabindex=\"-1\">\n<div class=\"flex max-w-full flex-col grow\">\n<div class=\"min-h-8 text-message relative flex w-full flex-col items-end gap-2 text-start break-words whitespace-normal [.text-message+&amp;]:mt-1\" dir=\"auto\" data-message-author-role=\"assistant\" data-message-id=\"d6e75f15-d912-41e6-94be-dd04c9f38be2\" data-message-model-slug=\"gpt-5\">\n<div class=\"flex w-full flex-col gap-1 empty:hidden first:pt-[1px]\">\n<div class=\"markdown prose dark:prose-invert w-full break-words dark markdown-new-styling\">\n<p data-start=\"4780\" data-end=\"4891\" data-is-last-node=\"\" data-is-only-node=\"\">Costruisci, sopravvivi e difendi la tua colonia in un mondo invaso da miliardi di infetti.<\/p>\n<\/div>\n<\/div>\n<\/div>\n<\/div>\n<\/div>\n<\/div>\n<\/article>\n<\/div>\n<\/div>\n<\/div>\n<\/div>\n<\/div>\n<\/div>\n<\/article>\n<\/div>\n<\/div>\n<\/div>\n<\/div>\n<\/div>\n<\/div>\n<\/article>\n<p><img decoding=\"async\" class=\"alignnone wp-image-3526\" src=\"https:\/\/orkza.com\/wp-content\/uploads\/2024\/10\/Steam-Account-Notice-min-300x300.png\" alt=\"\" width=\"41\" height=\"41\" srcset=\"https:\/\/orkza.com\/wp-content\/uploads\/2024\/10\/Steam-Account-Notice-min-300x300.png 300w, https:\/\/orkza.com\/wp-content\/uploads\/2024\/10\/Steam-Account-Notice-min-scaled-430x430.png 430w, https:\/\/orkza.com\/wp-content\/uploads\/2024\/10\/Steam-Account-Notice-min-150x150.png 150w, https:\/\/orkza.com\/wp-content\/uploads\/2024\/10\/Steam-Account-Notice-min-scaled-700x700.png 700w, https:\/\/orkza.com\/wp-content\/uploads\/2024\/10\/Steam-Account-Notice-min-800x800.png 800w, https:\/\/orkza.com\/wp-content\/uploads\/2024\/10\/Steam-Account-Notice-min-768x768.png 768w, https:\/\/orkza.com\/wp-content\/uploads\/2024\/10\/Steam-Account-Notice-min-1536x1536.png 1536w, https:\/\/orkza.com\/wp-content\/uploads\/2024\/10\/Steam-Account-Notice-min-2048x2048.png 2048w\" sizes=\"(max-width: 41px) 100vw, 41px\" \/><strong>Nota: I dati dell&#8217;account non possono essere modificati. Questo \u00e8 un Account Steam con Accesso a Vita solo per il gioco offline <\/strong><\/p>\n","protected":false},"featured_media":14032,"comment_status":"open","ping_status":"closed","template":"","meta":[],"product_brand":[],"product_cat":[148],"product_tag":[173],"class_list":{"0":"post-13850","1":"product","2":"type-product","3":"status-publish","4":"has-post-thumbnail","6":"product_cat-strategia","7":"product_tag-steam-it","9":"first","10":"instock","11":"sale","12":"virtual","13":"purchasable","14":"product-type-simple"},"_links":{"self":[{"href":"https:\/\/orkza.com\/it\/wp-json\/wp\/v2\/product\/13850","targetHints":{"allow":["GET"]}}],"collection":[{"href":"https:\/\/orkza.com\/it\/wp-json\/wp\/v2\/product"}],"about":[{"href":"https:\/\/orkza.com\/it\/wp-json\/wp\/v2\/types\/product"}],"replies":[{"embeddable":true,"href":"https:\/\/orkza.com\/it\/wp-json\/wp\/v2\/comments?post=13850"}],"version-history":[{"count":3,"href":"https:\/\/orkza.com\/it\/wp-json\/wp\/v2\/product\/13850\/revisions"}],"predecessor-version":[{"id":16371,"href":"https:\/\/orkza.com\/it\/wp-json\/wp\/v2\/product\/13850\/revisions\/16371"}],"wp:featuredmedia":[{"embeddable":true,"href":"https:\/\/orkza.com\/it\/wp-json\/wp\/v2\/media\/14032"}],"wp:attachment":[{"href":"https:\/\/orkza.com\/it\/wp-json\/wp\/v2\/media?parent=13850"}],"wp:term":[{"taxonomy":"product_brand","embeddable":true,"href":"https:\/\/orkza.com\/it\/wp-json\/wp\/v2\/product_brand?post=13850"},{"taxonomy":"product_cat","embeddable":true,"href":"https:\/\/orkza.com\/it\/wp-json\/wp\/v2\/product_cat?post=13850"},{"taxonomy":"product_tag","embeddable":true,"href":"https:\/\/orkza.com\/it\/wp-json\/wp\/v2\/product_tag?post=13850"}],"curies":[{"name":"wp","href":"https:\/\/api.w.org\/{rel}","templated":true}]}}