{"id":10969,"date":"2025-09-26T14:24:23","date_gmt":"2025-09-26T14:24:23","guid":{"rendered":"https:\/\/orkza.com\/?post_type=product&#038;p=10969"},"modified":"2026-02-26T06:04:48","modified_gmt":"2026-02-26T06:04:48","slug":"silent-hill-f-deluxe-edition-steam-account","status":"publish","type":"product","link":"https:\/\/orkza.com\/it\/prodotto\/silent-hill-f-deluxe-edition-steam-account\/","title":{"rendered":"account Steam edizione deluxe di SILENT HILL f"},"content":{"rendered":"<h2 data-start=\"0\" data-end=\"76\"><strong data-start=\"3\" data-end=\"74\">account Steam di SILENT HILL f \u2013 un orrore giapponese inquietante reinventato<\/strong><\/h2>\n<p data-start=\"78\" data-end=\"587\">Gioca a <strong data-start=\"83\" data-end=\"161\"><a class=\"decorated-link\" href=\"https:\/\/store.steampowered.com\/app\/2947440\/SILENT_HILL_f\/?utm_source=chatgpt.com\" target=\"_new\" rel=\"noopener\" data-start=\"85\" data-end=\"159\">SILENT HILL f<\/a><\/strong> tramite il nostro account Steam e scendi nel villaggio avvolto dalla nebbia di Ebisugaoka nel Giappone degli anni &#8217;60. Questo spin-off autonomo della serie Silent Hill fonde l&#8217;horror psicologico intimo con un&#8217;azione viscerale e un&#8217;atmosfera profondamente inquietante. Distinto dalla sua ambientazione giapponese e dal nuovo team creativo, <em data-start=\"455\" data-end=\"470\">SILENT HILL f<\/em> trascina i giocatori in un incubo a occhi aperti costruito attorno a paura, trauma e dolore.<\/p>\n<p data-start=\"589\" data-end=\"1146\">Giochi nei panni di <strong data-start=\"601\" data-end=\"619\">Hinako Shimizu<\/strong>, una studentessa la cui vita viene sconvolta quando la sua citt\u00e0 \u00e8 avvolta da una nebbia soprannaturale e mostri emergono dall&#8217;oscurit\u00e0. Nei panni di Hinako, esplorerai la citt\u00e0 trasformata, risolverai enigmi criptici, scoprirai sinistri segreti sulla tua famiglia e ti impegnerai in combattimenti ravvicinati contro creature grottesche usando armi come una naginata e un tubo. Il gioco si orienta verso un design pi\u00f9 orientato all&#8217;azione rispetto ad alcuni capitoli precedenti, ma mantiene quella tensione distintiva e quel terrore surreale.<\/p>\n<p data-start=\"1148\" data-end=\"1527\">L&#8217;ambientazione stessa \u00e8 un personaggio. Le strade, le vecchie case, i santuari e i corridoi di Ebisugaoka svaniscono in versioni contorte da incubo. La nebbia si ritira per rivelare dettagli fatiscenti e orrori appena fuori vista. La storia \u00e8 scritta da Ryukishi07 (noto per <em data-start=\"1398\" data-end=\"1409\">Higurashi<\/em>) e intensifica le emozioni stratificate nel conflitto familiare, nella colpa e nell&#8217;isolamento.<\/p>\n<p data-start=\"1529\" data-end=\"1833\">L&#8217;accoglienza iniziale \u00e8 positiva: il gioco detiene una <strong data-start=\"1575\" data-end=\"1601\">valutazione \u201cMolto positiva\u201d<\/strong> su Steam, con i critici che ne lodano i coraggiosi cambiamenti narrativi e la potente esecuzione horror. Il picco di giocatori contemporanei ha superato i <strong data-start=\"1766\" data-end=\"1776\">21.400<\/strong> al lancio su PC.<\/p>\n<hr data-start=\"1835\" data-end=\"1838\" \/>\n<h3 data-start=\"1840\" data-end=\"1865\">Requisiti di sistema<\/h3>\n<p data-start=\"1867\" data-end=\"1900\"><strong data-start=\"1867\" data-end=\"1898\">Requisiti Minimi di Sistema<\/strong><\/p>\n<ul data-start=\"1901\" data-end=\"2244\">\n<li data-start=\"1901\" data-end=\"1971\">\n<p data-start=\"1903\" data-end=\"1971\">Sistema operativo: Windows 10 \/ 11 (64 bit)<\/p>\n<\/li>\n<li data-start=\"1972\" data-end=\"2025\">\n<p data-start=\"1974\" data-end=\"2025\">CPU: CPU moderna di fascia media-alta (es. classe 4-6 core)<\/p>\n<\/li>\n<li data-start=\"2026\" data-end=\"2040\">\n<p data-start=\"2028\" data-end=\"2040\">RAM: 16 GB<\/p>\n<\/li>\n<li data-start=\"2041\" data-end=\"2135\">\n<p data-start=\"2043\" data-end=\"2135\">GPU: GPU dedicata con almeno 6 GB di VRAM (es. equivalente a GTX 1060 \/ RX 580 o superiore)<\/p>\n<\/li>\n<li data-start=\"2136\" data-end=\"2209\">\n<p data-start=\"2138\" data-end=\"2209\">Archiviazione: ~45 GB di spazio disponibile<\/p>\n<\/li>\n<li data-start=\"2210\" data-end=\"2244\">\n<p data-start=\"2212\" data-end=\"2244\">DirectX: Compatibile con la versione 12<\/p>\n<\/li>\n<\/ul>\n<p data-start=\"2246\" data-end=\"2277\"><strong data-start=\"2246\" data-end=\"2275\">Configurazione consigliata<\/strong><\/p>\n<ul data-start=\"2278\" data-end=\"2434\">\n<li data-start=\"2278\" data-end=\"2319\">\n<p data-start=\"2280\" data-end=\"2319\">CPU: CPU moderna di fascia alta 6-8 core o pi\u00f9<\/p>\n<\/li>\n<li data-start=\"2320\" data-end=\"2335\">\n<p data-start=\"2322\" data-end=\"2335\">RAM: 16+ GB<\/p>\n<\/li>\n<li data-start=\"2336\" data-end=\"2376\">\n<p data-start=\"2338\" data-end=\"2376\">GPU: RTX 2070 \/ RX 5700 XT o superiore<\/p>\n<\/li>\n<li data-start=\"2377\" data-end=\"2434\">\n<p data-start=\"2379\" data-end=\"2434\">Archiviazione: SSD (per ridurre i tempi di caricamento e il lag di streaming)<\/p>\n<\/li>\n<\/ul>\n<h3>Come usare il tuo account Steam di SILENT HILL f<\/h3>\n<p><img decoding=\"async\" class=\"alignnone wp-image-3511\" src=\"https:\/\/orkza.com\/wp-content\/uploads\/2024\/10\/STEAM-ACTIVATION-GUIDE-400x225.jpg\" alt=\"\" width=\"804\" height=\"453\" title=\"\" srcset=\"https:\/\/orkza.com\/wp-content\/uploads\/2024\/10\/STEAM-ACTIVATION-GUIDE-400x225.jpg 400w, https:\/\/orkza.com\/wp-content\/uploads\/2024\/10\/STEAM-ACTIVATION-GUIDE-430x242.jpg 430w, https:\/\/orkza.com\/wp-content\/uploads\/2024\/10\/STEAM-ACTIVATION-GUIDE-150x84.jpg 150w, https:\/\/orkza.com\/wp-content\/uploads\/2024\/10\/STEAM-ACTIVATION-GUIDE-700x394.jpg 700w, https:\/\/orkza.com\/wp-content\/uploads\/2024\/10\/STEAM-ACTIVATION-GUIDE-768x432.jpg 768w, https:\/\/orkza.com\/wp-content\/uploads\/2024\/10\/STEAM-ACTIVATION-GUIDE.jpg 1280w\" sizes=\"(max-width: 804px) 100vw, 804px\" \/><\/p>\n<p>Dopo l&#8217;acquisto, accedi all&#8217;account Steam fornito sul tuo PC. Una volta loggato, vai alla tua libreria, installa il gioco e clicca sul pulsante play. Dopo qualche minuto, esci dal gioco e passa Steam alla modalit\u00e0 offline, e sei pronto per tuffarti in ore di gameplay emozionante!<\/p>\n<p>Per un processo di configurazione completo, consulta la nostra <a href=\"https:\/\/orkza.com\/it\/steam-account-activation-guide\/\" target=\"_blank\" rel=\"noopener\">Guida all&#8217;Attivazione dell&#8217;Account Steam<\/a><\/p>\n<p>Esplora i nostri nuovi <a href=\"https:\/\/orkza.com\/it\/giochi-pc\/\" target=\"_blank\" rel=\"noopener\">GIOCHI PER PC<\/a><\/p>\n","protected":false},"excerpt":{"rendered":"<article class=\"text-token-text-primary w-full focus:outline-none scroll-mt-[calc(var(--header-height)+min(200px,max(70px,20svh)))]\" dir=\"auto\" tabindex=\"-1\" data-turn-id=\"825f8558-9f2b-458c-ad9a-5b51e35369c8\" data-testid=\"conversation-turn-286\" data-scroll-anchor=\"true\" data-turn=\"assistant\">\n<div class=\"text-base my-auto mx-auto pb-10 [--thread-content-margin:--spacing(4)] thread-sm:[--thread-content-margin:--spacing(6)] thread-lg:[--thread-content-margin:--spacing(16)] px-(--thread-content-margin)\">\n<div class=\"[--thread-content-max-width:40rem] thread-lg:[--thread-content-max-width:48rem] mx-auto max-w-(--thread-content-max-width) flex-1 group\/turn-messages focus-visible:outline-hidden relative flex w-full min-w-0 flex-col agent-turn\" tabindex=\"-1\">\n<div class=\"flex max-w-full flex-col grow\">\n<div class=\"min-h-8 text-message relative flex w-full flex-col items-end gap-2 text-start break-words whitespace-normal [.text-message+&amp;]:mt-5\" dir=\"auto\" data-message-author-role=\"assistant\" data-message-id=\"2928a0af-c8b9-4771-8af5-a56ec1451607\" data-message-model-slug=\"gpt-5\">\n<div class=\"flex w-full flex-col gap-1 empty:hidden first:pt-[3px]\">\n<div class=\"markdown prose dark:prose-invert w-full break-words dark markdown-new-styling\">\n<article class=\"text-token-text-primary w-full focus:outline-none scroll-mt-[calc(var(--header-height)+min(200px,max(70px,20svh)))]\" dir=\"auto\" tabindex=\"-1\" data-turn-id=\"4853738f-41d9-4361-acbd-da104adcb5f6\" data-testid=\"conversation-turn-288\" data-scroll-anchor=\"true\" data-turn=\"assistant\">\n<div class=\"text-base my-auto mx-auto pb-10 [--thread-content-margin:--spacing(4)] thread-sm:[--thread-content-margin:--spacing(6)] thread-lg:[--thread-content-margin:--spacing(16)] px-(--thread-content-margin)\">\n<div class=\"[--thread-content-max-width:40rem] thread-lg:[--thread-content-max-width:48rem] mx-auto max-w-(--thread-content-max-width) flex-1 group\/turn-messages focus-visible:outline-hidden relative flex w-full min-w-0 flex-col agent-turn\" tabindex=\"-1\">\n<div class=\"flex max-w-full flex-col grow\">\n<div class=\"min-h-8 text-message relative flex w-full flex-col items-end gap-2 text-start break-words whitespace-normal [.text-message+&amp;]:mt-5\" dir=\"auto\" data-message-author-role=\"assistant\" data-message-id=\"5f2e51b3-f20e-438b-8196-6d76021c77fc\" data-message-model-slug=\"gpt-5\">\n<div class=\"flex w-full flex-col gap-1 empty:hidden first:pt-[3px]\">\n<div class=\"markdown prose dark:prose-invert w-full break-words dark markdown-new-styling\">\n<p data-start=\"2441\" data-end=\"2597\">Torna al terrore in <em data-start=\"2504\" data-end=\"2519\">SILENT HILL f<\/em>. Orrore giapponese, nebbia inquietante e un incubo inquietantemente bello ti aspettano.<\/p>\n<\/div>\n<\/div>\n<\/div>\n<\/div>\n<\/div>\n<\/div>\n<\/article>\n<\/div>\n<\/div>\n<\/div>\n<\/div>\n<\/div>\n<\/div>\n<\/article>\n<p><img decoding=\"async\" class=\"alignnone wp-image-3526\" src=\"https:\/\/orkza.com\/wp-content\/uploads\/2024\/10\/Steam-Account-Notice-min-300x300.png\" alt=\"\" width=\"41\" height=\"41\" srcset=\"https:\/\/orkza.com\/wp-content\/uploads\/2024\/10\/Steam-Account-Notice-min-300x300.png 300w, https:\/\/orkza.com\/wp-content\/uploads\/2024\/10\/Steam-Account-Notice-min-scaled-430x430.png 430w, https:\/\/orkza.com\/wp-content\/uploads\/2024\/10\/Steam-Account-Notice-min-150x150.png 150w, https:\/\/orkza.com\/wp-content\/uploads\/2024\/10\/Steam-Account-Notice-min-scaled-700x700.png 700w, https:\/\/orkza.com\/wp-content\/uploads\/2024\/10\/Steam-Account-Notice-min-800x800.png 800w, https:\/\/orkza.com\/wp-content\/uploads\/2024\/10\/Steam-Account-Notice-min-768x768.png 768w, https:\/\/orkza.com\/wp-content\/uploads\/2024\/10\/Steam-Account-Notice-min-1536x1536.png 1536w, https:\/\/orkza.com\/wp-content\/uploads\/2024\/10\/Steam-Account-Notice-min-2048x2048.png 2048w\" sizes=\"(max-width: 41px) 100vw, 41px\" \/><strong>Nota: I dati dell&#8217;account non possono essere modificati. Questo \u00e8 un Account Steam con Accesso a Vita solo per il gioco offline <\/strong><\/p>\n","protected":false},"featured_media":10971,"comment_status":"open","ping_status":"closed","template":"","meta":[],"product_brand":[],"product_cat":[140],"product_tag":[173],"class_list":{"0":"post-10969","1":"product","2":"type-product","3":"status-publish","4":"has-post-thumbnail","6":"product_cat-azione","7":"product_tag-steam-it","9":"first","10":"instock","11":"sale","12":"virtual","13":"purchasable","14":"product-type-simple"},"_links":{"self":[{"href":"https:\/\/orkza.com\/it\/wp-json\/wp\/v2\/product\/10969","targetHints":{"allow":["GET"]}}],"collection":[{"href":"https:\/\/orkza.com\/it\/wp-json\/wp\/v2\/product"}],"about":[{"href":"https:\/\/orkza.com\/it\/wp-json\/wp\/v2\/types\/product"}],"replies":[{"embeddable":true,"href":"https:\/\/orkza.com\/it\/wp-json\/wp\/v2\/comments?post=10969"}],"version-history":[{"count":3,"href":"https:\/\/orkza.com\/it\/wp-json\/wp\/v2\/product\/10969\/revisions"}],"predecessor-version":[{"id":16397,"href":"https:\/\/orkza.com\/it\/wp-json\/wp\/v2\/product\/10969\/revisions\/16397"}],"wp:featuredmedia":[{"embeddable":true,"href":"https:\/\/orkza.com\/it\/wp-json\/wp\/v2\/media\/10971"}],"wp:attachment":[{"href":"https:\/\/orkza.com\/it\/wp-json\/wp\/v2\/media?parent=10969"}],"wp:term":[{"taxonomy":"product_brand","embeddable":true,"href":"https:\/\/orkza.com\/it\/wp-json\/wp\/v2\/product_brand?post=10969"},{"taxonomy":"product_cat","embeddable":true,"href":"https:\/\/orkza.com\/it\/wp-json\/wp\/v2\/product_cat?post=10969"},{"taxonomy":"product_tag","embeddable":true,"href":"https:\/\/orkza.com\/it\/wp-json\/wp\/v2\/product_tag?post=10969"}],"curies":[{"name":"wp","href":"https:\/\/api.w.org\/{rel}","templated":true}]}}