{"id":10548,"date":"2025-09-24T02:14:00","date_gmt":"2025-09-24T02:14:00","guid":{"rendered":"https:\/\/orkza.com\/?post_type=product&#038;p=10548"},"modified":"2026-02-26T06:04:10","modified_gmt":"2026-02-26T06:04:10","slug":"wwe-2k24-deluxe-edition-steam-account","status":"publish","type":"product","link":"https:\/\/orkza.com\/it\/prodotto\/wwe-2k24-deluxe-edition-steam-account\/","title":{"rendered":"Account Steam edizione deluxe di WWE 2K24"},"content":{"rendered":"<h2 data-start=\"2147\" data-end=\"2207\"><strong data-start=\"2150\" data-end=\"2207\">Account Steam di WWE 2K24 \u2013 Sali sul ring<\/strong><\/h2>\n<p data-start=\"2209\" data-end=\"2493\">Gioca a <strong data-start=\"2214\" data-end=\"2282\"><a class=\"decorated-link cursor-pointer\" href=\"https:\/\/store.steampowered.com\/app\/2315690\/WWE_2K24\/\" target=\"_new\" rel=\"noopener\" data-start=\"2216\" data-end=\"2280\">WWE 2K24<\/a><\/strong> tramite il nostro account Steam e vivi il dramma, lo spettacolo e la ferocia del pi\u00f9 importante palcoscenico del wrestling professionistico. Questa edizione migliora la grafica, approfondisce la personalizzazione e introduce nuove modalit\u00e0 per una maggiore immersione.<\/p>\n<p data-start=\"2495\" data-end=\"3072\">In <em data-start=\"2498\" data-end=\"2508\">WWE 2K24<\/em>, puoi tuffarti in MyRISE e MyGM con pi\u00f9 scelte narrative, controllo sul ring e strategia nel backstage. L&#8217;ampia personalizzazione consente ai fan di creare Superstar, arene, cinture e trame dettagliate. Tipi di match avanzati, commenti dinamici e un&#8217;IA pi\u00f9 raffinata rendono ogni battaglia pi\u00f9 viva. La grafica \u00e8 pi\u00f9 nitida, con illuminazione, modelli dei personaggi e realismo della folla migliori. Molti giocatori notano prestazioni migliorate sull&#8217;hardware moderno rispetto alle versioni precedenti. <em data-start=\"2976\" data-end=\"3072\">(Nota: i requisiti di sistema ufficiali di Steam devono essere verificati prima dell&#8217;acquisto per le specifiche pi\u00f9 recenti.)<\/em><\/p>\n<hr data-start=\"3074\" data-end=\"3077\" \/>\n<h3 data-start=\"3079\" data-end=\"3120\">Requisiti di sistema (intervallo tipico)<\/h3>\n<p data-start=\"3122\" data-end=\"3148\"><strong data-start=\"3122\" data-end=\"3146\">Requisiti minimi<\/strong><\/p>\n<ul data-start=\"3149\" data-end=\"3290\">\n<li data-start=\"3149\" data-end=\"3176\">\n<p data-start=\"3151\" data-end=\"3176\">Sistema Operativo: Windows 10 (64-bit)<\/p>\n<\/li>\n<li data-start=\"3177\" data-end=\"3209\">\n<p data-start=\"3179\" data-end=\"3209\">CPU: Intel\/AMD moderno a 4 core<\/p>\n<\/li>\n<li data-start=\"3210\" data-end=\"3226\">\n<p data-start=\"3212\" data-end=\"3226\">RAM: 8\u201312 GB<\/p>\n<\/li>\n<li data-start=\"3227\" data-end=\"3266\">\n<p data-start=\"3229\" data-end=\"3266\">GPU: GTX 1050 Ti \/ RX 560 o superiore<\/p>\n<\/li>\n<li data-start=\"3267\" data-end=\"3290\">\n<p data-start=\"3269\" data-end=\"3290\">Archiviazione: ~60\u2013100 GB<\/p>\n<\/li>\n<\/ul>\n<p data-start=\"3292\" data-end=\"3322\"><strong data-start=\"3292\" data-end=\"3320\">Requisiti raccomandati<\/strong><\/p>\n<ul data-start=\"3323\" data-end=\"3423\">\n<li data-start=\"3323\" data-end=\"3348\">\n<p data-start=\"3325\" data-end=\"3348\">CPU: 6 core o superiore<\/p>\n<\/li>\n<li data-start=\"3349\" data-end=\"3363\">\n<p data-start=\"3351\" data-end=\"3363\">RAM: 16 GB<\/p>\n<\/li>\n<li data-start=\"3364\" data-end=\"3406\">\n<p data-start=\"3366\" data-end=\"3406\">GPU: RTX 2060 \/ RX 5600 XT o superiore<\/p>\n<\/li>\n<li data-start=\"3407\" data-end=\"3423\">\n<p data-start=\"3409\" data-end=\"3423\">Archiviazione: SSD<\/p>\n<\/li>\n<\/ul>\n<h3>Come utilizzare il tuo account Steam di WWE 2K24<\/h3>\n<p><img decoding=\"async\" class=\"alignnone wp-image-3511\" src=\"https:\/\/orkza.com\/wp-content\/uploads\/2024\/10\/STEAM-ACTIVATION-GUIDE-400x225.jpg\" alt=\"\" width=\"804\" height=\"453\" title=\"\" srcset=\"https:\/\/orkza.com\/wp-content\/uploads\/2024\/10\/STEAM-ACTIVATION-GUIDE-400x225.jpg 400w, https:\/\/orkza.com\/wp-content\/uploads\/2024\/10\/STEAM-ACTIVATION-GUIDE-430x242.jpg 430w, https:\/\/orkza.com\/wp-content\/uploads\/2024\/10\/STEAM-ACTIVATION-GUIDE-150x84.jpg 150w, https:\/\/orkza.com\/wp-content\/uploads\/2024\/10\/STEAM-ACTIVATION-GUIDE-700x394.jpg 700w, https:\/\/orkza.com\/wp-content\/uploads\/2024\/10\/STEAM-ACTIVATION-GUIDE-768x432.jpg 768w, https:\/\/orkza.com\/wp-content\/uploads\/2024\/10\/STEAM-ACTIVATION-GUIDE.jpg 1280w\" sizes=\"(max-width: 804px) 100vw, 804px\" \/><\/p>\n<p>Dopo l&#8217;acquisto, accedi all&#8217;account Steam fornito sul tuo PC. Una volta loggato, vai alla tua libreria, installa il gioco e clicca sul pulsante play. Dopo qualche minuto, esci dal gioco e passa Steam alla modalit\u00e0 offline, e sei pronto per tuffarti in ore di gameplay emozionante!<\/p>\n<p>Per un processo di configurazione completo, consulta la nostra <a href=\"https:\/\/orkza.com\/it\/steam-account-activation-guide\/\" target=\"_blank\" rel=\"noopener\">Guida all&#8217;Attivazione dell&#8217;Account Steam<\/a><\/p>\n<p>Esplora i nostri nuovi <a href=\"https:\/\/orkza.com\/it\/giochi-pc\/\" target=\"_blank\" rel=\"noopener\">GIOCHI PER PC<\/a><\/p>\n","protected":false},"excerpt":{"rendered":"<p data-start=\"3430\" data-end=\"3590\">Sali sul ring in <em data-start=\"3495\" data-end=\"3505\">WWE 2K24<\/em>. Grafica migliorata, opzioni personalizzate, modalit\u00e0 pi\u00f9 approfondite e spettacolo di wrestling realistico.<\/p>\n<p><img decoding=\"async\" class=\"alignnone wp-image-3526\" src=\"https:\/\/orkza.com\/wp-content\/uploads\/2024\/10\/Steam-Account-Notice-min-300x300.png\" alt=\"\" width=\"41\" height=\"41\" srcset=\"https:\/\/orkza.com\/wp-content\/uploads\/2024\/10\/Steam-Account-Notice-min-300x300.png 300w, https:\/\/orkza.com\/wp-content\/uploads\/2024\/10\/Steam-Account-Notice-min-scaled-430x430.png 430w, https:\/\/orkza.com\/wp-content\/uploads\/2024\/10\/Steam-Account-Notice-min-150x150.png 150w, https:\/\/orkza.com\/wp-content\/uploads\/2024\/10\/Steam-Account-Notice-min-scaled-700x700.png 700w, https:\/\/orkza.com\/wp-content\/uploads\/2024\/10\/Steam-Account-Notice-min-800x800.png 800w, https:\/\/orkza.com\/wp-content\/uploads\/2024\/10\/Steam-Account-Notice-min-768x768.png 768w, https:\/\/orkza.com\/wp-content\/uploads\/2024\/10\/Steam-Account-Notice-min-1536x1536.png 1536w, https:\/\/orkza.com\/wp-content\/uploads\/2024\/10\/Steam-Account-Notice-min-2048x2048.png 2048w\" sizes=\"(max-width: 41px) 100vw, 41px\" \/><strong>Nota: I dati dell&#8217;account non possono essere modificati. Questo \u00e8 un Account Steam con Accesso a Vita solo per il gioco offline <\/strong><\/p>\n","protected":false},"featured_media":10763,"comment_status":"open","ping_status":"closed","template":"","meta":[],"product_brand":[],"product_cat":[140],"product_tag":[173],"class_list":{"0":"post-10548","1":"product","2":"type-product","3":"status-publish","4":"has-post-thumbnail","6":"product_cat-azione","7":"product_tag-steam-it","9":"first","10":"instock","11":"sale","12":"virtual","13":"purchasable","14":"product-type-simple"},"_links":{"self":[{"href":"https:\/\/orkza.com\/it\/wp-json\/wp\/v2\/product\/10548","targetHints":{"allow":["GET"]}}],"collection":[{"href":"https:\/\/orkza.com\/it\/wp-json\/wp\/v2\/product"}],"about":[{"href":"https:\/\/orkza.com\/it\/wp-json\/wp\/v2\/types\/product"}],"replies":[{"embeddable":true,"href":"https:\/\/orkza.com\/it\/wp-json\/wp\/v2\/comments?post=10548"}],"version-history":[{"count":3,"href":"https:\/\/orkza.com\/it\/wp-json\/wp\/v2\/product\/10548\/revisions"}],"predecessor-version":[{"id":16392,"href":"https:\/\/orkza.com\/it\/wp-json\/wp\/v2\/product\/10548\/revisions\/16392"}],"wp:featuredmedia":[{"embeddable":true,"href":"https:\/\/orkza.com\/it\/wp-json\/wp\/v2\/media\/10763"}],"wp:attachment":[{"href":"https:\/\/orkza.com\/it\/wp-json\/wp\/v2\/media?parent=10548"}],"wp:term":[{"taxonomy":"product_brand","embeddable":true,"href":"https:\/\/orkza.com\/it\/wp-json\/wp\/v2\/product_brand?post=10548"},{"taxonomy":"product_cat","embeddable":true,"href":"https:\/\/orkza.com\/it\/wp-json\/wp\/v2\/product_cat?post=10548"},{"taxonomy":"product_tag","embeddable":true,"href":"https:\/\/orkza.com\/it\/wp-json\/wp\/v2\/product_tag?post=10548"}],"curies":[{"name":"wp","href":"https:\/\/api.w.org\/{rel}","templated":true}]}}