{"id":10520,"date":"2025-09-24T02:13:36","date_gmt":"2025-09-24T02:13:36","guid":{"rendered":"https:\/\/orkza.com\/?post_type=product&#038;p=10520"},"modified":"2026-02-26T06:06:31","modified_gmt":"2026-02-26T06:06:31","slug":"avowed-premium-edition-steam-account","status":"publish","type":"product","link":"https:\/\/orkza.com\/it\/prodotto\/avowed-premium-edition-steam-account\/","title":{"rendered":"Account Steam di Avowed Premium Edition"},"content":{"rendered":"<h2 data-start=\"4681\" data-end=\"4760\"><strong data-start=\"4684\" data-end=\"4760\">Account Steam di Avowed Premium Edition \u2013 Magia, lame e misteri di Eora<\/strong><\/h2>\n<p data-start=\"4762\" data-end=\"5137\">Gioca a <strong data-start=\"4767\" data-end=\"4847\"><a class=\"decorated-link\" href=\"https:\/\/store.steampowered.com\/app\/2457220\/Avowed\/?utm_source=chatgpt.com\" target=\"_new\" rel=\"noopener\" data-start=\"4769\" data-end=\"4845\">Avowed Premium Edition<\/a><\/strong> tramite il nostro account Steam ed esplora le mistiche terre di Eora in questo action RPG in prima\/terza persona di Obsidian. Impugna due spade, lancia incantesimi o combina entrambi per farti strada attraverso intrighi politici, magia antica e combattimenti epici.<\/p>\n<p data-start=\"5139\" data-end=\"5637\">In <em data-start=\"5142\" data-end=\"5150\">Avowed<\/em>, ti risvegli nelle Terre Vive, una regione dilaniata da una strana piaga nota come Flagello del Sogno. Come inviato dell&#8217;Impero Aedyr, puoi plasmare la storia attraverso scelte, conversazioni e alleanze. Il combattimento \u00e8 flessibile: passa da mischia, distanza, magia e scudo, con profondi alberi delle abilit\u00e0, potenziamenti delle armi e comportamento dinamico dei nemici. Il mondo \u00e8 diviso in zone, ognuna con ambienti unici, missioni secondarie, tradizione e opportunit\u00e0 di esplorazione.<\/p>\n<p data-start=\"5639\" data-end=\"5928\">La Premium Edition offre contenuti bonus: accesso anticipato, oggetti cosmetici esclusivi, artbook e colonna sonora digitali ed eventualmente espansioni o DLC alla data di uscita, a seconda dell&#8217;edizione. Ottieni la priorit\u00e0 nell&#8217;avvio anticipato del gioco e ricompense bonus.<\/p>\n<p data-start=\"5930\" data-end=\"6264\">Visivamente, la versione per PC offre miglioramenti: texture ad alta risoluzione, supporto ray tracing, framerate sbloccati, compatibilit\u00e0 con monitor ultrawide e ottimizzazione delle prestazioni. L&#8217;ottimizzazione \u00e8 migliorata dal lancio, con migliori prestazioni su Steam Deck e impostazioni che bilanciano grafica e frame rate.<\/p>\n<hr data-start=\"6266\" data-end=\"6269\" \/>\n<h3 data-start=\"6271\" data-end=\"6296\">Requisiti di sistema<\/h3>\n<p data-start=\"6298\" data-end=\"6331\"><strong data-start=\"6298\" data-end=\"6329\">Requisiti Minimi di Sistema<\/strong><\/p>\n<ul data-start=\"6332\" data-end=\"6705\">\n<li data-start=\"6332\" data-end=\"6413\">\n<p data-start=\"6334\" data-end=\"6413\">Sistema operativo: Windows 10\/11 con gli ultimi aggiornamenti<\/p>\n<\/li>\n<li data-start=\"6414\" data-end=\"6495\">\n<p data-start=\"6416\" data-end=\"6495\">CPU: AMD Ryzen 5 2600 \/ Intel i5-8400<\/p>\n<\/li>\n<li data-start=\"6496\" data-end=\"6550\">\n<p data-start=\"6498\" data-end=\"6550\">RAM: 16 GB<\/p>\n<\/li>\n<li data-start=\"6551\" data-end=\"6646\">\n<p data-start=\"6553\" data-end=\"6646\">GPU: AMD RX 5700 \/ NVIDIA GTX 1070 \/ Intel arc A580<\/p>\n<\/li>\n<li data-start=\"6551\" data-end=\"6646\">\n<p data-start=\"6553\" data-end=\"6646\">Archiviazione: 75 GB<\/p>\n<\/li>\n<\/ul>\n<p data-start=\"6707\" data-end=\"6744\"><strong data-start=\"6707\" data-end=\"6742\">Requisiti di Sistema Consigliati<\/strong><\/p>\n<ul data-start=\"6745\" data-end=\"6911\">\n<li data-start=\"6745\" data-end=\"6829\">\n<p data-start=\"6747\" data-end=\"6829\">CPU: AMD Ryzen 5 5600X \/ Intel i7-10700K<\/p>\n<\/li>\n<li data-start=\"6830\" data-end=\"6911\">\n<p data-start=\"6832\" data-end=\"6911\">GPU: AMD RX 6800 XT \/ NVIDIA RTX 3080<\/p>\n<\/li>\n<\/ul>\n<h3>Come utilizzare il tuo account Steam di Avowed<\/h3>\n<p><img decoding=\"async\" class=\"alignnone wp-image-3511\" src=\"https:\/\/orkza.com\/wp-content\/uploads\/2024\/10\/STEAM-ACTIVATION-GUIDE-400x225.jpg\" alt=\"\" width=\"804\" height=\"453\" title=\"\" srcset=\"https:\/\/orkza.com\/wp-content\/uploads\/2024\/10\/STEAM-ACTIVATION-GUIDE-400x225.jpg 400w, https:\/\/orkza.com\/wp-content\/uploads\/2024\/10\/STEAM-ACTIVATION-GUIDE-430x242.jpg 430w, https:\/\/orkza.com\/wp-content\/uploads\/2024\/10\/STEAM-ACTIVATION-GUIDE-150x84.jpg 150w, https:\/\/orkza.com\/wp-content\/uploads\/2024\/10\/STEAM-ACTIVATION-GUIDE-700x394.jpg 700w, https:\/\/orkza.com\/wp-content\/uploads\/2024\/10\/STEAM-ACTIVATION-GUIDE-768x432.jpg 768w, https:\/\/orkza.com\/wp-content\/uploads\/2024\/10\/STEAM-ACTIVATION-GUIDE.jpg 1280w\" sizes=\"(max-width: 804px) 100vw, 804px\" \/><\/p>\n<p>Dopo l&#8217;acquisto, accedi all&#8217;account Steam fornito sul tuo PC. Una volta loggato, vai alla tua libreria, installa il gioco e clicca sul pulsante play. Dopo qualche minuto, esci dal gioco e passa Steam alla modalit\u00e0 offline, e sei pronto per tuffarti in ore di gameplay emozionante!<\/p>\n<p>Per un processo di configurazione completo, consulta la nostra <a href=\"https:\/\/orkza.com\/it\/steam-account-activation-guide\/\" target=\"_blank\" rel=\"noopener\">Guida all&#8217;Attivazione dell&#8217;Account Steam<\/a><\/p>\n<p>Esplora i nostri nuovi <a href=\"https:\/\/orkza.com\/it\/giochi-pc\/\" target=\"_blank\" rel=\"noopener\">GIOCHI PER PC<\/a><\/p>\n","protected":false},"excerpt":{"rendered":"<p data-start=\"6918\" data-end=\"7082\">Esplora il destino di Eora in <em data-start=\"6987\" data-end=\"7011\">Avowed Premium Edition<\/em>. Magie, combattimenti con lame, storia guidata dalle scelte e contenuti bonus inclusi.<\/p>\n<p><img decoding=\"async\" class=\"alignnone wp-image-3526\" src=\"https:\/\/orkza.com\/wp-content\/uploads\/2024\/10\/Steam-Account-Notice-min-300x300.png\" alt=\"\" width=\"41\" height=\"41\" srcset=\"https:\/\/orkza.com\/wp-content\/uploads\/2024\/10\/Steam-Account-Notice-min-300x300.png 300w, https:\/\/orkza.com\/wp-content\/uploads\/2024\/10\/Steam-Account-Notice-min-scaled-430x430.png 430w, https:\/\/orkza.com\/wp-content\/uploads\/2024\/10\/Steam-Account-Notice-min-150x150.png 150w, https:\/\/orkza.com\/wp-content\/uploads\/2024\/10\/Steam-Account-Notice-min-scaled-700x700.png 700w, https:\/\/orkza.com\/wp-content\/uploads\/2024\/10\/Steam-Account-Notice-min-800x800.png 800w, https:\/\/orkza.com\/wp-content\/uploads\/2024\/10\/Steam-Account-Notice-min-768x768.png 768w, https:\/\/orkza.com\/wp-content\/uploads\/2024\/10\/Steam-Account-Notice-min-1536x1536.png 1536w, https:\/\/orkza.com\/wp-content\/uploads\/2024\/10\/Steam-Account-Notice-min-2048x2048.png 2048w\" sizes=\"(max-width: 41px) 100vw, 41px\" \/><strong>Nota: I dati dell&#8217;account non possono essere modificati. Questo \u00e8 un Account Steam con Accesso a Vita solo per il gioco offline <\/strong><\/p>\n","protected":false},"featured_media":10724,"comment_status":"open","ping_status":"closed","template":"","meta":[],"product_brand":[],"product_cat":[145],"product_tag":[173],"class_list":{"0":"post-10520","1":"product","2":"type-product","3":"status-publish","4":"has-post-thumbnail","6":"product_cat-rpg","7":"product_tag-steam-it","9":"first","10":"instock","11":"sale","12":"virtual","13":"purchasable","14":"product-type-simple"},"_links":{"self":[{"href":"https:\/\/orkza.com\/it\/wp-json\/wp\/v2\/product\/10520","targetHints":{"allow":["GET"]}}],"collection":[{"href":"https:\/\/orkza.com\/it\/wp-json\/wp\/v2\/product"}],"about":[{"href":"https:\/\/orkza.com\/it\/wp-json\/wp\/v2\/types\/product"}],"replies":[{"embeddable":true,"href":"https:\/\/orkza.com\/it\/wp-json\/wp\/v2\/comments?post=10520"}],"version-history":[{"count":3,"href":"https:\/\/orkza.com\/it\/wp-json\/wp\/v2\/product\/10520\/revisions"}],"predecessor-version":[{"id":16476,"href":"https:\/\/orkza.com\/it\/wp-json\/wp\/v2\/product\/10520\/revisions\/16476"}],"wp:featuredmedia":[{"embeddable":true,"href":"https:\/\/orkza.com\/it\/wp-json\/wp\/v2\/media\/10724"}],"wp:attachment":[{"href":"https:\/\/orkza.com\/it\/wp-json\/wp\/v2\/media?parent=10520"}],"wp:term":[{"taxonomy":"product_brand","embeddable":true,"href":"https:\/\/orkza.com\/it\/wp-json\/wp\/v2\/product_brand?post=10520"},{"taxonomy":"product_cat","embeddable":true,"href":"https:\/\/orkza.com\/it\/wp-json\/wp\/v2\/product_cat?post=10520"},{"taxonomy":"product_tag","embeddable":true,"href":"https:\/\/orkza.com\/it\/wp-json\/wp\/v2\/product_tag?post=10520"}],"curies":[{"name":"wp","href":"https:\/\/api.w.org\/{rel}","templated":true}]}}