{"id":10518,"date":"2025-09-24T02:13:35","date_gmt":"2025-09-24T02:13:35","guid":{"rendered":"https:\/\/orkza.com\/?post_type=product&#038;p=10518"},"modified":"2026-02-26T06:06:57","modified_gmt":"2026-02-26T06:06:57","slug":"sid-meiers-civilization-vii-settlers-edition-steam-account","status":"publish","type":"product","link":"https:\/\/orkza.com\/it\/prodotto\/sid-meiers-civilization-vii-settlers-edition-steam-account\/","title":{"rendered":"Account Steam di Sid Meier&#8217;s Civilization VII Settler&#8217;s Edition"},"content":{"rendered":"<h2 data-start=\"2376\" data-end=\"2463\"><strong data-start=\"2379\" data-end=\"2463\">Account Steam di Sid Meier\u2019s Civilization VII: Settler\u2019s \u2013 costruisci, esplora, domina<\/strong><\/h2>\n<p data-start=\"2465\" data-end=\"2911\">Gioca a <strong data-start=\"2470\" data-end=\"2587\"><a class=\"decorated-link cursor-pointer\" href=\"https:\/\/store.steampowered.com\/app\/1295660\/Sid_Meiers_Civilization_VII\/\" target=\"_new\" rel=\"noopener\" data-start=\"2472\" data-end=\"2585\">Sid Meier\u2019s Civilization VII: Settler\u2019s<\/a><\/strong> tramite il nostro account Steam e guida il tuo popolo da umili origini al dominio globale. <em data-start=\"2704\" data-end=\"2715\">Settler\u2019s<\/em> introduce una gestione raffinata della citt\u00e0, una diplomazia pi\u00f9 profonda e sistemi ambientali ampliati, pur mantenendo la profondit\u00e0 strategica e la costruzione di imperi a turni per cui la serie Civilization \u00e8 nota.<\/p>\n<p data-start=\"2913\" data-end=\"3523\">In <em data-start=\"2916\" data-end=\"2945\">Civilization VII: Settler\u2019s<\/em>, ogni civilt\u00e0 inizia con interazioni del terreno pi\u00f9 dinamiche: disastri naturali, cambiamenti ecologici, rotte commerciali che influenzano l&#8217;ambiente e l&#8217;equilibrio tra industria e sostenibilit\u00e0. I costruttori di citt\u00e0 apprezzeranno i miglioramenti nella specializzazione dei distretti, nell&#8217;assegnazione dei cittadini e nello sviluppo infrastrutturale. La diplomazia \u00e8 pi\u00f9 reattiva: alleanze, accordi commerciali e minacce si evolvono in base ai progressi, alla reputazione e alle scelte del tuo impero. La guerra rimane ampia ma ponderata, con diversit\u00e0 di unit\u00e0, vantaggio del terreno e supporto logistico che giocano ruoli vitali.<\/p>\n<p data-start=\"3525\" data-end=\"3867\">Il gameplay aggiunge anche pi\u00f9 sfide emergenti a met\u00e0 partita\u2014flussi migratori, pressione ideologica, effetti del cambiamento climatico\u2014che ti costringono ad adattare le tue strategie a lungo termine. La grafica \u00e8 curata: tessere della mappa altamente dettagliate, illuminazione pi\u00f9 ricca, animazioni pi\u00f9 fluide e scale di visualizzazione estese che ti permettono di zoomare dalla mappa del mondo al dettaglio della citt\u00e0 senza soluzione di continuit\u00e0.<\/p>\n<p data-start=\"3869\" data-end=\"4067\">Dato che <em data-start=\"3875\" data-end=\"3886\">Settler\u2019s<\/em> \u00e8 una versione pi\u00f9 recente, le specifiche PC ufficiali non sono ancora state completamente pubblicate. Ma basandosi sui precedenti titoli di Civilization e sugli attuali standard dei giochi di strategia, ecco i probabili livelli di requisiti di sistema:<\/p>\n<hr data-start=\"4069\" data-end=\"4072\" \/>\n<h3 data-start=\"4074\" data-end=\"4109\">Requisiti di sistema (stimati)<\/h3>\n<p data-start=\"4111\" data-end=\"4137\"><strong data-start=\"4111\" data-end=\"4135\">Requisiti minimi<\/strong><\/p>\n<ul data-start=\"4138\" data-end=\"4322\">\n<li data-start=\"4138\" data-end=\"4165\">\n<p data-start=\"4140\" data-end=\"4165\">Sistema Operativo: Windows 10 (64-bit)<\/p>\n<\/li>\n<li data-start=\"4166\" data-end=\"4226\">\n<p data-start=\"4168\" data-end=\"4226\">CPU: Intel\/AMD quad-core moderno (es. Core i5 \/ Ryzen 5)<\/p>\n<\/li>\n<li data-start=\"4227\" data-end=\"4243\">\n<p data-start=\"4229\" data-end=\"4243\">RAM: 8-12 GB<\/p>\n<\/li>\n<li data-start=\"4244\" data-end=\"4295\">\n<p data-start=\"4246\" data-end=\"4295\">GPU: GPU dedicata (es. classe GTX 960 \/ RX 470)<\/p>\n<\/li>\n<li data-start=\"4296\" data-end=\"4322\">\n<p data-start=\"4298\" data-end=\"4322\">Archiviazione: ~20-30 GB SSD<\/p>\n<\/li>\n<\/ul>\n<p data-start=\"4324\" data-end=\"4354\"><strong data-start=\"4324\" data-end=\"4352\">Requisiti raccomandati<\/strong><\/p>\n<ul data-start=\"4355\" data-end=\"4494\">\n<li data-start=\"4355\" data-end=\"4387\">\n<p data-start=\"4357\" data-end=\"4387\">CPU: CPU moderna a 6-8 core<\/p>\n<\/li>\n<li data-start=\"4388\" data-end=\"4410\">\n<p data-start=\"4390\" data-end=\"4410\">RAM: 16 GB o pi\u00f9<\/p>\n<\/li>\n<li data-start=\"4411\" data-end=\"4477\">\n<p data-start=\"4413\" data-end=\"4477\">GPU: GPU di fascia medio-alta (es. RTX 2060 \/ RX 5600 XT o superiore)<\/p>\n<\/li>\n<li data-start=\"4478\" data-end=\"4494\">\n<p data-start=\"4480\" data-end=\"4494\">Archiviazione: SSD<\/p>\n<\/li>\n<\/ul>\n<h3>Come usare il tuo account Steam di Sid Meier\u2019s Civilization VII: Settler\u2019s<\/h3>\n<p><img decoding=\"async\" class=\"alignnone wp-image-3511\" src=\"https:\/\/orkza.com\/wp-content\/uploads\/2024\/10\/STEAM-ACTIVATION-GUIDE-400x225.jpg\" alt=\"\" width=\"804\" height=\"453\" title=\"\" srcset=\"https:\/\/orkza.com\/wp-content\/uploads\/2024\/10\/STEAM-ACTIVATION-GUIDE-400x225.jpg 400w, https:\/\/orkza.com\/wp-content\/uploads\/2024\/10\/STEAM-ACTIVATION-GUIDE-430x242.jpg 430w, https:\/\/orkza.com\/wp-content\/uploads\/2024\/10\/STEAM-ACTIVATION-GUIDE-150x84.jpg 150w, https:\/\/orkza.com\/wp-content\/uploads\/2024\/10\/STEAM-ACTIVATION-GUIDE-700x394.jpg 700w, https:\/\/orkza.com\/wp-content\/uploads\/2024\/10\/STEAM-ACTIVATION-GUIDE-768x432.jpg 768w, https:\/\/orkza.com\/wp-content\/uploads\/2024\/10\/STEAM-ACTIVATION-GUIDE.jpg 1280w\" sizes=\"(max-width: 804px) 100vw, 804px\" \/><\/p>\n<p>Dopo l&#8217;acquisto, accedi all&#8217;account Steam fornito sul tuo PC. Una volta loggato, vai alla tua libreria, installa il gioco e clicca sul pulsante play. Dopo qualche minuto, esci dal gioco e passa Steam alla modalit\u00e0 offline, e sei pronto per tuffarti in ore di gameplay emozionante!<\/p>\n<p>Per un processo di configurazione completo, consulta la nostra <a href=\"https:\/\/orkza.com\/it\/steam-account-activation-guide\/\" target=\"_blank\" rel=\"noopener\">Guida all&#8217;Attivazione dell&#8217;Account Steam<\/a><\/p>\n<p>Esplora i nostri nuovi <a href=\"https:\/\/orkza.com\/it\/giochi-pc\/\" target=\"_blank\" rel=\"noopener\">GIOCHI PER PC<\/a><\/p>\n","protected":false},"excerpt":{"rendered":"<p data-start=\"3152\" data-end=\"3301\">Plasma la tua civilt\u00e0 in <em data-start=\"4571\" data-end=\"4600\">Civilization VII: Settler\u2019s<\/em>. Costruisci citt\u00e0, fai diplomazia, affronta disastri e domina il tuo mondo.<\/p>\n<p><img decoding=\"async\" class=\"alignnone wp-image-3526\" src=\"https:\/\/orkza.com\/wp-content\/uploads\/2024\/10\/Steam-Account-Notice-min-300x300.png\" alt=\"\" width=\"41\" height=\"41\" srcset=\"https:\/\/orkza.com\/wp-content\/uploads\/2024\/10\/Steam-Account-Notice-min-300x300.png 300w, https:\/\/orkza.com\/wp-content\/uploads\/2024\/10\/Steam-Account-Notice-min-scaled-430x430.png 430w, https:\/\/orkza.com\/wp-content\/uploads\/2024\/10\/Steam-Account-Notice-min-150x150.png 150w, https:\/\/orkza.com\/wp-content\/uploads\/2024\/10\/Steam-Account-Notice-min-scaled-700x700.png 700w, https:\/\/orkza.com\/wp-content\/uploads\/2024\/10\/Steam-Account-Notice-min-800x800.png 800w, https:\/\/orkza.com\/wp-content\/uploads\/2024\/10\/Steam-Account-Notice-min-768x768.png 768w, https:\/\/orkza.com\/wp-content\/uploads\/2024\/10\/Steam-Account-Notice-min-1536x1536.png 1536w, https:\/\/orkza.com\/wp-content\/uploads\/2024\/10\/Steam-Account-Notice-min-2048x2048.png 2048w\" sizes=\"(max-width: 41px) 100vw, 41px\" \/><strong>Nota: I dati dell&#8217;account non possono essere modificati. Questo \u00e8 un Account Steam con Accesso a Vita solo per il gioco offline <\/strong><\/p>\n","protected":false},"featured_media":10694,"comment_status":"open","ping_status":"closed","template":"","meta":[],"product_brand":[],"product_cat":[148],"product_tag":[173],"class_list":{"0":"post-10518","1":"product","2":"type-product","3":"status-publish","4":"has-post-thumbnail","6":"product_cat-strategia","7":"product_tag-steam-it","9":"first","10":"instock","11":"sale","12":"virtual","13":"purchasable","14":"product-type-simple"},"_links":{"self":[{"href":"https:\/\/orkza.com\/it\/wp-json\/wp\/v2\/product\/10518","targetHints":{"allow":["GET"]}}],"collection":[{"href":"https:\/\/orkza.com\/it\/wp-json\/wp\/v2\/product"}],"about":[{"href":"https:\/\/orkza.com\/it\/wp-json\/wp\/v2\/types\/product"}],"replies":[{"embeddable":true,"href":"https:\/\/orkza.com\/it\/wp-json\/wp\/v2\/comments?post=10518"}],"version-history":[{"count":3,"href":"https:\/\/orkza.com\/it\/wp-json\/wp\/v2\/product\/10518\/revisions"}],"predecessor-version":[{"id":16475,"href":"https:\/\/orkza.com\/it\/wp-json\/wp\/v2\/product\/10518\/revisions\/16475"}],"wp:featuredmedia":[{"embeddable":true,"href":"https:\/\/orkza.com\/it\/wp-json\/wp\/v2\/media\/10694"}],"wp:attachment":[{"href":"https:\/\/orkza.com\/it\/wp-json\/wp\/v2\/media?parent=10518"}],"wp:term":[{"taxonomy":"product_brand","embeddable":true,"href":"https:\/\/orkza.com\/it\/wp-json\/wp\/v2\/product_brand?post=10518"},{"taxonomy":"product_cat","embeddable":true,"href":"https:\/\/orkza.com\/it\/wp-json\/wp\/v2\/product_cat?post=10518"},{"taxonomy":"product_tag","embeddable":true,"href":"https:\/\/orkza.com\/it\/wp-json\/wp\/v2\/product_tag?post=10518"}],"curies":[{"name":"wp","href":"https:\/\/api.w.org\/{rel}","templated":true}]}}