{"id":10490,"date":"2025-09-24T02:13:13","date_gmt":"2025-09-24T02:13:13","guid":{"rendered":"https:\/\/orkza.com\/?post_type=product&#038;p=10490"},"modified":"2026-02-26T05:52:47","modified_gmt":"2026-02-26T05:52:47","slug":"nba-2k25-all-star-edition-steam-account","status":"publish","type":"product","link":"https:\/\/orkza.com\/it\/prodotto\/nba-2k25-all-star-edition-steam-account\/","title":{"rendered":"Account Steam NBA 2K25 edizione All-Star"},"content":{"rendered":"<h2 data-start=\"4232\" data-end=\"4304\"><strong data-start=\"4235\" data-end=\"4304\">Account Steam NBA 2K25 edizione All-Star \u2013 gioco, glamour &amp; bonus<\/strong><\/h2>\n<p data-start=\"4306\" data-end=\"4651\">Gioca a <strong data-start=\"4311\" data-end=\"4396\"><a class=\"decorated-link\" href=\"https:\/\/store.steampowered.com\/app\/2878980\/NBA_2K25\/?utm_source=chatgpt.com\" target=\"_new\" rel=\"noopener\" data-start=\"4313\" data-end=\"4394\">NBA 2K25 All-Star Edition<\/a><\/strong> tramite il nostro account Steam e vivi l&#8217;esperienza di basket definitiva. Questa edizione include il gioco completo pi\u00f9 contenuti bonus come carte MyTEAM extra, VC (valuta virtuale), pacchetti cosmetici e vantaggi di accesso anticipato.<\/p>\n<p data-start=\"4653\" data-end=\"5009\">Sul campo, <em data-start=\"4667\" data-end=\"4677\">NBA 2K25<\/em> offre roster aggiornati, IA avanzata, animazioni pi\u00f9 fluide e fisica realistica. Gioca a MyCareer, MyTeam e alle modalit\u00e0 online con sistemi di progressione pi\u00f9 profondi. L&#8217;edizione per PC supporta un framerate sbloccato, effetti visivi ad alta fedelt\u00e0 e l&#8217;opzione per regolare la grafica per prestazioni o presentazione.<\/p>\n<p data-start=\"5011\" data-end=\"5206\">Le prestazioni su Steam Deck sono favorevoli: molti giocatori segnalano 60 FPS raggiungibili con impostazioni regolate, anche se le modalit\u00e0 visive pi\u00f9 elevate potrebbero mettere sotto sforzo alcuni hardware.<\/p>\n<hr data-start=\"5208\" data-end=\"5211\" \/>\n<h3 data-start=\"5213\" data-end=\"5238\">Requisiti di sistema<\/h3>\n<p data-start=\"5240\" data-end=\"5273\"><strong data-start=\"5240\" data-end=\"5271\">Requisiti Minimi di Sistema<\/strong><\/p>\n<ul data-start=\"5274\" data-end=\"5744\">\n<li data-start=\"5274\" data-end=\"5348\">\n<p data-start=\"5276\" data-end=\"5348\">SO: Windows 10 64-bit (pi\u00f9 recente)<\/p>\n<\/li>\n<li data-start=\"5349\" data-end=\"5435\">\n<p data-start=\"5351\" data-end=\"5435\">CPU: Intel Core i3-9100 \/ AMD Ryzen 3 1200<\/p>\n<\/li>\n<li data-start=\"5436\" data-end=\"5489\">\n<p data-start=\"5438\" data-end=\"5489\">RAM: 8 GB<\/p>\n<\/li>\n<li data-start=\"5490\" data-end=\"5597\">\n<p data-start=\"5492\" data-end=\"5597\">GPU: NVIDIA GTX 960 (4 GB) \/ AMD RX 570 (4 GB) \/ Intel Arc A580<\/p>\n<\/li>\n<li data-start=\"5598\" data-end=\"5661\">\n<p data-start=\"5600\" data-end=\"5661\">DirectX: versione 12<\/p>\n<\/li>\n<li data-start=\"5662\" data-end=\"5744\">\n<p data-start=\"5664\" data-end=\"5744\">Archiviazione: 150 GB liberi (SSD consigliato)<\/p>\n<\/li>\n<\/ul>\n<p data-start=\"5746\" data-end=\"5783\"><strong data-start=\"5746\" data-end=\"5781\">Requisiti di Sistema Consigliati<\/strong><\/p>\n<ul data-start=\"5784\" data-end=\"6087\">\n<li data-start=\"5784\" data-end=\"5872\">\n<p data-start=\"5786\" data-end=\"5872\">CPU: Intel Core i5-10600 \/ AMD Ryzen 5 3600X<\/p>\n<\/li>\n<li data-start=\"5873\" data-end=\"5927\">\n<p data-start=\"5875\" data-end=\"5927\">RAM: 16 GB<\/p>\n<\/li>\n<li data-start=\"5928\" data-end=\"6023\">\n<p data-start=\"5930\" data-end=\"6023\">GPU: NVIDIA RTX 2070 \/ AMD RX 5700 \/ Intel Arc A770<\/p>\n<\/li>\n<li data-start=\"6024\" data-end=\"6087\">\n<p data-start=\"6026\" data-end=\"6087\">Archiviazione: 150 GB SSD<\/p>\n<\/li>\n<\/ul>\n<h3>Come usare il tuo account Steam di NBA 2K25<\/h3>\n<p><img decoding=\"async\" class=\"alignnone wp-image-3511\" src=\"https:\/\/orkza.com\/wp-content\/uploads\/2024\/10\/STEAM-ACTIVATION-GUIDE-400x225.jpg\" alt=\"\" width=\"804\" height=\"453\" title=\"\" srcset=\"https:\/\/orkza.com\/wp-content\/uploads\/2024\/10\/STEAM-ACTIVATION-GUIDE-400x225.jpg 400w, https:\/\/orkza.com\/wp-content\/uploads\/2024\/10\/STEAM-ACTIVATION-GUIDE-430x242.jpg 430w, https:\/\/orkza.com\/wp-content\/uploads\/2024\/10\/STEAM-ACTIVATION-GUIDE-150x84.jpg 150w, https:\/\/orkza.com\/wp-content\/uploads\/2024\/10\/STEAM-ACTIVATION-GUIDE-700x394.jpg 700w, https:\/\/orkza.com\/wp-content\/uploads\/2024\/10\/STEAM-ACTIVATION-GUIDE-768x432.jpg 768w, https:\/\/orkza.com\/wp-content\/uploads\/2024\/10\/STEAM-ACTIVATION-GUIDE.jpg 1280w\" sizes=\"(max-width: 804px) 100vw, 804px\" \/><\/p>\n<p>Dopo l&#8217;acquisto, accedi all&#8217;account Steam fornito sul tuo PC. Una volta loggato, vai alla tua libreria, installa il gioco e clicca sul pulsante play. Dopo qualche minuto, esci dal gioco e passa Steam alla modalit\u00e0 offline, e sei pronto per tuffarti in ore di gameplay emozionante!<\/p>\n<p>Per un processo di configurazione completo, consulta la nostra <a href=\"https:\/\/orkza.com\/it\/steam-account-activation-guide\/\" target=\"_blank\" rel=\"noopener\">Guida all&#8217;Attivazione dell&#8217;Account Steam<\/a><\/p>\n<p>Esplora i nostri nuovi <a href=\"https:\/\/orkza.com\/it\/giochi-pc\/\" target=\"_blank\" rel=\"noopener\">GIOCHI PER PC<\/a><\/p>\n","protected":false},"excerpt":{"rendered":"<p data-start=\"6094\" data-end=\"6259\">Domina il campo in <em data-start=\"6159\" data-end=\"6186\">NBA 2K25 All-Star Edition<\/em>. Ti aspettano il gioco completo + pacchetti bonus, grafica migliorata e un gameplay di nuova generazione.<\/p>\n<p><img decoding=\"async\" class=\"alignnone wp-image-3526\" src=\"https:\/\/orkza.com\/wp-content\/uploads\/2024\/10\/Steam-Account-Notice-min-300x300.png\" alt=\"\" width=\"41\" height=\"41\" srcset=\"https:\/\/orkza.com\/wp-content\/uploads\/2024\/10\/Steam-Account-Notice-min-300x300.png 300w, https:\/\/orkza.com\/wp-content\/uploads\/2024\/10\/Steam-Account-Notice-min-scaled-430x430.png 430w, https:\/\/orkza.com\/wp-content\/uploads\/2024\/10\/Steam-Account-Notice-min-150x150.png 150w, https:\/\/orkza.com\/wp-content\/uploads\/2024\/10\/Steam-Account-Notice-min-scaled-700x700.png 700w, https:\/\/orkza.com\/wp-content\/uploads\/2024\/10\/Steam-Account-Notice-min-800x800.png 800w, https:\/\/orkza.com\/wp-content\/uploads\/2024\/10\/Steam-Account-Notice-min-768x768.png 768w, https:\/\/orkza.com\/wp-content\/uploads\/2024\/10\/Steam-Account-Notice-min-1536x1536.png 1536w, https:\/\/orkza.com\/wp-content\/uploads\/2024\/10\/Steam-Account-Notice-min-2048x2048.png 2048w\" sizes=\"(max-width: 41px) 100vw, 41px\" \/><strong>Nota: I dati dell&#8217;account non possono essere modificati. Questo \u00e8 un Account Steam con Accesso a Vita solo per il gioco offline <\/strong><\/p>\n","protected":false},"featured_media":10677,"comment_status":"open","ping_status":"closed","template":"","meta":[],"product_brand":[],"product_cat":[142],"product_tag":[173],"class_list":{"0":"post-10490","1":"product","2":"type-product","3":"status-publish","4":"has-post-thumbnail","6":"product_cat-casual","7":"product_tag-steam-it","9":"first","10":"instock","11":"sale","12":"virtual","13":"purchasable","14":"product-type-simple"},"_links":{"self":[{"href":"https:\/\/orkza.com\/it\/wp-json\/wp\/v2\/product\/10490","targetHints":{"allow":["GET"]}}],"collection":[{"href":"https:\/\/orkza.com\/it\/wp-json\/wp\/v2\/product"}],"about":[{"href":"https:\/\/orkza.com\/it\/wp-json\/wp\/v2\/types\/product"}],"replies":[{"embeddable":true,"href":"https:\/\/orkza.com\/it\/wp-json\/wp\/v2\/comments?post=10490"}],"version-history":[{"count":3,"href":"https:\/\/orkza.com\/it\/wp-json\/wp\/v2\/product\/10490\/revisions"}],"predecessor-version":[{"id":16461,"href":"https:\/\/orkza.com\/it\/wp-json\/wp\/v2\/product\/10490\/revisions\/16461"}],"wp:featuredmedia":[{"embeddable":true,"href":"https:\/\/orkza.com\/it\/wp-json\/wp\/v2\/media\/10677"}],"wp:attachment":[{"href":"https:\/\/orkza.com\/it\/wp-json\/wp\/v2\/media?parent=10490"}],"wp:term":[{"taxonomy":"product_brand","embeddable":true,"href":"https:\/\/orkza.com\/it\/wp-json\/wp\/v2\/product_brand?post=10490"},{"taxonomy":"product_cat","embeddable":true,"href":"https:\/\/orkza.com\/it\/wp-json\/wp\/v2\/product_cat?post=10490"},{"taxonomy":"product_tag","embeddable":true,"href":"https:\/\/orkza.com\/it\/wp-json\/wp\/v2\/product_tag?post=10490"}],"curies":[{"name":"wp","href":"https:\/\/api.w.org\/{rel}","templated":true}]}}