{"id":10484,"date":"2025-09-24T02:13:09","date_gmt":"2025-09-24T02:13:09","guid":{"rendered":"https:\/\/orkza.com\/?post_type=product&#038;p=10484"},"modified":"2026-02-26T05:55:08","modified_gmt":"2026-02-26T05:55:08","slug":"metaphor-refantazio-steam-account","status":"publish","type":"product","link":"https:\/\/orkza.com\/it\/prodotto\/metaphor-refantazio-steam-account\/","title":{"rendered":"Account Steam di Metaphor ReFantazio"},"content":{"rendered":"<h2 data-start=\"3536\" data-end=\"3612\"><strong data-start=\"3539\" data-end=\"3610\">Account Steam di Metaphor: ReFantazio \u2013 il destino di un regno nelle tue mani<\/strong><\/h2>\n<p data-start=\"3614\" data-end=\"4000\">Gioca a <strong data-start=\"3619\" data-end=\"3710\"><a class=\"decorated-link\" href=\"https:\/\/store.steampowered.com\/app\/2679460\/Metaphor_ReFantazio\/?utm_source=chatgpt.com\" target=\"_new\" rel=\"noopener\" data-start=\"3621\" data-end=\"3708\">Metaphor: ReFantazio<\/a><\/strong> tramite il nostro account Steam e conquista il trono in un regno fantasy sull&#8217;orlo del baratro. Dopo l&#8217;assassinio del re, il popolo voter\u00e0 per un nuovo monarca. Tu, Will of the Elda, devi stringere alleanze in tutta Euchronia, ripristinare la speranza e spezzare una maledizione mortale.<\/p>\n<p data-start=\"4002\" data-end=\"4291\">Questo RPG unisce tattiche a turni con elementi action, permettendoti di personalizzare il tuo party attraverso gli Archetipi, ognuno con abilit\u00e0, percorsi di equipaggiamento e ruoli unici. La narrazione \u00e8 profonda e ramificata, esplorando temi di governo, sacrificio e lealt\u00e0.<\/p>\n<p data-start=\"4293\" data-end=\"4586\">Durante il viaggio, esplorerai diverse regioni (strade, foreste, rovine), affronterai dungeon opzionali e ti impegnerai in battaglie tattiche con animazioni ed effetti spettacolari. L&#8217;interfaccia utente supporta sia i fan degli RPG classici che i nuovi arrivati con menu semplificati.<\/p>\n<p data-start=\"4588\" data-end=\"4837\">Alcuni giocatori hanno notato che la versione PC inizialmente mancava di ottimizzazione e opzioni grafiche, soprattutto su Steam Deck. Le patch hanno migliorato le prestazioni e i recensori segnalano risultati pi\u00f9 fluidi dopo gli aggiornamenti.<\/p>\n<hr data-start=\"4839\" data-end=\"4842\" \/>\n<h3 data-start=\"4844\" data-end=\"4869\">Requisiti di sistema<\/h3>\n<p data-start=\"4871\" data-end=\"4904\"><strong data-start=\"4871\" data-end=\"4902\">Requisiti Minimi di Sistema<\/strong><\/p>\n<ul data-start=\"4905\" data-end=\"5077\">\n<li data-start=\"4905\" data-end=\"4932\">\n<p data-start=\"4907\" data-end=\"4932\">Sistema Operativo: Windows 10 (64-bit)<\/p>\n<\/li>\n<li data-start=\"4933\" data-end=\"4972\">\n<p data-start=\"4935\" data-end=\"4972\">CPU: Dual-core o equivalente moderno<\/p>\n<\/li>\n<li data-start=\"4973\" data-end=\"4986\">\n<p data-start=\"4975\" data-end=\"4986\">RAM: 8 GB<\/p>\n<\/li>\n<li data-start=\"4987\" data-end=\"5058\">\n<p data-start=\"4989\" data-end=\"5058\">GPU: GPU discreta\/integrata entry-level in grado di supportare un carico moderato<\/p>\n<\/li>\n<li data-start=\"5059\" data-end=\"5077\">\n<p data-start=\"5061\" data-end=\"5077\">Spazio di archiviazione: 20 GB<\/p>\n<\/li>\n<\/ul>\n<p data-start=\"5079\" data-end=\"5116\"><strong data-start=\"5079\" data-end=\"5114\">Requisiti di Sistema Consigliati<\/strong><\/p>\n<ul data-start=\"5117\" data-end=\"5269\">\n<li data-start=\"5117\" data-end=\"5147\">\n<p data-start=\"5119\" data-end=\"5147\">Sistema Operativo: Windows 10\/11 (64-bit)<\/p>\n<\/li>\n<li data-start=\"5148\" data-end=\"5180\">\n<p data-start=\"5150\" data-end=\"5180\">CPU: Intel\/AMD moderno a 4 core<\/p>\n<\/li>\n<li data-start=\"5181\" data-end=\"5195\">\n<p data-start=\"5183\" data-end=\"5195\">RAM: 16 GB<\/p>\n<\/li>\n<li data-start=\"5196\" data-end=\"5246\">\n<p data-start=\"5198\" data-end=\"5246\">GPU: GPU discreta di fascia media (128 bit o superiore)<\/p>\n<\/li>\n<li data-start=\"5247\" data-end=\"5269\">\n<p data-start=\"5249\" data-end=\"5269\">Spazio di archiviazione: 20 GB SSD<\/p>\n<\/li>\n<\/ul>\n<h3>Come utilizzare il tuo account Steam di Metaphor ReFantazio<\/h3>\n<p><img decoding=\"async\" class=\"alignnone wp-image-3511\" src=\"https:\/\/orkza.com\/wp-content\/uploads\/2024\/10\/STEAM-ACTIVATION-GUIDE-400x225.jpg\" alt=\"\" width=\"804\" height=\"453\" title=\"\" srcset=\"https:\/\/orkza.com\/wp-content\/uploads\/2024\/10\/STEAM-ACTIVATION-GUIDE-400x225.jpg 400w, https:\/\/orkza.com\/wp-content\/uploads\/2024\/10\/STEAM-ACTIVATION-GUIDE-430x242.jpg 430w, https:\/\/orkza.com\/wp-content\/uploads\/2024\/10\/STEAM-ACTIVATION-GUIDE-150x84.jpg 150w, https:\/\/orkza.com\/wp-content\/uploads\/2024\/10\/STEAM-ACTIVATION-GUIDE-700x394.jpg 700w, https:\/\/orkza.com\/wp-content\/uploads\/2024\/10\/STEAM-ACTIVATION-GUIDE-768x432.jpg 768w, https:\/\/orkza.com\/wp-content\/uploads\/2024\/10\/STEAM-ACTIVATION-GUIDE.jpg 1280w\" sizes=\"(max-width: 804px) 100vw, 804px\" \/><\/p>\n<p>Dopo l&#8217;acquisto, accedi all&#8217;account Steam fornito sul tuo PC. Una volta loggato, vai alla tua libreria, installa il gioco e clicca sul pulsante play. Dopo qualche minuto, esci dal gioco e passa Steam alla modalit\u00e0 offline, e sei pronto per tuffarti in ore di gameplay emozionante!<\/p>\n<p>Per un processo di configurazione completo, consulta la nostra <a href=\"https:\/\/orkza.com\/it\/steam-account-activation-guide\/\" target=\"_blank\" rel=\"noopener\">Guida all&#8217;Attivazione dell&#8217;Account Steam<\/a><\/p>\n<p>Esplora i nostri nuovi <a href=\"https:\/\/orkza.com\/it\/giochi-pc\/\" target=\"_blank\" rel=\"noopener\">GIOCHI PER PC<\/a><\/p>\n","protected":false},"excerpt":{"rendered":"<p data-start=\"5276\" data-end=\"5432\">Plasma il tuo regno in <em data-start=\"5339\" data-end=\"5361\">Metaphor: ReFantazio<\/em>. Eleggi il prossimo monarca, fai politica e spezza la maledizione di un regno.<\/p>\n<p><img decoding=\"async\" class=\"alignnone wp-image-3526\" src=\"https:\/\/orkza.com\/wp-content\/uploads\/2024\/10\/Steam-Account-Notice-min-300x300.png\" alt=\"\" width=\"41\" height=\"41\" srcset=\"https:\/\/orkza.com\/wp-content\/uploads\/2024\/10\/Steam-Account-Notice-min-300x300.png 300w, https:\/\/orkza.com\/wp-content\/uploads\/2024\/10\/Steam-Account-Notice-min-scaled-430x430.png 430w, https:\/\/orkza.com\/wp-content\/uploads\/2024\/10\/Steam-Account-Notice-min-150x150.png 150w, https:\/\/orkza.com\/wp-content\/uploads\/2024\/10\/Steam-Account-Notice-min-scaled-700x700.png 700w, https:\/\/orkza.com\/wp-content\/uploads\/2024\/10\/Steam-Account-Notice-min-800x800.png 800w, https:\/\/orkza.com\/wp-content\/uploads\/2024\/10\/Steam-Account-Notice-min-768x768.png 768w, https:\/\/orkza.com\/wp-content\/uploads\/2024\/10\/Steam-Account-Notice-min-1536x1536.png 1536w, https:\/\/orkza.com\/wp-content\/uploads\/2024\/10\/Steam-Account-Notice-min-2048x2048.png 2048w\" sizes=\"(max-width: 41px) 100vw, 41px\" \/><strong>Nota: I dati dell&#8217;account non possono essere modificati. Questo \u00e8 un Account Steam con Accesso a Vita solo per il gioco offline <\/strong><\/p>\n","protected":false},"featured_media":10671,"comment_status":"open","ping_status":"closed","template":"","meta":[],"product_brand":[],"product_cat":[145],"product_tag":[173],"class_list":{"0":"post-10484","1":"product","2":"type-product","3":"status-publish","4":"has-post-thumbnail","6":"product_cat-rpg","7":"product_tag-steam-it","9":"first","10":"instock","11":"sale","12":"virtual","13":"purchasable","14":"product-type-simple"},"_links":{"self":[{"href":"https:\/\/orkza.com\/it\/wp-json\/wp\/v2\/product\/10484","targetHints":{"allow":["GET"]}}],"collection":[{"href":"https:\/\/orkza.com\/it\/wp-json\/wp\/v2\/product"}],"about":[{"href":"https:\/\/orkza.com\/it\/wp-json\/wp\/v2\/types\/product"}],"replies":[{"embeddable":true,"href":"https:\/\/orkza.com\/it\/wp-json\/wp\/v2\/comments?post=10484"}],"version-history":[{"count":3,"href":"https:\/\/orkza.com\/it\/wp-json\/wp\/v2\/product\/10484\/revisions"}],"predecessor-version":[{"id":16458,"href":"https:\/\/orkza.com\/it\/wp-json\/wp\/v2\/product\/10484\/revisions\/16458"}],"wp:featuredmedia":[{"embeddable":true,"href":"https:\/\/orkza.com\/it\/wp-json\/wp\/v2\/media\/10671"}],"wp:attachment":[{"href":"https:\/\/orkza.com\/it\/wp-json\/wp\/v2\/media?parent=10484"}],"wp:term":[{"taxonomy":"product_brand","embeddable":true,"href":"https:\/\/orkza.com\/it\/wp-json\/wp\/v2\/product_brand?post=10484"},{"taxonomy":"product_cat","embeddable":true,"href":"https:\/\/orkza.com\/it\/wp-json\/wp\/v2\/product_cat?post=10484"},{"taxonomy":"product_tag","embeddable":true,"href":"https:\/\/orkza.com\/it\/wp-json\/wp\/v2\/product_tag?post=10484"}],"curies":[{"name":"wp","href":"https:\/\/api.w.org\/{rel}","templated":true}]}}