{"id":10474,"date":"2025-09-24T02:13:01","date_gmt":"2025-09-24T02:13:01","guid":{"rendered":"https:\/\/orkza.com\/?post_type=product&#038;p=10474"},"modified":"2026-02-26T05:53:54","modified_gmt":"2026-02-26T05:53:54","slug":"sword-art-online-fractured-daydream-premium-edition-steam-account","status":"publish","type":"product","link":"https:\/\/orkza.com\/it\/prodotto\/sword-art-online-fractured-daydream-premium-edition-steam-account\/","title":{"rendered":"SWORD ART ONLINE fractured daydream premium edition account Steam"},"content":{"rendered":"<h2 data-start=\"0\" data-end=\"89\"><strong data-start=\"3\" data-end=\"87\">SWORD ART ONLINE: fractured daydream account Steam \u2013 un regno distorto di eroi<\/strong><\/h2>\n<p data-start=\"91\" data-end=\"606\">Gioca a <strong data-start=\"96\" data-end=\"219\"><a class=\"decorated-link\" href=\"https:\/\/store.steampowered.com\/app\/1858630\/SWORD_ART_ONLINE_Fractured_Daydream\/?utm_source=chatgpt.com\" target=\"_new\" rel=\"noopener\" data-start=\"98\" data-end=\"217\">SWORD ART ONLINE: Fractured Daydream<\/a><\/strong> tramite il nostro account Steam ed entra in una versione distorta dell&#8217;universo di SAO. In questo GDR d&#8217;azione co-op, giocatori attraverso il tempo e lo spazio vengono trascinati in \u201cGalaxia\u201d, un sistema impazzito in <em data-start=\"395\" data-end=\"411\">ALFheim Online<\/em>, sconvolgendo eroi e cattivi allo stesso modo. Farai squadra con 20 giocatori nei raid, affronterai nemici potenti e rivivrai momenti classici di SAO con nuove svolte.<\/p>\n<p data-start=\"608\" data-end=\"1036\">In <em data-start=\"611\" data-end=\"631\">Fractured Daydream<\/em>, puoi scegliere i tuoi personaggi preferiti, personalizzare l&#8217;equipaggiamento e combattere in scontri dinamici e su larga scala. Il mondo distorto presenta dungeon, isole fluttuanti e ambienti fusi da vari archi di SAO. Esplorazione, progressione dell&#8217;equipaggiamento e maestria nei raid sono fondamentali per superare le sfide. Tuttavia, tieni presente che il gioco richiede la <strong data-start=\"957\" data-end=\"980\">connettivit\u00e0 online<\/strong> per la maggior parte delle modalit\u00e0.<\/p>\n<p data-start=\"1038\" data-end=\"1423\">Le prestazioni su Steam Deck hanno mostrato promettenti risultati durante i test, con i giocatori che hanno raggiunto frame rate stabili nelle aree in solitaria abbassando alcune impostazioni. Alcune segnalazioni suggeriscono errori occasionali o problemi di connettivit\u00e0, specialmente se installato su unit\u00e0 esterne, quindi le installazioni su unit\u00e0 interne potrebbero aiutare a mitigare i problemi.<\/p>\n<hr data-start=\"1425\" data-end=\"1428\" \/>\n<h3 data-start=\"1430\" data-end=\"1455\">Requisiti di sistema<\/h3>\n<p data-start=\"1457\" data-end=\"1470\"><strong data-start=\"1457\" data-end=\"1468\">Minimi<\/strong><\/p>\n<ul data-start=\"1471\" data-end=\"1615\">\n<li data-start=\"1471\" data-end=\"1498\">\n<p data-start=\"1473\" data-end=\"1498\">Sistema Operativo: Windows 10 (64-bit)<\/p>\n<\/li>\n<li data-start=\"1499\" data-end=\"1545\">\n<p data-start=\"1501\" data-end=\"1545\">CPU: Intel Core i5-8400 \/ AMD Ryzen 5 2600<\/p>\n<\/li>\n<li data-start=\"1546\" data-end=\"1559\">\n<p data-start=\"1548\" data-end=\"1559\">RAM: 8 GB<\/p>\n<\/li>\n<li data-start=\"1560\" data-end=\"1596\">\n<p data-start=\"1562\" data-end=\"1596\">GPU: NVIDIA GTX 960 \/ AMD RX 470<\/p>\n<\/li>\n<li data-start=\"1597\" data-end=\"1615\">\n<p data-start=\"1599\" data-end=\"1615\">Spazio di archiviazione: 20 GB<\/p>\n<\/li>\n<\/ul>\n<p data-start=\"1617\" data-end=\"1634\"><strong data-start=\"1617\" data-end=\"1632\">Consigliati<\/strong><\/p>\n<ul data-start=\"1635\" data-end=\"1789\">\n<li data-start=\"1635\" data-end=\"1665\">\n<p data-start=\"1637\" data-end=\"1665\">Sistema Operativo: Windows 10\/11 (64-bit)<\/p>\n<\/li>\n<li data-start=\"1666\" data-end=\"1713\">\n<p data-start=\"1668\" data-end=\"1713\">CPU: Intel Core i7-9700 \/ AMD Ryzen 7 3700X<\/p>\n<\/li>\n<li data-start=\"1714\" data-end=\"1728\">\n<p data-start=\"1716\" data-end=\"1728\">RAM: 16 GB<\/p>\n<\/li>\n<li data-start=\"1729\" data-end=\"1766\">\n<p data-start=\"1731\" data-end=\"1766\">GPU: NVIDIA GTX 1060 \/ AMD RX 580<\/p>\n<\/li>\n<li data-start=\"1767\" data-end=\"1789\">\n<p data-start=\"1769\" data-end=\"1789\">Spazio di archiviazione: 20 GB SSD<\/p>\n<\/li>\n<\/ul>\n<h3>Come usare il tuo account Steam di SWORD ART ONLINE fractured daydream<\/h3>\n<p><img decoding=\"async\" class=\"alignnone wp-image-3511\" src=\"https:\/\/orkza.com\/wp-content\/uploads\/2024\/10\/STEAM-ACTIVATION-GUIDE-400x225.jpg\" alt=\"\" width=\"804\" height=\"453\" title=\"\" srcset=\"https:\/\/orkza.com\/wp-content\/uploads\/2024\/10\/STEAM-ACTIVATION-GUIDE-400x225.jpg 400w, https:\/\/orkza.com\/wp-content\/uploads\/2024\/10\/STEAM-ACTIVATION-GUIDE-430x242.jpg 430w, https:\/\/orkza.com\/wp-content\/uploads\/2024\/10\/STEAM-ACTIVATION-GUIDE-150x84.jpg 150w, https:\/\/orkza.com\/wp-content\/uploads\/2024\/10\/STEAM-ACTIVATION-GUIDE-700x394.jpg 700w, https:\/\/orkza.com\/wp-content\/uploads\/2024\/10\/STEAM-ACTIVATION-GUIDE-768x432.jpg 768w, https:\/\/orkza.com\/wp-content\/uploads\/2024\/10\/STEAM-ACTIVATION-GUIDE.jpg 1280w\" sizes=\"(max-width: 804px) 100vw, 804px\" \/><\/p>\n<p>Dopo l&#8217;acquisto, accedi all&#8217;account Steam fornito sul tuo PC. Una volta loggato, vai alla tua libreria, installa il gioco e clicca sul pulsante play. Dopo qualche minuto, esci dal gioco e passa Steam alla modalit\u00e0 offline, e sei pronto per tuffarti in ore di gameplay emozionante!<\/p>\n<p>Per un processo di configurazione completo, consulta la nostra <a href=\"https:\/\/orkza.com\/it\/steam-account-activation-guide\/\" target=\"_blank\" rel=\"noopener\">Guida all&#8217;Attivazione dell&#8217;Account Steam<\/a><\/p>\n<p>Esplora i nostri nuovi <a href=\"https:\/\/orkza.com\/it\/giochi-pc\/\" target=\"_blank\" rel=\"noopener\">GIOCHI PER PC<\/a><\/p>\n","protected":false},"excerpt":{"rendered":"<p data-start=\"3152\" data-end=\"3301\">Combatti attraverso le linee temporali in <em data-start=\"1865\" data-end=\"1903\">SWORD ART ONLINE: Fractured Daydream<\/em>. Raid co-op, regni distorti, eroi leggendari: altri 19 ti aspettano.<\/p>\n<p><img decoding=\"async\" class=\"alignnone wp-image-3526\" src=\"https:\/\/orkza.com\/wp-content\/uploads\/2024\/10\/Steam-Account-Notice-min-300x300.png\" alt=\"\" width=\"41\" height=\"41\" srcset=\"https:\/\/orkza.com\/wp-content\/uploads\/2024\/10\/Steam-Account-Notice-min-300x300.png 300w, https:\/\/orkza.com\/wp-content\/uploads\/2024\/10\/Steam-Account-Notice-min-scaled-430x430.png 430w, https:\/\/orkza.com\/wp-content\/uploads\/2024\/10\/Steam-Account-Notice-min-150x150.png 150w, https:\/\/orkza.com\/wp-content\/uploads\/2024\/10\/Steam-Account-Notice-min-scaled-700x700.png 700w, https:\/\/orkza.com\/wp-content\/uploads\/2024\/10\/Steam-Account-Notice-min-800x800.png 800w, https:\/\/orkza.com\/wp-content\/uploads\/2024\/10\/Steam-Account-Notice-min-768x768.png 768w, https:\/\/orkza.com\/wp-content\/uploads\/2024\/10\/Steam-Account-Notice-min-1536x1536.png 1536w, https:\/\/orkza.com\/wp-content\/uploads\/2024\/10\/Steam-Account-Notice-min-2048x2048.png 2048w\" sizes=\"(max-width: 41px) 100vw, 41px\" \/><strong>Nota: I dati dell&#8217;account non possono essere modificati. Questo \u00e8 un Account Steam con Accesso a Vita solo per il gioco offline <\/strong><\/p>\n","protected":false},"featured_media":10614,"comment_status":"open","ping_status":"closed","template":"","meta":[],"product_brand":[],"product_cat":[140],"product_tag":[173],"class_list":{"0":"post-10474","1":"product","2":"type-product","3":"status-publish","4":"has-post-thumbnail","6":"product_cat-azione","7":"product_tag-steam-it","9":"first","10":"instock","11":"sale","12":"virtual","13":"purchasable","14":"product-type-simple"},"_links":{"self":[{"href":"https:\/\/orkza.com\/it\/wp-json\/wp\/v2\/product\/10474","targetHints":{"allow":["GET"]}}],"collection":[{"href":"https:\/\/orkza.com\/it\/wp-json\/wp\/v2\/product"}],"about":[{"href":"https:\/\/orkza.com\/it\/wp-json\/wp\/v2\/types\/product"}],"replies":[{"embeddable":true,"href":"https:\/\/orkza.com\/it\/wp-json\/wp\/v2\/comments?post=10474"}],"version-history":[{"count":3,"href":"https:\/\/orkza.com\/it\/wp-json\/wp\/v2\/product\/10474\/revisions"}],"predecessor-version":[{"id":16453,"href":"https:\/\/orkza.com\/it\/wp-json\/wp\/v2\/product\/10474\/revisions\/16453"}],"wp:featuredmedia":[{"embeddable":true,"href":"https:\/\/orkza.com\/it\/wp-json\/wp\/v2\/media\/10614"}],"wp:attachment":[{"href":"https:\/\/orkza.com\/it\/wp-json\/wp\/v2\/media?parent=10474"}],"wp:term":[{"taxonomy":"product_brand","embeddable":true,"href":"https:\/\/orkza.com\/it\/wp-json\/wp\/v2\/product_brand?post=10474"},{"taxonomy":"product_cat","embeddable":true,"href":"https:\/\/orkza.com\/it\/wp-json\/wp\/v2\/product_cat?post=10474"},{"taxonomy":"product_tag","embeddable":true,"href":"https:\/\/orkza.com\/it\/wp-json\/wp\/v2\/product_tag?post=10474"}],"curies":[{"name":"wp","href":"https:\/\/api.w.org\/{rel}","templated":true}]}}