{"id":10472,"date":"2025-09-24T02:12:59","date_gmt":"2025-09-24T02:12:59","guid":{"rendered":"https:\/\/orkza.com\/?post_type=product&#038;p=10472"},"modified":"2026-02-26T05:55:19","modified_gmt":"2026-02-26T05:55:19","slug":"ara-history-untold-premium-edition-steam-account","status":"publish","type":"product","link":"https:\/\/orkza.com\/it\/prodotto\/ara-history-untold-premium-edition-steam-account\/","title":{"rendered":"Ara: History Untold Edizione Premium account Steam"},"content":{"rendered":"<h2 data-start=\"3747\" data-end=\"3823\"><strong data-start=\"3750\" data-end=\"3823\">Account Steam di Ara: History Untold \u2013 forgia il destino della tua civilt\u00e0<\/strong><\/h2>\n<p data-start=\"3825\" data-end=\"4161\">Gioca a <strong data-start=\"3830\" data-end=\"3919\"><a class=\"decorated-link\" href=\"https:\/\/store.steampowered.com\/app\/2021880\/Ara_History_Untold\/?utm_source=chatgpt.com\" target=\"_new\" rel=\"noopener\" data-start=\"3832\" data-end=\"3917\">Ara: History Untold<\/a><\/strong> tramite il nostro account Steam e guida una nazione da umili origini alla grandezza attraverso la prodezza culturale, tecnologica e militare. Questo titolo di grande strategia permette a ogni decisione di riverberarsi nella storia.<\/p>\n<p data-start=\"4163\" data-end=\"4476\">In <em data-start=\"4166\" data-end=\"4187\">Ara: History Untold<\/em>, puoi iniziare la tua civilt\u00e0 in qualsiasi momento della storia umana. Coltiva il commercio, costruisci meraviglie, intraprendi guerre e fai evolvere la cultura. Il gioco presenta turni simultanei, un&#8217;economia di crafting, alberi tecnologici non lineari e una diplomazia mai prevedibile.<\/p>\n<p data-start=\"4478\" data-end=\"4784\">Il mondo vivente reagisce dinamicamente: i cittadini rispondono a guerra, prosperit\u00e0, carestia e vagano per le tue terre. Biomi, clima e terreno influenzano tutti la strategia. Il multiplayer supporta opzioni asincrone e sincrone, cos\u00ec tu e i tuoi rivali potete giocare al vostro ritmo.<\/p>\n<p data-start=\"4786\" data-end=\"5057\">Visivamente, il gioco offre mappe dettagliate, terreni vibranti e uno zoom cinematico dalla scala macro dell&#8217;impero fino alle singole province. L&#8217;interfaccia utente \u00e8 progettata per profondit\u00e0 e chiarezza, essenziale data la complessit\u00e0 e la strategia coinvolte.<\/p>\n<hr data-start=\"5059\" data-end=\"5062\" \/>\n<h3 data-start=\"5064\" data-end=\"5089\">Requisiti di sistema<\/h3>\n<p data-start=\"5091\" data-end=\"5117\"><strong data-start=\"5091\" data-end=\"5115\">Requisiti minimi<\/strong><\/p>\n<ul data-start=\"5118\" data-end=\"5404\">\n<li data-start=\"5118\" data-end=\"5185\">\n<p data-start=\"5120\" data-end=\"5185\">Sistema Operativo: Windows 10 (64-bit)<\/p>\n<\/li>\n<li data-start=\"5186\" data-end=\"5237\">\n<p data-start=\"5188\" data-end=\"5237\">CPU: Intel o AMD dual-core (equivalente moderno)<\/p>\n<\/li>\n<li data-start=\"5238\" data-end=\"5291\">\n<p data-start=\"5240\" data-end=\"5291\">RAM: 8 GB<\/p>\n<\/li>\n<li data-start=\"5292\" data-end=\"5384\">\n<p data-start=\"5294\" data-end=\"5384\">GPU: Grafica integrata o GPU dedicata di fascia bassa (es. Intel UHD \/ AMD\/NVIDIA pi\u00f9 vecchie)<\/p>\n<\/li>\n<li data-start=\"5385\" data-end=\"5404\">\n<p data-start=\"5387\" data-end=\"5404\">Spazio di archiviazione: ~10 GB<\/p>\n<\/li>\n<\/ul>\n<p data-start=\"5406\" data-end=\"5436\"><strong data-start=\"5406\" data-end=\"5434\">Requisiti raccomandati<\/strong><\/p>\n<ul data-start=\"5437\" data-end=\"5571\">\n<li data-start=\"5437\" data-end=\"5464\">\n<p data-start=\"5439\" data-end=\"5464\">CPU: Intel \/ AMD a 4 core<\/p>\n<\/li>\n<li data-start=\"5465\" data-end=\"5479\">\n<p data-start=\"5467\" data-end=\"5479\">RAM: 16 GB<\/p>\n<\/li>\n<li data-start=\"5480\" data-end=\"5547\">\n<p data-start=\"5482\" data-end=\"5547\">GPU: GPU dedicata di fascia media (es. GTX 1650 \/ RX 5500 o superiore)<\/p>\n<\/li>\n<li data-start=\"5548\" data-end=\"5571\">\n<p data-start=\"5550\" data-end=\"5571\">Archiviazione: SSD da 10+ GB<\/p>\n<\/li>\n<\/ul>\n<h3>Come usare il tuo account Steam di Ara: History Untold<\/h3>\n<p><img decoding=\"async\" class=\"alignnone wp-image-3511\" src=\"https:\/\/orkza.com\/wp-content\/uploads\/2024\/10\/STEAM-ACTIVATION-GUIDE-400x225.jpg\" alt=\"\" width=\"804\" height=\"453\" title=\"\" srcset=\"https:\/\/orkza.com\/wp-content\/uploads\/2024\/10\/STEAM-ACTIVATION-GUIDE-400x225.jpg 400w, https:\/\/orkza.com\/wp-content\/uploads\/2024\/10\/STEAM-ACTIVATION-GUIDE-430x242.jpg 430w, https:\/\/orkza.com\/wp-content\/uploads\/2024\/10\/STEAM-ACTIVATION-GUIDE-150x84.jpg 150w, https:\/\/orkza.com\/wp-content\/uploads\/2024\/10\/STEAM-ACTIVATION-GUIDE-700x394.jpg 700w, https:\/\/orkza.com\/wp-content\/uploads\/2024\/10\/STEAM-ACTIVATION-GUIDE-768x432.jpg 768w, https:\/\/orkza.com\/wp-content\/uploads\/2024\/10\/STEAM-ACTIVATION-GUIDE.jpg 1280w\" sizes=\"(max-width: 804px) 100vw, 804px\" \/><\/p>\n<p>Dopo l&#8217;acquisto, accedi all&#8217;account Steam fornito sul tuo PC. Una volta loggato, vai alla tua libreria, installa il gioco e clicca sul pulsante play. Dopo qualche minuto, esci dal gioco e passa Steam alla modalit\u00e0 offline, e sei pronto per tuffarti in ore di gameplay emozionante!<\/p>\n<p>Per un processo di configurazione completo, consulta la nostra <a href=\"https:\/\/orkza.com\/it\/steam-account-activation-guide\/\" target=\"_blank\" rel=\"noopener\">Guida all&#8217;Attivazione dell&#8217;Account Steam<\/a><\/p>\n<p>Esplora i nostri nuovi <a href=\"https:\/\/orkza.com\/it\/giochi-pc\/\" target=\"_blank\" rel=\"noopener\">GIOCHI PER PC<\/a><\/p>\n","protected":false},"excerpt":{"rendered":"<p data-start=\"5578\" data-end=\"5726\">Guida la tua civilt\u00e0 attraverso le epoche in <em data-start=\"5659\" data-end=\"5680\">Ara: History Untold<\/em>. Strategia, cultura ed epica diplomazia ti aspettano.<\/p>\n<p><img decoding=\"async\" class=\"alignnone wp-image-3526\" src=\"https:\/\/orkza.com\/wp-content\/uploads\/2024\/10\/Steam-Account-Notice-min-300x300.png\" alt=\"\" width=\"41\" height=\"41\" srcset=\"https:\/\/orkza.com\/wp-content\/uploads\/2024\/10\/Steam-Account-Notice-min-300x300.png 300w, https:\/\/orkza.com\/wp-content\/uploads\/2024\/10\/Steam-Account-Notice-min-scaled-430x430.png 430w, https:\/\/orkza.com\/wp-content\/uploads\/2024\/10\/Steam-Account-Notice-min-150x150.png 150w, https:\/\/orkza.com\/wp-content\/uploads\/2024\/10\/Steam-Account-Notice-min-scaled-700x700.png 700w, https:\/\/orkza.com\/wp-content\/uploads\/2024\/10\/Steam-Account-Notice-min-800x800.png 800w, https:\/\/orkza.com\/wp-content\/uploads\/2024\/10\/Steam-Account-Notice-min-768x768.png 768w, https:\/\/orkza.com\/wp-content\/uploads\/2024\/10\/Steam-Account-Notice-min-1536x1536.png 1536w, https:\/\/orkza.com\/wp-content\/uploads\/2024\/10\/Steam-Account-Notice-min-2048x2048.png 2048w\" sizes=\"(max-width: 41px) 100vw, 41px\" \/><strong>Nota: I dati dell&#8217;account non possono essere modificati. Questo \u00e8 un Account Steam con Accesso a Vita solo per il gioco offline <\/strong><\/p>\n","protected":false},"featured_media":10617,"comment_status":"open","ping_status":"closed","template":"","meta":[],"product_brand":[],"product_cat":[140],"product_tag":[173],"class_list":{"0":"post-10472","1":"product","2":"type-product","3":"status-publish","4":"has-post-thumbnail","6":"product_cat-azione","7":"product_tag-steam-it","9":"first","10":"instock","11":"sale","12":"virtual","13":"purchasable","14":"product-type-simple"},"_links":{"self":[{"href":"https:\/\/orkza.com\/it\/wp-json\/wp\/v2\/product\/10472","targetHints":{"allow":["GET"]}}],"collection":[{"href":"https:\/\/orkza.com\/it\/wp-json\/wp\/v2\/product"}],"about":[{"href":"https:\/\/orkza.com\/it\/wp-json\/wp\/v2\/types\/product"}],"replies":[{"embeddable":true,"href":"https:\/\/orkza.com\/it\/wp-json\/wp\/v2\/comments?post=10472"}],"version-history":[{"count":3,"href":"https:\/\/orkza.com\/it\/wp-json\/wp\/v2\/product\/10472\/revisions"}],"predecessor-version":[{"id":16452,"href":"https:\/\/orkza.com\/it\/wp-json\/wp\/v2\/product\/10472\/revisions\/16452"}],"wp:featuredmedia":[{"embeddable":true,"href":"https:\/\/orkza.com\/it\/wp-json\/wp\/v2\/media\/10617"}],"wp:attachment":[{"href":"https:\/\/orkza.com\/it\/wp-json\/wp\/v2\/media?parent=10472"}],"wp:term":[{"taxonomy":"product_brand","embeddable":true,"href":"https:\/\/orkza.com\/it\/wp-json\/wp\/v2\/product_brand?post=10472"},{"taxonomy":"product_cat","embeddable":true,"href":"https:\/\/orkza.com\/it\/wp-json\/wp\/v2\/product_cat?post=10472"},{"taxonomy":"product_tag","embeddable":true,"href":"https:\/\/orkza.com\/it\/wp-json\/wp\/v2\/product_tag?post=10472"}],"curies":[{"name":"wp","href":"https:\/\/api.w.org\/{rel}","templated":true}]}}