{"id":10468,"date":"2025-09-24T02:12:55","date_gmt":"2025-09-24T02:12:55","guid":{"rendered":"https:\/\/orkza.com\/?post_type=product&#038;p=10468"},"modified":"2026-02-26T05:55:06","modified_gmt":"2026-02-26T05:55:06","slug":"god-of-war-ragnarok-digital-deluxe-edition-steam-account","status":"publish","type":"product","link":"https:\/\/orkza.com\/it\/prodotto\/god-of-war-ragnarok-digital-deluxe-edition-steam-account\/","title":{"rendered":"God of War Ragnar\u00f6k Digital Deluxe Edition account Steam"},"content":{"rendered":"<h2 data-start=\"84\" data-end=\"155\"><strong data-start=\"87\" data-end=\"155\">Account Steam di God of War Ragnar\u00f6k \u2013 l&#8217;epico finale norreno ti aspetta<\/strong><\/h2>\n<p data-start=\"157\" data-end=\"554\">Gioca a <strong data-start=\"162\" data-end=\"251\"><a class=\"decorated-link cursor-pointer\" href=\"https:\/\/store.steampowered.com\/app\/2322010\/God_of_War_Ragnark\/\" target=\"_new\" rel=\"noopener\" data-start=\"164\" data-end=\"249\">God of War Ragnar\u00f6k<\/a><\/strong> tramite il nostro account Steam e unisciti a Kratos e Atreus nella saga culminante di dei norreni, mostri e profezie. Questa edizione per PC offre un&#8217;esperienza cinematografica completa: grafica di nuova generazione, frame rate sbloccati, supporto ultrawide e l&#8217;epico DLC <em data-start=\"492\" data-end=\"502\">Valhalla<\/em> incluso.<\/p>\n<p data-start=\"556\" data-end=\"904\">Entra in pi\u00f9 regni, affronta nemici mitici e brandisci sia l&#8217;Ascia Leviatano che le Lame del Caos con nuove abilit\u00e0 e combo di combattimento fluidi. Il viaggio espande il riavvio del 2018, aggiungendo pi\u00f9 profondit\u00e0 al rapporto padre-figlio, nuovi tipi di nemici come stalker e N\u00f8kken e zone aperte ancora pi\u00f9 dinamiche.<\/p>\n<p data-start=\"906\" data-end=\"1209\">Visivamente, il gioco \u00e8 una vetrina: ambienti nordici dettagliati, illuminazione migliorata, effetti meteorologici e una presentazione cinematografica che utilizza appieno l&#8217;hardware PC moderno. La porta supporta DLSS, FSR, XeSS e altro per aiutare gli utenti a ottenere prestazioni pi\u00f9 elevate su varie configurazioni.<\/p>\n<hr data-start=\"1211\" data-end=\"1214\" \/>\n<h3 data-start=\"1216\" data-end=\"1241\">Requisiti di sistema<\/h3>\n<p data-start=\"1243\" data-end=\"1269\"><strong data-start=\"1243\" data-end=\"1267\">Requisiti minimi<\/strong><\/p>\n<ul data-start=\"1270\" data-end=\"1622\">\n<li data-start=\"1270\" data-end=\"1335\">\n<p data-start=\"1272\" data-end=\"1335\">Sistema Operativo: Windows 10 (64-bit)<\/p>\n<\/li>\n<li data-start=\"1336\" data-end=\"1421\">\n<p data-start=\"1338\" data-end=\"1421\">CPU: Intel Core i5-4670K \/ AMD Ryzen 3 1200<\/p>\n<\/li>\n<li data-start=\"1422\" data-end=\"1473\">\n<p data-start=\"1424\" data-end=\"1473\">RAM: 8 GB<\/p>\n<\/li>\n<li data-start=\"1474\" data-end=\"1560\">\n<p data-start=\"1476\" data-end=\"1560\">GPU: NVIDIA GTX 1060 (6 GB) \/ AMD RX 5500 XT<\/p>\n<\/li>\n<li data-start=\"1561\" data-end=\"1622\">\n<p data-start=\"1563\" data-end=\"1622\">Archiviazione: SSD da 190 GB<\/p>\n<\/li>\n<\/ul>\n<p data-start=\"1624\" data-end=\"1654\"><strong data-start=\"1624\" data-end=\"1652\">Requisiti raccomandati<\/strong><\/p>\n<ul data-start=\"1655\" data-end=\"1941\">\n<li data-start=\"1655\" data-end=\"1739\">\n<p data-start=\"1657\" data-end=\"1739\">CPU: Intel Core i5-8600 \/ AMD Ryzen 5 3600<\/p>\n<\/li>\n<li data-start=\"1740\" data-end=\"1792\">\n<p data-start=\"1742\" data-end=\"1792\">RAM: 16 GB<\/p>\n<\/li>\n<li data-start=\"1793\" data-end=\"1877\">\n<p data-start=\"1795\" data-end=\"1877\">GPU: NVIDIA RTX 2060 super \/ AMD RX 5700<\/p>\n<\/li>\n<li data-start=\"1878\" data-end=\"1941\">\n<p data-start=\"1880\" data-end=\"1941\">Archiviazione: SSD da 190 GB<\/p>\n<\/li>\n<\/ul>\n<h3>Come utilizzare il tuo account Steam di God of War Ragnar\u00f6k<\/h3>\n<p><img decoding=\"async\" class=\"alignnone wp-image-3511\" src=\"https:\/\/orkza.com\/wp-content\/uploads\/2024\/10\/STEAM-ACTIVATION-GUIDE-400x225.jpg\" alt=\"\" width=\"804\" height=\"453\" title=\"\" srcset=\"https:\/\/orkza.com\/wp-content\/uploads\/2024\/10\/STEAM-ACTIVATION-GUIDE-400x225.jpg 400w, https:\/\/orkza.com\/wp-content\/uploads\/2024\/10\/STEAM-ACTIVATION-GUIDE-430x242.jpg 430w, https:\/\/orkza.com\/wp-content\/uploads\/2024\/10\/STEAM-ACTIVATION-GUIDE-150x84.jpg 150w, https:\/\/orkza.com\/wp-content\/uploads\/2024\/10\/STEAM-ACTIVATION-GUIDE-700x394.jpg 700w, https:\/\/orkza.com\/wp-content\/uploads\/2024\/10\/STEAM-ACTIVATION-GUIDE-768x432.jpg 768w, https:\/\/orkza.com\/wp-content\/uploads\/2024\/10\/STEAM-ACTIVATION-GUIDE.jpg 1280w\" sizes=\"(max-width: 804px) 100vw, 804px\" \/><\/p>\n<p>Dopo l&#8217;acquisto, accedi all&#8217;account Steam fornito sul tuo PC. Una volta loggato, vai alla tua libreria, installa il gioco e clicca sul pulsante play. Dopo qualche minuto, esci dal gioco e passa Steam alla modalit\u00e0 offline, e sei pronto per tuffarti in ore di gameplay emozionante!<\/p>\n<p>Per un processo di configurazione completo, consulta la nostra <a href=\"https:\/\/orkza.com\/it\/steam-account-activation-guide\/\" target=\"_blank\" rel=\"noopener\">Guida all&#8217;Attivazione dell&#8217;Account Steam<\/a><\/p>\n<p>Esplora i nostri nuovi <a href=\"https:\/\/orkza.com\/it\/giochi-pc\/\" target=\"_blank\" rel=\"noopener\">GIOCHI PER PC<\/a><\/p>\n","protected":false},"excerpt":{"rendered":"<p data-start=\"1948\" data-end=\"2114\">Parti per l&#8217;odissea norrena finale di Kratos in <em data-start=\"2032\" data-end=\"2053\">God of War Ragnar\u00f6k<\/em>. Grafica mozzafiato, DLC incluso e azione cinematografica ti aspettano.<\/p>\n<p><img decoding=\"async\" class=\"alignnone wp-image-3526\" src=\"https:\/\/orkza.com\/wp-content\/uploads\/2024\/10\/Steam-Account-Notice-min-300x300.png\" alt=\"\" width=\"41\" height=\"41\" srcset=\"https:\/\/orkza.com\/wp-content\/uploads\/2024\/10\/Steam-Account-Notice-min-300x300.png 300w, https:\/\/orkza.com\/wp-content\/uploads\/2024\/10\/Steam-Account-Notice-min-scaled-430x430.png 430w, https:\/\/orkza.com\/wp-content\/uploads\/2024\/10\/Steam-Account-Notice-min-150x150.png 150w, https:\/\/orkza.com\/wp-content\/uploads\/2024\/10\/Steam-Account-Notice-min-scaled-700x700.png 700w, https:\/\/orkza.com\/wp-content\/uploads\/2024\/10\/Steam-Account-Notice-min-800x800.png 800w, https:\/\/orkza.com\/wp-content\/uploads\/2024\/10\/Steam-Account-Notice-min-768x768.png 768w, https:\/\/orkza.com\/wp-content\/uploads\/2024\/10\/Steam-Account-Notice-min-1536x1536.png 1536w, https:\/\/orkza.com\/wp-content\/uploads\/2024\/10\/Steam-Account-Notice-min-2048x2048.png 2048w\" sizes=\"(max-width: 41px) 100vw, 41px\" \/><strong>Nota: I dati dell&#8217;account non possono essere modificati. Questo \u00e8 un Account Steam con Accesso a Vita solo per il gioco offline <\/strong><\/p>\n","protected":false},"featured_media":10623,"comment_status":"open","ping_status":"closed","template":"","meta":[],"product_brand":[],"product_cat":[140],"product_tag":[173],"class_list":{"0":"post-10468","1":"product","2":"type-product","3":"status-publish","4":"has-post-thumbnail","6":"product_cat-azione","7":"product_tag-steam-it","9":"first","10":"instock","11":"sale","12":"virtual","13":"purchasable","14":"product-type-simple"},"_links":{"self":[{"href":"https:\/\/orkza.com\/it\/wp-json\/wp\/v2\/product\/10468","targetHints":{"allow":["GET"]}}],"collection":[{"href":"https:\/\/orkza.com\/it\/wp-json\/wp\/v2\/product"}],"about":[{"href":"https:\/\/orkza.com\/it\/wp-json\/wp\/v2\/types\/product"}],"replies":[{"embeddable":true,"href":"https:\/\/orkza.com\/it\/wp-json\/wp\/v2\/comments?post=10468"}],"version-history":[{"count":3,"href":"https:\/\/orkza.com\/it\/wp-json\/wp\/v2\/product\/10468\/revisions"}],"predecessor-version":[{"id":16450,"href":"https:\/\/orkza.com\/it\/wp-json\/wp\/v2\/product\/10468\/revisions\/16450"}],"wp:featuredmedia":[{"embeddable":true,"href":"https:\/\/orkza.com\/it\/wp-json\/wp\/v2\/media\/10623"}],"wp:attachment":[{"href":"https:\/\/orkza.com\/it\/wp-json\/wp\/v2\/media?parent=10468"}],"wp:term":[{"taxonomy":"product_brand","embeddable":true,"href":"https:\/\/orkza.com\/it\/wp-json\/wp\/v2\/product_brand?post=10468"},{"taxonomy":"product_cat","embeddable":true,"href":"https:\/\/orkza.com\/it\/wp-json\/wp\/v2\/product_cat?post=10468"},{"taxonomy":"product_tag","embeddable":true,"href":"https:\/\/orkza.com\/it\/wp-json\/wp\/v2\/product_tag?post=10468"}],"curies":[{"name":"wp","href":"https:\/\/api.w.org\/{rel}","templated":true}]}}