{"id":10464,"date":"2025-09-24T02:12:52","date_gmt":"2025-09-24T02:12:52","guid":{"rendered":"https:\/\/orkza.com\/?post_type=product&#038;p=10464"},"modified":"2026-02-26T05:54:30","modified_gmt":"2026-02-26T05:54:30","slug":"ace-attorney-investigations-collection-steam-account","status":"publish","type":"product","link":"https:\/\/orkza.com\/it\/prodotto\/ace-attorney-investigations-collection-steam-account\/","title":{"rendered":"Account Steam Ace Attorney Investigations Collection"},"content":{"rendered":"<h2 data-start=\"2060\" data-end=\"2152\"><strong data-start=\"2063\" data-end=\"2152\">Account Steam Ace Attorney Investigations Collection \u2013 logica, deduzioni e colpi di scena<\/strong><\/h2>\n<p data-start=\"2154\" data-end=\"2592\">Gioca a <strong data-start=\"2159\" data-end=\"2287\"><a class=\"decorated-link\" href=\"https:\/\/store.steampowered.com\/app\/2401970\/Ace_Attorney_Investigations_Collection\/?utm_source=chatgpt.com\" target=\"_new\" rel=\"noopener\" data-start=\"2161\" data-end=\"2285\">Ace Attorney Investigations Collection<\/a><\/strong> tramite il nostro account Steam e vesti i panni di Miles Edgeworth, procuratore diventato investigatore. Questa collezione unisce entrambi i titoli di <em data-start=\"2414\" data-end=\"2443\">Ace Attorney Investigations<\/em> in un pacchetto raffinato con grafica HD, funzionalit\u00e0 di qualit\u00e0 della vita come la selezione dei capitoli, pi\u00f9 modalit\u00e0 bonus per rivivere i classici racconti investigativi.<\/p>\n<p data-start=\"2594\" data-end=\"3052\">Invece delle battaglie in tribunale, questa collezione si concentra sull&#8217;indagine sul campo: parla con i testimoni, ispeziona le scene del crimine, raccogli indizi e ricomponi puzzle logici. La narrazione \u00e8 ricca: il passato di Edgeworth, cospirazioni, tradimenti e colpi di scena inaspettati guidano ogni caso. La grafica aggiornata d\u00e0 nuova vita ai ritratti dei personaggi e agli sfondi, e l&#8217;inclusione sia della pixel art tradizionale che dei design dei personaggi rinnovati offre ai giocatori flessibilit\u00e0 visiva.<\/p>\n<p data-start=\"3054\" data-end=\"3417\">I giocatori che amano semplicemente un mistero apprezzeranno modalit\u00e0 aggiuntive come la Modalit\u00e0 Storia e l&#8217;Autoplay, che ti permettono di progredire automaticamente nei dialoghi o di risolvere i puzzle per te. Nel frattempo, i fan di lunga data si immergeranno nei casi pi\u00f9 complessi e nei contenuti legacy. Il sound design, la colonna sonora e i contenuti della galleria completano un pacchetto tanto curato quanto fedele.<\/p>\n<hr data-start=\"3419\" data-end=\"3422\" \/>\n<h3 data-start=\"3424\" data-end=\"3447\">Requisiti di sistema<\/h3>\n<p data-start=\"3449\" data-end=\"3482\"><strong data-start=\"3449\" data-end=\"3480\">Requisiti Minimi di Sistema<\/strong><\/p>\n<ul data-start=\"3483\" data-end=\"3793\">\n<li data-start=\"3483\" data-end=\"3510\">\n<p data-start=\"3485\" data-end=\"3510\">Sistema Operativo: Windows 10 (64-bit)<\/p>\n<\/li>\n<li data-start=\"3511\" data-end=\"3597\">\n<p data-start=\"3513\" data-end=\"3597\">CPU: Intel Core i3-8350K \/ AMD Ryzen 3 3200G<\/p>\n<\/li>\n<li data-start=\"3598\" data-end=\"3649\">\n<p data-start=\"3600\" data-end=\"3649\">RAM: 8 GB<\/p>\n<\/li>\n<li data-start=\"3650\" data-end=\"3736\">\n<p data-start=\"3652\" data-end=\"3736\">GPU: Intel UHD graphics 630 o Radeon Vega 8<\/p>\n<\/li>\n<li data-start=\"3737\" data-end=\"3793\">\n<p data-start=\"3739\" data-end=\"3793\">Spazio di Archiviazione: 10 GB<\/p>\n<\/li>\n<\/ul>\n<p data-start=\"3795\" data-end=\"3832\"><strong data-start=\"3795\" data-end=\"3830\">Requisiti di Sistema Consigliati<\/strong><\/p>\n<ul data-start=\"3833\" data-end=\"4180\">\n<li data-start=\"3833\" data-end=\"3901\">\n<p data-start=\"3835\" data-end=\"3901\">Sistema Operativo: Windows 10\/11 (64-bit)<\/p>\n<\/li>\n<li data-start=\"3902\" data-end=\"3988\">\n<p data-start=\"3904\" data-end=\"3988\">CPU: Intel Core i3-9100F \/ AMD Ryzen 3 3200G<\/p>\n<\/li>\n<li data-start=\"3989\" data-end=\"4040\">\n<p data-start=\"3991\" data-end=\"4040\">RAM: 8 GB<\/p>\n<\/li>\n<li data-start=\"4041\" data-end=\"4123\">\n<p data-start=\"4043\" data-end=\"4123\">GPU: NVIDIA GT 1030 o AMD RX 550 (2 GB)<\/p>\n<\/li>\n<li data-start=\"4124\" data-end=\"4180\">\n<p data-start=\"4126\" data-end=\"4180\">Spazio di Archiviazione: 10 GB<\/p>\n<\/li>\n<\/ul>\n<h3>Come usare il tuo account Steam Ace Attorney Investigations Collection<\/h3>\n<p><img decoding=\"async\" class=\"alignnone wp-image-3511\" src=\"https:\/\/orkza.com\/wp-content\/uploads\/2024\/10\/STEAM-ACTIVATION-GUIDE-400x225.jpg\" alt=\"\" width=\"804\" height=\"453\" title=\"\" srcset=\"https:\/\/orkza.com\/wp-content\/uploads\/2024\/10\/STEAM-ACTIVATION-GUIDE-400x225.jpg 400w, https:\/\/orkza.com\/wp-content\/uploads\/2024\/10\/STEAM-ACTIVATION-GUIDE-430x242.jpg 430w, https:\/\/orkza.com\/wp-content\/uploads\/2024\/10\/STEAM-ACTIVATION-GUIDE-150x84.jpg 150w, https:\/\/orkza.com\/wp-content\/uploads\/2024\/10\/STEAM-ACTIVATION-GUIDE-700x394.jpg 700w, https:\/\/orkza.com\/wp-content\/uploads\/2024\/10\/STEAM-ACTIVATION-GUIDE-768x432.jpg 768w, https:\/\/orkza.com\/wp-content\/uploads\/2024\/10\/STEAM-ACTIVATION-GUIDE.jpg 1280w\" sizes=\"(max-width: 804px) 100vw, 804px\" \/><\/p>\n<p>Dopo l&#8217;acquisto, accedi all&#8217;account Steam fornito sul tuo PC. Una volta loggato, vai alla tua libreria, installa il gioco e clicca sul pulsante play. Dopo qualche minuto, esci dal gioco e passa Steam alla modalit\u00e0 offline, e sei pronto per tuffarti in ore di gameplay emozionante!<\/p>\n<p>Per un processo di configurazione completo, consulta la nostra <a href=\"https:\/\/orkza.com\/it\/steam-account-activation-guide\/\" target=\"_blank\" rel=\"noopener\">Guida all&#8217;Attivazione dell&#8217;Account Steam<\/a><\/p>\n<p>Esplora i nostri nuovi <a href=\"https:\/\/orkza.com\/it\/giochi-pc\/\" target=\"_blank\" rel=\"noopener\">GIOCHI PER PC<\/a><\/p>\n","protected":false},"excerpt":{"rendered":"<p data-start=\"4187\" data-end=\"4350\">Indaga sui crimini con Edgeworth in <em data-start=\"4267\" data-end=\"4307\">Ace Attorney Investigations Collection<\/em>. Logica, intrighi e casi classici ti aspettano.<\/p>\n<p><img decoding=\"async\" class=\"alignnone wp-image-3526\" src=\"https:\/\/orkza.com\/wp-content\/uploads\/2024\/10\/Steam-Account-Notice-min-300x300.png\" alt=\"\" width=\"41\" height=\"41\" srcset=\"https:\/\/orkza.com\/wp-content\/uploads\/2024\/10\/Steam-Account-Notice-min-300x300.png 300w, https:\/\/orkza.com\/wp-content\/uploads\/2024\/10\/Steam-Account-Notice-min-scaled-430x430.png 430w, https:\/\/orkza.com\/wp-content\/uploads\/2024\/10\/Steam-Account-Notice-min-150x150.png 150w, https:\/\/orkza.com\/wp-content\/uploads\/2024\/10\/Steam-Account-Notice-min-scaled-700x700.png 700w, https:\/\/orkza.com\/wp-content\/uploads\/2024\/10\/Steam-Account-Notice-min-800x800.png 800w, https:\/\/orkza.com\/wp-content\/uploads\/2024\/10\/Steam-Account-Notice-min-768x768.png 768w, https:\/\/orkza.com\/wp-content\/uploads\/2024\/10\/Steam-Account-Notice-min-1536x1536.png 1536w, https:\/\/orkza.com\/wp-content\/uploads\/2024\/10\/Steam-Account-Notice-min-2048x2048.png 2048w\" sizes=\"(max-width: 41px) 100vw, 41px\" \/><strong>Nota: I dati dell&#8217;account non possono essere modificati. Questo \u00e8 un Account Steam con Accesso a Vita solo per il gioco offline <\/strong><\/p>\n","protected":false},"featured_media":10629,"comment_status":"open","ping_status":"closed","template":"","meta":[],"product_brand":[],"product_cat":[141],"product_tag":[173],"class_list":{"0":"post-10464","1":"product","2":"type-product","3":"status-publish","4":"has-post-thumbnail","6":"product_cat-avventura","7":"product_tag-steam-it","9":"first","10":"instock","11":"sale","12":"virtual","13":"purchasable","14":"product-type-simple"},"_links":{"self":[{"href":"https:\/\/orkza.com\/it\/wp-json\/wp\/v2\/product\/10464","targetHints":{"allow":["GET"]}}],"collection":[{"href":"https:\/\/orkza.com\/it\/wp-json\/wp\/v2\/product"}],"about":[{"href":"https:\/\/orkza.com\/it\/wp-json\/wp\/v2\/types\/product"}],"replies":[{"embeddable":true,"href":"https:\/\/orkza.com\/it\/wp-json\/wp\/v2\/comments?post=10464"}],"version-history":[{"count":3,"href":"https:\/\/orkza.com\/it\/wp-json\/wp\/v2\/product\/10464\/revisions"}],"predecessor-version":[{"id":16448,"href":"https:\/\/orkza.com\/it\/wp-json\/wp\/v2\/product\/10464\/revisions\/16448"}],"wp:featuredmedia":[{"embeddable":true,"href":"https:\/\/orkza.com\/it\/wp-json\/wp\/v2\/media\/10629"}],"wp:attachment":[{"href":"https:\/\/orkza.com\/it\/wp-json\/wp\/v2\/media?parent=10464"}],"wp:term":[{"taxonomy":"product_brand","embeddable":true,"href":"https:\/\/orkza.com\/it\/wp-json\/wp\/v2\/product_brand?post=10464"},{"taxonomy":"product_cat","embeddable":true,"href":"https:\/\/orkza.com\/it\/wp-json\/wp\/v2\/product_cat?post=10464"},{"taxonomy":"product_tag","embeddable":true,"href":"https:\/\/orkza.com\/it\/wp-json\/wp\/v2\/product_tag?post=10464"}],"curies":[{"name":"wp","href":"https:\/\/api.w.org\/{rel}","templated":true}]}}