{"id":10462,"date":"2025-09-24T02:12:51","date_gmt":"2025-09-24T02:12:51","guid":{"rendered":"https:\/\/orkza.com\/?post_type=product&#038;p=10462"},"modified":"2026-02-26T05:55:47","modified_gmt":"2026-02-26T05:55:47","slug":"visions-of-mana-deluxe-edition-steam-account","status":"publish","type":"product","link":"https:\/\/orkza.com\/it\/prodotto\/visions-of-mana-deluxe-edition-steam-account\/","title":{"rendered":"Account Steam edizione deluxe di Visions of Mana"},"content":{"rendered":"<h2 data-start=\"0\" data-end=\"63\"><strong data-start=\"3\" data-end=\"63\">Account Steam di Visions of Mana \u2013 riaccendi l&#8217;eredit\u00e0 di Mana<\/strong><\/h2>\n<p data-start=\"65\" data-end=\"481\">Gioca a <strong data-start=\"70\" data-end=\"152\"><a class=\"decorated-link\" href=\"https:\/\/store.steampowered.com\/app\/2490990\/Visions_of_Mana\/?utm_source=chatgpt.com\" target=\"_new\" rel=\"noopener\" data-start=\"72\" data-end=\"150\">Visions of Mana<\/a><\/strong> tramite il nostro account Steam e intraprendi un viaggio in un mondo vibrante di spiriti elementali, antiche leggende e sacrifici eroici. In quanto gioco principale pi\u00f9 recente della serie Mana, fonde combattimenti RPG d&#8217;azione, esplorazione semi-aperta e ricchi fili narrativi per offrire un&#8217;esperienza sia nostalgica che nuova.<\/p>\n<p data-start=\"483\" data-end=\"902\">Assumi il ruolo di Val, una Guardia dell&#8217;Anima incaricata di proteggere Hinna, l&#8217;Alm del Fuoco, nel suo pellegrinaggio all&#8217;Albero di Mana. Insieme a un gruppo di compagni, ognuno legato a diversi Elementali, viaggerai attraverso isole fluttuanti, templi in rovina e vasti continenti, il tutto ripristinando il flusso di Mana e affrontando i Benevodon, antichi mostri elementali che minacciano la terra.<\/p>\n<p data-start=\"904\" data-end=\"1359\">L&#8217;esplorazione in <em data-start=\"919\" data-end=\"936\">Visions of Mana<\/em> \u00e8 semi-aperta: i paesaggi sono collegati da corridoi, ma c&#8217;\u00e8 libert\u00e0 nel modo in cui li attraversi. Sbloccherai poteri elementali che aprono nuovi percorsi: nuota sott&#8217;acqua, manipola le correnti del vento e risolvi enigmi platform. Il combattimento \u00e8 in tempo reale e strategico: puoi scambiare i membri del gruppo al volo, sfruttare le debolezze elementali e gestire gli Attacchi di Classe per potenti mosse finali.<\/p>\n<p data-start=\"1361\" data-end=\"1712\">Visivamente, il gioco vanta un&#8217;estetica audace e stilizzata, tavolozze di colori vivaci e un fascino ispirato agli sprite, unito a effetti moderni. La colonna sonora presenta circa 100 brani composti dai veterani Hiroki Kikuta, Tsuyoshi Sekito e Ryo Yamazaki, con temi reattivi che cambiano in base all&#8217;ambiente o all&#8217;azione.<\/p>\n<p data-start=\"1714\" data-end=\"1778\">Alcuni feedback dei giocatori evidenziano le prestazioni su Steam Deck:<\/p>\n<blockquote data-start=\"1779\" data-end=\"1918\">\n<p data-start=\"1781\" data-end=\"1918\">\u201cGioco con grafica standard e funziona in modo molto stabile&#8230; non c&#8217;\u00e8 risoluzione 1280&#215;800, solo 720.\u201d<\/p>\n<\/blockquote>\n<p data-start=\"1920\" data-end=\"2102\">La recensione di SteamDeckHQ rileva anche lievi cali di frame rate nelle scene d&#8217;intermezzo o nelle aree affollate, ma nel complesso elogia il mondo, la sensazione di combattimento e la presentazione.<\/p>\n<h3 data-start=\"2109\" data-end=\"2134\">Requisiti di sistema<\/h3>\n<p data-start=\"2136\" data-end=\"2149\"><strong data-start=\"2136\" data-end=\"2147\">Minimi<\/strong><\/p>\n<ul data-start=\"2150\" data-end=\"2617\">\n<li data-start=\"2150\" data-end=\"2220\">\n<p data-start=\"2152\" data-end=\"2220\">Sistema operativo: Windows 10 \/ 11 (64 bit)<\/p>\n<\/li>\n<li data-start=\"2221\" data-end=\"2305\">\n<p data-start=\"2223\" data-end=\"2305\">CPU: AMD Ryzen 3 1200 \/ Intel Core i5-6400<\/p>\n<\/li>\n<li data-start=\"2306\" data-end=\"2358\">\n<p data-start=\"2308\" data-end=\"2358\">RAM: 16 GB<\/p>\n<\/li>\n<li data-start=\"2359\" data-end=\"2478\">\n<p data-start=\"2361\" data-end=\"2478\">GPU: AMD Radeon RX 580 \/ Intel Arc A580 \/ NVIDIA GeForce GTX 1060 (6 GB di VRAM)<\/p>\n<\/li>\n<li data-start=\"2479\" data-end=\"2542\">\n<p data-start=\"2481\" data-end=\"2542\">DirectX: versione 12<\/p>\n<\/li>\n<li data-start=\"2543\" data-end=\"2617\">\n<p data-start=\"2545\" data-end=\"2617\">Archiviazione: 45 GB di spazio disponibile<\/p>\n<\/li>\n<\/ul>\n<p data-start=\"2619\" data-end=\"2636\"><strong data-start=\"2619\" data-end=\"2634\">Consigliati<\/strong><\/p>\n<ul data-start=\"2637\" data-end=\"2794\">\n<li data-start=\"2637\" data-end=\"2794\">\n<p data-start=\"2639\" data-end=\"2794\">Impostazioni superiori a \u201cBasso\u201d a 1080p, baseline di 30 FPS; GPU\/CPU pi\u00f9 potenti miglioreranno la stabilit\u00e0 e la qualit\u00e0 visiva.<\/p>\n<\/li>\n<\/ul>\n<h3>Come utilizzare il tuo account Steam di Visions of Mana<\/h3>\n<p><img decoding=\"async\" class=\"alignnone wp-image-3511\" src=\"https:\/\/orkza.com\/wp-content\/uploads\/2024\/10\/STEAM-ACTIVATION-GUIDE-400x225.jpg\" alt=\"\" width=\"804\" height=\"453\" title=\"\" srcset=\"https:\/\/orkza.com\/wp-content\/uploads\/2024\/10\/STEAM-ACTIVATION-GUIDE-400x225.jpg 400w, https:\/\/orkza.com\/wp-content\/uploads\/2024\/10\/STEAM-ACTIVATION-GUIDE-430x242.jpg 430w, https:\/\/orkza.com\/wp-content\/uploads\/2024\/10\/STEAM-ACTIVATION-GUIDE-150x84.jpg 150w, https:\/\/orkza.com\/wp-content\/uploads\/2024\/10\/STEAM-ACTIVATION-GUIDE-700x394.jpg 700w, https:\/\/orkza.com\/wp-content\/uploads\/2024\/10\/STEAM-ACTIVATION-GUIDE-768x432.jpg 768w, https:\/\/orkza.com\/wp-content\/uploads\/2024\/10\/STEAM-ACTIVATION-GUIDE.jpg 1280w\" sizes=\"(max-width: 804px) 100vw, 804px\" \/><\/p>\n<p>Dopo l&#8217;acquisto, accedi all&#8217;account Steam fornito sul tuo PC. Una volta loggato, vai alla tua libreria, installa il gioco e clicca sul pulsante play. Dopo qualche minuto, esci dal gioco e passa Steam alla modalit\u00e0 offline, e sei pronto per tuffarti in ore di gameplay emozionante!<\/p>\n<p>Per un processo di configurazione completo, consulta la nostra <a href=\"https:\/\/orkza.com\/it\/steam-account-activation-guide\/\" target=\"_blank\" rel=\"noopener\">Guida all&#8217;Attivazione dell&#8217;Account Steam<\/a><\/p>\n<p>Esplora i nostri nuovi <a href=\"https:\/\/orkza.com\/it\/giochi-pc\/\" target=\"_blank\" rel=\"noopener\">GIOCHI PER PC<\/a><\/p>\n","protected":false},"excerpt":{"rendered":"<article class=\"text-token-text-primary w-full focus:outline-none scroll-mt-[calc(var(--header-height)+min(200px,max(70px,20svh)))]\" dir=\"auto\" tabindex=\"-1\" data-turn-id=\"request-671e6c8f-d758-800d-a521-ee3e17bedac1-4\" data-testid=\"conversation-turn-284\" data-scroll-anchor=\"true\" data-turn=\"assistant\">\n<div class=\"text-base my-auto mx-auto pb-10 [--thread-content-margin:--spacing(4)] thread-sm:[--thread-content-margin:--spacing(6)] thread-lg:[--thread-content-margin:--spacing(16)] px-(--thread-content-margin)\">\n<div class=\"[--thread-content-max-width:40rem] thread-lg:[--thread-content-max-width:48rem] mx-auto max-w-(--thread-content-max-width) flex-1 group\/turn-messages focus-visible:outline-hidden relative flex w-full min-w-0 flex-col agent-turn\" tabindex=\"-1\">\n<div class=\"flex max-w-full flex-col grow\">\n<div class=\"min-h-8 text-message relative flex w-full flex-col items-end gap-2 text-start break-words whitespace-normal [.text-message+&amp;]:mt-5\" dir=\"auto\" data-message-author-role=\"assistant\" data-message-id=\"667e2af2-054b-4afd-8a72-23a90f9b15e5\" data-message-model-slug=\"gpt-5\">\n<div class=\"flex w-full flex-col gap-1 empty:hidden first:pt-[3px]\">\n<div class=\"markdown prose dark:prose-invert w-full break-words dark markdown-new-styling\">\n<p data-start=\"2801\" data-end=\"2964\">Ripristina il flusso di Mana in <em data-start=\"2867\" data-end=\"2884\">Visions of Mana<\/em>. Combattimenti d&#8217;azione, poteri elementali e un vivido mondo fantasy attendono il tuo viaggio.<\/p>\n<\/div>\n<\/div>\n<\/div>\n<\/div>\n<\/div>\n<\/div>\n<\/article>\n<p><img decoding=\"async\" class=\"alignnone wp-image-3526\" src=\"https:\/\/orkza.com\/wp-content\/uploads\/2024\/10\/Steam-Account-Notice-min-300x300.png\" alt=\"\" width=\"41\" height=\"41\" srcset=\"https:\/\/orkza.com\/wp-content\/uploads\/2024\/10\/Steam-Account-Notice-min-300x300.png 300w, https:\/\/orkza.com\/wp-content\/uploads\/2024\/10\/Steam-Account-Notice-min-scaled-430x430.png 430w, https:\/\/orkza.com\/wp-content\/uploads\/2024\/10\/Steam-Account-Notice-min-150x150.png 150w, https:\/\/orkza.com\/wp-content\/uploads\/2024\/10\/Steam-Account-Notice-min-scaled-700x700.png 700w, https:\/\/orkza.com\/wp-content\/uploads\/2024\/10\/Steam-Account-Notice-min-800x800.png 800w, https:\/\/orkza.com\/wp-content\/uploads\/2024\/10\/Steam-Account-Notice-min-768x768.png 768w, https:\/\/orkza.com\/wp-content\/uploads\/2024\/10\/Steam-Account-Notice-min-1536x1536.png 1536w, https:\/\/orkza.com\/wp-content\/uploads\/2024\/10\/Steam-Account-Notice-min-2048x2048.png 2048w\" sizes=\"(max-width: 41px) 100vw, 41px\" \/><strong>Nota: I dati dell&#8217;account non possono essere modificati. Questo \u00e8 un Account Steam con Accesso a Vita solo per il gioco offline <\/strong><\/p>\n","protected":false},"featured_media":10754,"comment_status":"open","ping_status":"closed","template":"","meta":[],"product_brand":[],"product_cat":[140],"product_tag":[173],"class_list":{"0":"post-10462","1":"product","2":"type-product","3":"status-publish","4":"has-post-thumbnail","6":"product_cat-azione","7":"product_tag-steam-it","9":"first","10":"instock","11":"sale","12":"virtual","13":"purchasable","14":"product-type-simple"},"_links":{"self":[{"href":"https:\/\/orkza.com\/it\/wp-json\/wp\/v2\/product\/10462","targetHints":{"allow":["GET"]}}],"collection":[{"href":"https:\/\/orkza.com\/it\/wp-json\/wp\/v2\/product"}],"about":[{"href":"https:\/\/orkza.com\/it\/wp-json\/wp\/v2\/types\/product"}],"replies":[{"embeddable":true,"href":"https:\/\/orkza.com\/it\/wp-json\/wp\/v2\/comments?post=10462"}],"version-history":[{"count":3,"href":"https:\/\/orkza.com\/it\/wp-json\/wp\/v2\/product\/10462\/revisions"}],"predecessor-version":[{"id":16447,"href":"https:\/\/orkza.com\/it\/wp-json\/wp\/v2\/product\/10462\/revisions\/16447"}],"wp:featuredmedia":[{"embeddable":true,"href":"https:\/\/orkza.com\/it\/wp-json\/wp\/v2\/media\/10754"}],"wp:attachment":[{"href":"https:\/\/orkza.com\/it\/wp-json\/wp\/v2\/media?parent=10462"}],"wp:term":[{"taxonomy":"product_brand","embeddable":true,"href":"https:\/\/orkza.com\/it\/wp-json\/wp\/v2\/product_brand?post=10462"},{"taxonomy":"product_cat","embeddable":true,"href":"https:\/\/orkza.com\/it\/wp-json\/wp\/v2\/product_cat?post=10462"},{"taxonomy":"product_tag","embeddable":true,"href":"https:\/\/orkza.com\/it\/wp-json\/wp\/v2\/product_tag?post=10462"}],"curies":[{"name":"wp","href":"https:\/\/api.w.org\/{rel}","templated":true}]}}