{"id":10454,"date":"2025-09-24T02:12:45","date_gmt":"2025-09-24T02:12:45","guid":{"rendered":"https:\/\/orkza.com\/?post_type=product&#038;p=10454"},"modified":"2026-02-26T05:56:30","modified_gmt":"2026-02-26T05:56:30","slug":"earth-defense-force-6-steam-account","status":"publish","type":"product","link":"https:\/\/orkza.com\/it\/prodotto\/earth-defense-force-6-steam-account\/","title":{"rendered":"Account Steam di EARTH DEFENSE FORCE 6"},"content":{"rendered":"<h2 data-start=\"3506\" data-end=\"3577\"><strong data-start=\"3509\" data-end=\"3577\">Account Steam di EARTH DEFENSE FORCE 6 \u2013 preparati all&#8217;invasione aliena<\/strong><\/h2>\n<p data-start=\"3579\" data-end=\"3909\">Gioca a <strong data-start=\"3584\" data-end=\"3678\"><a class=\"decorated-link\" href=\"https:\/\/store.steampowered.com\/app\/2291060\/EARTH_DEFENSE_FORCE_6\/?utm_source=chatgpt.com\" target=\"_new\" rel=\"noopener\" data-start=\"3586\" data-end=\"3676\">EARTH DEFENSE FORCE 6<\/a><\/strong> tramite il nostro account Steam e unisciti alla lotta dell&#8217;umanit\u00e0 contro colossali invasori. Questa versione \u00e8 la pi\u00f9 grande della serie, offrendo missioni estese, multiplayer e un enorme arsenale di armi.<\/p>\n<h3 data-start=\"3911\" data-end=\"3945\">Battaglie aliene cooperative definitive<\/h3>\n<p data-start=\"3946\" data-end=\"4134\">Fai squadra con un massimo di quattro giocatori online per respingere sciami di insetti giganti, robot e mostri. Le missioni supportano il ridimensionamento cooperativo completo su tutta la linea.<\/p>\n<h3 data-start=\"4136\" data-end=\"4167\">Arsenale e classi enormi<\/h3>\n<p data-start=\"4168\" data-end=\"4343\">Scegli tra pi\u00f9 classi di soldati e sblocca migliaia di varianti di armi. Dai fucili alla tecnologia aliena, ogni stile di gioco \u00e8 coperto.<\/p>\n<h3 data-start=\"4345\" data-end=\"4372\">Caos che distrugge la citt\u00e0<\/h3>\n<p data-start=\"4373\" data-end=\"4505\">Assisti a un caos su larga scala: citt\u00e0 che crollano, edifici che collassano ed esplosioni che illuminano il cielo. La tua missione: difendere la Terra a qualsiasi costo.<\/p>\n<h3 data-start=\"4507\" data-end=\"4540\">Requisiti Minimi di Sistema<\/h3>\n<ul data-start=\"4541\" data-end=\"4692\">\n<li data-start=\"4541\" data-end=\"4568\">\n<p data-start=\"4543\" data-end=\"4568\">Sistema Operativo: Windows 10 (64-bit)<\/p>\n<\/li>\n<li data-start=\"4569\" data-end=\"4621\">\n<p data-start=\"4571\" data-end=\"4621\">Processore: Intel Core i7-3770 \/ AMD Ryzen 3 1200<\/p>\n<\/li>\n<li data-start=\"4622\" data-end=\"4635\">\n<p data-start=\"4624\" data-end=\"4635\">RAM: 8 GB<\/p>\n<\/li>\n<li data-start=\"4636\" data-end=\"4673\">\n<p data-start=\"4638\" data-end=\"4673\">GPU: NVIDIA GTX 1060 \/ AMD RX 580<\/p>\n<\/li>\n<li data-start=\"4674\" data-end=\"4692\">\n<p data-start=\"4676\" data-end=\"4692\">Spazio di archiviazione: 45 GB<\/p>\n<\/li>\n<\/ul>\n<h3 data-start=\"4694\" data-end=\"4731\">Requisiti di Sistema Consigliati<\/h3>\n<ul data-start=\"4732\" data-end=\"4859\">\n<li data-start=\"4732\" data-end=\"4779\">\n<p data-start=\"4734\" data-end=\"4779\">CPU: Intel Core i7-8700K \/ AMD Ryzen 5 3600<\/p>\n<\/li>\n<li data-start=\"4780\" data-end=\"4794\">\n<p data-start=\"4782\" data-end=\"4794\">RAM: 16 GB<\/p>\n<\/li>\n<li data-start=\"4795\" data-end=\"4836\">\n<p data-start=\"4797\" data-end=\"4836\">GPU: NVIDIA GTX 1070 \/ AMD RX Vega 56<\/p>\n<\/li>\n<li data-start=\"4837\" data-end=\"4859\">\n<p data-start=\"4839\" data-end=\"4859\">Spazio di archiviazione: 45 GB SSD<\/p>\n<\/li>\n<\/ul>\n<h3>Come utilizzare il tuo account Steam di EARTH DEFENSE FORCE 6<\/h3>\n<p><img decoding=\"async\" class=\"alignnone wp-image-3511\" src=\"https:\/\/orkza.com\/wp-content\/uploads\/2024\/10\/STEAM-ACTIVATION-GUIDE-400x225.jpg\" alt=\"\" width=\"804\" height=\"453\" title=\"\" srcset=\"https:\/\/orkza.com\/wp-content\/uploads\/2024\/10\/STEAM-ACTIVATION-GUIDE-400x225.jpg 400w, https:\/\/orkza.com\/wp-content\/uploads\/2024\/10\/STEAM-ACTIVATION-GUIDE-430x242.jpg 430w, https:\/\/orkza.com\/wp-content\/uploads\/2024\/10\/STEAM-ACTIVATION-GUIDE-150x84.jpg 150w, https:\/\/orkza.com\/wp-content\/uploads\/2024\/10\/STEAM-ACTIVATION-GUIDE-700x394.jpg 700w, https:\/\/orkza.com\/wp-content\/uploads\/2024\/10\/STEAM-ACTIVATION-GUIDE-768x432.jpg 768w, https:\/\/orkza.com\/wp-content\/uploads\/2024\/10\/STEAM-ACTIVATION-GUIDE.jpg 1280w\" sizes=\"(max-width: 804px) 100vw, 804px\" \/><\/p>\n<p>Dopo l&#8217;acquisto, accedi all&#8217;account Steam fornito sul tuo PC. Una volta loggato, vai alla tua libreria, installa il gioco e clicca sul pulsante play. Dopo qualche minuto, esci dal gioco e passa Steam alla modalit\u00e0 offline, e sei pronto per tuffarti in ore di gameplay emozionante!<\/p>\n<p>Per un processo di configurazione completo, consulta la nostra <a href=\"https:\/\/orkza.com\/it\/steam-account-activation-guide\/\" target=\"_blank\" rel=\"noopener\">Guida all&#8217;Attivazione dell&#8217;Account Steam<\/a><\/p>\n<p>Esplora i nostri nuovi <a href=\"https:\/\/orkza.com\/it\/giochi-pc\/\" target=\"_blank\" rel=\"noopener\">GIOCHI PER PC<\/a><\/p>\n","protected":false},"excerpt":{"rendered":"<article class=\"text-token-text-primary w-full focus:outline-none scroll-mt-[calc(var(--header-height)+min(200px,max(70px,20svh)))]\" dir=\"auto\" tabindex=\"-1\" data-turn-id=\"e10760dd-0836-409e-be27-26038701b5e7\" data-testid=\"conversation-turn-248\" data-scroll-anchor=\"false\" data-turn=\"assistant\">\n<div class=\"text-base my-auto mx-auto [--thread-content-margin:--spacing(4)] thread-sm:[--thread-content-margin:--spacing(6)] thread-lg:[--thread-content-margin:--spacing(16)] px-(--thread-content-margin)\">\n<div class=\"[--thread-content-max-width:40rem] thread-lg:[--thread-content-max-width:48rem] mx-auto max-w-(--thread-content-max-width) flex-1 group\/turn-messages focus-visible:outline-hidden relative flex w-full min-w-0 flex-col agent-turn\" tabindex=\"-1\">\n<div class=\"flex max-w-full flex-col grow\">\n<div class=\"min-h-8 text-message relative flex w-full flex-col items-end gap-2 text-start break-words whitespace-normal [.text-message+&amp;]:mt-5\" dir=\"auto\" data-message-author-role=\"assistant\" data-message-id=\"f798a131-0b5c-4ada-856c-62637cfa41ed\" data-message-model-slug=\"gpt-5\">\n<div class=\"flex w-full flex-col gap-1 empty:hidden first:pt-[3px]\">\n<div class=\"markdown prose dark:prose-invert w-full break-words dark markdown-new-styling\">\n<p data-start=\"4861\" data-end=\"4994\">Unisciti alla lotta globale in <em data-start=\"4911\" data-end=\"4934\">EARTH DEFENSE FORCE 6<\/em>. Sciami alieni, caos in tutta la citt\u00e0 e completo caos cooperativo ti aspettano.<\/p>\n<\/div>\n<\/div>\n<\/div>\n<\/div>\n<\/div>\n<\/div>\n<\/article>\n<p><img decoding=\"async\" class=\"alignnone wp-image-3526\" src=\"https:\/\/orkza.com\/wp-content\/uploads\/2024\/10\/Steam-Account-Notice-min-300x300.png\" alt=\"\" width=\"41\" height=\"41\" srcset=\"https:\/\/orkza.com\/wp-content\/uploads\/2024\/10\/Steam-Account-Notice-min-300x300.png 300w, https:\/\/orkza.com\/wp-content\/uploads\/2024\/10\/Steam-Account-Notice-min-scaled-430x430.png 430w, https:\/\/orkza.com\/wp-content\/uploads\/2024\/10\/Steam-Account-Notice-min-150x150.png 150w, https:\/\/orkza.com\/wp-content\/uploads\/2024\/10\/Steam-Account-Notice-min-scaled-700x700.png 700w, https:\/\/orkza.com\/wp-content\/uploads\/2024\/10\/Steam-Account-Notice-min-800x800.png 800w, https:\/\/orkza.com\/wp-content\/uploads\/2024\/10\/Steam-Account-Notice-min-768x768.png 768w, https:\/\/orkza.com\/wp-content\/uploads\/2024\/10\/Steam-Account-Notice-min-1536x1536.png 1536w, https:\/\/orkza.com\/wp-content\/uploads\/2024\/10\/Steam-Account-Notice-min-2048x2048.png 2048w\" sizes=\"(max-width: 41px) 100vw, 41px\" \/><strong>Nota: I dati dell&#8217;account non possono essere modificati. Questo \u00e8 un Account Steam con Accesso a Vita solo per il gioco offline <\/strong><\/p>\n","protected":false},"featured_media":10641,"comment_status":"open","ping_status":"closed","template":"","meta":[],"product_brand":[],"product_cat":[140],"product_tag":[173],"class_list":{"0":"post-10454","1":"product","2":"type-product","3":"status-publish","4":"has-post-thumbnail","6":"product_cat-azione","7":"product_tag-steam-it","9":"first","10":"instock","11":"sale","12":"virtual","13":"purchasable","14":"product-type-simple"},"_links":{"self":[{"href":"https:\/\/orkza.com\/it\/wp-json\/wp\/v2\/product\/10454","targetHints":{"allow":["GET"]}}],"collection":[{"href":"https:\/\/orkza.com\/it\/wp-json\/wp\/v2\/product"}],"about":[{"href":"https:\/\/orkza.com\/it\/wp-json\/wp\/v2\/types\/product"}],"replies":[{"embeddable":true,"href":"https:\/\/orkza.com\/it\/wp-json\/wp\/v2\/comments?post=10454"}],"version-history":[{"count":3,"href":"https:\/\/orkza.com\/it\/wp-json\/wp\/v2\/product\/10454\/revisions"}],"predecessor-version":[{"id":16443,"href":"https:\/\/orkza.com\/it\/wp-json\/wp\/v2\/product\/10454\/revisions\/16443"}],"wp:featuredmedia":[{"embeddable":true,"href":"https:\/\/orkza.com\/it\/wp-json\/wp\/v2\/media\/10641"}],"wp:attachment":[{"href":"https:\/\/orkza.com\/it\/wp-json\/wp\/v2\/media?parent=10454"}],"wp:term":[{"taxonomy":"product_brand","embeddable":true,"href":"https:\/\/orkza.com\/it\/wp-json\/wp\/v2\/product_brand?post=10454"},{"taxonomy":"product_cat","embeddable":true,"href":"https:\/\/orkza.com\/it\/wp-json\/wp\/v2\/product_cat?post=10454"},{"taxonomy":"product_tag","embeddable":true,"href":"https:\/\/orkza.com\/it\/wp-json\/wp\/v2\/product_tag?post=10454"}],"curies":[{"name":"wp","href":"https:\/\/api.w.org\/{rel}","templated":true}]}}