{"id":10446,"date":"2025-09-24T02:12:39","date_gmt":"2025-09-24T02:12:39","guid":{"rendered":"https:\/\/orkza.com\/?post_type=product&#038;p=10446"},"modified":"2026-02-26T05:56:08","modified_gmt":"2026-02-26T05:56:08","slug":"warno-gold-edition-steam-account","status":"publish","type":"product","link":"https:\/\/orkza.com\/it\/prodotto\/warno-gold-edition-steam-account\/","title":{"rendered":"Account Steam Warno Gold Edition"},"content":{"rendered":"<h2 data-start=\"2183\" data-end=\"2247\"><strong data-start=\"2186\" data-end=\"2247\">Account Steam di Warno \u2013 la Guerra Fredda si infiamma in un conflitto totale<\/strong><\/h2>\n<p data-start=\"2249\" data-end=\"2514\">Gioca a <strong data-start=\"2254\" data-end=\"2313\"><a class=\"decorated-link cursor-pointer\" href=\"https:\/\/store.steampowered.com\/app\/1611600\/WARNO\/\" target=\"_new\" rel=\"noopener\" data-start=\"2256\" data-end=\"2311\">Warno<\/a><\/strong> tramite il nostro account Steam e immergiti nella tensione di una Guerra Fredda diventata incandescente. Questo gioco di strategia in tempo reale (RTS) presenta mappe su larga scala, unit\u00e0 moderne e guerra tattica dove ogni decisione conta.<\/p>\n<p data-start=\"2516\" data-end=\"2789\">Ambientato in una linea temporale del prossimo futuro, <em data-start=\"2547\" data-end=\"2554\">Warno<\/em> simula scenari di escalation plausibili. Comandi brigate meccanizzate, supporto aereo, risorse navali e unit\u00e0 di fanteria. La nebbia di guerra e il terreno giocano un ruolo cruciale: il posizionamento, le linee di vista e le linee di rifornimento possono decidere la vittoria o la sconfitta.<\/p>\n<p data-start=\"2791\" data-end=\"3040\">Le battaglie multigiocatore o con l&#8217;IA offrono un&#8217;alta intensit\u00e0. Ti schiererai al di l\u00e0 della semplice forza bruta: l&#8217;uso di unit\u00e0 di ricognizione, guerra elettronica e tattiche combinate \u00e8 fondamentale. Partecipa a brevi schermaglie o lunghi conflitti protratti nelle zone contese d&#8217;Europa.<\/p>\n<p data-start=\"3042\" data-end=\"3075\"><strong data-start=\"3042\" data-end=\"3073\">Requisiti Minimi di Sistema<\/strong><\/p>\n<ul data-start=\"3076\" data-end=\"3471\">\n<li data-start=\"3076\" data-end=\"3156\">\n<p data-start=\"3078\" data-end=\"3156\">Sistema operativo: Windows 7 \/ 8.1 \/ 10 \/ 11 a 64 bit<\/p>\n<\/li>\n<li data-start=\"3157\" data-end=\"3265\">\n<p data-start=\"3159\" data-end=\"3265\">CPU: qualsiasi Intel o AMD a 4 core (ad es. Intel i3-8100 \/ Ryzen 3 1200)<\/p>\n<\/li>\n<li data-start=\"3266\" data-end=\"3319\">\n<p data-start=\"3268\" data-end=\"3319\">RAM: 4 GB<\/p>\n<\/li>\n<li data-start=\"3320\" data-end=\"3412\">\n<p data-start=\"3322\" data-end=\"3412\">GPU: NVIDIA GT 1030 \/ AMD RX 460 (o equivalente)<\/p>\n<\/li>\n<li data-start=\"3413\" data-end=\"3471\">\n<p data-start=\"3415\" data-end=\"3471\">Spazio di Archiviazione: 50 GB<\/p>\n<\/li>\n<\/ul>\n<p data-start=\"3473\" data-end=\"3510\"><strong data-start=\"3473\" data-end=\"3508\">Requisiti di Sistema Consigliati<\/strong><\/p>\n<ul data-start=\"3511\" data-end=\"3808\">\n<li data-start=\"3511\" data-end=\"3613\">\n<p data-start=\"3513\" data-end=\"3613\">CPU: Intel \/ AMD a 4 core (ad es. Intel i3-8100, Ryzen 3 1200)<\/p>\n<\/li>\n<li data-start=\"3614\" data-end=\"3667\">\n<p data-start=\"3616\" data-end=\"3667\">RAM: 8 GB<\/p>\n<\/li>\n<li data-start=\"3668\" data-end=\"3749\">\n<p data-start=\"3670\" data-end=\"3749\">GPU: NVIDIA GTX 1060 3GB \/ AMD RX 580<\/p>\n<\/li>\n<li data-start=\"3750\" data-end=\"3808\">\n<p data-start=\"3752\" data-end=\"3808\">Spazio di Archiviazione: 50 GB<\/p>\n<\/li>\n<\/ul>\n<h3>Come utilizzare il tuo account Steam di Warno<\/h3>\n<p><img decoding=\"async\" class=\"alignnone wp-image-3511\" src=\"https:\/\/orkza.com\/wp-content\/uploads\/2024\/10\/STEAM-ACTIVATION-GUIDE-400x225.jpg\" alt=\"\" width=\"804\" height=\"453\" title=\"\" srcset=\"https:\/\/orkza.com\/wp-content\/uploads\/2024\/10\/STEAM-ACTIVATION-GUIDE-400x225.jpg 400w, https:\/\/orkza.com\/wp-content\/uploads\/2024\/10\/STEAM-ACTIVATION-GUIDE-430x242.jpg 430w, https:\/\/orkza.com\/wp-content\/uploads\/2024\/10\/STEAM-ACTIVATION-GUIDE-150x84.jpg 150w, https:\/\/orkza.com\/wp-content\/uploads\/2024\/10\/STEAM-ACTIVATION-GUIDE-700x394.jpg 700w, https:\/\/orkza.com\/wp-content\/uploads\/2024\/10\/STEAM-ACTIVATION-GUIDE-768x432.jpg 768w, https:\/\/orkza.com\/wp-content\/uploads\/2024\/10\/STEAM-ACTIVATION-GUIDE.jpg 1280w\" sizes=\"(max-width: 804px) 100vw, 804px\" \/><\/p>\n<p>Dopo l&#8217;acquisto, accedi all&#8217;account Steam fornito sul tuo PC. Una volta loggato, vai alla tua libreria, installa il gioco e clicca sul pulsante play. Dopo qualche minuto, esci dal gioco e passa Steam alla modalit\u00e0 offline, e sei pronto per tuffarti in ore di gameplay emozionante!<\/p>\n<p>Per un processo di configurazione completo, consulta la nostra <a href=\"https:\/\/orkza.com\/it\/steam-account-activation-guide\/\" target=\"_blank\" rel=\"noopener\">Guida all&#8217;Attivazione dell&#8217;Account Steam<\/a><\/p>\n<p>Esplora i nostri nuovi <a href=\"https:\/\/orkza.com\/it\/giochi-pc\/\" target=\"_blank\" rel=\"noopener\">GIOCHI PER PC<\/a><\/p>\n","protected":false},"excerpt":{"rendered":"<p data-start=\"3810\" data-end=\"3963\">Guida gli eserciti in combattimenti volatili della Guerra Fredda. <em data-start=\"3876\" data-end=\"3883\">Warno<\/em> offre battaglie RTS incisive con unit\u00e0 moderne, strategia e tattiche di guerra.<\/p>\n<p><img decoding=\"async\" class=\"alignnone wp-image-3526\" src=\"https:\/\/orkza.com\/wp-content\/uploads\/2024\/10\/Steam-Account-Notice-min-300x300.png\" alt=\"\" width=\"41\" height=\"41\" srcset=\"https:\/\/orkza.com\/wp-content\/uploads\/2024\/10\/Steam-Account-Notice-min-300x300.png 300w, https:\/\/orkza.com\/wp-content\/uploads\/2024\/10\/Steam-Account-Notice-min-scaled-430x430.png 430w, https:\/\/orkza.com\/wp-content\/uploads\/2024\/10\/Steam-Account-Notice-min-150x150.png 150w, https:\/\/orkza.com\/wp-content\/uploads\/2024\/10\/Steam-Account-Notice-min-scaled-700x700.png 700w, https:\/\/orkza.com\/wp-content\/uploads\/2024\/10\/Steam-Account-Notice-min-800x800.png 800w, https:\/\/orkza.com\/wp-content\/uploads\/2024\/10\/Steam-Account-Notice-min-768x768.png 768w, https:\/\/orkza.com\/wp-content\/uploads\/2024\/10\/Steam-Account-Notice-min-1536x1536.png 1536w, https:\/\/orkza.com\/wp-content\/uploads\/2024\/10\/Steam-Account-Notice-min-2048x2048.png 2048w\" sizes=\"(max-width: 41px) 100vw, 41px\" \/><strong>Nota: I dati dell&#8217;account non possono essere modificati. Questo \u00e8 un Account Steam con Accesso a Vita solo per il gioco offline <\/strong><\/p>\n","protected":false},"featured_media":10653,"comment_status":"open","ping_status":"closed","template":"","meta":[],"product_brand":[],"product_cat":[140],"product_tag":[173],"class_list":{"0":"post-10446","1":"product","2":"type-product","3":"status-publish","4":"has-post-thumbnail","6":"product_cat-azione","7":"product_tag-steam-it","9":"first","10":"instock","11":"sale","12":"virtual","13":"purchasable","14":"product-type-simple"},"_links":{"self":[{"href":"https:\/\/orkza.com\/it\/wp-json\/wp\/v2\/product\/10446","targetHints":{"allow":["GET"]}}],"collection":[{"href":"https:\/\/orkza.com\/it\/wp-json\/wp\/v2\/product"}],"about":[{"href":"https:\/\/orkza.com\/it\/wp-json\/wp\/v2\/types\/product"}],"replies":[{"embeddable":true,"href":"https:\/\/orkza.com\/it\/wp-json\/wp\/v2\/comments?post=10446"}],"version-history":[{"count":3,"href":"https:\/\/orkza.com\/it\/wp-json\/wp\/v2\/product\/10446\/revisions"}],"predecessor-version":[{"id":16439,"href":"https:\/\/orkza.com\/it\/wp-json\/wp\/v2\/product\/10446\/revisions\/16439"}],"wp:featuredmedia":[{"embeddable":true,"href":"https:\/\/orkza.com\/it\/wp-json\/wp\/v2\/media\/10653"}],"wp:attachment":[{"href":"https:\/\/orkza.com\/it\/wp-json\/wp\/v2\/media?parent=10446"}],"wp:term":[{"taxonomy":"product_brand","embeddable":true,"href":"https:\/\/orkza.com\/it\/wp-json\/wp\/v2\/product_brand?post=10446"},{"taxonomy":"product_cat","embeddable":true,"href":"https:\/\/orkza.com\/it\/wp-json\/wp\/v2\/product_cat?post=10446"},{"taxonomy":"product_tag","embeddable":true,"href":"https:\/\/orkza.com\/it\/wp-json\/wp\/v2\/product_tag?post=10446"}],"curies":[{"name":"wp","href":"https:\/\/api.w.org\/{rel}","templated":true}]}}