{"id":10024,"date":"2025-09-19T09:36:04","date_gmt":"2025-09-19T09:36:04","guid":{"rendered":"https:\/\/orkza.com\/?post_type=product&#038;p=10024"},"modified":"2026-02-26T06:14:27","modified_gmt":"2026-02-26T06:14:27","slug":"borderlands-4-deluxe-edition-steam-account","status":"publish","type":"product","link":"https:\/\/orkza.com\/it\/prodotto\/borderlands-4-deluxe-edition-steam-account\/","title":{"rendered":"Borderlands 4 edizione deluxe account Steam"},"content":{"rendered":"<h2 data-start=\"3074\" data-end=\"3140\"><strong data-start=\"3077\" data-end=\"3140\">Account Steam di Borderlands 4 \u2013 caos, armi e follia cooperativa<\/strong><\/h2>\n<p data-start=\"3142\" data-end=\"3358\">Sblocca <a href=\"https:\/\/store.steampowered.com\/app\/1285190\/Borderlands_4\/\" target=\"_blank\" rel=\"noopener\"><em data-start=\"3149\" data-end=\"3164\">Borderlands 4<\/em><\/a> con il nostro account Steam e torna nell&#8217;universo del caos. Quest&#8217;ultimo capitolo si basa sull&#8217;eredit\u00e0 looter-shooter con mondi pi\u00f9 grandi, armi pi\u00f9 folli e un&#8217;azione cooperativa ancora pi\u00f9 esplosiva.<\/p>\n<h3 data-start=\"3360\" data-end=\"3396\"><strong data-start=\"3364\" data-end=\"3394\">Il prossimo capitolo di caos<\/strong><\/h3>\n<p data-start=\"3397\" data-end=\"3558\">Viaggia verso nuovi pianeti con ambienti unici, nemici e camere blindate nascoste. La storia continua con un nuovo cast di Cacciatori della Cripta e il ritorno dei preferiti dai fan.<\/p>\n<h3 data-start=\"3560\" data-end=\"3587\"><strong data-start=\"3564\" data-end=\"3585\">Azione di fuoco ineguagliabile<\/strong><\/h3>\n<p data-start=\"3588\" data-end=\"3742\">Con miliardi di armi generate proceduralmente, ogni scontro a fuoco \u00e8 unico. Dai fucili a pompa che lanciano razzi alle SMG elementali, l&#8217;arsenale non finisce mai.<\/p>\n<h3 data-start=\"3744\" data-end=\"3773\"><strong data-start=\"3748\" data-end=\"3771\">Co-op fluida<\/strong><\/h3>\n<p data-start=\"3774\" data-end=\"3893\">Fai squadra in co-op online o a schermo diviso. La scalabilit\u00e0 adattiva assicura che giocatori di tutti i livelli possano godersi il caos insieme.<\/p>\n<h3 data-start=\"3895\" data-end=\"3932\"><strong data-start=\"3899\" data-end=\"3930\">Requisiti Minimi di Sistema<\/strong><\/h3>\n<ul data-start=\"3933\" data-end=\"4104\">\n<li data-start=\"3933\" data-end=\"3960\">\n<p data-start=\"3935\" data-end=\"3960\">Sistema Operativo: Windows 10 (64-bit)<\/p>\n<\/li>\n<li data-start=\"3961\" data-end=\"4014\">\n<p data-start=\"3963\" data-end=\"4014\">Processore: Intel Core i5-9600K \/ AMD Ryzen 5 3600<\/p>\n<\/li>\n<li data-start=\"4015\" data-end=\"4035\">\n<p data-start=\"4017\" data-end=\"4035\">Memoria: 8 GB RAM<\/p>\n<\/li>\n<li data-start=\"4036\" data-end=\"4081\">\n<p data-start=\"4038\" data-end=\"4081\">Grafica: NVIDIA GTX 1660 ti \/ AMD RX 590<\/p>\n<\/li>\n<li data-start=\"4082\" data-end=\"4104\">\n<p data-start=\"4084\" data-end=\"4104\">Archiviazione: 75 GB SSD<\/p>\n<\/li>\n<\/ul>\n<h3 data-start=\"4106\" data-end=\"4147\"><strong data-start=\"4110\" data-end=\"4145\">Requisiti di Sistema Consigliati<\/strong><\/h3>\n<ul data-start=\"4148\" data-end=\"4326\">\n<li data-start=\"4148\" data-end=\"4178\">\n<p data-start=\"4150\" data-end=\"4178\">Sistema Operativo: Windows 10\/11 (64-bit)<\/p>\n<\/li>\n<li data-start=\"4179\" data-end=\"4234\">\n<p data-start=\"4181\" data-end=\"4234\">Processore: Intel Core i7-10700K \/ AMD Ryzen 7 3700X<\/p>\n<\/li>\n<li data-start=\"4235\" data-end=\"4256\">\n<p data-start=\"4237\" data-end=\"4256\">Memoria: 16 GB RAM<\/p>\n<\/li>\n<li data-start=\"4257\" data-end=\"4303\">\n<p data-start=\"4259\" data-end=\"4303\">Grafica: NVIDIA RTX 3070 \/ AMD RX 6800 XT<\/p>\n<\/li>\n<li data-start=\"4304\" data-end=\"4326\">\n<p data-start=\"4306\" data-end=\"4326\">Archiviazione: 75 GB SSD<\/p>\n<\/li>\n<\/ul>\n<h3>Come usare il tuo account Steam di Borderlands 4<\/h3>\n<p><img decoding=\"async\" class=\"alignnone wp-image-3511\" src=\"https:\/\/orkza.com\/wp-content\/uploads\/2024\/10\/STEAM-ACTIVATION-GUIDE-400x225.jpg\" alt=\"\" width=\"804\" height=\"453\" title=\"\" srcset=\"https:\/\/orkza.com\/wp-content\/uploads\/2024\/10\/STEAM-ACTIVATION-GUIDE-400x225.jpg 400w, https:\/\/orkza.com\/wp-content\/uploads\/2024\/10\/STEAM-ACTIVATION-GUIDE-430x242.jpg 430w, https:\/\/orkza.com\/wp-content\/uploads\/2024\/10\/STEAM-ACTIVATION-GUIDE-150x84.jpg 150w, https:\/\/orkza.com\/wp-content\/uploads\/2024\/10\/STEAM-ACTIVATION-GUIDE-700x394.jpg 700w, https:\/\/orkza.com\/wp-content\/uploads\/2024\/10\/STEAM-ACTIVATION-GUIDE-768x432.jpg 768w, https:\/\/orkza.com\/wp-content\/uploads\/2024\/10\/STEAM-ACTIVATION-GUIDE.jpg 1280w\" sizes=\"(max-width: 804px) 100vw, 804px\" \/><\/p>\n<p>Dopo l&#8217;acquisto, accedi all&#8217;account Steam fornito sul tuo PC. Una volta loggato, vai alla tua libreria, installa il gioco e clicca sul pulsante play. Dopo qualche minuto, esci dal gioco e passa Steam alla modalit\u00e0 offline, e sei pronto per tuffarti in ore di gameplay emozionante!<\/p>\n<p>Per un processo di configurazione completo, consulta la nostra <a href=\"https:\/\/orkza.com\/it\/steam-account-activation-guide\/\" target=\"_blank\" rel=\"noopener\">Guida all&#8217;Attivazione dell&#8217;Account Steam<\/a><\/p>\n<p>Esplora i nostri nuovi <a href=\"https:\/\/orkza.com\/it\/giochi-pc\/\" target=\"_blank\" rel=\"noopener\">GIOCHI PER PC<\/a><\/p>\n","protected":false},"excerpt":{"rendered":"<p data-start=\"4328\" data-end=\"4480\">Tuffati nel caos in <em data-start=\"4373\" data-end=\"4388\">Borderlands 4<\/em>. Esplora nuovi pianeti, saccheggia miliardi di armi e scatena il caos in un&#8217;azione cooperativa esplosiva.<\/p>\n<p><img decoding=\"async\" class=\"alignnone wp-image-3526\" src=\"https:\/\/orkza.com\/wp-content\/uploads\/2024\/10\/Steam-Account-Notice-min-300x300.png\" alt=\"\" width=\"41\" height=\"41\" srcset=\"https:\/\/orkza.com\/wp-content\/uploads\/2024\/10\/Steam-Account-Notice-min-300x300.png 300w, https:\/\/orkza.com\/wp-content\/uploads\/2024\/10\/Steam-Account-Notice-min-scaled-430x430.png 430w, https:\/\/orkza.com\/wp-content\/uploads\/2024\/10\/Steam-Account-Notice-min-150x150.png 150w, https:\/\/orkza.com\/wp-content\/uploads\/2024\/10\/Steam-Account-Notice-min-scaled-700x700.png 700w, https:\/\/orkza.com\/wp-content\/uploads\/2024\/10\/Steam-Account-Notice-min-800x800.png 800w, https:\/\/orkza.com\/wp-content\/uploads\/2024\/10\/Steam-Account-Notice-min-768x768.png 768w, https:\/\/orkza.com\/wp-content\/uploads\/2024\/10\/Steam-Account-Notice-min-1536x1536.png 1536w, https:\/\/orkza.com\/wp-content\/uploads\/2024\/10\/Steam-Account-Notice-min-2048x2048.png 2048w\" sizes=\"(max-width: 41px) 100vw, 41px\" \/><strong>Nota: I dati dell&#8217;account non possono essere modificati. Questo \u00e8 un Account Steam con Accesso a Vita solo per il gioco offline <\/strong><\/p>\n","protected":false},"featured_media":10152,"comment_status":"open","ping_status":"closed","template":"","meta":[],"product_brand":[],"product_cat":[140],"product_tag":[173],"class_list":{"0":"post-10024","1":"product","2":"type-product","3":"status-publish","4":"has-post-thumbnail","6":"product_cat-azione","7":"product_tag-steam-it","9":"first","10":"instock","11":"sale","12":"virtual","13":"purchasable","14":"product-type-simple"},"_links":{"self":[{"href":"https:\/\/orkza.com\/it\/wp-json\/wp\/v2\/product\/10024","targetHints":{"allow":["GET"]}}],"collection":[{"href":"https:\/\/orkza.com\/it\/wp-json\/wp\/v2\/product"}],"about":[{"href":"https:\/\/orkza.com\/it\/wp-json\/wp\/v2\/types\/product"}],"replies":[{"embeddable":true,"href":"https:\/\/orkza.com\/it\/wp-json\/wp\/v2\/comments?post=10024"}],"version-history":[{"count":3,"href":"https:\/\/orkza.com\/it\/wp-json\/wp\/v2\/product\/10024\/revisions"}],"predecessor-version":[{"id":16524,"href":"https:\/\/orkza.com\/it\/wp-json\/wp\/v2\/product\/10024\/revisions\/16524"}],"wp:featuredmedia":[{"embeddable":true,"href":"https:\/\/orkza.com\/it\/wp-json\/wp\/v2\/media\/10152"}],"wp:attachment":[{"href":"https:\/\/orkza.com\/it\/wp-json\/wp\/v2\/media?parent=10024"}],"wp:term":[{"taxonomy":"product_brand","embeddable":true,"href":"https:\/\/orkza.com\/it\/wp-json\/wp\/v2\/product_brand?post=10024"},{"taxonomy":"product_cat","embeddable":true,"href":"https:\/\/orkza.com\/it\/wp-json\/wp\/v2\/product_cat?post=10024"},{"taxonomy":"product_tag","embeddable":true,"href":"https:\/\/orkza.com\/it\/wp-json\/wp\/v2\/product_tag?post=10024"}],"curies":[{"name":"wp","href":"https:\/\/api.w.org\/{rel}","templated":true}]}}