{"id":10010,"date":"2025-09-19T09:35:52","date_gmt":"2025-09-19T09:35:52","guid":{"rendered":"https:\/\/orkza.com\/?post_type=product&#038;p=10010"},"modified":"2026-02-26T06:14:28","modified_gmt":"2026-02-26T06:14:28","slug":"the-hundred-line-last-defense-academy-steam-account","status":"publish","type":"product","link":"https:\/\/orkza.com\/it\/prodotto\/the-hundred-line-last-defense-academy-steam-account\/","title":{"rendered":"The Hundred Line - Last Defense Academy account Steam"},"content":{"rendered":"<h2 data-start=\"1777\" data-end=\"1858\"><strong data-start=\"1780\" data-end=\"1858\">The Hundred Line - Last Defense Academy account Steam \u2013 RPG tattico anime<\/strong><\/h2>\n<p data-start=\"1860\" data-end=\"2113\">Gioca a <a href=\"https:\/\/store.steampowered.com\/app\/3014080\/The_Hundred_Line_Last_Defense_Academy\/\" target=\"_blank\" rel=\"noopener\"><em data-start=\"1865\" data-end=\"1906\">The Hundred Line - Last Defense Academy<\/em><\/a> con il nostro account Steam e immergiti in un avvincente RPG tattico ambientato in un mondo sotto assedio. Combinando una narrazione in stile anime con combattimenti strategici, questo titolo offre una miscela unica di dramma e gameplay.<\/p>\n<h3 data-start=\"2115\" data-end=\"2153\"><strong data-start=\"2119\" data-end=\"2151\">Difendi l&#8217;ultima resistenza dell&#8217;umanit\u00e0<\/strong><\/h3>\n<p data-start=\"2154\" data-end=\"2286\">Assumi il comando degli studenti della Last Defense Academy, incaricati di proteggere i resti della civilt\u00e0 contro le forze d&#8217;invasione.<\/p>\n<h3 data-start=\"2288\" data-end=\"2327\"><strong data-start=\"2292\" data-end=\"2325\">Combattimento tattico con strategia<\/strong><\/h3>\n<p data-start=\"2328\" data-end=\"2461\">Schiera le unit\u00e0 in battaglie a griglia dove posizionamento, abilit\u00e0 e lavoro di squadra contano. Ogni studente porta abilit\u00e0 e poteri unici.<\/p>\n<h3 data-start=\"2463\" data-end=\"2495\"><strong data-start=\"2467\" data-end=\"2493\">Narrazione emozionante<\/strong><\/h3>\n<p data-start=\"2496\" data-end=\"2650\">Con cutscene ispirate agli anime e archi narrativi incentrati sui personaggi, ogni missione ha il suo peso. Le tue decisioni influenzano il morale, la sopravvivenza e il futuro dell&#8217;accademia.<\/p>\n<h3 data-start=\"2652\" data-end=\"2689\"><strong data-start=\"2656\" data-end=\"2687\">Requisiti Minimi di Sistema<\/strong><\/h3>\n<ul data-start=\"2690\" data-end=\"2856\">\n<li data-start=\"2690\" data-end=\"2717\">\n<p data-start=\"2692\" data-end=\"2717\">Sistema Operativo: Windows 10 (64-bit)<\/p>\n<\/li>\n<li data-start=\"2718\" data-end=\"2770\">\n<p data-start=\"2720\" data-end=\"2770\">Processore: Intel Core i5-7400 \/ AMD Ryzen 5 1400<\/p>\n<\/li>\n<li data-start=\"2771\" data-end=\"2791\">\n<p data-start=\"2773\" data-end=\"2791\">Memoria: 8 GB RAM<\/p>\n<\/li>\n<li data-start=\"2792\" data-end=\"2833\">\n<p data-start=\"2794\" data-end=\"2833\">Grafica: NVIDIA GTX 960 \/ AMD RX 560<\/p>\n<\/li>\n<li data-start=\"2834\" data-end=\"2856\">\n<p data-start=\"2836\" data-end=\"2856\">Spazio di Archiviazione: 25 GB SSD<\/p>\n<\/li>\n<\/ul>\n<h3 data-start=\"2858\" data-end=\"2899\"><strong data-start=\"2862\" data-end=\"2897\">Requisiti di Sistema Consigliati<\/strong><\/h3>\n<ul data-start=\"2900\" data-end=\"3079\">\n<li data-start=\"2900\" data-end=\"2930\">\n<p data-start=\"2902\" data-end=\"2930\">Sistema Operativo: Windows 10\/11 (64-bit)<\/p>\n<\/li>\n<li data-start=\"2931\" data-end=\"2984\">\n<p data-start=\"2933\" data-end=\"2984\">Processore: Intel Core i7-9700 \/ AMD Ryzen 7 3700X<\/p>\n<\/li>\n<li data-start=\"2985\" data-end=\"3006\">\n<p data-start=\"2987\" data-end=\"3006\">Memoria: 16 GB RAM<\/p>\n<\/li>\n<li data-start=\"3007\" data-end=\"3056\">\n<p data-start=\"3009\" data-end=\"3056\">Grafica: NVIDIA GTX 1660 ti \/ AMD RX 6600 XT<\/p>\n<\/li>\n<li data-start=\"3057\" data-end=\"3079\">\n<p data-start=\"3059\" data-end=\"3079\">Spazio di Archiviazione: 25 GB SSD<\/p>\n<\/li>\n<\/ul>\n<h3>Come usare il tuo account Steam The Hundred Line - Last Defense Academy<\/h3>\n<p><img decoding=\"async\" class=\"alignnone wp-image-3511\" src=\"https:\/\/orkza.com\/wp-content\/uploads\/2024\/10\/STEAM-ACTIVATION-GUIDE-400x225.jpg\" alt=\"\" width=\"804\" height=\"453\" title=\"\" srcset=\"https:\/\/orkza.com\/wp-content\/uploads\/2024\/10\/STEAM-ACTIVATION-GUIDE-400x225.jpg 400w, https:\/\/orkza.com\/wp-content\/uploads\/2024\/10\/STEAM-ACTIVATION-GUIDE-430x242.jpg 430w, https:\/\/orkza.com\/wp-content\/uploads\/2024\/10\/STEAM-ACTIVATION-GUIDE-150x84.jpg 150w, https:\/\/orkza.com\/wp-content\/uploads\/2024\/10\/STEAM-ACTIVATION-GUIDE-700x394.jpg 700w, https:\/\/orkza.com\/wp-content\/uploads\/2024\/10\/STEAM-ACTIVATION-GUIDE-768x432.jpg 768w, https:\/\/orkza.com\/wp-content\/uploads\/2024\/10\/STEAM-ACTIVATION-GUIDE.jpg 1280w\" sizes=\"(max-width: 804px) 100vw, 804px\" \/><\/p>\n<p>Dopo l&#8217;acquisto, accedi all&#8217;account Steam fornito sul tuo PC. Una volta loggato, vai alla tua libreria, installa il gioco e clicca sul pulsante play. Dopo qualche minuto, esci dal gioco e passa Steam alla modalit\u00e0 offline, e sei pronto per tuffarti in ore di gameplay emozionante!<\/p>\n<p>Per un processo di configurazione completo, consulta la nostra <a href=\"https:\/\/orkza.com\/it\/steam-account-activation-guide\/\" target=\"_blank\" rel=\"noopener\">Guida all&#8217;Attivazione dell&#8217;Account Steam<\/a><\/p>\n<p>Esplora i nostri nuovi <a href=\"https:\/\/orkza.com\/it\/giochi-pc\/\" target=\"_blank\" rel=\"noopener\">GIOCHI PER PC<\/a><\/p>\n","protected":false},"excerpt":{"rendered":"<p class=\"\" data-start=\"553\" data-end=\"678\">Guida la Last Defense Academy in <em data-start=\"3139\" data-end=\"3157\">The Hundred Line<\/em>. Battaglie RPG strategiche e dramma in stile anime si combinano in questa avventura unica.<\/p>\n<p><img decoding=\"async\" class=\"alignnone wp-image-3526\" src=\"https:\/\/orkza.com\/wp-content\/uploads\/2024\/10\/Steam-Account-Notice-min-300x300.png\" alt=\"\" width=\"41\" height=\"41\" srcset=\"https:\/\/orkza.com\/wp-content\/uploads\/2024\/10\/Steam-Account-Notice-min-300x300.png 300w, https:\/\/orkza.com\/wp-content\/uploads\/2024\/10\/Steam-Account-Notice-min-scaled-430x430.png 430w, https:\/\/orkza.com\/wp-content\/uploads\/2024\/10\/Steam-Account-Notice-min-150x150.png 150w, https:\/\/orkza.com\/wp-content\/uploads\/2024\/10\/Steam-Account-Notice-min-scaled-700x700.png 700w, https:\/\/orkza.com\/wp-content\/uploads\/2024\/10\/Steam-Account-Notice-min-800x800.png 800w, https:\/\/orkza.com\/wp-content\/uploads\/2024\/10\/Steam-Account-Notice-min-768x768.png 768w, https:\/\/orkza.com\/wp-content\/uploads\/2024\/10\/Steam-Account-Notice-min-1536x1536.png 1536w, https:\/\/orkza.com\/wp-content\/uploads\/2024\/10\/Steam-Account-Notice-min-2048x2048.png 2048w\" sizes=\"(max-width: 41px) 100vw, 41px\" \/><strong>Nota: I dati dell&#8217;account non possono essere modificati. Questo \u00e8 un Account Steam con Accesso a Vita solo per il gioco offline <\/strong><\/p>\n","protected":false},"featured_media":10131,"comment_status":"open","ping_status":"closed","template":"","meta":[],"product_brand":[],"product_cat":[145],"product_tag":[173],"class_list":{"0":"post-10010","1":"product","2":"type-product","3":"status-publish","4":"has-post-thumbnail","6":"product_cat-rpg","7":"product_tag-steam-it","9":"first","10":"instock","11":"sale","12":"virtual","13":"purchasable","14":"product-type-simple"},"_links":{"self":[{"href":"https:\/\/orkza.com\/it\/wp-json\/wp\/v2\/product\/10010","targetHints":{"allow":["GET"]}}],"collection":[{"href":"https:\/\/orkza.com\/it\/wp-json\/wp\/v2\/product"}],"about":[{"href":"https:\/\/orkza.com\/it\/wp-json\/wp\/v2\/types\/product"}],"replies":[{"embeddable":true,"href":"https:\/\/orkza.com\/it\/wp-json\/wp\/v2\/comments?post=10010"}],"version-history":[{"count":3,"href":"https:\/\/orkza.com\/it\/wp-json\/wp\/v2\/product\/10010\/revisions"}],"predecessor-version":[{"id":16517,"href":"https:\/\/orkza.com\/it\/wp-json\/wp\/v2\/product\/10010\/revisions\/16517"}],"wp:featuredmedia":[{"embeddable":true,"href":"https:\/\/orkza.com\/it\/wp-json\/wp\/v2\/media\/10131"}],"wp:attachment":[{"href":"https:\/\/orkza.com\/it\/wp-json\/wp\/v2\/media?parent=10010"}],"wp:term":[{"taxonomy":"product_brand","embeddable":true,"href":"https:\/\/orkza.com\/it\/wp-json\/wp\/v2\/product_brand?post=10010"},{"taxonomy":"product_cat","embeddable":true,"href":"https:\/\/orkza.com\/it\/wp-json\/wp\/v2\/product_cat?post=10010"},{"taxonomy":"product_tag","embeddable":true,"href":"https:\/\/orkza.com\/it\/wp-json\/wp\/v2\/product_tag?post=10010"}],"curies":[{"name":"wp","href":"https:\/\/api.w.org\/{rel}","templated":true}]}}