{"id":10004,"date":"2025-09-19T09:35:48","date_gmt":"2025-09-19T09:35:48","guid":{"rendered":"https:\/\/orkza.com\/?post_type=product&#038;p=10004"},"modified":"2026-02-26T06:24:15","modified_gmt":"2026-02-26T06:24:15","slug":"tempest-rising-deluxe-edition-steam-account","status":"publish","type":"product","link":"https:\/\/orkza.com\/it\/prodotto\/tempest-rising-deluxe-edition-steam-account\/","title":{"rendered":"Tempest Rising edizione deluxe account Steam"},"content":{"rendered":"<h2 data-start=\"1723\" data-end=\"1783\"><strong data-start=\"1726\" data-end=\"1783\">Tempest Rising account Steam \u2013 RTS classico reinventato<\/strong><\/h2>\n<p data-start=\"1785\" data-end=\"2002\">Gioca a <a href=\"https:\/\/store.steampowered.com\/app\/1486920\/Tempest_Rising\/\" target=\"_blank\" rel=\"noopener\"><em data-start=\"1790\" data-end=\"1806\">Tempest Rising<\/em><\/a> con il nostro account Steam e vivi un moderno gioco di strategia in tempo reale ispirato ai classici del genere. Sviluppato con meccaniche profonde e un tocco cinematografico, fonde nostalgia e innovazione.<\/p>\n<h3 data-start=\"2004\" data-end=\"2035\"><strong data-start=\"2008\" data-end=\"2033\">Tre fazioni uniche<\/strong><\/h3>\n<p data-start=\"2036\" data-end=\"2176\">Comanda eserciti di fazioni distinte con unit\u00e0, tecnologie e strategie uniche. Adattati a campi di battaglia in evoluzione con profondit\u00e0 tattica.<\/p>\n<h3 data-start=\"2178\" data-end=\"2210\"><strong data-start=\"2182\" data-end=\"2208\">Campagne narrative<\/strong><\/h3>\n<p data-start=\"2211\" data-end=\"2337\">Partecipa a due campagne complete per giocatore singolo ricche di missioni ramificate, filmati cinematografici e una ricca narrativa sci-fi.<\/p>\n<h3 data-start=\"2339\" data-end=\"2372\"><strong data-start=\"2343\" data-end=\"2370\">Multigiocatore competitivo<\/strong><\/h3>\n<p data-start=\"2373\" data-end=\"2511\">Metti alla prova le tue abilit\u00e0 online con battaglie classificate, modalit\u00e0 co-op e schermaglie personalizzabili. La diversit\u00e0 strategica garantisce un valore di rigiocabilit\u00e0 infinito.<\/p>\n<h3 data-start=\"2513\" data-end=\"2550\"><strong data-start=\"2517\" data-end=\"2548\">Requisiti Minimi di Sistema<\/strong><\/h3>\n<ul data-start=\"2551\" data-end=\"2717\">\n<li data-start=\"2551\" data-end=\"2578\">\n<p data-start=\"2553\" data-end=\"2578\">Sistema Operativo: Windows 10 (64-bit)<\/p>\n<\/li>\n<li data-start=\"2579\" data-end=\"2631\">\n<p data-start=\"2581\" data-end=\"2631\">Processore: Intel Core i5-6500 \/ AMD Ryzen 5 1400<\/p>\n<\/li>\n<li data-start=\"2632\" data-end=\"2652\">\n<p data-start=\"2634\" data-end=\"2652\">Memoria: 8 GB RAM<\/p>\n<\/li>\n<li data-start=\"2653\" data-end=\"2694\">\n<p data-start=\"2655\" data-end=\"2694\">Scheda grafica: NVIDIA GTX 970 \/ AMD RX 570<\/p>\n<\/li>\n<li data-start=\"2695\" data-end=\"2717\">\n<p data-start=\"2697\" data-end=\"2717\">Spazio di archiviazione: 40 GB SSD<\/p>\n<\/li>\n<\/ul>\n<h3 data-start=\"2719\" data-end=\"2760\"><strong data-start=\"2723\" data-end=\"2758\">Requisiti di Sistema Consigliati<\/strong><\/h3>\n<ul data-start=\"2761\" data-end=\"2937\">\n<li data-start=\"2761\" data-end=\"2791\">\n<p data-start=\"2763\" data-end=\"2791\">Sistema Operativo: Windows 10\/11 (64-bit)<\/p>\n<\/li>\n<li data-start=\"2792\" data-end=\"2845\">\n<p data-start=\"2794\" data-end=\"2845\">Processore: Intel Core i7-9700 \/ AMD Ryzen 7 3700X<\/p>\n<\/li>\n<li data-start=\"2846\" data-end=\"2867\">\n<p data-start=\"2848\" data-end=\"2867\">Memoria: 16 GB RAM<\/p>\n<\/li>\n<li data-start=\"2868\" data-end=\"2914\">\n<p data-start=\"2870\" data-end=\"2914\">Scheda grafica: NVIDIA RTX 2070 \/ AMD RX 6700 XT<\/p>\n<\/li>\n<li data-start=\"2915\" data-end=\"2937\">\n<p data-start=\"2917\" data-end=\"2937\">Spazio di archiviazione: 40 GB SSD<\/p>\n<\/li>\n<\/ul>\n<h3>Come usare il tuo account Steam di Tempest Rising<\/h3>\n<p><img decoding=\"async\" class=\"alignnone wp-image-3511\" src=\"https:\/\/orkza.com\/wp-content\/uploads\/2024\/10\/STEAM-ACTIVATION-GUIDE-400x225.jpg\" alt=\"\" width=\"804\" height=\"453\" title=\"\" srcset=\"https:\/\/orkza.com\/wp-content\/uploads\/2024\/10\/STEAM-ACTIVATION-GUIDE-400x225.jpg 400w, https:\/\/orkza.com\/wp-content\/uploads\/2024\/10\/STEAM-ACTIVATION-GUIDE-430x242.jpg 430w, https:\/\/orkza.com\/wp-content\/uploads\/2024\/10\/STEAM-ACTIVATION-GUIDE-150x84.jpg 150w, https:\/\/orkza.com\/wp-content\/uploads\/2024\/10\/STEAM-ACTIVATION-GUIDE-700x394.jpg 700w, https:\/\/orkza.com\/wp-content\/uploads\/2024\/10\/STEAM-ACTIVATION-GUIDE-768x432.jpg 768w, https:\/\/orkza.com\/wp-content\/uploads\/2024\/10\/STEAM-ACTIVATION-GUIDE.jpg 1280w\" sizes=\"(max-width: 804px) 100vw, 804px\" \/><\/p>\n<p>Dopo l&#8217;acquisto, accedi all&#8217;account Steam fornito sul tuo PC. Una volta loggato, vai alla tua libreria, installa il gioco e clicca sul pulsante play. Dopo qualche minuto, esci dal gioco e passa Steam alla modalit\u00e0 offline, e sei pronto per tuffarti in ore di gameplay emozionante!<\/p>\n<p>Per un processo di configurazione completo, consulta la nostra <a href=\"https:\/\/orkza.com\/it\/steam-account-activation-guide\/\" target=\"_blank\" rel=\"noopener\">Guida all&#8217;Attivazione dell&#8217;Account Steam<\/a><\/p>\n<p>Esplora i nostri nuovi <a href=\"https:\/\/orkza.com\/it\/giochi-pc\/\" target=\"_blank\" rel=\"noopener\">GIOCHI PER PC<\/a><\/p>\n","protected":false},"excerpt":{"rendered":"<p data-start=\"2939\" data-end=\"3080\">Comanda potenti fazioni in <em data-start=\"2993\" data-end=\"3009\">Tempest Rising<\/em>. Un RTS moderno con campagne narrative, multigiocatore e profondit\u00e0 tattica.<\/p>\n<p><img decoding=\"async\" class=\"alignnone wp-image-3526\" src=\"https:\/\/orkza.com\/wp-content\/uploads\/2024\/10\/Steam-Account-Notice-min-300x300.png\" alt=\"\" width=\"41\" height=\"41\" srcset=\"https:\/\/orkza.com\/wp-content\/uploads\/2024\/10\/Steam-Account-Notice-min-300x300.png 300w, https:\/\/orkza.com\/wp-content\/uploads\/2024\/10\/Steam-Account-Notice-min-scaled-430x430.png 430w, https:\/\/orkza.com\/wp-content\/uploads\/2024\/10\/Steam-Account-Notice-min-150x150.png 150w, https:\/\/orkza.com\/wp-content\/uploads\/2024\/10\/Steam-Account-Notice-min-scaled-700x700.png 700w, https:\/\/orkza.com\/wp-content\/uploads\/2024\/10\/Steam-Account-Notice-min-800x800.png 800w, https:\/\/orkza.com\/wp-content\/uploads\/2024\/10\/Steam-Account-Notice-min-768x768.png 768w, https:\/\/orkza.com\/wp-content\/uploads\/2024\/10\/Steam-Account-Notice-min-1536x1536.png 1536w, https:\/\/orkza.com\/wp-content\/uploads\/2024\/10\/Steam-Account-Notice-min-2048x2048.png 2048w\" sizes=\"(max-width: 41px) 100vw, 41px\" \/><strong>Nota: I dati dell&#8217;account non possono essere modificati. Questo \u00e8 un Account Steam con Accesso a Vita solo per il gioco offline <\/strong><\/p>\n","protected":false},"featured_media":10122,"comment_status":"open","ping_status":"closed","template":"","meta":[],"product_brand":[],"product_cat":[148],"product_tag":[173],"class_list":{"0":"post-10004","1":"product","2":"type-product","3":"status-publish","4":"has-post-thumbnail","6":"product_cat-strategia","7":"product_tag-steam-it","9":"first","10":"instock","11":"sale","12":"virtual","13":"purchasable","14":"product-type-simple"},"_links":{"self":[{"href":"https:\/\/orkza.com\/it\/wp-json\/wp\/v2\/product\/10004","targetHints":{"allow":["GET"]}}],"collection":[{"href":"https:\/\/orkza.com\/it\/wp-json\/wp\/v2\/product"}],"about":[{"href":"https:\/\/orkza.com\/it\/wp-json\/wp\/v2\/types\/product"}],"replies":[{"embeddable":true,"href":"https:\/\/orkza.com\/it\/wp-json\/wp\/v2\/comments?post=10004"}],"version-history":[{"count":3,"href":"https:\/\/orkza.com\/it\/wp-json\/wp\/v2\/product\/10004\/revisions"}],"predecessor-version":[{"id":16514,"href":"https:\/\/orkza.com\/it\/wp-json\/wp\/v2\/product\/10004\/revisions\/16514"}],"wp:featuredmedia":[{"embeddable":true,"href":"https:\/\/orkza.com\/it\/wp-json\/wp\/v2\/media\/10122"}],"wp:attachment":[{"href":"https:\/\/orkza.com\/it\/wp-json\/wp\/v2\/media?parent=10004"}],"wp:term":[{"taxonomy":"product_brand","embeddable":true,"href":"https:\/\/orkza.com\/it\/wp-json\/wp\/v2\/product_brand?post=10004"},{"taxonomy":"product_cat","embeddable":true,"href":"https:\/\/orkza.com\/it\/wp-json\/wp\/v2\/product_cat?post=10004"},{"taxonomy":"product_tag","embeddable":true,"href":"https:\/\/orkza.com\/it\/wp-json\/wp\/v2\/product_tag?post=10004"}],"curies":[{"name":"wp","href":"https:\/\/api.w.org\/{rel}","templated":true}]}}