{"id":5021,"date":"2023-07-19T15:15:04","date_gmt":"2023-07-19T15:15:04","guid":{"rendered":"https:\/\/orkza.com\/chi-siamo\/"},"modified":"2025-03-26T05:20:40","modified_gmt":"2025-03-26T05:20:40","slug":"chi-siamo","status":"publish","type":"page","link":"https:\/\/orkza.com\/it\/chi-siamo\/","title":{"rendered":"Chi Siamo"},"content":{"rendered":"\t\t<div data-elementor-type=\"wp-page\" data-elementor-id=\"5021\" class=\"elementor elementor-5021 elementor-1745\">\n\t\t\t\t<div class=\"wd-negative-gap elementor-element elementor-element-ba0d6bb e-flex e-con-boxed e-con e-parent\" data-id=\"ba0d6bb\" data-element_type=\"container\" data-e-type=\"container\">\n\t\t\t\t\t<div class=\"e-con-inner\">\n\t\t\t\t<div class=\"elementor-element elementor-element-3ff108f wd-width-100 elementor-widget elementor-widget-wd_title\" data-id=\"3ff108f\" data-element_type=\"widget\" data-e-type=\"widget\" data-widget_type=\"wd_title.default\">\n\t\t\t\t<div class=\"elementor-widget-container\">\n\t\t\t\t\t\t\t<div class=\"title-wrapper wd-set-mb reset-last-child wd-title-color-default wd-title-style-default wd-title-size-default text-center\">\n\n\t\t\t\n\t\t\t<div class=\"liner-continer\">\n\t\t\t\t<h4 class=\"woodmart-title-container title wd-fontsize-l\">Chi Siamo<\/h4> \n\t\t\t\t\t\t\t<\/div>\n\n\t\t\t\t\t<\/div>\n\t\t\t\t\t\t<\/div>\n\t\t\t\t<\/div>\n\t\t\t\t<div class=\"elementor-element elementor-element-a196284 elementor-widget elementor-widget-wd_text_block\" data-id=\"a196284\" data-element_type=\"widget\" data-e-type=\"widget\" data-widget_type=\"wd_text_block.default\">\n\t\t\t\t<div class=\"elementor-widget-container\">\n\t\t\t\t\t\t\t<div class=\"wd-text-block reset-last-child text-center\">\n\t\t\t\n\t\t\t<p><strong>Orkza.com<\/strong> \u00e8 un marketplace digitale dedicato a fornire ai clienti di tutto il mondo accesso immediato a chiavi software premium, account di gioco e altre soluzioni digitali. La nostra missione \u00e8 offrire valore eccezionale, convenienza e affidabilit\u00e0 con ogni acquisto.<\/p>\n<p><strong>Cosa Facciamo<\/strong><br \/>Su Orkza.com, ci specializziamo nell'offrire un'ampia selezione di prodotti digitali autentici e di alta qualit\u00e0. Che tu stia cercando gli ultimi strumenti software per aumentare la tua produttivit\u00e0 o account di gioco che aprono le porte a nuove avventure, il nostro obiettivo \u00e8 rendere il processo semplice e sicuro.<\/p>\n<p><strong>Esperienza Centrata sul Cliente<\/strong><br \/>La tua soddisfazione \u00e8 la nostra priorit\u00e0 assoluta. Comprendiamo l'importanza di consegne veloci, informazioni accurate sui prodotti e un supporto clienti affidabile. Il nostro team lavora senza sosta per garantirti una consegna rapida e risolvere tempestivamente eventuali problemi.<\/p>\n<p><strong>Sicurezza e Affidabilit\u00e0<\/strong><br \/>La tua fiducia \u00e8 fondamentale. Tutte le transazioni avvengono tramite gateway di pagamento sicuri, e adottiamo rigorose misure di protezione dei dati. Le nostre politiche trasparenti e l'impegno verso autenticit\u00e0 e qualit\u00e0 ci aiutano a mantenere gli standard pi\u00f9 elevati nel mercato digitale.<\/p>\n<p><strong>Portata Globale<\/strong><br \/>Serviamo clienti in tutto il mondo, permettendoti di accedere ai prodotti di cui hai bisogno, ovunque e in qualsiasi momento. Il nostro obiettivo \u00e8 avvicinare le persone agli strumenti digitali e all'intrattenimento che amano, senza limitazioni geografiche.<\/p>\n<p><strong>Miglioramento Continuo<\/strong><br \/>Miglioriamo costantemente la nostra gamma di prodotti e servizi per soddisfare le esigenze in evoluzione dei clienti. Il tuo feedback guida la nostra crescita, e accogliamo con piacere suggerimenti per migliorare la tua esperienza su Orkza.com.<\/p>\n<p>Grazie per aver scelto Orkza.com. Non vediamo l'ora di servirti e diventare la tua fonte preferita per prodotti digitali.<\/p>\n\n\t\t\t\t\t<\/div>\n\t\t\t\t\t\t<\/div>\n\t\t\t\t<\/div>\n\t\t\t\t\t<\/div>\n\t\t\t\t<\/div>\n\t\t\t\t<\/div>\n\t\t","protected":false},"excerpt":{"rendered":"<p>Chi Siamo Orkza.com \u00e8 un marketplace digitale dedicato a fornire ai clienti di tutto il mondo accesso immediato a chiavi<\/p>\n","protected":false},"author":1,"featured_media":0,"parent":0,"menu_order":0,"comment_status":"closed","ping_status":"closed","template":"","meta":{"footnotes":""},"class_list":["post-5021","page","type-page","status-publish","hentry"],"_links":{"self":[{"href":"https:\/\/orkza.com\/it\/wp-json\/wp\/v2\/pages\/5021","targetHints":{"allow":["GET"]}}],"collection":[{"href":"https:\/\/orkza.com\/it\/wp-json\/wp\/v2\/pages"}],"about":[{"href":"https:\/\/orkza.com\/it\/wp-json\/wp\/v2\/types\/page"}],"author":[{"embeddable":true,"href":"https:\/\/orkza.com\/it\/wp-json\/wp\/v2\/users\/1"}],"replies":[{"embeddable":true,"href":"https:\/\/orkza.com\/it\/wp-json\/wp\/v2\/comments?post=5021"}],"version-history":[{"count":0,"href":"https:\/\/orkza.com\/it\/wp-json\/wp\/v2\/pages\/5021\/revisions"}],"wp:attachment":[{"href":"https:\/\/orkza.com\/it\/wp-json\/wp\/v2\/media?parent=5021"}],"curies":[{"name":"wp","href":"https:\/\/api.w.org\/{rel}","templated":true}]}}