{"id":17781,"date":"2025-09-19T09:35:48","date_gmt":"2025-09-19T09:35:48","guid":{"rendered":"https:\/\/orkza.com\/product\/tempest-rising-deluxe-edition-steam-account\/"},"modified":"2026-02-26T06:24:15","modified_gmt":"2026-02-26T06:24:15","slug":"tempest-rising-deluxe-edition-steam-account","status":"publish","type":"product","link":"https:\/\/orkza.com\/de\/produkt\/tempest-rising-deluxe-edition-steam-account\/","title":{"rendered":"Tempest Rising Deluxe Edition Steam-Konto"},"content":{"rendered":"<h2 data-start=\"1723\" data-end=\"1783\"><strong data-start=\"1726\" data-end=\"1783\">Tempest Rising Steam-Konto \u2013 Klassisches RTS neu erfunden<\/strong><\/h2>\n<p data-start=\"1785\" data-end=\"2002\">Spielen Sie <a href=\"https:\/\/store.steampowered.com\/app\/1486920\/Tempest_Rising\/\" target=\"_blank\" rel=\"noopener\"><em data-start=\"1790\" data-end=\"1806\">Tempest Rising<\/em><\/a> mit unserem Steam-Konto und erleben Sie ein modernes Echtzeit-Strategiespiel, inspiriert von Klassikern des Genres. Mit tiefgehenden Mechaniken und filmischem Flair entwickelt, verbindet es Nostalgie mit Innovation. <\/p>\n<h3 data-start=\"2004\" data-end=\"2035\"><strong data-start=\"2008\" data-end=\"2033\">Drei einzigartige Fraktionen<\/strong><\/h3>\n<p data-start=\"2036\" data-end=\"2176\">Befehligen Sie Armeen aus verschiedenen Fraktionen mit einzigartigen Einheiten, Technologien und Strategien. Passen Sie sich an sich entwickelnde Schlachtfelder mit taktischer Tiefe an. <\/p>\n<h3 data-start=\"2178\" data-end=\"2210\"><strong data-start=\"2182\" data-end=\"2208\">Story-getriebene Kampagnen<\/strong><\/h3>\n<p data-start=\"2211\" data-end=\"2337\">Erleben Sie zwei vollst\u00e4ndige Einzelspieler-Kampagnen mit verzweigten Missionen, filmischen Zwischensequenzen und einer packenden Sci-Fi-Handlung.<\/p>\n<h3 data-start=\"2339\" data-end=\"2372\"><strong data-start=\"2343\" data-end=\"2370\">Kompetitiver Multiplayer<\/strong><\/h3>\n<p data-start=\"2373\" data-end=\"2511\">Testen Sie Ihre F\u00e4higkeiten online mit Ranglistenk\u00e4mpfen, Koop-Modi und anpassbaren Gefechten. Strategische Vielfalt sorgt f\u00fcr endlosen Wiederspielwert. <\/p>\n<h3 data-start=\"2513\" data-end=\"2550\"><strong data-start=\"2517\" data-end=\"2548\">Minimale Systemanforderungen<\/strong><\/h3>\n<ul data-start=\"2551\" data-end=\"2717\">\n<li data-start=\"2551\" data-end=\"2578\">\n<p data-start=\"2553\" data-end=\"2578\">Betriebssystem: Windows 10 (64-Bit)<\/p>\n<\/li>\n<li data-start=\"2579\" data-end=\"2631\">\n<p data-start=\"2581\" data-end=\"2631\">Prozessor: Intel Core i5-6500 \/ AMD Ryzen 5 1400<\/p>\n<\/li>\n<li data-start=\"2632\" data-end=\"2652\">\n<p data-start=\"2634\" data-end=\"2652\">Arbeitsspeicher: 8 GB RAM<\/p>\n<\/li>\n<li data-start=\"2653\" data-end=\"2694\">\n<p data-start=\"2655\" data-end=\"2694\">Grafik: NVIDIA GTX 970 \/ AMD RX 570<\/p>\n<\/li>\n<li data-start=\"2695\" data-end=\"2717\">\n<p data-start=\"2697\" data-end=\"2717\">Speicher: 40 GB SSD<\/p>\n<\/li>\n<\/ul>\n<h3 data-start=\"2719\" data-end=\"2760\"><strong data-start=\"2723\" data-end=\"2758\">Empfohlene Systemanforderungen<\/strong><\/h3>\n<ul data-start=\"2761\" data-end=\"2937\">\n<li data-start=\"2761\" data-end=\"2791\">\n<p data-start=\"2763\" data-end=\"2791\">OS: Windows 10\/11 (64-Bit)<\/p>\n<\/li>\n<li data-start=\"2792\" data-end=\"2845\">\n<p data-start=\"2794\" data-end=\"2845\">Prozessor: Intel Core i7-9700 \/ AMD Ryzen 7 3700X<\/p>\n<\/li>\n<li data-start=\"2846\" data-end=\"2867\">\n<p data-start=\"2848\" data-end=\"2867\">Arbeitsspeicher: 16 GB RAM<\/p>\n<\/li>\n<li data-start=\"2868\" data-end=\"2914\">\n<p data-start=\"2870\" data-end=\"2914\">Grafikkarte: NVIDIA RTX 2070 \/ AMD RX 6700 XT<\/p>\n<\/li>\n<li data-start=\"2915\" data-end=\"2937\">\n<p data-start=\"2917\" data-end=\"2937\">Speicher: 40 GB SSD<\/p>\n<\/li>\n<\/ul>\n<h3>So verwenden Sie Ihr Tempest Rising Steam-Konto<\/h3>\n<p><img decoding=\"async\" class=\"alignnone wp-image-3511\" src=\"https:\/\/orkza.com\/wp-content\/uploads\/2024\/10\/STEAM-ACTIVATION-GUIDE-400x225.jpg\" alt=\"\" width=\"804\" height=\"453\" title=\"\" srcset=\"https:\/\/orkza.com\/wp-content\/uploads\/2024\/10\/STEAM-ACTIVATION-GUIDE-400x225.jpg 400w, https:\/\/orkza.com\/wp-content\/uploads\/2024\/10\/STEAM-ACTIVATION-GUIDE-430x242.jpg 430w, https:\/\/orkza.com\/wp-content\/uploads\/2024\/10\/STEAM-ACTIVATION-GUIDE-150x84.jpg 150w, https:\/\/orkza.com\/wp-content\/uploads\/2024\/10\/STEAM-ACTIVATION-GUIDE-700x394.jpg 700w, https:\/\/orkza.com\/wp-content\/uploads\/2024\/10\/STEAM-ACTIVATION-GUIDE-768x432.jpg 768w, https:\/\/orkza.com\/wp-content\/uploads\/2024\/10\/STEAM-ACTIVATION-GUIDE.jpg 1280w\" sizes=\"(max-width: 804px) 100vw, 804px\" \/><\/p>\n<p>Melde dich nach dem Kauf auf deinem PC mit dem bereitgestellten Steam-Konto an. Sobald du angemeldet bist, navigiere zu deiner Bibliothek, installiere das Spiel und klicke auf den Play-Button.  Nach ein paar Minuten beende das Spiel und schalte Steam in den Offline-Modus \u2013 und schon bist du bereit f\u00fcr stundenlangen, aufregenden Spielspa\u00df!<\/p>\n<p>F\u00fcr eine umfassende Einrichtung lies dir unseren <a href=\"https:\/\/orkza.com\/de\/steam-account-activation-guide\/\" target=\"_blank\" rel=\"noopener\">Steam-Konto-Aktivierungsleitfaden<\/a> durch.<\/p>\n<p>Entdecke unsere neuesten <a href=\"https:\/\/orkza.com\/de\/produkt-kategorie\/pc-spiele\/\" target=\"_blank\" rel=\"noopener\">PC-SPIELE<\/a><\/p>\n","protected":false},"excerpt":{"rendered":"<p data-start=\"2939\" data-end=\"3080\">Befehligen Sie m\u00e4chtige Fraktionen in <em data-start=\"2993\" data-end=\"3009\">Tempest Rising<\/em>. Ein modernes RTS mit Story-Kampagnen, Multiplayer und taktischer Tiefe. <\/p>\n<p><img decoding=\"async\" class=\"alignnone wp-image-3526\" src=\"https:\/\/orkza.com\/wp-content\/uploads\/2024\/10\/Steam-Account-Notice-min-300x300.png\" alt=\"\" width=\"41\" height=\"41\" srcset=\"https:\/\/orkza.com\/wp-content\/uploads\/2024\/10\/Steam-Account-Notice-min-300x300.png 300w, https:\/\/orkza.com\/wp-content\/uploads\/2024\/10\/Steam-Account-Notice-min-scaled-430x430.png 430w, https:\/\/orkza.com\/wp-content\/uploads\/2024\/10\/Steam-Account-Notice-min-150x150.png 150w, https:\/\/orkza.com\/wp-content\/uploads\/2024\/10\/Steam-Account-Notice-min-scaled-700x700.png 700w, https:\/\/orkza.com\/wp-content\/uploads\/2024\/10\/Steam-Account-Notice-min-800x800.png 800w, https:\/\/orkza.com\/wp-content\/uploads\/2024\/10\/Steam-Account-Notice-min-768x768.png 768w, https:\/\/orkza.com\/wp-content\/uploads\/2024\/10\/Steam-Account-Notice-min-1536x1536.png 1536w, https:\/\/orkza.com\/wp-content\/uploads\/2024\/10\/Steam-Account-Notice-min-2048x2048.png 2048w\" sizes=\"(max-width: 41px) 100vw, 41px\" \/><strong>Hinweis: Kontodaten k\u00f6nnen nicht ge\u00e4ndert werden. Dies ist ein Steam-Konto mit lebenslangem Zugriff, nur f\u00fcr Offline-Spiele. <\/strong><\/p>\n","protected":false},"featured_media":17701,"comment_status":"open","ping_status":"closed","template":"","meta":[],"product_brand":[],"product_cat":[223],"product_tag":[249],"class_list":{"0":"post-17781","1":"product","2":"type-product","3":"status-publish","4":"has-post-thumbnail","6":"product_cat-strategiespiele","7":"product_tag-steam","9":"first","10":"instock","11":"sale","12":"virtual","13":"purchasable","14":"product-type-simple"},"_links":{"self":[{"href":"https:\/\/orkza.com\/de\/wp-json\/wp\/v2\/product\/17781","targetHints":{"allow":["GET"]}}],"collection":[{"href":"https:\/\/orkza.com\/de\/wp-json\/wp\/v2\/product"}],"about":[{"href":"https:\/\/orkza.com\/de\/wp-json\/wp\/v2\/types\/product"}],"replies":[{"embeddable":true,"href":"https:\/\/orkza.com\/de\/wp-json\/wp\/v2\/comments?post=17781"}],"version-history":[{"count":0,"href":"https:\/\/orkza.com\/de\/wp-json\/wp\/v2\/product\/17781\/revisions"}],"wp:featuredmedia":[{"embeddable":true,"href":"https:\/\/orkza.com\/de\/wp-json\/wp\/v2\/media\/17701"}],"wp:attachment":[{"href":"https:\/\/orkza.com\/de\/wp-json\/wp\/v2\/media?parent=17781"}],"wp:term":[{"taxonomy":"product_brand","embeddable":true,"href":"https:\/\/orkza.com\/de\/wp-json\/wp\/v2\/product_brand?post=17781"},{"taxonomy":"product_cat","embeddable":true,"href":"https:\/\/orkza.com\/de\/wp-json\/wp\/v2\/product_cat?post=17781"},{"taxonomy":"product_tag","embeddable":true,"href":"https:\/\/orkza.com\/de\/wp-json\/wp\/v2\/product_tag?post=17781"}],"curies":[{"name":"wp","href":"https:\/\/api.w.org\/{rel}","templated":true}]}}