{"id":17779,"date":"2025-09-19T09:35:43","date_gmt":"2025-09-19T09:35:43","guid":{"rendered":"https:\/\/orkza.com\/product\/split-fiction-steam-account\/"},"modified":"2026-02-26T06:24:12","modified_gmt":"2026-02-26T06:24:12","slug":"split-fiction-steam-account","status":"publish","type":"product","link":"https:\/\/orkza.com\/de\/produkt\/split-fiction-steam-account\/","title":{"rendered":"Split Fiction Steam-Account"},"content":{"rendered":"<h2 data-start=\"1733\" data-end=\"1794\"><strong data-start=\"1736\" data-end=\"1794\">Split Fiction Steam-Account \u2013 Eine Geschichte dualer Realit\u00e4ten<\/strong><\/h2>\n<p data-start=\"1796\" data-end=\"2042\">Spielen Sie <a href=\"https:\/\/store.steampowered.com\/app\/2001120\/Split_Fiction\/\" target=\"_blank\" rel=\"noopener\"><em data-start=\"1801\" data-end=\"1816\">Split Fiction<\/em><\/a> mit unserem Steam-Account und erleben Sie ein narrativ orientiertes Abenteuer, das zwei miteinander verflochtene Welten erkundet. Mit verzweigten Entscheidungen, filmreifer Erz\u00e4hlweise und emotionaler Tiefe fordert das Spiel die Spieler heraus, die Realit\u00e4t zu hinterfragen. <\/p>\n<h3 data-start=\"2044\" data-end=\"2075\"><strong data-start=\"2048\" data-end=\"2073\">Zwei Welten, eine Geschichte<\/strong><\/h3>\n<p data-start=\"2076\" data-end=\"2204\">Navigieren Sie zwischen Paralleldimensionen, in denen jede Entscheidung Auswirkungen hat. Ihre Wahl bestimmt den Ausgang in beiden Realit\u00e4ten. <\/p>\n<h3 data-start=\"2206\" data-end=\"2238\"><strong data-start=\"2210\" data-end=\"2236\">Immersives Storytelling<\/strong><\/h3>\n<p data-start=\"2239\" data-end=\"2369\">Gehaltvolle Dialoge, filmreife Zwischensequenzen und verzweigte Quests schaffen ein emotionales, charakterorientiertes Erlebnis mit mehreren Enden.<\/p>\n<h3 data-start=\"2371\" data-end=\"2397\"><strong data-start=\"2375\" data-end=\"2395\">Abwechslungsreiches Gameplay<\/strong><\/h3>\n<p data-start=\"2398\" data-end=\"2525\">Kombinieren Sie Erkundung, R\u00e4tsell\u00f6sen und Action-Elemente, w\u00e4hrend Sie Geheimnisse l\u00fcften, Allianzen schmieden und unerwarteten Verrat erleben.<\/p>\n<h3 data-start=\"2527\" data-end=\"2564\"><strong data-start=\"2531\" data-end=\"2562\">Minimale Systemanforderungen<\/strong><\/h3>\n<ul data-start=\"2565\" data-end=\"2731\">\n<li data-start=\"2565\" data-end=\"2592\">\n<p data-start=\"2567\" data-end=\"2592\">Betriebssystem: Windows 10 (64-Bit)<\/p>\n<\/li>\n<li data-start=\"2593\" data-end=\"2645\">\n<p data-start=\"2595\" data-end=\"2645\">Prozessor: Intel Core i5-8400 \/ AMD Ryzen 5 2600<\/p>\n<\/li>\n<li data-start=\"2646\" data-end=\"2666\">\n<p data-start=\"2648\" data-end=\"2666\">Arbeitsspeicher: 8 GB RAM<\/p>\n<\/li>\n<li data-start=\"2667\" data-end=\"2708\">\n<p data-start=\"2669\" data-end=\"2708\">Grafik: NVIDIA GTX 970 \/ AMD RX 570<\/p>\n<\/li>\n<li data-start=\"2709\" data-end=\"2731\">\n<p data-start=\"2711\" data-end=\"2731\">Speicherplatz: 30 GB SSD<\/p>\n<\/li>\n<\/ul>\n<h3 data-start=\"2733\" data-end=\"2774\"><strong data-start=\"2737\" data-end=\"2772\">Empfohlene Systemanforderungen<\/strong><\/h3>\n<ul data-start=\"2775\" data-end=\"2951\">\n<li data-start=\"2775\" data-end=\"2805\">\n<p data-start=\"2777\" data-end=\"2805\">OS: Windows 10\/11 (64-Bit)<\/p>\n<\/li>\n<li data-start=\"2806\" data-end=\"2859\">\n<p data-start=\"2808\" data-end=\"2859\">Prozessor: Intel Core i7-9700 \/ AMD Ryzen 7 3700X<\/p>\n<\/li>\n<li data-start=\"2860\" data-end=\"2881\">\n<p data-start=\"2862\" data-end=\"2881\">Arbeitsspeicher: 16 GB RAM<\/p>\n<\/li>\n<li data-start=\"2882\" data-end=\"2928\">\n<p data-start=\"2884\" data-end=\"2928\">Grafik: NVIDIA RTX 2060 \/ AMD RX 6700 XT<\/p>\n<\/li>\n<li data-start=\"2929\" data-end=\"2951\">\n<p data-start=\"2931\" data-end=\"2951\">Speicherplatz: 30 GB SSD<\/p>\n<\/li>\n<\/ul>\n<h3>So nutzen Sie Ihren Split Fiction Steam-Account<\/h3>\n<p><img decoding=\"async\" class=\"alignnone wp-image-3511\" src=\"https:\/\/orkza.com\/wp-content\/uploads\/2024\/10\/STEAM-ACTIVATION-GUIDE-400x225.jpg\" alt=\"\" width=\"804\" height=\"453\" title=\"\" srcset=\"https:\/\/orkza.com\/wp-content\/uploads\/2024\/10\/STEAM-ACTIVATION-GUIDE-400x225.jpg 400w, https:\/\/orkza.com\/wp-content\/uploads\/2024\/10\/STEAM-ACTIVATION-GUIDE-430x242.jpg 430w, https:\/\/orkza.com\/wp-content\/uploads\/2024\/10\/STEAM-ACTIVATION-GUIDE-150x84.jpg 150w, https:\/\/orkza.com\/wp-content\/uploads\/2024\/10\/STEAM-ACTIVATION-GUIDE-700x394.jpg 700w, https:\/\/orkza.com\/wp-content\/uploads\/2024\/10\/STEAM-ACTIVATION-GUIDE-768x432.jpg 768w, https:\/\/orkza.com\/wp-content\/uploads\/2024\/10\/STEAM-ACTIVATION-GUIDE.jpg 1280w\" sizes=\"(max-width: 804px) 100vw, 804px\" \/><\/p>\n<p>Melde dich nach dem Kauf auf deinem PC mit dem bereitgestellten Steam-Konto an. Sobald du angemeldet bist, navigiere zu deiner Bibliothek, installiere das Spiel und klicke auf den Play-Button.  Nach ein paar Minuten beende das Spiel und schalte Steam in den Offline-Modus \u2013 und schon bist du bereit f\u00fcr stundenlangen, aufregenden Spielspa\u00df!<\/p>\n<p>F\u00fcr eine umfassende Einrichtung lies dir unseren <a href=\"https:\/\/orkza.com\/de\/steam-account-activation-guide\/\" target=\"_blank\" rel=\"noopener\">Steam-Konto-Aktivierungsleitfaden<\/a> durch.<\/p>\n<p>Entdecke unsere neuesten <a href=\"https:\/\/orkza.com\/de\/produkt-kategorie\/pc-spiele\/\" target=\"_blank\" rel=\"noopener\">PC-SPIELE<\/a><\/p>\n","protected":false},"excerpt":{"rendered":"<p data-start=\"2953\" data-end=\"3090\">Entdecken Sie zwei Realit\u00e4ten in <em data-start=\"3004\" data-end=\"3019\">Split Fiction<\/em>. Treffen Sie Entscheidungen, l\u00f6sen Sie R\u00e4tsel und erleben Sie verzweigte Handlungsstr\u00e4nge. <\/p>\n<p><img decoding=\"async\" class=\"alignnone wp-image-3526\" src=\"https:\/\/orkza.com\/wp-content\/uploads\/2024\/10\/Steam-Account-Notice-min-300x300.png\" alt=\"\" width=\"41\" height=\"41\" srcset=\"https:\/\/orkza.com\/wp-content\/uploads\/2024\/10\/Steam-Account-Notice-min-300x300.png 300w, https:\/\/orkza.com\/wp-content\/uploads\/2024\/10\/Steam-Account-Notice-min-scaled-430x430.png 430w, https:\/\/orkza.com\/wp-content\/uploads\/2024\/10\/Steam-Account-Notice-min-150x150.png 150w, https:\/\/orkza.com\/wp-content\/uploads\/2024\/10\/Steam-Account-Notice-min-scaled-700x700.png 700w, https:\/\/orkza.com\/wp-content\/uploads\/2024\/10\/Steam-Account-Notice-min-800x800.png 800w, https:\/\/orkza.com\/wp-content\/uploads\/2024\/10\/Steam-Account-Notice-min-768x768.png 768w, https:\/\/orkza.com\/wp-content\/uploads\/2024\/10\/Steam-Account-Notice-min-1536x1536.png 1536w, https:\/\/orkza.com\/wp-content\/uploads\/2024\/10\/Steam-Account-Notice-min-2048x2048.png 2048w\" sizes=\"(max-width: 41px) 100vw, 41px\" \/><strong>Hinweis: Kontodaten k\u00f6nnen nicht ge\u00e4ndert werden. Dies ist ein Steam-Konto mit lebenslangem Zugriff, nur f\u00fcr Offline-Spiele. <\/strong><\/p>\n","protected":false},"featured_media":17698,"comment_status":"open","ping_status":"closed","template":"","meta":[],"product_brand":[],"product_cat":[217],"product_tag":[249],"class_list":{"0":"post-17779","1":"product","2":"type-product","3":"status-publish","4":"has-post-thumbnail","6":"product_cat-abenteuer","7":"product_tag-steam","9":"first","10":"instock","11":"sale","12":"virtual","13":"purchasable","14":"product-type-simple"},"_links":{"self":[{"href":"https:\/\/orkza.com\/de\/wp-json\/wp\/v2\/product\/17779","targetHints":{"allow":["GET"]}}],"collection":[{"href":"https:\/\/orkza.com\/de\/wp-json\/wp\/v2\/product"}],"about":[{"href":"https:\/\/orkza.com\/de\/wp-json\/wp\/v2\/types\/product"}],"replies":[{"embeddable":true,"href":"https:\/\/orkza.com\/de\/wp-json\/wp\/v2\/comments?post=17779"}],"version-history":[{"count":0,"href":"https:\/\/orkza.com\/de\/wp-json\/wp\/v2\/product\/17779\/revisions"}],"wp:featuredmedia":[{"embeddable":true,"href":"https:\/\/orkza.com\/de\/wp-json\/wp\/v2\/media\/17698"}],"wp:attachment":[{"href":"https:\/\/orkza.com\/de\/wp-json\/wp\/v2\/media?parent=17779"}],"wp:term":[{"taxonomy":"product_brand","embeddable":true,"href":"https:\/\/orkza.com\/de\/wp-json\/wp\/v2\/product_brand?post=17779"},{"taxonomy":"product_cat","embeddable":true,"href":"https:\/\/orkza.com\/de\/wp-json\/wp\/v2\/product_cat?post=17779"},{"taxonomy":"product_tag","embeddable":true,"href":"https:\/\/orkza.com\/de\/wp-json\/wp\/v2\/product_tag?post=17779"}],"curies":[{"name":"wp","href":"https:\/\/api.w.org\/{rel}","templated":true}]}}