{"id":17776,"date":"2025-09-19T09:35:30","date_gmt":"2025-09-19T09:35:30","guid":{"rendered":"https:\/\/orkza.com\/product\/inzoi-steam-account\/"},"modified":"2026-02-26T06:24:08","modified_gmt":"2026-02-26T06:24:08","slug":"inzoi-steam-account","status":"publish","type":"product","link":"https:\/\/orkza.com\/de\/produkt\/inzoi-steam-account\/","title":{"rendered":"inZOI Steam-Konto"},"content":{"rendered":"<h2 data-start=\"3217\" data-end=\"3283\"><strong data-start=\"3220\" data-end=\"3283\">inZOI Steam-Konto \u2013 Die n\u00e4chste Evolution der Lebenssimulation<\/strong><\/h2>\n<p data-start=\"3285\" data-end=\"3479\">Schalten Sie <a href=\"https:\/\/store.steampowered.com\/app\/2456740\/inZOI\/\" target=\"_blank\" rel=\"noopener\"><em data-start=\"3292\" data-end=\"3299\">inZOI<\/em> <\/a>mit unserem Steam-Konto frei und entdecken Sie eine bahnbrechende Lebenssimulation, die von der Unreal Engine 5 angetrieben wird. Sie treibt Realismus und Anpassungsm\u00f6glichkeiten \u00fcber alles hinaus, was man in diesem Genre bisher gesehen hat. <\/p>\n<h3 data-start=\"3481\" data-end=\"3522\"><strong data-start=\"3485\" data-end=\"3520\">Jedes Detail erstellen und steuern<\/strong><\/h3>\n<p data-start=\"3523\" data-end=\"3642\">Gestalten Sie hochrealistische Charaktere, bauen Sie komplexe H\u00e4user und formen Sie ganze Gemeinschaften mit leistungsstarken Kreationstools.<\/p>\n<h3 data-start=\"3644\" data-end=\"3674\"><strong data-start=\"3648\" data-end=\"3672\">Immersive Simulation<\/strong><\/h3>\n<p data-start=\"3675\" data-end=\"3819\">Beobachten Sie, wie Ihre Charaktere dynamische Routinen mit KI-gesteuerten Interaktionen durchleben. Von Karrieren bis zu Hobbys \u2013 jede Entscheidung beeinflusst die sich entwickelnde Welt. <\/p>\n<h3 data-start=\"3821\" data-end=\"3849\"><strong data-start=\"3825\" data-end=\"3847\">Endlose Kreativit\u00e4t<\/strong><\/h3>\n<p data-start=\"3850\" data-end=\"3982\">Experimentieren Sie mit Architektur, Mode und Storytelling. <em data-start=\"3907\" data-end=\"3914\">inZOI<\/em> unterst\u00fctzt Modding und Community-Inhalte, um die Erlebnisse frisch zu halten.<\/p>\n<h3 data-start=\"3984\" data-end=\"4018\"><strong data-start=\"3988\" data-end=\"4016\">Visuelle Wiedergabetreue der n\u00e4chsten Generation<\/strong><\/h3>\n<p data-start=\"4019\" data-end=\"4143\">Dank der Unreal Engine 5 bietet <em data-start=\"4046\" data-end=\"4053\">inZOI<\/em> lebensechte Beleuchtung, Animationen und Umgebungsdetails f\u00fcr eine un\u00fcbertroffene Immersion.<\/p>\n<h3 data-start=\"4145\" data-end=\"4182\"><strong data-start=\"4149\" data-end=\"4180\">Minimale Systemanforderungen<\/strong><\/h3>\n<ul data-start=\"4183\" data-end=\"4355\">\n<li data-start=\"4183\" data-end=\"4210\">\n<p data-start=\"4185\" data-end=\"4210\">Betriebssystem: Windows 10 (64-Bit)<\/p>\n<\/li>\n<li data-start=\"4211\" data-end=\"4264\">\n<p data-start=\"4213\" data-end=\"4264\">Prozessor: Intel Core i5-9600K \/ AMD Ryzen 5 3600<\/p>\n<\/li>\n<li data-start=\"4265\" data-end=\"4286\">\n<p data-start=\"4267\" data-end=\"4286\">Arbeitsspeicher: 12 GB RAM<\/p>\n<\/li>\n<li data-start=\"4287\" data-end=\"4332\">\n<p data-start=\"4289\" data-end=\"4332\">Grafikkarte: NVIDIA GTX 1660 Ti \/ AMD RX 590<\/p>\n<\/li>\n<li data-start=\"4333\" data-end=\"4355\">\n<p data-start=\"4335\" data-end=\"4355\">Speicher: 40 GB SSD<\/p>\n<\/li>\n<\/ul>\n<h3 data-start=\"4357\" data-end=\"4398\"><strong data-start=\"4361\" data-end=\"4396\">Empfohlene Systemanforderungen<\/strong><\/h3>\n<ul data-start=\"4399\" data-end=\"4577\">\n<li data-start=\"4399\" data-end=\"4429\">\n<p data-start=\"4401\" data-end=\"4429\">OS: Windows 10\/11 (64-Bit)<\/p>\n<\/li>\n<li data-start=\"4430\" data-end=\"4485\">\n<p data-start=\"4432\" data-end=\"4485\">Prozessor: Intel Core i7-10700K \/ AMD Ryzen 7 3700X<\/p>\n<\/li>\n<li data-start=\"4486\" data-end=\"4507\">\n<p data-start=\"4488\" data-end=\"4507\">Arbeitsspeicher: 16 GB RAM<\/p>\n<\/li>\n<li data-start=\"4508\" data-end=\"4554\">\n<p data-start=\"4510\" data-end=\"4554\">Grafikkarte: NVIDIA RTX 3070 \/ AMD RX 6800 XT<\/p>\n<\/li>\n<li data-start=\"4555\" data-end=\"4577\">\n<p data-start=\"4557\" data-end=\"4577\">Speicher: 40 GB SSD<\/p>\n<\/li>\n<\/ul>\n<h3>So nutzen Sie Ihr inZOI Steam-Konto<\/h3>\n<p><img decoding=\"async\" class=\"alignnone wp-image-3511\" src=\"https:\/\/orkza.com\/wp-content\/uploads\/2024\/10\/STEAM-ACTIVATION-GUIDE-400x225.jpg\" alt=\"\" width=\"804\" height=\"453\" title=\"\" srcset=\"https:\/\/orkza.com\/wp-content\/uploads\/2024\/10\/STEAM-ACTIVATION-GUIDE-400x225.jpg 400w, https:\/\/orkza.com\/wp-content\/uploads\/2024\/10\/STEAM-ACTIVATION-GUIDE-430x242.jpg 430w, https:\/\/orkza.com\/wp-content\/uploads\/2024\/10\/STEAM-ACTIVATION-GUIDE-150x84.jpg 150w, https:\/\/orkza.com\/wp-content\/uploads\/2024\/10\/STEAM-ACTIVATION-GUIDE-700x394.jpg 700w, https:\/\/orkza.com\/wp-content\/uploads\/2024\/10\/STEAM-ACTIVATION-GUIDE-768x432.jpg 768w, https:\/\/orkza.com\/wp-content\/uploads\/2024\/10\/STEAM-ACTIVATION-GUIDE.jpg 1280w\" sizes=\"(max-width: 804px) 100vw, 804px\" \/><\/p>\n<p>Melde dich nach dem Kauf auf deinem PC mit dem bereitgestellten Steam-Konto an. Sobald du angemeldet bist, navigiere zu deiner Bibliothek, installiere das Spiel und klicke auf den Play-Button.  Nach ein paar Minuten beende das Spiel und schalte Steam in den Offline-Modus \u2013 und schon bist du bereit f\u00fcr stundenlangen, aufregenden Spielspa\u00df!<\/p>\n<p>F\u00fcr eine umfassende Einrichtung lies dir unseren <a href=\"https:\/\/orkza.com\/de\/steam-account-activation-guide\/\" target=\"_blank\" rel=\"noopener\">Steam-Konto-Aktivierungsleitfaden<\/a> durch.<\/p>\n<p>Entdecke unsere neuesten <a href=\"https:\/\/orkza.com\/de\/produkt-kategorie\/pc-spiele\/\" target=\"_blank\" rel=\"noopener\">PC-SPIELE<\/a><\/p>\n","protected":false},"excerpt":{"rendered":"<p class=\"\" data-start=\"553\" data-end=\"678\">Gestalten Sie Leben mit atemberaubendem Realismus in <em data-start=\"4641\" data-end=\"4648\">inZOI<\/em>. Erschaffen, bauen und simulieren Sie in der Lebenssimulation der n\u00e4chsten Generation \u2013 Steam-Konto inklusive. <\/p>\n<p><img decoding=\"async\" class=\"alignnone wp-image-3526\" src=\"https:\/\/orkza.com\/wp-content\/uploads\/2024\/10\/Steam-Account-Notice-min-300x300.png\" alt=\"\" width=\"41\" height=\"41\" srcset=\"https:\/\/orkza.com\/wp-content\/uploads\/2024\/10\/Steam-Account-Notice-min-300x300.png 300w, https:\/\/orkza.com\/wp-content\/uploads\/2024\/10\/Steam-Account-Notice-min-scaled-430x430.png 430w, https:\/\/orkza.com\/wp-content\/uploads\/2024\/10\/Steam-Account-Notice-min-150x150.png 150w, https:\/\/orkza.com\/wp-content\/uploads\/2024\/10\/Steam-Account-Notice-min-scaled-700x700.png 700w, https:\/\/orkza.com\/wp-content\/uploads\/2024\/10\/Steam-Account-Notice-min-800x800.png 800w, https:\/\/orkza.com\/wp-content\/uploads\/2024\/10\/Steam-Account-Notice-min-768x768.png 768w, https:\/\/orkza.com\/wp-content\/uploads\/2024\/10\/Steam-Account-Notice-min-1536x1536.png 1536w, https:\/\/orkza.com\/wp-content\/uploads\/2024\/10\/Steam-Account-Notice-min-2048x2048.png 2048w\" sizes=\"(max-width: 41px) 100vw, 41px\" \/><strong>Hinweis: Kontodaten k\u00f6nnen nicht ge\u00e4ndert werden. Dies ist ein Steam-Konto mit lebenslangem Zugriff, nur f\u00fcr Offline-Spiele. <\/strong><\/p>\n","protected":false},"featured_media":17690,"comment_status":"open","ping_status":"closed","template":"","meta":[],"product_brand":[],"product_cat":[224],"product_tag":[249],"class_list":{"0":"post-17776","1":"product","2":"type-product","3":"status-publish","4":"has-post-thumbnail","6":"product_cat-simulation","7":"product_tag-steam","9":"first","10":"instock","11":"sale","12":"virtual","13":"purchasable","14":"product-type-simple"},"_links":{"self":[{"href":"https:\/\/orkza.com\/de\/wp-json\/wp\/v2\/product\/17776","targetHints":{"allow":["GET"]}}],"collection":[{"href":"https:\/\/orkza.com\/de\/wp-json\/wp\/v2\/product"}],"about":[{"href":"https:\/\/orkza.com\/de\/wp-json\/wp\/v2\/types\/product"}],"replies":[{"embeddable":true,"href":"https:\/\/orkza.com\/de\/wp-json\/wp\/v2\/comments?post=17776"}],"version-history":[{"count":0,"href":"https:\/\/orkza.com\/de\/wp-json\/wp\/v2\/product\/17776\/revisions"}],"wp:featuredmedia":[{"embeddable":true,"href":"https:\/\/orkza.com\/de\/wp-json\/wp\/v2\/media\/17690"}],"wp:attachment":[{"href":"https:\/\/orkza.com\/de\/wp-json\/wp\/v2\/media?parent=17776"}],"wp:term":[{"taxonomy":"product_brand","embeddable":true,"href":"https:\/\/orkza.com\/de\/wp-json\/wp\/v2\/product_brand?post=17776"},{"taxonomy":"product_cat","embeddable":true,"href":"https:\/\/orkza.com\/de\/wp-json\/wp\/v2\/product_cat?post=17776"},{"taxonomy":"product_tag","embeddable":true,"href":"https:\/\/orkza.com\/de\/wp-json\/wp\/v2\/product_tag?post=17776"}],"curies":[{"name":"wp","href":"https:\/\/api.w.org\/{rel}","templated":true}]}}