{"id":17771,"date":"2025-09-19T09:35:26","date_gmt":"2025-09-19T09:35:26","guid":{"rendered":"https:\/\/orkza.com\/product\/fantasy-life-i-the-girl-who-steals-time-digital-deluxe-edition-steam-account\/"},"modified":"2026-02-26T06:24:05","modified_gmt":"2026-02-26T06:24:05","slug":"fantasy-life-i-the-girl-who-steals-time-digital-deluxe-edition-steam-account","status":"publish","type":"product","link":"https:\/\/orkza.com\/de\/produkt\/fantasy-life-i-the-girl-who-steals-time-digital-deluxe-edition-steam-account\/","title":{"rendered":"FANTASY LIFE i The Girl Who Steals Time Digital Deluxe Edition Steam-Konto"},"content":{"rendered":"<h2 data-start=\"238\" data-end=\"334\"><strong data-start=\"241\" data-end=\"334\">Fantasy Life i: The Girl Who Steals Time Steam-Konto \u2013 Ein Life-Sim-Abenteuer durch die Zeitalter<\/strong><\/h2>\n<p data-start=\"336\" data-end=\"528\">Schalten Sie <a href=\"https:\/\/store.steampowered.com\/app\/2993780\/FANTASY_LIFE_i_The_Girl_Who_Steals_Time\/\" target=\"_blank\" rel=\"noopener\"><em data-start=\"343\" data-end=\"385\">Fantasy Life i: The Girl Who Steals Time<\/em><\/a> mit unserem Steam-Konto frei und tauchen Sie ein in einen fantasievollen RPG-Lebenssimulator, in dem Erkundung, Crafting und Zeitreise-Storytelling zusammenkommen.<\/p>\n<h3 data-start=\"530\" data-end=\"559\"><strong data-start=\"534\" data-end=\"557\">Gestalten Sie Ihr eigenes Leben<\/strong><\/h3>\n<p data-start=\"560\" data-end=\"713\">W\u00e4hlen Sie aus mehreren \u201eLeben\u201c (Berufen) wie Bergmann, Koch, Bogensch\u00fctze oder Zauberer. Wechseln Sie jederzeit die Rolle, um verschiedene F\u00e4higkeiten und Spielstile zu entdecken. <\/p>\n<h3 data-start=\"715\" data-end=\"746\"><strong data-start=\"719\" data-end=\"744\">Zeitreise-Abenteuer<\/strong><\/h3>\n<p data-start=\"747\" data-end=\"903\">Stellen Sie den Wohlstand einer Insel wieder her, indem Sie zwischen Vergangenheit und Gegenwart reisen. Ihre Entscheidungen pr\u00e4gen die Umgebung, Charaktere und den gesamten Storyverlauf. <\/p>\n<h3 data-start=\"905\" data-end=\"948\"><strong data-start=\"909\" data-end=\"946\">Crafting, Erkundung und Kampf<\/strong><\/h3>\n<p data-start=\"949\" data-end=\"1125\">Sammeln Sie Ressourcen, craften Sie Werkzeuge und bek\u00e4mpfen Sie Monster in Feldern, H\u00f6hlen und auf dem Meer. Die Mischung aus gem\u00fctlichen Life-Sim-Elementen und Action-RPG-Mechaniken macht jeden Moment lohnend. <\/p>\n<h3 data-start=\"1127\" data-end=\"1164\"><strong data-start=\"1131\" data-end=\"1162\">Minimale Systemanforderungen<\/strong><\/h3>\n<ul data-start=\"1165\" data-end=\"1335\">\n<li data-start=\"1165\" data-end=\"1192\">\n<p data-start=\"1167\" data-end=\"1192\">Betriebssystem: Windows 10 (64-Bit)<\/p>\n<\/li>\n<li data-start=\"1193\" data-end=\"1245\">\n<p data-start=\"1195\" data-end=\"1245\">Prozessor: Intel Core i5-8400 \/ AMD Ryzen 5 2600<\/p>\n<\/li>\n<li data-start=\"1246\" data-end=\"1266\">\n<p data-start=\"1248\" data-end=\"1266\">Arbeitsspeicher: 8 GB RAM<\/p>\n<\/li>\n<li data-start=\"1267\" data-end=\"1312\">\n<p data-start=\"1269\" data-end=\"1312\">Grafik: NVIDIA GTX 1050 Ti \/ AMD RX 560<\/p>\n<\/li>\n<li data-start=\"1313\" data-end=\"1335\">\n<p data-start=\"1315\" data-end=\"1335\">Speicherplatz: 20 GB SSD<\/p>\n<\/li>\n<\/ul>\n<h3 data-start=\"1337\" data-end=\"1378\"><strong data-start=\"1341\" data-end=\"1376\">Empfohlene Systemanforderungen<\/strong><\/h3>\n<ul data-start=\"1379\" data-end=\"1558\">\n<li data-start=\"1379\" data-end=\"1409\">\n<p data-start=\"1381\" data-end=\"1409\">OS: Windows 10\/11 (64-Bit)<\/p>\n<\/li>\n<li data-start=\"1410\" data-end=\"1463\">\n<p data-start=\"1412\" data-end=\"1463\">Prozessor: Intel Core i7-9700 \/ AMD Ryzen 7 3700X<\/p>\n<\/li>\n<li data-start=\"1464\" data-end=\"1485\">\n<p data-start=\"1466\" data-end=\"1485\">Arbeitsspeicher: 16 GB RAM<\/p>\n<\/li>\n<li data-start=\"1486\" data-end=\"1535\">\n<p data-start=\"1488\" data-end=\"1535\">Grafik: NVIDIA GTX 1660 Ti \/ AMD RX 6600 XT<\/p>\n<\/li>\n<li data-start=\"1536\" data-end=\"1558\">\n<p data-start=\"1538\" data-end=\"1558\">Speicherplatz: 20 GB SSD<\/p>\n<\/li>\n<\/ul>\n<h3>So verwenden Sie Ihr FANTASY LIFE i The Girl Who Steals Time Steam-Konto<\/h3>\n<p><img decoding=\"async\" class=\"alignnone wp-image-3511\" src=\"https:\/\/orkza.com\/wp-content\/uploads\/2024\/10\/STEAM-ACTIVATION-GUIDE-400x225.jpg\" alt=\"\" width=\"804\" height=\"453\" title=\"\" srcset=\"https:\/\/orkza.com\/wp-content\/uploads\/2024\/10\/STEAM-ACTIVATION-GUIDE-400x225.jpg 400w, https:\/\/orkza.com\/wp-content\/uploads\/2024\/10\/STEAM-ACTIVATION-GUIDE-430x242.jpg 430w, https:\/\/orkza.com\/wp-content\/uploads\/2024\/10\/STEAM-ACTIVATION-GUIDE-150x84.jpg 150w, https:\/\/orkza.com\/wp-content\/uploads\/2024\/10\/STEAM-ACTIVATION-GUIDE-700x394.jpg 700w, https:\/\/orkza.com\/wp-content\/uploads\/2024\/10\/STEAM-ACTIVATION-GUIDE-768x432.jpg 768w, https:\/\/orkza.com\/wp-content\/uploads\/2024\/10\/STEAM-ACTIVATION-GUIDE.jpg 1280w\" sizes=\"(max-width: 804px) 100vw, 804px\" \/><\/p>\n<p>Melde dich nach dem Kauf auf deinem PC mit dem bereitgestellten Steam-Konto an. Sobald du angemeldet bist, navigiere zu deiner Bibliothek, installiere das Spiel und klicke auf den Play-Button.  Nach ein paar Minuten beende das Spiel und schalte Steam in den Offline-Modus \u2013 und schon bist du bereit f\u00fcr stundenlangen, aufregenden Spielspa\u00df!<\/p>\n<p>F\u00fcr eine umfassende Einrichtung lies dir unseren <a href=\"https:\/\/orkza.com\/de\/steam-account-activation-guide\/\" target=\"_blank\" rel=\"noopener\">Steam-Konto-Aktivierungsleitfaden<\/a> durch.<\/p>\n<p>Entdecke unsere neuesten <a href=\"https:\/\/orkza.com\/de\/produkt-kategorie\/pc-spiele\/\" target=\"_blank\" rel=\"noopener\">PC-SPIELE<\/a><\/p>\n","protected":false},"excerpt":{"rendered":"<p class=\"\" data-start=\"553\" data-end=\"678\">Reisen Sie durch die Zeit, craften Sie und bauen Sie Ihr Traumleben in <em data-start=\"1642\" data-end=\"1684\">Fantasy Life i: The Girl Who Steals Time<\/em> \u2013 Steam-Konto inklusive.<\/p>\n<p><img decoding=\"async\" class=\"alignnone wp-image-3526\" src=\"https:\/\/orkza.com\/wp-content\/uploads\/2024\/10\/Steam-Account-Notice-min-300x300.png\" alt=\"\" width=\"41\" height=\"41\" srcset=\"https:\/\/orkza.com\/wp-content\/uploads\/2024\/10\/Steam-Account-Notice-min-300x300.png 300w, https:\/\/orkza.com\/wp-content\/uploads\/2024\/10\/Steam-Account-Notice-min-scaled-430x430.png 430w, https:\/\/orkza.com\/wp-content\/uploads\/2024\/10\/Steam-Account-Notice-min-150x150.png 150w, https:\/\/orkza.com\/wp-content\/uploads\/2024\/10\/Steam-Account-Notice-min-scaled-700x700.png 700w, https:\/\/orkza.com\/wp-content\/uploads\/2024\/10\/Steam-Account-Notice-min-800x800.png 800w, https:\/\/orkza.com\/wp-content\/uploads\/2024\/10\/Steam-Account-Notice-min-768x768.png 768w, https:\/\/orkza.com\/wp-content\/uploads\/2024\/10\/Steam-Account-Notice-min-1536x1536.png 1536w, https:\/\/orkza.com\/wp-content\/uploads\/2024\/10\/Steam-Account-Notice-min-2048x2048.png 2048w\" sizes=\"(max-width: 41px) 100vw, 41px\" \/><strong>Hinweis: Kontodaten k\u00f6nnen nicht ge\u00e4ndert werden. Dies ist ein Steam-Konto mit lebenslangem Zugriff, nur f\u00fcr Offline-Spiele. <\/strong><\/p>\n","protected":false},"featured_media":17688,"comment_status":"open","ping_status":"closed","template":"","meta":[],"product_brand":[],"product_cat":[219],"product_tag":[249],"class_list":{"0":"post-17771","1":"product","2":"type-product","3":"status-publish","4":"has-post-thumbnail","6":"product_cat-rpg","7":"product_tag-steam","9":"first","10":"instock","11":"sale","12":"virtual","13":"purchasable","14":"product-type-simple"},"_links":{"self":[{"href":"https:\/\/orkza.com\/de\/wp-json\/wp\/v2\/product\/17771","targetHints":{"allow":["GET"]}}],"collection":[{"href":"https:\/\/orkza.com\/de\/wp-json\/wp\/v2\/product"}],"about":[{"href":"https:\/\/orkza.com\/de\/wp-json\/wp\/v2\/types\/product"}],"replies":[{"embeddable":true,"href":"https:\/\/orkza.com\/de\/wp-json\/wp\/v2\/comments?post=17771"}],"version-history":[{"count":0,"href":"https:\/\/orkza.com\/de\/wp-json\/wp\/v2\/product\/17771\/revisions"}],"wp:featuredmedia":[{"embeddable":true,"href":"https:\/\/orkza.com\/de\/wp-json\/wp\/v2\/media\/17688"}],"wp:attachment":[{"href":"https:\/\/orkza.com\/de\/wp-json\/wp\/v2\/media?parent=17771"}],"wp:term":[{"taxonomy":"product_brand","embeddable":true,"href":"https:\/\/orkza.com\/de\/wp-json\/wp\/v2\/product_brand?post=17771"},{"taxonomy":"product_cat","embeddable":true,"href":"https:\/\/orkza.com\/de\/wp-json\/wp\/v2\/product_cat?post=17771"},{"taxonomy":"product_tag","embeddable":true,"href":"https:\/\/orkza.com\/de\/wp-json\/wp\/v2\/product_tag?post=17771"}],"curies":[{"name":"wp","href":"https:\/\/api.w.org\/{rel}","templated":true}]}}