{"id":17766,"date":"2025-10-03T15:58:24","date_gmt":"2025-10-03T15:58:24","guid":{"rendered":"https:\/\/orkza.com\/product\/sekiro-shadows-die-twice-steam-account\/"},"modified":"2026-02-26T06:14:34","modified_gmt":"2026-02-26T06:14:34","slug":"sekiro-shadows-die-twice-steam-account","status":"publish","type":"product","link":"https:\/\/orkza.com\/de\/produkt\/sekiro-shadows-die-twice-steam-account\/","title":{"rendered":"Sekiro: Shadows Die Twice Steam-Account"},"content":{"rendered":"<h2 data-start=\"3058\" data-end=\"3143\"><strong data-start=\"3062\" data-end=\"3143\">Sekiro: Shadows Die Twice Steam-Account \u2013 Trotzen Sie dem Tod mit Pr\u00e4zision und Ehre<\/strong><\/h2>\n<p class=\"\" data-start=\"3145\" data-end=\"3414\">Entfesseln Sie Ihren inneren Shinobi in <a href=\"https:\/\/store.steampowered.com\/app\/814380\/Sekiro_Shadows_Die_Twice__GOTY_Edition\/\" target=\"_blank\" rel=\"noopener\"><em data-start=\"3175\" data-end=\"3202\">Sekiro: Shadows Die Twice<\/em>,<\/a> verf\u00fcgbar \u00fcber unseren Steam-Account. Von den Machern von <em data-start=\"3260\" data-end=\"3272\">Dark Souls<\/em>: Dieses preisgekr\u00f6nte Actionspiel vereint Stealth, Schwertkampf und intensive Bossk\u00e4mpfe in einer wundersch\u00f6n-brutalen Neuinterpretation Japans zur Sengoku-Zeit. <\/p>\n<h3 data-start=\"3416\" data-end=\"3452\"><strong data-start=\"3421\" data-end=\"3452\">Meistern Sie die Kunst des Schwertes<\/strong><\/h3>\n<p class=\"\" data-start=\"3454\" data-end=\"3611\">Der Kampf in <em data-start=\"3464\" data-end=\"3472\">Sekiro<\/em> ist schnell, fl\u00fcssig und unerbittlich. Parieren Sie Angriffe, brechen Sie die Haltung und schlagen Sie entscheidend zu, um Duelle und monstr\u00f6se Begegnungen zu \u00fcberleben. <\/p>\n<h3 data-start=\"3613\" data-end=\"3642\"><strong data-start=\"3618\" data-end=\"3642\">Stealth und Strategie<\/strong><\/h3>\n<p class=\"\" data-start=\"3644\" data-end=\"3799\">Infiltrieren Sie feindliche Anlagen, erklimmen Sie D\u00e4cher und nutzen Sie Stealth, um Bedrohungen auszuschalten, bevor Sie den direkten Kampf suchen. Jede Begegnung bietet mehrere L\u00f6sungswege. <\/p>\n<h3 data-start=\"3801\" data-end=\"3848\"><strong data-start=\"3806\" data-end=\"3848\">Erkunden Sie das feudale Japan wie nie zuvor<\/strong><\/h3>\n<p class=\"\" data-start=\"3850\" data-end=\"3996\">Reisen Sie durch neblige Berge, Tempelruinen und verwunschene Burgen mit vertikaler Mobilit\u00e4t und dynamischen Mechaniken, die Erkundung belohnen.<\/p>\n<h3>So nutzen Sie Ihren Sekiro Steam-Account<\/h3>\n<p><img decoding=\"async\" class=\"alignnone wp-image-3511\" src=\"https:\/\/orkza.com\/wp-content\/uploads\/2024\/10\/STEAM-ACTIVATION-GUIDE-400x225.jpg\" alt=\"\" width=\"804\" height=\"453\" title=\"\" srcset=\"https:\/\/orkza.com\/wp-content\/uploads\/2024\/10\/STEAM-ACTIVATION-GUIDE-400x225.jpg 400w, https:\/\/orkza.com\/wp-content\/uploads\/2024\/10\/STEAM-ACTIVATION-GUIDE-430x242.jpg 430w, https:\/\/orkza.com\/wp-content\/uploads\/2024\/10\/STEAM-ACTIVATION-GUIDE-150x84.jpg 150w, https:\/\/orkza.com\/wp-content\/uploads\/2024\/10\/STEAM-ACTIVATION-GUIDE-700x394.jpg 700w, https:\/\/orkza.com\/wp-content\/uploads\/2024\/10\/STEAM-ACTIVATION-GUIDE-768x432.jpg 768w, https:\/\/orkza.com\/wp-content\/uploads\/2024\/10\/STEAM-ACTIVATION-GUIDE.jpg 1280w\" sizes=\"(max-width: 804px) 100vw, 804px\" \/><\/p>\n<p>Melde dich nach dem Kauf auf deinem PC mit dem bereitgestellten Steam-Konto an. Sobald du angemeldet bist, navigiere zu deiner Bibliothek, installiere das Spiel und klicke auf den Play-Button.  Nach ein paar Minuten beende das Spiel und schalte Steam in den Offline-Modus \u2013 und schon bist du bereit f\u00fcr stundenlangen, aufregenden Spielspa\u00df!<\/p>\n<p>F\u00fcr einen umfassenden Einrichtungsprozess lesen Sie bitte unsere <a href=\"https:\/\/orkza.com\/de\/steam-account-activation-guide\/\" target=\"_blank\" rel=\"noopener\">vollst\u00e4ndige Aktivierungsanleitung<\/a><\/p>\n<h3 data-start=\"3998\" data-end=\"4034\"><strong data-start=\"4003\" data-end=\"4034\">Minimale Systemanforderungen<\/strong><\/h3>\n<ul data-start=\"4036\" data-end=\"4198\">\n<li class=\"\" data-start=\"4036\" data-end=\"4062\">\n<p class=\"\" data-start=\"4038\" data-end=\"4062\">Betriebssystem: Windows 7 (64-Bit)<\/p>\n<\/li>\n<li class=\"\" data-start=\"4063\" data-end=\"4110\">\n<p class=\"\" data-start=\"4065\" data-end=\"4110\">Prozessor: Intel Core i3-2100 \/ AMD FX-6300<\/p>\n<\/li>\n<li class=\"\" data-start=\"4111\" data-end=\"4131\">\n<p class=\"\" data-start=\"4113\" data-end=\"4131\">Arbeitsspeicher: 4 GB RAM<\/p>\n<\/li>\n<li class=\"\" data-start=\"4132\" data-end=\"4181\">\n<p class=\"\" data-start=\"4134\" data-end=\"4181\">Grafik: NVIDIA GTX 760 \/ AMD Radeon HD 7950<\/p>\n<\/li>\n<li class=\"\" data-start=\"4182\" data-end=\"4198\">\n<p class=\"\" data-start=\"4184\" data-end=\"4198\">Speicherplatz: 25 GB<\/p>\n<\/li>\n<\/ul>\n<h3 data-start=\"4200\" data-end=\"4240\"><strong data-start=\"4205\" data-end=\"4240\">Empfohlene Systemanforderungen<\/strong><\/h3>\n<ul data-start=\"4242\" data-end=\"4410\">\n<li class=\"\" data-start=\"4242\" data-end=\"4272\">\n<p class=\"\" data-start=\"4244\" data-end=\"4272\">OS: Windows 10\/11 (64-Bit)<\/p>\n<\/li>\n<li class=\"\" data-start=\"4273\" data-end=\"4326\">\n<p class=\"\" data-start=\"4275\" data-end=\"4326\">Prozessor: Intel Core i5-2500K \/ AMD Ryzen 5 1400<\/p>\n<\/li>\n<li class=\"\" data-start=\"4327\" data-end=\"4347\">\n<p class=\"\" data-start=\"4329\" data-end=\"4347\">Arbeitsspeicher: 8 GB RAM<\/p>\n<\/li>\n<li class=\"\" data-start=\"4348\" data-end=\"4389\">\n<p class=\"\" data-start=\"4350\" data-end=\"4389\">Grafik: NVIDIA GTX 970 \/ AMD RX 570<\/p>\n<\/li>\n<li class=\"\" data-start=\"4390\" data-end=\"4410\">\n<p class=\"\" data-start=\"4392\" data-end=\"4410\">Speicherplatz: 25 GB SSD<\/p>\n<\/li>\n<\/ul>\n<p>Entdecken Sie unsere neuesten <a href=\"https:\/\/orkza.com\/de\/produkt-kategorie\/pc-spiele\/\" target=\"_blank\" rel=\"noopener\">Spiel-Accounts<\/a><\/p>\n","protected":false},"excerpt":{"rendered":"<p>Meistern Sie Stealth, Schwertkampf und Strategie im feudalen Japan. K\u00e4mpfen Sie mit Pr\u00e4zision und trotzen Sie dem Tod \u2013 Steam-Account-Zugang. <\/p>\n<p><img decoding=\"async\" class=\"alignnone wp-image-3526\" src=\"https:\/\/orkza.com\/wp-content\/uploads\/2024\/10\/Steam-Account-Notice-min-300x300.png\" alt=\"\" width=\"45\" height=\"45\" srcset=\"https:\/\/orkza.com\/wp-content\/uploads\/2024\/10\/Steam-Account-Notice-min-300x300.png 300w, https:\/\/orkza.com\/wp-content\/uploads\/2024\/10\/Steam-Account-Notice-min-scaled-430x430.png 430w, https:\/\/orkza.com\/wp-content\/uploads\/2024\/10\/Steam-Account-Notice-min-150x150.png 150w, https:\/\/orkza.com\/wp-content\/uploads\/2024\/10\/Steam-Account-Notice-min-scaled-700x700.png 700w, https:\/\/orkza.com\/wp-content\/uploads\/2024\/10\/Steam-Account-Notice-min-800x800.png 800w, https:\/\/orkza.com\/wp-content\/uploads\/2024\/10\/Steam-Account-Notice-min-768x768.png 768w, https:\/\/orkza.com\/wp-content\/uploads\/2024\/10\/Steam-Account-Notice-min-1536x1536.png 1536w, https:\/\/orkza.com\/wp-content\/uploads\/2024\/10\/Steam-Account-Notice-min-2048x2048.png 2048w\" sizes=\"(max-width: 45px) 100vw, 45px\" \/><strong>Hinweis: Kontodaten k\u00f6nnen nicht ge\u00e4ndert werden. Dies ist ein Steam-Konto mit lebenslangem Zugriff, nur f\u00fcr Offline-Spiele. <\/strong><\/p>\n","protected":false},"featured_media":17767,"comment_status":"open","ping_status":"closed","template":"","meta":[],"product_brand":[],"product_cat":[216],"product_tag":[249],"class_list":{"0":"post-17766","1":"product","2":"type-product","3":"status-publish","4":"has-post-thumbnail","6":"product_cat-action","7":"product_tag-steam","9":"first","10":"instock","11":"sale","12":"virtual","13":"purchasable","14":"product-type-simple"},"_links":{"self":[{"href":"https:\/\/orkza.com\/de\/wp-json\/wp\/v2\/product\/17766","targetHints":{"allow":["GET"]}}],"collection":[{"href":"https:\/\/orkza.com\/de\/wp-json\/wp\/v2\/product"}],"about":[{"href":"https:\/\/orkza.com\/de\/wp-json\/wp\/v2\/types\/product"}],"replies":[{"embeddable":true,"href":"https:\/\/orkza.com\/de\/wp-json\/wp\/v2\/comments?post=17766"}],"version-history":[{"count":0,"href":"https:\/\/orkza.com\/de\/wp-json\/wp\/v2\/product\/17766\/revisions"}],"wp:featuredmedia":[{"embeddable":true,"href":"https:\/\/orkza.com\/de\/wp-json\/wp\/v2\/media\/17767"}],"wp:attachment":[{"href":"https:\/\/orkza.com\/de\/wp-json\/wp\/v2\/media?parent=17766"}],"wp:term":[{"taxonomy":"product_brand","embeddable":true,"href":"https:\/\/orkza.com\/de\/wp-json\/wp\/v2\/product_brand?post=17766"},{"taxonomy":"product_cat","embeddable":true,"href":"https:\/\/orkza.com\/de\/wp-json\/wp\/v2\/product_cat?post=17766"},{"taxonomy":"product_tag","embeddable":true,"href":"https:\/\/orkza.com\/de\/wp-json\/wp\/v2\/product_tag?post=17766"}],"curies":[{"name":"wp","href":"https:\/\/api.w.org\/{rel}","templated":true}]}}