{"id":17764,"date":"2025-10-03T15:58:10","date_gmt":"2025-10-03T15:58:10","guid":{"rendered":"https:\/\/orkza.com\/product\/resident-evil-3-steam-account\/"},"modified":"2026-02-26T06:14:33","modified_gmt":"2026-02-26T06:14:33","slug":"resident-evil-3-steam-account","status":"publish","type":"product","link":"https:\/\/orkza.com\/de\/produkt\/resident-evil-3-steam-account\/","title":{"rendered":"Resident Evil 3 Steam-Account"},"content":{"rendered":"<h2 data-start=\"4588\" data-end=\"4668\"><strong data-start=\"4592\" data-end=\"4668\">Resident Evil 3 Steam-Account \u2013 Entkommen Sie aus Raccoon City, bevor es zu sp\u00e4t ist<\/strong><\/h2>\n<p class=\"\" data-start=\"4670\" data-end=\"4926\">Spielen Sie <a href=\"https:\/\/store.steampowered.com\/app\/952060\/Resident_Evil_3\/\" target=\"_blank\" rel=\"noopener\"><em data-start=\"4675\" data-end=\"4699\">Resident Evil 3 Remake<\/em><\/a> mit unserem Steam-Account und erleben Sie Jill Valentines verzweifelte Flucht aus einer von Untoten \u00fcberrannten Stadt \u2013 und gejagt vom unaufhaltsamen Nemesis \u2013 erneut. Dieses moderne Remake des PS1-Klassikers verbindet cineastischen Horror mit rasanter Action. <\/p>\n<h3 data-start=\"4928\" data-end=\"4953\"><strong data-start=\"4933\" data-end=\"4953\">Stellen Sie sich Nemesis<\/strong><\/h3>\n<p class=\"\" data-start=\"4955\" data-end=\"5121\">Die riesige Biowaffe Nemesis ist intelligenter, t\u00f6dlicher und hartn\u00e4ckiger als je zuvor. Weichen Sie ihm aus oder stellen Sie sich ihm \u2013 mit Jills Kampff\u00e4higkeiten, Upgrades und Umgebungsfallen. <\/p>\n<h3 data-start=\"5123\" data-end=\"5169\"><strong data-start=\"5128\" data-end=\"5169\">Modernisiertes Gameplay mit klassischem Gef\u00fchl<\/strong><\/h3>\n<p class=\"\" data-start=\"5171\" data-end=\"5317\">Die RE Engine baut alles von Grund auf neu auf \u2013 pr\u00e4zise Steuerung, neue Gegner-KI und beeindruckende visuelle Effekte verst\u00e4rken sowohl Action als auch Atmosph\u00e4re.<\/p>\n<h3 data-start=\"5319\" data-end=\"5355\"><strong data-start=\"5324\" data-end=\"5355\">Bonus-Spielmodus: Resistance<\/strong><\/h3>\n<p class=\"\" data-start=\"5357\" data-end=\"5519\">In RE3 enthalten ist <em data-start=\"5378\" data-end=\"5404\">Resident Evil Resistance<\/em>, ein 4v1-Online-Multiplayer-Modus, in dem Spieler \u00dcberlebende oder den finsteren Mastermind steuern k\u00f6nnen, der versucht, sie in die Falle zu locken.<\/p>\n<h3>So nutzen Sie Ihren Resident Evil 3 Steam-Account<\/h3>\n<p><img decoding=\"async\" class=\"alignnone wp-image-3511\" src=\"https:\/\/orkza.com\/wp-content\/uploads\/2024\/10\/STEAM-ACTIVATION-GUIDE-400x225.jpg\" alt=\"\" width=\"804\" height=\"453\" title=\"\" srcset=\"https:\/\/orkza.com\/wp-content\/uploads\/2024\/10\/STEAM-ACTIVATION-GUIDE-400x225.jpg 400w, https:\/\/orkza.com\/wp-content\/uploads\/2024\/10\/STEAM-ACTIVATION-GUIDE-430x242.jpg 430w, https:\/\/orkza.com\/wp-content\/uploads\/2024\/10\/STEAM-ACTIVATION-GUIDE-150x84.jpg 150w, https:\/\/orkza.com\/wp-content\/uploads\/2024\/10\/STEAM-ACTIVATION-GUIDE-700x394.jpg 700w, https:\/\/orkza.com\/wp-content\/uploads\/2024\/10\/STEAM-ACTIVATION-GUIDE-768x432.jpg 768w, https:\/\/orkza.com\/wp-content\/uploads\/2024\/10\/STEAM-ACTIVATION-GUIDE.jpg 1280w\" sizes=\"(max-width: 804px) 100vw, 804px\" \/><\/p>\n<p>Melde dich nach dem Kauf auf deinem PC mit dem bereitgestellten Steam-Konto an. Sobald du angemeldet bist, navigiere zu deiner Bibliothek, installiere das Spiel und klicke auf den Play-Button.  Nach ein paar Minuten beende das Spiel und schalte Steam in den Offline-Modus \u2013 und schon bist du bereit f\u00fcr stundenlangen, aufregenden Spielspa\u00df!<\/p>\n<p>F\u00fcr einen umfassenden Einrichtungsprozess lesen Sie bitte unsere <a href=\"https:\/\/orkza.com\/de\/steam-account-activation-guide\/\" target=\"_blank\" rel=\"noopener\">vollst\u00e4ndige Aktivierungsanleitung<\/a><\/p>\n<h3 data-start=\"5521\" data-end=\"5557\"><strong data-start=\"5526\" data-end=\"5557\">Minimale Systemanforderungen<\/strong><\/h3>\n<ul data-start=\"5559\" data-end=\"5722\">\n<li class=\"\" data-start=\"5559\" data-end=\"5586\">\n<p class=\"\" data-start=\"5561\" data-end=\"5586\">Betriebssystem: Windows 10 (64-Bit)<\/p>\n<\/li>\n<li class=\"\" data-start=\"5587\" data-end=\"5634\">\n<p class=\"\" data-start=\"5589\" data-end=\"5634\">Prozessor: Intel Core i5-4460 \/ AMD FX-6300<\/p>\n<\/li>\n<li class=\"\" data-start=\"5635\" data-end=\"5655\">\n<p class=\"\" data-start=\"5637\" data-end=\"5655\">Arbeitsspeicher: 8 GB RAM<\/p>\n<\/li>\n<li class=\"\" data-start=\"5656\" data-end=\"5705\">\n<p class=\"\" data-start=\"5658\" data-end=\"5705\">Grafik: NVIDIA GTX 760 \/ AMD Radeon R7 260x<\/p>\n<\/li>\n<li class=\"\" data-start=\"5706\" data-end=\"5722\">\n<p class=\"\" data-start=\"5708\" data-end=\"5722\">Speicherplatz: 45 GB<\/p>\n<\/li>\n<\/ul>\n<h3 data-start=\"5724\" data-end=\"5764\"><strong data-start=\"5729\" data-end=\"5764\">Empfohlene Systemanforderungen<\/strong><\/h3>\n<ul data-start=\"5766\" data-end=\"5929\">\n<li class=\"\" data-start=\"5766\" data-end=\"5796\">\n<p class=\"\" data-start=\"5768\" data-end=\"5796\">OS: Windows 10\/11 (64-Bit)<\/p>\n<\/li>\n<li class=\"\" data-start=\"5797\" data-end=\"5844\">\n<p class=\"\" data-start=\"5799\" data-end=\"5844\">Prozessor: Intel Core i7-3770 \/ AMD FX-9590<\/p>\n<\/li>\n<li class=\"\" data-start=\"5845\" data-end=\"5865\">\n<p class=\"\" data-start=\"5847\" data-end=\"5865\">Arbeitsspeicher: 8 GB RAM<\/p>\n<\/li>\n<li class=\"\" data-start=\"5866\" data-end=\"5908\">\n<p class=\"\" data-start=\"5868\" data-end=\"5908\">Grafik: NVIDIA GTX 1060 \/ AMD RX 480<\/p>\n<\/li>\n<li class=\"\" data-start=\"5909\" data-end=\"5929\">\n<p class=\"\" data-start=\"5911\" data-end=\"5929\">Speicher: 45 GB SSD<\/p>\n<\/li>\n<\/ul>\n<p>Entdecken Sie unsere neuesten <a href=\"https:\/\/orkza.com\/de\/produkt-kategorie\/pc-spiele\/\" target=\"_blank\" rel=\"noopener\">Spiel-Accounts<\/a><\/p>\n","protected":false},"excerpt":{"rendered":"<p>Entkommen Sie Nemesis und einer infizierten Stadt in diesem Action-Horror-Remake. Erleben Sie Jills erschreckende Reise mit unserem Steam-Account. <\/p>\n<p><img decoding=\"async\" class=\"alignnone wp-image-3526\" src=\"https:\/\/orkza.com\/wp-content\/uploads\/2024\/10\/Steam-Account-Notice-min-300x300.png\" alt=\"\" width=\"45\" height=\"45\" srcset=\"https:\/\/orkza.com\/wp-content\/uploads\/2024\/10\/Steam-Account-Notice-min-300x300.png 300w, https:\/\/orkza.com\/wp-content\/uploads\/2024\/10\/Steam-Account-Notice-min-scaled-430x430.png 430w, https:\/\/orkza.com\/wp-content\/uploads\/2024\/10\/Steam-Account-Notice-min-150x150.png 150w, https:\/\/orkza.com\/wp-content\/uploads\/2024\/10\/Steam-Account-Notice-min-scaled-700x700.png 700w, https:\/\/orkza.com\/wp-content\/uploads\/2024\/10\/Steam-Account-Notice-min-800x800.png 800w, https:\/\/orkza.com\/wp-content\/uploads\/2024\/10\/Steam-Account-Notice-min-768x768.png 768w, https:\/\/orkza.com\/wp-content\/uploads\/2024\/10\/Steam-Account-Notice-min-1536x1536.png 1536w, https:\/\/orkza.com\/wp-content\/uploads\/2024\/10\/Steam-Account-Notice-min-2048x2048.png 2048w\" sizes=\"(max-width: 45px) 100vw, 45px\" \/><strong>Hinweis: Kontodaten k\u00f6nnen nicht ge\u00e4ndert werden. Dies ist ein Steam-Konto mit lebenslangem Zugriff, nur f\u00fcr Offline-Spiele. <\/strong><\/p>\n","protected":false},"featured_media":17765,"comment_status":"open","ping_status":"closed","template":"","meta":[],"product_brand":[],"product_cat":[216],"product_tag":[249],"class_list":{"0":"post-17764","1":"product","2":"type-product","3":"status-publish","4":"has-post-thumbnail","6":"product_cat-action","7":"product_tag-steam","9":"first","10":"instock","11":"sale","12":"virtual","13":"purchasable","14":"product-type-simple"},"_links":{"self":[{"href":"https:\/\/orkza.com\/de\/wp-json\/wp\/v2\/product\/17764","targetHints":{"allow":["GET"]}}],"collection":[{"href":"https:\/\/orkza.com\/de\/wp-json\/wp\/v2\/product"}],"about":[{"href":"https:\/\/orkza.com\/de\/wp-json\/wp\/v2\/types\/product"}],"replies":[{"embeddable":true,"href":"https:\/\/orkza.com\/de\/wp-json\/wp\/v2\/comments?post=17764"}],"version-history":[{"count":0,"href":"https:\/\/orkza.com\/de\/wp-json\/wp\/v2\/product\/17764\/revisions"}],"wp:featuredmedia":[{"embeddable":true,"href":"https:\/\/orkza.com\/de\/wp-json\/wp\/v2\/media\/17765"}],"wp:attachment":[{"href":"https:\/\/orkza.com\/de\/wp-json\/wp\/v2\/media?parent=17764"}],"wp:term":[{"taxonomy":"product_brand","embeddable":true,"href":"https:\/\/orkza.com\/de\/wp-json\/wp\/v2\/product_brand?post=17764"},{"taxonomy":"product_cat","embeddable":true,"href":"https:\/\/orkza.com\/de\/wp-json\/wp\/v2\/product_cat?post=17764"},{"taxonomy":"product_tag","embeddable":true,"href":"https:\/\/orkza.com\/de\/wp-json\/wp\/v2\/product_tag?post=17764"}],"curies":[{"name":"wp","href":"https:\/\/api.w.org\/{rel}","templated":true}]}}