{"id":17763,"date":"2025-09-19T09:36:13","date_gmt":"2025-09-19T09:36:13","guid":{"rendered":"https:\/\/orkza.com\/product\/dune-awakening-deluxe-edition-steam-account\/"},"modified":"2026-02-26T11:52:33","modified_gmt":"2026-02-26T11:52:33","slug":"dune-awakening-deluxe-edition-steam-account","status":"publish","type":"product","link":"https:\/\/orkza.com\/de\/produkt\/dune-awakening-deluxe-edition-steam-account\/","title":{"rendered":"Dune Awakening Deluxe Edition Steam-Account"},"content":{"rendered":"<h2 data-start=\"1814\" data-end=\"1880\"><strong data-start=\"1817\" data-end=\"1880\">Dune: Awakening Steam-Account \u2013 \u00dcberleben und Arrakis erobern<\/strong><\/h2>\n<p data-start=\"1882\" data-end=\"2115\">Spielen Sie <a href=\"https:\/\/store.steampowered.com\/app\/1172710\/Dune_Awakening\/\" target=\"_blank\" rel=\"noopener\"><em data-start=\"1887\" data-end=\"1904\">Dune: Awakening<\/em><\/a> mit unserem Steam-Account und tauchen Sie ein in ein Open-World-Survival-MMO in Frank Herberts legend\u00e4rem Universum. Erkunden Sie den gnadenlosen W\u00fcstenplaneten Arrakis und balancieren Sie \u00dcberleben, Politik und Kriegf\u00fchrung. <\/p>\n<h3 data-start=\"2117\" data-end=\"2142\"><strong data-start=\"2121\" data-end=\"2140\">Leben auf Arrakis<\/strong><\/h3>\n<p data-start=\"2143\" data-end=\"2320\">Ernten Sie Spice, die wertvollste Ressource der Galaxis, w\u00e4hrend Sie Sandst\u00fcrmen, gl\u00fchender Hitze und kolossalen Sandw\u00fcrmern trotzen. Die Umgebung selbst ist so t\u00f6dlich wie Ihre Feinde. <\/p>\n<h3 data-start=\"2322\" data-end=\"2355\"><strong data-start=\"2326\" data-end=\"2353\">Survival trifft Strategie<\/strong><\/h3>\n<p data-start=\"2356\" data-end=\"2534\">Stellen Sie Ausr\u00fcstung her, bauen Sie Unterschl\u00fcpfe und meistern Sie das \u00dcberleben in der W\u00fcste, w\u00e4hrend Sie sich in fraktionsgetriebene Konflikte st\u00fcrzen. Jede Entscheidung beeinflusst Ihre Position im fragilen Machtgleichgewicht von Arrakis. <\/p>\n<h3 data-start=\"2536\" data-end=\"2571\"><strong data-start=\"2540\" data-end=\"2569\">Massive Multiplayer-Welt<\/strong><\/h3>\n<p data-start=\"2572\" data-end=\"2716\">Schlie\u00dfen Sie sich Tausenden von Spielern auf persistenten Online-Servern an. Schmieden Sie Allianzen, verraten Sie Rivalen oder f\u00fchren Sie Kriege um die Kontrolle \u00fcber Spice-Felder und Territorien. <\/p>\n<h3 data-start=\"2718\" data-end=\"2755\"><strong data-start=\"2722\" data-end=\"2753\">Minimale Systemanforderungen<\/strong><\/h3>\n<ul data-start=\"2756\" data-end=\"2928\">\n<li data-start=\"2756\" data-end=\"2783\">\n<p data-start=\"2758\" data-end=\"2783\">Betriebssystem: Windows 10 (64-Bit)<\/p>\n<\/li>\n<li data-start=\"2784\" data-end=\"2837\">\n<p data-start=\"2786\" data-end=\"2837\">Prozessor: Intel Core i5-9600K \/ AMD Ryzen 5 3600<\/p>\n<\/li>\n<li data-start=\"2838\" data-end=\"2859\">\n<p data-start=\"2840\" data-end=\"2859\">Arbeitsspeicher: 12 GB RAM<\/p>\n<\/li>\n<li data-start=\"2860\" data-end=\"2905\">\n<p data-start=\"2862\" data-end=\"2905\">Grafik: NVIDIA GTX 1660 Ti \/ AMD RX 590<\/p>\n<\/li>\n<li data-start=\"2906\" data-end=\"2928\">\n<p data-start=\"2908\" data-end=\"2928\">Speicher: 70 GB SSD<\/p>\n<\/li>\n<\/ul>\n<h3 data-start=\"2930\" data-end=\"2971\"><strong data-start=\"2934\" data-end=\"2969\">Empfohlene Systemanforderungen<\/strong><\/h3>\n<ul data-start=\"2972\" data-end=\"3150\">\n<li data-start=\"2972\" data-end=\"3002\">\n<p data-start=\"2974\" data-end=\"3002\">OS: Windows 10\/11 (64-Bit)<\/p>\n<\/li>\n<li data-start=\"3003\" data-end=\"3058\">\n<p data-start=\"3005\" data-end=\"3058\">Prozessor: Intel Core i7-10700K \/ AMD Ryzen 7 3700X<\/p>\n<\/li>\n<li data-start=\"3059\" data-end=\"3080\">\n<p data-start=\"3061\" data-end=\"3080\">Arbeitsspeicher: 16 GB RAM<\/p>\n<\/li>\n<li data-start=\"3081\" data-end=\"3127\">\n<p data-start=\"3083\" data-end=\"3127\">Grafik: NVIDIA RTX 3070 \/ AMD RX 6800 XT<\/p>\n<\/li>\n<li data-start=\"3128\" data-end=\"3150\">\n<p data-start=\"3130\" data-end=\"3150\">Speicher: 70 GB SSD<\/p>\n<\/li>\n<\/ul>\n<h3>So nutzen Sie Ihren Dune Awakening Steam-Account<\/h3>\n<p><img decoding=\"async\" class=\"alignnone wp-image-3511\" src=\"https:\/\/orkza.com\/wp-content\/uploads\/2024\/10\/STEAM-ACTIVATION-GUIDE-400x225.jpg\" alt=\"\" width=\"804\" height=\"453\" title=\"\" srcset=\"https:\/\/orkza.com\/wp-content\/uploads\/2024\/10\/STEAM-ACTIVATION-GUIDE-400x225.jpg 400w, https:\/\/orkza.com\/wp-content\/uploads\/2024\/10\/STEAM-ACTIVATION-GUIDE-430x242.jpg 430w, https:\/\/orkza.com\/wp-content\/uploads\/2024\/10\/STEAM-ACTIVATION-GUIDE-150x84.jpg 150w, https:\/\/orkza.com\/wp-content\/uploads\/2024\/10\/STEAM-ACTIVATION-GUIDE-700x394.jpg 700w, https:\/\/orkza.com\/wp-content\/uploads\/2024\/10\/STEAM-ACTIVATION-GUIDE-768x432.jpg 768w, https:\/\/orkza.com\/wp-content\/uploads\/2024\/10\/STEAM-ACTIVATION-GUIDE.jpg 1280w\" sizes=\"(max-width: 804px) 100vw, 804px\" \/><\/p>\n<p>Melde dich nach dem Kauf auf deinem PC mit dem bereitgestellten Steam-Konto an. Sobald du angemeldet bist, navigiere zu deiner Bibliothek, installiere das Spiel und klicke auf den Play-Button.  Nach ein paar Minuten beende das Spiel und schalte Steam in den Offline-Modus \u2013 und schon bist du bereit f\u00fcr stundenlangen, aufregenden Spielspa\u00df!<\/p>\n<p>F\u00fcr eine umfassende Einrichtung lies dir unseren <a href=\"https:\/\/orkza.com\/de\/steam-account-activation-guide\/\" target=\"_blank\" rel=\"noopener\">Steam-Konto-Aktivierungsleitfaden<\/a> durch.<\/p>\n<p>Entdecke unsere neuesten <a href=\"https:\/\/orkza.com\/de\/produkt-kategorie\/pc-spiele\/\" target=\"_blank\" rel=\"noopener\">PC-SPIELE<\/a><\/p>\n","protected":false},"excerpt":{"rendered":"<p data-start=\"3152\" data-end=\"3301\">\u00dcberleben Sie die W\u00fcsten von Arrakis in <em data-start=\"3211\" data-end=\"3228\">Dune: Awakening<\/em>. Ernten Sie Spice, trotzen Sie Sandw\u00fcrmern und k\u00e4mpfen Sie in einem riesigen MMO um die Macht. <\/p>\n<p><img decoding=\"async\" class=\"alignnone wp-image-3526\" src=\"https:\/\/orkza.com\/wp-content\/uploads\/2024\/10\/Steam-Account-Notice-min-300x300.png\" alt=\"\" width=\"41\" height=\"41\" srcset=\"https:\/\/orkza.com\/wp-content\/uploads\/2024\/10\/Steam-Account-Notice-min-300x300.png 300w, https:\/\/orkza.com\/wp-content\/uploads\/2024\/10\/Steam-Account-Notice-min-scaled-430x430.png 430w, https:\/\/orkza.com\/wp-content\/uploads\/2024\/10\/Steam-Account-Notice-min-150x150.png 150w, https:\/\/orkza.com\/wp-content\/uploads\/2024\/10\/Steam-Account-Notice-min-scaled-700x700.png 700w, https:\/\/orkza.com\/wp-content\/uploads\/2024\/10\/Steam-Account-Notice-min-800x800.png 800w, https:\/\/orkza.com\/wp-content\/uploads\/2024\/10\/Steam-Account-Notice-min-768x768.png 768w, https:\/\/orkza.com\/wp-content\/uploads\/2024\/10\/Steam-Account-Notice-min-1536x1536.png 1536w, https:\/\/orkza.com\/wp-content\/uploads\/2024\/10\/Steam-Account-Notice-min-2048x2048.png 2048w\" sizes=\"(max-width: 41px) 100vw, 41px\" \/><strong>Hinweis: Kontodaten k\u00f6nnen nicht ge\u00e4ndert werden. Dies ist ein Steam-Konto mit lebenslangem Zugriff, nur f\u00fcr Offline-Spiele. <\/strong><\/p>\n","protected":false},"featured_media":17716,"comment_status":"open","ping_status":"closed","template":"","meta":[],"product_brand":[],"product_cat":[216],"product_tag":[249],"class_list":{"0":"post-17763","1":"product","2":"type-product","3":"status-publish","4":"has-post-thumbnail","6":"product_cat-action","7":"product_tag-steam","9":"first","10":"instock","11":"sale","12":"virtual","13":"purchasable","14":"product-type-simple"},"_links":{"self":[{"href":"https:\/\/orkza.com\/de\/wp-json\/wp\/v2\/product\/17763","targetHints":{"allow":["GET"]}}],"collection":[{"href":"https:\/\/orkza.com\/de\/wp-json\/wp\/v2\/product"}],"about":[{"href":"https:\/\/orkza.com\/de\/wp-json\/wp\/v2\/types\/product"}],"replies":[{"embeddable":true,"href":"https:\/\/orkza.com\/de\/wp-json\/wp\/v2\/comments?post=17763"}],"version-history":[{"count":0,"href":"https:\/\/orkza.com\/de\/wp-json\/wp\/v2\/product\/17763\/revisions"}],"wp:featuredmedia":[{"embeddable":true,"href":"https:\/\/orkza.com\/de\/wp-json\/wp\/v2\/media\/17716"}],"wp:attachment":[{"href":"https:\/\/orkza.com\/de\/wp-json\/wp\/v2\/media?parent=17763"}],"wp:term":[{"taxonomy":"product_brand","embeddable":true,"href":"https:\/\/orkza.com\/de\/wp-json\/wp\/v2\/product_brand?post=17763"},{"taxonomy":"product_cat","embeddable":true,"href":"https:\/\/orkza.com\/de\/wp-json\/wp\/v2\/product_cat?post=17763"},{"taxonomy":"product_tag","embeddable":true,"href":"https:\/\/orkza.com\/de\/wp-json\/wp\/v2\/product_tag?post=17763"}],"curies":[{"name":"wp","href":"https:\/\/api.w.org\/{rel}","templated":true}]}}