{"id":17762,"date":"2025-09-19T09:35:54","date_gmt":"2025-09-19T09:35:54","guid":{"rendered":"https:\/\/orkza.com\/product\/the-last-of-us-part-ii-remastered-steam-account\/"},"modified":"2026-02-26T06:14:29","modified_gmt":"2026-02-26T06:14:29","slug":"the-last-of-us-part-ii-remastered-steam-account","status":"publish","type":"product","link":"https:\/\/orkza.com\/de\/produkt\/the-last-of-us-part-ii-remastered-steam-account\/","title":{"rendered":"The Last of Us Part II Remastered Steam-Account"},"content":{"rendered":"<h2 data-start=\"3245\" data-end=\"3333\"><strong data-start=\"3248\" data-end=\"3333\">The Last of Us Part II Remastered Steam-Account \u2013 Eine emotionale Reise neu erlebt<\/strong><\/h2>\n<p data-start=\"3335\" data-end=\"3599\">Schalten Sie <a href=\"https:\/\/store.steampowered.com\/app\/2531310\/The_Last_of_Us_Part_II_Remastered\/\" target=\"_blank\" rel=\"noopener\"><em data-start=\"3342\" data-end=\"3377\">The Last of Us Part II Remastered<\/em><\/a> mit unserem Steam-Account frei und erleben Sie Ellies packende Geschichte neu, verbessert mit Next-Gen-Grafik und Features. Dieses Remaster verfeinert das von der Kritik gefeierte Survival-Action-Erlebnis mit noch mehr Immersion und Wiederspielwert. <\/p>\n<h3 data-start=\"3601\" data-end=\"3634\"><strong data-start=\"3605\" data-end=\"3632\">Preisgekr\u00f6nte Story<\/strong><\/h3>\n<p data-start=\"3635\" data-end=\"3781\">Folgen Sie Ellies Suche nach Gerechtigkeit in einer eindringlich sch\u00f6nen, aber brutalen Welt. Emotionales Storytelling treibt eine Reise voller Liebe, Verlust und Rache voran. <\/p>\n<h3 data-start=\"3783\" data-end=\"3814\"><strong data-start=\"3787\" data-end=\"3812\">Next-Gen-Verbesserungen<\/strong><\/h3>\n<p data-start=\"3815\" data-end=\"3965\">Genie\u00dfen Sie verbesserte Grafik, schnellere Ladezeiten und Unterst\u00fctzung f\u00fcr 4K-Aufl\u00f6sung. Aktualisierte Texturen und Beleuchtung machen die Umgebungen immersiver denn je. <\/p>\n<h3 data-start=\"3967\" data-end=\"3998\"><strong data-start=\"3971\" data-end=\"3996\">Neue Modi und Inhalte<\/strong><\/h3>\n<p data-start=\"3999\" data-end=\"4129\">Enth\u00e4lt <em data-start=\"4008\" data-end=\"4019\">No Return<\/em>, einen Roguelike-\u00dcberlebensmodus mit zuf\u00e4lligen Begegnungen, und Behind-the-Scenes-Kommentare f\u00fcr tiefere Einblicke.<\/p>\n<h3 data-start=\"4131\" data-end=\"4168\"><strong data-start=\"4135\" data-end=\"4166\">Minimale Systemanforderungen<\/strong><\/h3>\n<ul data-start=\"4169\" data-end=\"4336\">\n<li data-start=\"4169\" data-end=\"4196\">\n<p data-start=\"4171\" data-end=\"4196\">Betriebssystem: Windows 10 (64-Bit)<\/p>\n<\/li>\n<li data-start=\"4197\" data-end=\"4249\">\n<p data-start=\"4199\" data-end=\"4249\">Prozessor: Intel Core i5-8400 \/ AMD Ryzen 5 2600<\/p>\n<\/li>\n<li data-start=\"4250\" data-end=\"4270\">\n<p data-start=\"4252\" data-end=\"4270\">Arbeitsspeicher: 8 GB RAM<\/p>\n<\/li>\n<li data-start=\"4271\" data-end=\"4313\">\n<p data-start=\"4273\" data-end=\"4313\">Grafikkarte: NVIDIA GTX 1060 \/ AMD RX 580<\/p>\n<\/li>\n<li data-start=\"4314\" data-end=\"4336\">\n<p data-start=\"4316\" data-end=\"4336\">Speicher: 80 GB SSD<\/p>\n<\/li>\n<\/ul>\n<h3 data-start=\"4338\" data-end=\"4379\"><strong data-start=\"4342\" data-end=\"4377\">Empfohlene Systemanforderungen<\/strong><\/h3>\n<ul data-start=\"4380\" data-end=\"4557\">\n<li data-start=\"4380\" data-end=\"4410\">\n<p data-start=\"4382\" data-end=\"4410\">OS: Windows 10\/11 (64-Bit)<\/p>\n<\/li>\n<li data-start=\"4411\" data-end=\"4465\">\n<p data-start=\"4413\" data-end=\"4465\">Prozessor: Intel Core i7-9700K \/ AMD Ryzen 7 3700X<\/p>\n<\/li>\n<li data-start=\"4466\" data-end=\"4487\">\n<p data-start=\"4468\" data-end=\"4487\">Arbeitsspeicher: 16 GB RAM<\/p>\n<\/li>\n<li data-start=\"4488\" data-end=\"4534\">\n<p data-start=\"4490\" data-end=\"4534\">Grafikkarte: NVIDIA RTX 2070 \/ AMD RX 6700 XT<\/p>\n<\/li>\n<li data-start=\"4535\" data-end=\"4557\">\n<p data-start=\"4537\" data-end=\"4557\">Speicher: 80 GB SSD<\/p>\n<\/li>\n<\/ul>\n<h3>So nutzen Sie Ihren The Last of Us Part II Remastered Steam-Account<\/h3>\n<p><img decoding=\"async\" class=\"alignnone wp-image-3511\" src=\"https:\/\/orkza.com\/wp-content\/uploads\/2024\/10\/STEAM-ACTIVATION-GUIDE-400x225.jpg\" alt=\"\" width=\"804\" height=\"453\" title=\"\" srcset=\"https:\/\/orkza.com\/wp-content\/uploads\/2024\/10\/STEAM-ACTIVATION-GUIDE-400x225.jpg 400w, https:\/\/orkza.com\/wp-content\/uploads\/2024\/10\/STEAM-ACTIVATION-GUIDE-430x242.jpg 430w, https:\/\/orkza.com\/wp-content\/uploads\/2024\/10\/STEAM-ACTIVATION-GUIDE-150x84.jpg 150w, https:\/\/orkza.com\/wp-content\/uploads\/2024\/10\/STEAM-ACTIVATION-GUIDE-700x394.jpg 700w, https:\/\/orkza.com\/wp-content\/uploads\/2024\/10\/STEAM-ACTIVATION-GUIDE-768x432.jpg 768w, https:\/\/orkza.com\/wp-content\/uploads\/2024\/10\/STEAM-ACTIVATION-GUIDE.jpg 1280w\" sizes=\"(max-width: 804px) 100vw, 804px\" \/><\/p>\n<p>Melde dich nach dem Kauf auf deinem PC mit dem bereitgestellten Steam-Konto an. Sobald du angemeldet bist, navigiere zu deiner Bibliothek, installiere das Spiel und klicke auf den Play-Button.  Nach ein paar Minuten beende das Spiel und schalte Steam in den Offline-Modus \u2013 und schon bist du bereit f\u00fcr stundenlangen, aufregenden Spielspa\u00df!<\/p>\n<p>F\u00fcr eine umfassende Einrichtung lies dir unseren <a href=\"https:\/\/orkza.com\/de\/steam-account-activation-guide\/\" target=\"_blank\" rel=\"noopener\">Steam-Konto-Aktivierungsleitfaden<\/a> durch.<\/p>\n<p>Entdecke unsere neuesten <a href=\"https:\/\/orkza.com\/de\/produkt-kategorie\/pc-spiele\/\" target=\"_blank\" rel=\"noopener\">PC-SPIELE<\/a><\/p>\n","protected":false},"excerpt":{"rendered":"<p data-start=\"4559\" data-end=\"4712\">Erleben Sie Ellies Reise in <em data-start=\"4614\" data-end=\"4649\">The Last of Us Part II Remastered<\/em>. Verbesserte Grafik, neue Modi und noch tiefgr\u00fcndigeres Storytelling erwarten Sie. <\/p>\n<p><img decoding=\"async\" class=\"alignnone wp-image-3526\" src=\"https:\/\/orkza.com\/wp-content\/uploads\/2024\/10\/Steam-Account-Notice-min-300x300.png\" alt=\"\" width=\"41\" height=\"41\" srcset=\"https:\/\/orkza.com\/wp-content\/uploads\/2024\/10\/Steam-Account-Notice-min-300x300.png 300w, https:\/\/orkza.com\/wp-content\/uploads\/2024\/10\/Steam-Account-Notice-min-scaled-430x430.png 430w, https:\/\/orkza.com\/wp-content\/uploads\/2024\/10\/Steam-Account-Notice-min-150x150.png 150w, https:\/\/orkza.com\/wp-content\/uploads\/2024\/10\/Steam-Account-Notice-min-scaled-700x700.png 700w, https:\/\/orkza.com\/wp-content\/uploads\/2024\/10\/Steam-Account-Notice-min-800x800.png 800w, https:\/\/orkza.com\/wp-content\/uploads\/2024\/10\/Steam-Account-Notice-min-768x768.png 768w, https:\/\/orkza.com\/wp-content\/uploads\/2024\/10\/Steam-Account-Notice-min-1536x1536.png 1536w, https:\/\/orkza.com\/wp-content\/uploads\/2024\/10\/Steam-Account-Notice-min-2048x2048.png 2048w\" sizes=\"(max-width: 41px) 100vw, 41px\" \/><strong>Hinweis: Kontodaten k\u00f6nnen nicht ge\u00e4ndert werden. Dies ist ein Steam-Konto mit lebenslangem Zugriff, nur f\u00fcr Offline-Spiele. <\/strong><\/p>\n","protected":false},"featured_media":17705,"comment_status":"open","ping_status":"closed","template":"","meta":[],"product_brand":[],"product_cat":[216],"product_tag":[249],"class_list":{"0":"post-17762","1":"product","2":"type-product","3":"status-publish","4":"has-post-thumbnail","6":"product_cat-action","7":"product_tag-steam","9":"first","10":"instock","11":"sale","12":"virtual","13":"purchasable","14":"product-type-simple"},"_links":{"self":[{"href":"https:\/\/orkza.com\/de\/wp-json\/wp\/v2\/product\/17762","targetHints":{"allow":["GET"]}}],"collection":[{"href":"https:\/\/orkza.com\/de\/wp-json\/wp\/v2\/product"}],"about":[{"href":"https:\/\/orkza.com\/de\/wp-json\/wp\/v2\/types\/product"}],"replies":[{"embeddable":true,"href":"https:\/\/orkza.com\/de\/wp-json\/wp\/v2\/comments?post=17762"}],"version-history":[{"count":0,"href":"https:\/\/orkza.com\/de\/wp-json\/wp\/v2\/product\/17762\/revisions"}],"wp:featuredmedia":[{"embeddable":true,"href":"https:\/\/orkza.com\/de\/wp-json\/wp\/v2\/media\/17705"}],"wp:attachment":[{"href":"https:\/\/orkza.com\/de\/wp-json\/wp\/v2\/media?parent=17762"}],"wp:term":[{"taxonomy":"product_brand","embeddable":true,"href":"https:\/\/orkza.com\/de\/wp-json\/wp\/v2\/product_brand?post=17762"},{"taxonomy":"product_cat","embeddable":true,"href":"https:\/\/orkza.com\/de\/wp-json\/wp\/v2\/product_cat?post=17762"},{"taxonomy":"product_tag","embeddable":true,"href":"https:\/\/orkza.com\/de\/wp-json\/wp\/v2\/product_tag?post=17762"}],"curies":[{"name":"wp","href":"https:\/\/api.w.org\/{rel}","templated":true}]}}