{"id":17754,"date":"2025-09-19T09:35:57","date_gmt":"2025-09-19T09:35:57","guid":{"rendered":"https:\/\/orkza.com\/product\/wwe-2k25-the-bloodline-edition-steam-account\/"},"modified":"2026-02-26T06:14:24","modified_gmt":"2026-02-26T06:14:24","slug":"wwe-2k25-the-bloodline-edition-steam-account","status":"publish","type":"product","link":"https:\/\/orkza.com\/de\/produkt\/wwe-2k25-the-bloodline-edition-steam-account\/","title":{"rendered":"WWE 2K25 The Bloodline Edition Steam-Konto"},"content":{"rendered":"<h2 data-start=\"1858\" data-end=\"1942\"><strong data-start=\"1861\" data-end=\"1942\">WWE 2K25 The Bloodline Edition Steam-Konto \u2013 Dominieren Sie den Ring mit Legenden<\/strong><\/h2>\n<p data-start=\"1944\" data-end=\"2197\">Spielen Sie <em data-start=\"1949\" data-end=\"1981\"><a href=\"https:\/\/store.steampowered.com\/app\/2878960\/WWE_2K25\/\" target=\"_blank\" rel=\"noopener\">WWE 2K25<\/a> The Bloodline Edition<\/em> mit unserem Steam-Konto und erleben Sie das ultimative Wrestling-Paket, das eine der gr\u00f6\u00dften Fraktionen der WWE feiert. Vollgepackt mit exklusiven Inhalten liefert diese Edition unvergleichliche Action im und au\u00dferhalb des Rings. <\/p>\n<h3 data-start=\"2199\" data-end=\"2229\"><strong data-start=\"2203\" data-end=\"2227\">Das Verm\u00e4chtnis von The Bloodline<\/strong><\/h3>\n<p data-start=\"2230\" data-end=\"2394\">Spielen Sie als Roman Reigns, The Usos und Solo Sikoa in exklusiven Showcases, die ihre Dominanz hervorheben. Erleben Sie ikonische Matches erneut und schalten Sie besondere, storybasierte Inhalte frei. <\/p>\n<h3 data-start=\"2396\" data-end=\"2433\"><strong data-start=\"2400\" data-end=\"2431\">Next-Gen-Wrestling-Gameplay<\/strong><\/h3>\n<p data-start=\"2434\" data-end=\"2609\">Verbesserte Animationen, realistische Publikumsreaktionen und optimierte Steuerung machen jeden Move sp\u00fcrbar. Von spektakul\u00e4ren High-Flying-Dives bis zu verheerenden Finishern f\u00fchlt sich die Action authentisch an. <\/p>\n<h3 data-start=\"2611\" data-end=\"2646\"><strong data-start=\"2615\" data-end=\"2644\">Exklusive Editions-Boni<\/strong><\/h3>\n<p data-start=\"2647\" data-end=\"2756\">Enth\u00e4lt Bonus-Arenen, alternative Outfits, MyFaction-Karten und fr\u00fche Freischaltungen f\u00fcr ausgew\u00e4hlte Legenden und Arenen.<\/p>\n<h3 data-start=\"2758\" data-end=\"2795\"><strong data-start=\"2762\" data-end=\"2793\">Minimale Systemanforderungen<\/strong><\/h3>\n<ul data-start=\"2796\" data-end=\"2967\">\n<li data-start=\"2796\" data-end=\"2823\">\n<p data-start=\"2798\" data-end=\"2823\">Betriebssystem: Windows 10 (64-Bit)<\/p>\n<\/li>\n<li data-start=\"2824\" data-end=\"2877\">\n<p data-start=\"2826\" data-end=\"2877\">Prozessor: Intel Core i5-9600K \/ AMD Ryzen 5 3600<\/p>\n<\/li>\n<li data-start=\"2878\" data-end=\"2898\">\n<p data-start=\"2880\" data-end=\"2898\">Arbeitsspeicher: 8 GB RAM<\/p>\n<\/li>\n<li data-start=\"2899\" data-end=\"2944\">\n<p data-start=\"2901\" data-end=\"2944\">Grafik: NVIDIA GTX 1660 Ti \/ AMD RX 590<\/p>\n<\/li>\n<li data-start=\"2945\" data-end=\"2967\">\n<p data-start=\"2947\" data-end=\"2967\">Speicher: 80 GB SSD<\/p>\n<\/li>\n<\/ul>\n<h3 data-start=\"2969\" data-end=\"3010\"><strong data-start=\"2973\" data-end=\"3008\">Empfohlene Systemanforderungen<\/strong><\/h3>\n<ul data-start=\"3011\" data-end=\"3189\">\n<li data-start=\"3011\" data-end=\"3041\">\n<p data-start=\"3013\" data-end=\"3041\">OS: Windows 10\/11 (64-Bit)<\/p>\n<\/li>\n<li data-start=\"3042\" data-end=\"3097\">\n<p data-start=\"3044\" data-end=\"3097\">Prozessor: Intel Core i7-10700K \/ AMD Ryzen 7 3700X<\/p>\n<\/li>\n<li data-start=\"3098\" data-end=\"3119\">\n<p data-start=\"3100\" data-end=\"3119\">Arbeitsspeicher: 16 GB RAM<\/p>\n<\/li>\n<li data-start=\"3120\" data-end=\"3166\">\n<p data-start=\"3122\" data-end=\"3166\">Grafik: NVIDIA RTX 3070 \/ AMD RX 6800 XT<\/p>\n<\/li>\n<li data-start=\"3167\" data-end=\"3189\">\n<p data-start=\"3169\" data-end=\"3189\">Speicher: 80 GB SSD<\/p>\n<\/li>\n<\/ul>\n<h3>So nutzen Sie Ihr WWE 2K25 Steam-Konto<\/h3>\n<p><img decoding=\"async\" class=\"alignnone wp-image-3511\" src=\"https:\/\/orkza.com\/wp-content\/uploads\/2024\/10\/STEAM-ACTIVATION-GUIDE-400x225.jpg\" alt=\"\" width=\"804\" height=\"453\" title=\"\" srcset=\"https:\/\/orkza.com\/wp-content\/uploads\/2024\/10\/STEAM-ACTIVATION-GUIDE-400x225.jpg 400w, https:\/\/orkza.com\/wp-content\/uploads\/2024\/10\/STEAM-ACTIVATION-GUIDE-430x242.jpg 430w, https:\/\/orkza.com\/wp-content\/uploads\/2024\/10\/STEAM-ACTIVATION-GUIDE-150x84.jpg 150w, https:\/\/orkza.com\/wp-content\/uploads\/2024\/10\/STEAM-ACTIVATION-GUIDE-700x394.jpg 700w, https:\/\/orkza.com\/wp-content\/uploads\/2024\/10\/STEAM-ACTIVATION-GUIDE-768x432.jpg 768w, https:\/\/orkza.com\/wp-content\/uploads\/2024\/10\/STEAM-ACTIVATION-GUIDE.jpg 1280w\" sizes=\"(max-width: 804px) 100vw, 804px\" \/><\/p>\n<p>Melde dich nach dem Kauf auf deinem PC mit dem bereitgestellten Steam-Konto an. Sobald du angemeldet bist, navigiere zu deiner Bibliothek, installiere das Spiel und klicke auf den Play-Button.  Nach ein paar Minuten beende das Spiel und schalte Steam in den Offline-Modus \u2013 und schon bist du bereit f\u00fcr stundenlangen, aufregenden Spielspa\u00df!<\/p>\n<p>F\u00fcr eine umfassende Einrichtung lies dir unseren <a href=\"https:\/\/orkza.com\/de\/steam-account-activation-guide\/\" target=\"_blank\" rel=\"noopener\">Steam-Konto-Aktivierungsleitfaden<\/a> durch.<\/p>\n<p>Entdecke unsere neuesten <a href=\"https:\/\/orkza.com\/de\/produkt-kategorie\/pc-spiele\/\" target=\"_blank\" rel=\"noopener\">PC-SPIELE<\/a><\/p>\n","protected":false},"excerpt":{"rendered":"<p data-start=\"3191\" data-end=\"3344\">Beherrschen Sie den Ring in <em data-start=\"3233\" data-end=\"3265\">WWE 2K25 The Bloodline Edition<\/em>. Spielen Sie als die Fraktion von Roman Reigns mit exklusiven Inhalten und legend\u00e4ren Matches. <\/p>\n<p><img decoding=\"async\" class=\"alignnone wp-image-3526\" src=\"https:\/\/orkza.com\/wp-content\/uploads\/2024\/10\/Steam-Account-Notice-min-300x300.png\" alt=\"\" width=\"41\" height=\"41\" srcset=\"https:\/\/orkza.com\/wp-content\/uploads\/2024\/10\/Steam-Account-Notice-min-300x300.png 300w, https:\/\/orkza.com\/wp-content\/uploads\/2024\/10\/Steam-Account-Notice-min-scaled-430x430.png 430w, https:\/\/orkza.com\/wp-content\/uploads\/2024\/10\/Steam-Account-Notice-min-150x150.png 150w, https:\/\/orkza.com\/wp-content\/uploads\/2024\/10\/Steam-Account-Notice-min-scaled-700x700.png 700w, https:\/\/orkza.com\/wp-content\/uploads\/2024\/10\/Steam-Account-Notice-min-800x800.png 800w, https:\/\/orkza.com\/wp-content\/uploads\/2024\/10\/Steam-Account-Notice-min-768x768.png 768w, https:\/\/orkza.com\/wp-content\/uploads\/2024\/10\/Steam-Account-Notice-min-1536x1536.png 1536w, https:\/\/orkza.com\/wp-content\/uploads\/2024\/10\/Steam-Account-Notice-min-2048x2048.png 2048w\" sizes=\"(max-width: 41px) 100vw, 41px\" \/><strong>Hinweis: Kontodaten k\u00f6nnen nicht ge\u00e4ndert werden. Dies ist ein Steam-Konto mit lebenslangem Zugriff, nur f\u00fcr Offline-Spiele. <\/strong><\/p>\n","protected":false},"featured_media":17707,"comment_status":"open","ping_status":"closed","template":"","meta":[],"product_brand":[],"product_cat":[216],"product_tag":[249],"class_list":{"0":"post-17754","1":"product","2":"type-product","3":"status-publish","4":"has-post-thumbnail","6":"product_cat-action","7":"product_tag-steam","9":"first","10":"instock","11":"sale","12":"virtual","13":"purchasable","14":"product-type-simple"},"_links":{"self":[{"href":"https:\/\/orkza.com\/de\/wp-json\/wp\/v2\/product\/17754","targetHints":{"allow":["GET"]}}],"collection":[{"href":"https:\/\/orkza.com\/de\/wp-json\/wp\/v2\/product"}],"about":[{"href":"https:\/\/orkza.com\/de\/wp-json\/wp\/v2\/types\/product"}],"replies":[{"embeddable":true,"href":"https:\/\/orkza.com\/de\/wp-json\/wp\/v2\/comments?post=17754"}],"version-history":[{"count":0,"href":"https:\/\/orkza.com\/de\/wp-json\/wp\/v2\/product\/17754\/revisions"}],"wp:featuredmedia":[{"embeddable":true,"href":"https:\/\/orkza.com\/de\/wp-json\/wp\/v2\/media\/17707"}],"wp:attachment":[{"href":"https:\/\/orkza.com\/de\/wp-json\/wp\/v2\/media?parent=17754"}],"wp:term":[{"taxonomy":"product_brand","embeddable":true,"href":"https:\/\/orkza.com\/de\/wp-json\/wp\/v2\/product_brand?post=17754"},{"taxonomy":"product_cat","embeddable":true,"href":"https:\/\/orkza.com\/de\/wp-json\/wp\/v2\/product_cat?post=17754"},{"taxonomy":"product_tag","embeddable":true,"href":"https:\/\/orkza.com\/de\/wp-json\/wp\/v2\/product_tag?post=17754"}],"curies":[{"name":"wp","href":"https:\/\/api.w.org\/{rel}","templated":true}]}}