{"id":17752,"date":"2025-09-19T09:36:09","date_gmt":"2025-09-19T09:36:09","guid":{"rendered":"https:\/\/orkza.com\/product\/commandos-origins-deluxe-edition-steam-account\/"},"modified":"2026-02-26T06:12:57","modified_gmt":"2026-02-26T06:12:57","slug":"commandos-origins-deluxe-edition-steam-account","status":"publish","type":"product","link":"https:\/\/orkza.com\/de\/produkt\/commandos-origins-deluxe-edition-steam-account\/","title":{"rendered":"Commandos Origins Deluxe Edition Steam-Account"},"content":{"rendered":"<h2 data-start=\"2920\" data-end=\"2988\"><strong data-start=\"2923\" data-end=\"2988\">Commandos: Origins Steam-Account \u2013 Zur\u00fcck zur taktischen Schleichaction<\/strong><\/h2>\n<p data-start=\"2990\" data-end=\"3195\">Schalten Sie <a href=\"https:\/\/store.steampowered.com\/app\/1479730\/Commandos_Origins\/\" target=\"_blank\" rel=\"noopener\"><em data-start=\"2997\" data-end=\"3017\">Commandos: Origins<\/em><\/a> mit unserem Steam-Account frei und erleben Sie die Anf\u00e4nge der legend\u00e4ren taktischen Schleichspiel-Reihe erneut. Spielen Sie als Green Beret, Scharfsch\u00fctze und weitere ikonische Soldaten, wenn sie ihre Reise beginnen. <\/p>\n<h3 data-start=\"3197\" data-end=\"3232\"><strong data-start=\"3201\" data-end=\"3230\">Klassisches taktisches Gameplay<\/strong><\/h3>\n<p data-start=\"3233\" data-end=\"3384\">Planen Sie sorgf\u00e4ltig, nutzen Sie Schleichspiel und steuern Sie spezialisierte Soldaten durch Missionen im Zweiten Weltkrieg. Jeder Commando hat einzigartige F\u00e4higkeiten, die kombiniert werden m\u00fcssen, um erfolgreich zu sein. <\/p>\n<h3 data-start=\"3386\" data-end=\"3415\"><strong data-start=\"3390\" data-end=\"3413\">Historische Missionen<\/strong><\/h3>\n<p data-start=\"3416\" data-end=\"3544\">Nehmen Sie an Operationen in Europa und Nordafrika teil. Schleichen Sie hinter feindliche Linien, sabotieren Sie St\u00fctzpunkte und erf\u00fcllen Sie waghalsige Ziele. <\/p>\n<h3 data-start=\"3546\" data-end=\"3575\"><strong data-start=\"3550\" data-end=\"3573\">Moderne Verbesserungen<\/strong><\/h3>\n<p data-start=\"3576\" data-end=\"3711\">Aktualisierte Grafik, fl\u00fcssigere Steuerung und verfeinerte Mechaniken bringen die klassische Formel zu modernen Spielern \u2013 bei bewahrtem Anspruch.<\/p>\n<h3 data-start=\"3713\" data-end=\"3750\"><strong data-start=\"3717\" data-end=\"3748\">Minimale Systemanforderungen<\/strong><\/h3>\n<ul data-start=\"3751\" data-end=\"3918\">\n<li data-start=\"3751\" data-end=\"3778\">\n<p data-start=\"3753\" data-end=\"3778\">Betriebssystem: Windows 10 (64-Bit)<\/p>\n<\/li>\n<li data-start=\"3779\" data-end=\"3831\">\n<p data-start=\"3781\" data-end=\"3831\">Prozessor: Intel Core i5-8400 \/ AMD Ryzen 5 2600<\/p>\n<\/li>\n<li data-start=\"3832\" data-end=\"3852\">\n<p data-start=\"3834\" data-end=\"3852\">Arbeitsspeicher: 8 GB RAM<\/p>\n<\/li>\n<li data-start=\"3853\" data-end=\"3895\">\n<p data-start=\"3855\" data-end=\"3895\">Grafikkarte: NVIDIA GTX 1060 \/ AMD RX 580<\/p>\n<\/li>\n<li data-start=\"3896\" data-end=\"3918\">\n<p data-start=\"3898\" data-end=\"3918\">Speicherplatz: 25 GB SSD<\/p>\n<\/li>\n<\/ul>\n<h3 data-start=\"3920\" data-end=\"3961\"><strong data-start=\"3924\" data-end=\"3959\">Empfohlene Systemanforderungen<\/strong><\/h3>\n<ul data-start=\"3962\" data-end=\"4138\">\n<li data-start=\"3962\" data-end=\"3992\">\n<p data-start=\"3964\" data-end=\"3992\">OS: Windows 10\/11 (64-Bit)<\/p>\n<\/li>\n<li data-start=\"3993\" data-end=\"4046\">\n<p data-start=\"3995\" data-end=\"4046\">Prozessor: Intel Core i7-9700 \/ AMD Ryzen 7 3700X<\/p>\n<\/li>\n<li data-start=\"4047\" data-end=\"4068\">\n<p data-start=\"4049\" data-end=\"4068\">Arbeitsspeicher: 16 GB RAM<\/p>\n<\/li>\n<li data-start=\"4069\" data-end=\"4115\">\n<p data-start=\"4071\" data-end=\"4115\">Grafik: NVIDIA RTX 2060 \/ AMD RX 6700 XT<\/p>\n<\/li>\n<li data-start=\"4116\" data-end=\"4138\">\n<p data-start=\"4118\" data-end=\"4138\">Speicherplatz: 25 GB SSD<\/p>\n<\/li>\n<\/ul>\n<h3>So nutzen Sie Ihren Commandos Origins Steam-Account<\/h3>\n<p><img decoding=\"async\" class=\"alignnone wp-image-3511\" src=\"https:\/\/orkza.com\/wp-content\/uploads\/2024\/10\/STEAM-ACTIVATION-GUIDE-400x225.jpg\" alt=\"\" width=\"804\" height=\"453\" title=\"\" srcset=\"https:\/\/orkza.com\/wp-content\/uploads\/2024\/10\/STEAM-ACTIVATION-GUIDE-400x225.jpg 400w, https:\/\/orkza.com\/wp-content\/uploads\/2024\/10\/STEAM-ACTIVATION-GUIDE-430x242.jpg 430w, https:\/\/orkza.com\/wp-content\/uploads\/2024\/10\/STEAM-ACTIVATION-GUIDE-150x84.jpg 150w, https:\/\/orkza.com\/wp-content\/uploads\/2024\/10\/STEAM-ACTIVATION-GUIDE-700x394.jpg 700w, https:\/\/orkza.com\/wp-content\/uploads\/2024\/10\/STEAM-ACTIVATION-GUIDE-768x432.jpg 768w, https:\/\/orkza.com\/wp-content\/uploads\/2024\/10\/STEAM-ACTIVATION-GUIDE.jpg 1280w\" sizes=\"(max-width: 804px) 100vw, 804px\" \/><\/p>\n<p>Melde dich nach dem Kauf auf deinem PC mit dem bereitgestellten Steam-Konto an. Sobald du angemeldet bist, navigiere zu deiner Bibliothek, installiere das Spiel und klicke auf den Play-Button.  Nach ein paar Minuten beende das Spiel und schalte Steam in den Offline-Modus \u2013 und schon bist du bereit f\u00fcr stundenlangen, aufregenden Spielspa\u00df!<\/p>\n<p>F\u00fcr eine umfassende Einrichtung lies dir unseren <a href=\"https:\/\/orkza.com\/de\/steam-account-activation-guide\/\" target=\"_blank\" rel=\"noopener\">Steam-Konto-Aktivierungsleitfaden<\/a> durch.<\/p>\n<p>Entdecke unsere neuesten <a href=\"https:\/\/orkza.com\/de\/produkt-kategorie\/pc-spiele\/\" target=\"_blank\" rel=\"noopener\">PC-SPIELE<\/a><\/p>\n","protected":false},"excerpt":{"rendered":"<p data-start=\"4140\" data-end=\"4287\">F\u00fchren Sie die Elite-Soldaten des Zweiten Weltkriegs in <em data-start=\"4195\" data-end=\"4215\">Commandos: Origins<\/em>. Schleichspiel, Taktik und waghalsige Missionen kehren in diesem modernen Prequel zur\u00fcck. <\/p>\n<p><img decoding=\"async\" class=\"alignnone wp-image-3526\" src=\"https:\/\/orkza.com\/wp-content\/uploads\/2024\/10\/Steam-Account-Notice-min-300x300.png\" alt=\"\" width=\"41\" height=\"41\" srcset=\"https:\/\/orkza.com\/wp-content\/uploads\/2024\/10\/Steam-Account-Notice-min-300x300.png 300w, https:\/\/orkza.com\/wp-content\/uploads\/2024\/10\/Steam-Account-Notice-min-scaled-430x430.png 430w, https:\/\/orkza.com\/wp-content\/uploads\/2024\/10\/Steam-Account-Notice-min-150x150.png 150w, https:\/\/orkza.com\/wp-content\/uploads\/2024\/10\/Steam-Account-Notice-min-scaled-700x700.png 700w, https:\/\/orkza.com\/wp-content\/uploads\/2024\/10\/Steam-Account-Notice-min-800x800.png 800w, https:\/\/orkza.com\/wp-content\/uploads\/2024\/10\/Steam-Account-Notice-min-768x768.png 768w, https:\/\/orkza.com\/wp-content\/uploads\/2024\/10\/Steam-Account-Notice-min-1536x1536.png 1536w, https:\/\/orkza.com\/wp-content\/uploads\/2024\/10\/Steam-Account-Notice-min-2048x2048.png 2048w\" sizes=\"(max-width: 41px) 100vw, 41px\" \/><strong>Hinweis: Kontodaten k\u00f6nnen nicht ge\u00e4ndert werden. Dies ist ein Steam-Konto mit lebenslangem Zugriff, nur f\u00fcr Offline-Spiele. <\/strong><\/p>\n","protected":false},"featured_media":17714,"comment_status":"open","ping_status":"closed","template":"","meta":[],"product_brand":[],"product_cat":[223],"product_tag":[249],"class_list":{"0":"post-17752","1":"product","2":"type-product","3":"status-publish","4":"has-post-thumbnail","6":"product_cat-strategiespiele","7":"product_tag-steam","9":"first","10":"instock","11":"sale","12":"virtual","13":"purchasable","14":"product-type-simple"},"_links":{"self":[{"href":"https:\/\/orkza.com\/de\/wp-json\/wp\/v2\/product\/17752","targetHints":{"allow":["GET"]}}],"collection":[{"href":"https:\/\/orkza.com\/de\/wp-json\/wp\/v2\/product"}],"about":[{"href":"https:\/\/orkza.com\/de\/wp-json\/wp\/v2\/types\/product"}],"replies":[{"embeddable":true,"href":"https:\/\/orkza.com\/de\/wp-json\/wp\/v2\/comments?post=17752"}],"version-history":[{"count":0,"href":"https:\/\/orkza.com\/de\/wp-json\/wp\/v2\/product\/17752\/revisions"}],"wp:featuredmedia":[{"embeddable":true,"href":"https:\/\/orkza.com\/de\/wp-json\/wp\/v2\/media\/17714"}],"wp:attachment":[{"href":"https:\/\/orkza.com\/de\/wp-json\/wp\/v2\/media?parent=17752"}],"wp:term":[{"taxonomy":"product_brand","embeddable":true,"href":"https:\/\/orkza.com\/de\/wp-json\/wp\/v2\/product_brand?post=17752"},{"taxonomy":"product_cat","embeddable":true,"href":"https:\/\/orkza.com\/de\/wp-json\/wp\/v2\/product_cat?post=17752"},{"taxonomy":"product_tag","embeddable":true,"href":"https:\/\/orkza.com\/de\/wp-json\/wp\/v2\/product_tag?post=17752"}],"curies":[{"name":"wp","href":"https:\/\/api.w.org\/{rel}","templated":true}]}}