{"id":17751,"date":"2025-09-19T09:36:06","date_gmt":"2025-09-19T09:36:06","guid":{"rendered":"https:\/\/orkza.com\/product\/broken-arrow-steam-account\/"},"modified":"2026-02-26T06:12:55","modified_gmt":"2026-02-26T06:12:55","slug":"broken-arrow-steam-account","status":"publish","type":"product","link":"https:\/\/orkza.com\/de\/produkt\/broken-arrow-steam-account\/","title":{"rendered":"Broken Arrow Steam-Account"},"content":{"rendered":"<h2 data-start=\"253\" data-end=\"320\"><strong data-start=\"256\" data-end=\"320\">Broken Arrow Steam-Account \u2013 Moderne Kriegsf\u00fchrung im gro\u00dfen Ma\u00dfstab<\/strong><\/h2>\n<p data-start=\"322\" data-end=\"555\">Schalten Sie <a href=\"https:\/\/store.steampowered.com\/app\/1604270\/Broken_Arrow\/\" target=\"_blank\" rel=\"noopener\"><em data-start=\"329\" data-end=\"343\">Broken Arrow<\/em><\/a> mit unserem Steam-Account frei und befehligen Sie gro\u00dfe Schlachten in einem modernen Milit\u00e4rstrategiespiel. Es kombiniert taktische Tiefe und Echtzeit-Kampf und bietet eine der detailliertesten Darstellungen moderner Kriegsf\u00fchrung. <\/p>\n<h3 data-start=\"557\" data-end=\"589\"><strong data-start=\"561\" data-end=\"587\">Massive moderne Kriegsf\u00fchrung<\/strong><\/h3>\n<p data-start=\"590\" data-end=\"729\">F\u00fchren Sie US- oder russische Streitkr\u00e4fte \u00fcber gro\u00dfe Karten mit Land-, See- und Lufteinheiten. \u00dcber 200 Einheitentypen erm\u00f6glichen es Ihnen, personalisierte Armeen zu erstellen. <\/p>\n<h3 data-start=\"731\" data-end=\"759\"><strong data-start=\"735\" data-end=\"757\">Umfassende Anpassung<\/strong><\/h3>\n<p data-start=\"760\" data-end=\"875\">Passen Sie Fahrzeuge, Ausr\u00fcstungen und Angriffspakete an. Passen Sie Strategien an Gel\u00e4nde, Wetter und feindliche Taktiken an. <\/p>\n<h3 data-start=\"877\" data-end=\"903\"><strong data-start=\"881\" data-end=\"901\">Dynamisches Gameplay<\/strong><\/h3>\n<p data-start=\"904\" data-end=\"1030\">Verbinden Sie Echtzeit-Strategie mit Simulation. Nutzen Sie kombinierte Waffengattungen, Langstreckenangriffe und sorgf\u00e4ltige Positionierung, um den Sieg zu erringen. <\/p>\n<h3 data-start=\"1032\" data-end=\"1069\"><strong data-start=\"1036\" data-end=\"1067\">Minimale Systemanforderungen<\/strong><\/h3>\n<ul data-start=\"1070\" data-end=\"1237\">\n<li data-start=\"1070\" data-end=\"1097\">\n<p data-start=\"1072\" data-end=\"1097\">Betriebssystem: Windows 10 (64-Bit)<\/p>\n<\/li>\n<li data-start=\"1098\" data-end=\"1150\">\n<p data-start=\"1100\" data-end=\"1150\">Prozessor: Intel Core i5-8400 \/ AMD Ryzen 5 2600<\/p>\n<\/li>\n<li data-start=\"1151\" data-end=\"1171\">\n<p data-start=\"1153\" data-end=\"1171\">Arbeitsspeicher: 8 GB RAM<\/p>\n<\/li>\n<li data-start=\"1172\" data-end=\"1214\">\n<p data-start=\"1174\" data-end=\"1214\">Grafikkarte: NVIDIA GTX 1060 \/ AMD RX 580<\/p>\n<\/li>\n<li data-start=\"1215\" data-end=\"1237\">\n<p data-start=\"1217\" data-end=\"1237\">Speicher: 30 GB SSD<\/p>\n<\/li>\n<\/ul>\n<h3 data-start=\"1239\" data-end=\"1280\"><strong data-start=\"1243\" data-end=\"1278\">Empfohlene Systemanforderungen<\/strong><\/h3>\n<ul data-start=\"1281\" data-end=\"1457\">\n<li data-start=\"1281\" data-end=\"1311\">\n<p data-start=\"1283\" data-end=\"1311\">OS: Windows 10\/11 (64-Bit)<\/p>\n<\/li>\n<li data-start=\"1312\" data-end=\"1365\">\n<p data-start=\"1314\" data-end=\"1365\">Prozessor: Intel Core i7-9700 \/ AMD Ryzen 7 3700X<\/p>\n<\/li>\n<li data-start=\"1366\" data-end=\"1387\">\n<p data-start=\"1368\" data-end=\"1387\">Arbeitsspeicher: 16 GB RAM<\/p>\n<\/li>\n<li data-start=\"1388\" data-end=\"1434\">\n<p data-start=\"1390\" data-end=\"1434\">Grafik: NVIDIA RTX 2060 \/ AMD RX 6700 XT<\/p>\n<\/li>\n<li data-start=\"1435\" data-end=\"1457\">\n<p data-start=\"1437\" data-end=\"1457\">Speicher: 30 GB SSD<\/p>\n<\/li>\n<\/ul>\n<h3>So verwenden Sie Ihren Broken Arrow Steam-Account<\/h3>\n<p><img decoding=\"async\" class=\"alignnone wp-image-3511\" src=\"https:\/\/orkza.com\/wp-content\/uploads\/2024\/10\/STEAM-ACTIVATION-GUIDE-400x225.jpg\" alt=\"\" width=\"804\" height=\"453\" title=\"\" srcset=\"https:\/\/orkza.com\/wp-content\/uploads\/2024\/10\/STEAM-ACTIVATION-GUIDE-400x225.jpg 400w, https:\/\/orkza.com\/wp-content\/uploads\/2024\/10\/STEAM-ACTIVATION-GUIDE-430x242.jpg 430w, https:\/\/orkza.com\/wp-content\/uploads\/2024\/10\/STEAM-ACTIVATION-GUIDE-150x84.jpg 150w, https:\/\/orkza.com\/wp-content\/uploads\/2024\/10\/STEAM-ACTIVATION-GUIDE-700x394.jpg 700w, https:\/\/orkza.com\/wp-content\/uploads\/2024\/10\/STEAM-ACTIVATION-GUIDE-768x432.jpg 768w, https:\/\/orkza.com\/wp-content\/uploads\/2024\/10\/STEAM-ACTIVATION-GUIDE.jpg 1280w\" sizes=\"(max-width: 804px) 100vw, 804px\" \/><\/p>\n<p>Melde dich nach dem Kauf auf deinem PC mit dem bereitgestellten Steam-Konto an. Sobald du angemeldet bist, navigiere zu deiner Bibliothek, installiere das Spiel und klicke auf den Play-Button.  Nach ein paar Minuten beende das Spiel und schalte Steam in den Offline-Modus \u2013 und schon bist du bereit f\u00fcr stundenlangen, aufregenden Spielspa\u00df!<\/p>\n<p>F\u00fcr eine umfassende Einrichtung lies dir unseren <a href=\"https:\/\/orkza.com\/de\/steam-account-activation-guide\/\" target=\"_blank\" rel=\"noopener\">Steam-Konto-Aktivierungsleitfaden<\/a> durch.<\/p>\n<p>Entdecke unsere neuesten <a href=\"https:\/\/orkza.com\/de\/produkt-kategorie\/pc-spiele\/\" target=\"_blank\" rel=\"noopener\">PC-SPIELE<\/a><\/p>\n","protected":false},"excerpt":{"rendered":"<p data-start=\"1459\" data-end=\"1606\">Befehligen Sie moderne Armeen in <em data-start=\"1509\" data-end=\"1523\">Broken Arrow<\/em>. F\u00fchren Sie gro\u00dfe Schlachten mit anpassbaren Einheiten und realistischen Kriegstaktiken. <\/p>\n<p><img decoding=\"async\" class=\"alignnone wp-image-3526\" src=\"https:\/\/orkza.com\/wp-content\/uploads\/2024\/10\/Steam-Account-Notice-min-300x300.png\" alt=\"\" width=\"41\" height=\"41\" srcset=\"https:\/\/orkza.com\/wp-content\/uploads\/2024\/10\/Steam-Account-Notice-min-300x300.png 300w, https:\/\/orkza.com\/wp-content\/uploads\/2024\/10\/Steam-Account-Notice-min-scaled-430x430.png 430w, https:\/\/orkza.com\/wp-content\/uploads\/2024\/10\/Steam-Account-Notice-min-150x150.png 150w, https:\/\/orkza.com\/wp-content\/uploads\/2024\/10\/Steam-Account-Notice-min-scaled-700x700.png 700w, https:\/\/orkza.com\/wp-content\/uploads\/2024\/10\/Steam-Account-Notice-min-800x800.png 800w, https:\/\/orkza.com\/wp-content\/uploads\/2024\/10\/Steam-Account-Notice-min-768x768.png 768w, https:\/\/orkza.com\/wp-content\/uploads\/2024\/10\/Steam-Account-Notice-min-1536x1536.png 1536w, https:\/\/orkza.com\/wp-content\/uploads\/2024\/10\/Steam-Account-Notice-min-2048x2048.png 2048w\" sizes=\"(max-width: 41px) 100vw, 41px\" \/><strong>Hinweis: Kontodaten k\u00f6nnen nicht ge\u00e4ndert werden. Dies ist ein Steam-Konto mit lebenslangem Zugriff, nur f\u00fcr Offline-Spiele. <\/strong><\/p>\n","protected":false},"featured_media":17712,"comment_status":"open","ping_status":"closed","template":"","meta":[],"product_brand":[],"product_cat":[223],"product_tag":[249],"class_list":{"0":"post-17751","1":"product","2":"type-product","3":"status-publish","4":"has-post-thumbnail","6":"product_cat-strategiespiele","7":"product_tag-steam","9":"first","10":"instock","11":"sale","12":"virtual","13":"purchasable","14":"product-type-simple"},"_links":{"self":[{"href":"https:\/\/orkza.com\/de\/wp-json\/wp\/v2\/product\/17751","targetHints":{"allow":["GET"]}}],"collection":[{"href":"https:\/\/orkza.com\/de\/wp-json\/wp\/v2\/product"}],"about":[{"href":"https:\/\/orkza.com\/de\/wp-json\/wp\/v2\/types\/product"}],"replies":[{"embeddable":true,"href":"https:\/\/orkza.com\/de\/wp-json\/wp\/v2\/comments?post=17751"}],"version-history":[{"count":0,"href":"https:\/\/orkza.com\/de\/wp-json\/wp\/v2\/product\/17751\/revisions"}],"wp:featuredmedia":[{"embeddable":true,"href":"https:\/\/orkza.com\/de\/wp-json\/wp\/v2\/media\/17712"}],"wp:attachment":[{"href":"https:\/\/orkza.com\/de\/wp-json\/wp\/v2\/media?parent=17751"}],"wp:term":[{"taxonomy":"product_brand","embeddable":true,"href":"https:\/\/orkza.com\/de\/wp-json\/wp\/v2\/product_brand?post=17751"},{"taxonomy":"product_cat","embeddable":true,"href":"https:\/\/orkza.com\/de\/wp-json\/wp\/v2\/product_cat?post=17751"},{"taxonomy":"product_tag","embeddable":true,"href":"https:\/\/orkza.com\/de\/wp-json\/wp\/v2\/product_tag?post=17751"}],"curies":[{"name":"wp","href":"https:\/\/api.w.org\/{rel}","templated":true}]}}