{"id":17750,"date":"2025-09-19T09:35:58","date_gmt":"2025-09-19T09:35:58","guid":{"rendered":"https:\/\/orkza.com\/product\/ai-limit-deluxe-edition-steam-account\/"},"modified":"2026-02-26T06:12:54","modified_gmt":"2026-02-26T06:12:54","slug":"ai-limit-deluxe-edition-steam-account","status":"publish","type":"product","link":"https:\/\/orkza.com\/de\/produkt\/ai-limit-deluxe-edition-steam-account\/","title":{"rendered":"AI Limit Deluxe Edition Steam-Konto"},"content":{"rendered":"<h2 data-start=\"3351\" data-end=\"3435\"><strong data-start=\"3354\" data-end=\"3435\">AI Limit Deluxe Edition Steam-Konto \u2013 Ein futuristisches Hack-and-Slash-Abenteuer<\/strong><\/h2>\n<p data-start=\"3437\" data-end=\"3691\">Schalten Sie <em data-start=\"3444\" data-end=\"3469\"><a href=\"https:\/\/store.steampowered.com\/app\/2407270\/AI_LIMIT\/\" target=\"_blank\" rel=\"noopener\">AI Limit<\/a> Deluxe Edition<\/em> mit unserem Steam-Konto frei und tauchen Sie in ein Sci-Fi-Action-RPG in einer dystopischen Zukunft ein. Mit rasanten K\u00e4mpfen, Erkundung und cineastischer Inszenierung ist es ein Next-Gen-Abenteuer f\u00fcr Fans actionreicher Geschichten. <\/p>\n<h3 data-start=\"3693\" data-end=\"3728\"><strong data-start=\"3697\" data-end=\"3726\">Eine postapokalyptische Zukunft<\/strong><\/h3>\n<p data-start=\"3729\" data-end=\"3849\">Spielen Sie als Arrisa, eine Kriegerin, die die Menschheit in einer zerst\u00f6rten Stadt wiederaufbauen soll, in der KI-Korruption alles Leben bedroht.<\/p>\n<h3 data-start=\"3851\" data-end=\"3882\"><strong data-start=\"3855\" data-end=\"3880\">Schnelle, fl\u00fcssige K\u00e4mpfe<\/strong><\/h3>\n<p data-start=\"3883\" data-end=\"4027\">Stellen Sie sich Feinden mit Akrobatik, Energiewaffen und Nahkampf-Kombos. Das Spiel setzt auf Agilit\u00e4t und Pr\u00e4zision und erm\u00f6glicht einen stilvollen Kampffluss. <\/p>\n<h3 data-start=\"4029\" data-end=\"4061\"><strong data-start=\"4033\" data-end=\"4059\">Inhalte der Deluxe Edition<\/strong><\/h3>\n<p data-start=\"4062\" data-end=\"4149\">Enth\u00e4lt exklusive Outfits, verbesserte Waffen, einen digitalen Soundtrack und Zugang zum Artbook.<\/p>\n<h3 data-start=\"4151\" data-end=\"4188\"><strong data-start=\"4155\" data-end=\"4186\">Minimale Systemanforderungen<\/strong><\/h3>\n<ul data-start=\"4189\" data-end=\"4356\">\n<li data-start=\"4189\" data-end=\"4216\">\n<p data-start=\"4191\" data-end=\"4216\">Betriebssystem: Windows 10 (64-Bit)<\/p>\n<\/li>\n<li data-start=\"4217\" data-end=\"4269\">\n<p data-start=\"4219\" data-end=\"4269\">Prozessor: Intel Core i5-8400 \/ AMD Ryzen 5 2600<\/p>\n<\/li>\n<li data-start=\"4270\" data-end=\"4290\">\n<p data-start=\"4272\" data-end=\"4290\">Arbeitsspeicher: 8 GB RAM<\/p>\n<\/li>\n<li data-start=\"4291\" data-end=\"4333\">\n<p data-start=\"4293\" data-end=\"4333\">Grafikkarte: NVIDIA GTX 1060 \/ AMD RX 580<\/p>\n<\/li>\n<li data-start=\"4334\" data-end=\"4356\">\n<p data-start=\"4336\" data-end=\"4356\">Speicher: 45 GB SSD<\/p>\n<\/li>\n<\/ul>\n<h3 data-start=\"4358\" data-end=\"4399\"><strong data-start=\"4362\" data-end=\"4397\">Empfohlene Systemanforderungen<\/strong><\/h3>\n<ul data-start=\"4400\" data-end=\"4576\">\n<li data-start=\"4400\" data-end=\"4430\">\n<p data-start=\"4402\" data-end=\"4430\">OS: Windows 10\/11 (64-Bit)<\/p>\n<\/li>\n<li data-start=\"4431\" data-end=\"4484\">\n<p data-start=\"4433\" data-end=\"4484\">Prozessor: Intel Core i7-9700 \/ AMD Ryzen 7 3700X<\/p>\n<\/li>\n<li data-start=\"4485\" data-end=\"4506\">\n<p data-start=\"4487\" data-end=\"4506\">Arbeitsspeicher: 16 GB RAM<\/p>\n<\/li>\n<li data-start=\"4507\" data-end=\"4553\">\n<p data-start=\"4509\" data-end=\"4553\">Grafikkarte: NVIDIA RTX 2070 \/ AMD RX 6700 XT<\/p>\n<\/li>\n<li data-start=\"4554\" data-end=\"4576\">\n<p data-start=\"4556\" data-end=\"4576\">Speicher: 45 GB SSD<\/p>\n<\/li>\n<\/ul>\n<h3>So nutzen Sie Ihr AI Limit Steam-Konto<\/h3>\n<p><img decoding=\"async\" class=\"alignnone wp-image-3511\" src=\"https:\/\/orkza.com\/wp-content\/uploads\/2024\/10\/STEAM-ACTIVATION-GUIDE-400x225.jpg\" alt=\"\" width=\"804\" height=\"453\" title=\"\" srcset=\"https:\/\/orkza.com\/wp-content\/uploads\/2024\/10\/STEAM-ACTIVATION-GUIDE-400x225.jpg 400w, https:\/\/orkza.com\/wp-content\/uploads\/2024\/10\/STEAM-ACTIVATION-GUIDE-430x242.jpg 430w, https:\/\/orkza.com\/wp-content\/uploads\/2024\/10\/STEAM-ACTIVATION-GUIDE-150x84.jpg 150w, https:\/\/orkza.com\/wp-content\/uploads\/2024\/10\/STEAM-ACTIVATION-GUIDE-700x394.jpg 700w, https:\/\/orkza.com\/wp-content\/uploads\/2024\/10\/STEAM-ACTIVATION-GUIDE-768x432.jpg 768w, https:\/\/orkza.com\/wp-content\/uploads\/2024\/10\/STEAM-ACTIVATION-GUIDE.jpg 1280w\" sizes=\"(max-width: 804px) 100vw, 804px\" \/><\/p>\n<p>Melde dich nach dem Kauf auf deinem PC mit dem bereitgestellten Steam-Konto an. Sobald du angemeldet bist, navigiere zu deiner Bibliothek, installiere das Spiel und klicke auf den Play-Button.  Nach ein paar Minuten beende das Spiel und schalte Steam in den Offline-Modus \u2013 und schon bist du bereit f\u00fcr stundenlangen, aufregenden Spielspa\u00df!<\/p>\n<p>F\u00fcr eine umfassende Einrichtung lies dir unseren <a href=\"https:\/\/orkza.com\/de\/steam-account-activation-guide\/\" target=\"_blank\" rel=\"noopener\">Steam-Konto-Aktivierungsleitfaden<\/a> durch.<\/p>\n<p>Entdecke unsere neuesten <a href=\"https:\/\/orkza.com\/de\/produkt-kategorie\/pc-spiele\/\" target=\"_blank\" rel=\"noopener\">PC-SPIELE<\/a><\/p>\n","protected":false},"excerpt":{"rendered":"<p class=\"\" data-start=\"553\" data-end=\"678\">K\u00e4mpfen Sie sich durch eine dystopische Zukunft in der <em data-start=\"4640\" data-end=\"4665\">AI Limit Deluxe Edition<\/em>. Stilvolle K\u00e4mpfe, eine packende Story und exklusive Deluxe-Boni warten auf Sie. <\/p>\n<p><img decoding=\"async\" class=\"alignnone wp-image-3526\" src=\"https:\/\/orkza.com\/wp-content\/uploads\/2024\/10\/Steam-Account-Notice-min-300x300.png\" alt=\"\" width=\"41\" height=\"41\" srcset=\"https:\/\/orkza.com\/wp-content\/uploads\/2024\/10\/Steam-Account-Notice-min-300x300.png 300w, https:\/\/orkza.com\/wp-content\/uploads\/2024\/10\/Steam-Account-Notice-min-scaled-430x430.png 430w, https:\/\/orkza.com\/wp-content\/uploads\/2024\/10\/Steam-Account-Notice-min-150x150.png 150w, https:\/\/orkza.com\/wp-content\/uploads\/2024\/10\/Steam-Account-Notice-min-scaled-700x700.png 700w, https:\/\/orkza.com\/wp-content\/uploads\/2024\/10\/Steam-Account-Notice-min-800x800.png 800w, https:\/\/orkza.com\/wp-content\/uploads\/2024\/10\/Steam-Account-Notice-min-768x768.png 768w, https:\/\/orkza.com\/wp-content\/uploads\/2024\/10\/Steam-Account-Notice-min-1536x1536.png 1536w, https:\/\/orkza.com\/wp-content\/uploads\/2024\/10\/Steam-Account-Notice-min-2048x2048.png 2048w\" sizes=\"(max-width: 41px) 100vw, 41px\" \/><strong>Hinweis: Kontodaten k\u00f6nnen nicht ge\u00e4ndert werden. Dies ist ein Steam-Konto mit lebenslangem Zugriff, nur f\u00fcr Offline-Spiele. <\/strong><\/p>\n","protected":false},"featured_media":17708,"comment_status":"open","ping_status":"closed","template":"","meta":[],"product_brand":[],"product_cat":[216],"product_tag":[249],"class_list":{"0":"post-17750","1":"product","2":"type-product","3":"status-publish","4":"has-post-thumbnail","6":"product_cat-action","7":"product_tag-steam","9":"first","10":"instock","11":"sale","12":"virtual","13":"purchasable","14":"product-type-simple"},"_links":{"self":[{"href":"https:\/\/orkza.com\/de\/wp-json\/wp\/v2\/product\/17750","targetHints":{"allow":["GET"]}}],"collection":[{"href":"https:\/\/orkza.com\/de\/wp-json\/wp\/v2\/product"}],"about":[{"href":"https:\/\/orkza.com\/de\/wp-json\/wp\/v2\/types\/product"}],"replies":[{"embeddable":true,"href":"https:\/\/orkza.com\/de\/wp-json\/wp\/v2\/comments?post=17750"}],"version-history":[{"count":0,"href":"https:\/\/orkza.com\/de\/wp-json\/wp\/v2\/product\/17750\/revisions"}],"wp:featuredmedia":[{"embeddable":true,"href":"https:\/\/orkza.com\/de\/wp-json\/wp\/v2\/media\/17708"}],"wp:attachment":[{"href":"https:\/\/orkza.com\/de\/wp-json\/wp\/v2\/media?parent=17750"}],"wp:term":[{"taxonomy":"product_brand","embeddable":true,"href":"https:\/\/orkza.com\/de\/wp-json\/wp\/v2\/product_brand?post=17750"},{"taxonomy":"product_cat","embeddable":true,"href":"https:\/\/orkza.com\/de\/wp-json\/wp\/v2\/product_cat?post=17750"},{"taxonomy":"product_tag","embeddable":true,"href":"https:\/\/orkza.com\/de\/wp-json\/wp\/v2\/product_tag?post=17750"}],"curies":[{"name":"wp","href":"https:\/\/api.w.org\/{rel}","templated":true}]}}