{"id":17749,"date":"2025-09-19T09:36:11","date_gmt":"2025-09-19T09:36:11","guid":{"rendered":"https:\/\/orkza.com\/product\/doom-the-dark-ages-premium-edition-steam-account\/"},"modified":"2026-02-26T06:12:43","modified_gmt":"2026-02-26T06:12:43","slug":"doom-the-dark-ages-premium-edition-steam-account","status":"publish","type":"product","link":"https:\/\/orkza.com\/de\/produkt\/doom-the-dark-ages-premium-edition-steam-account\/","title":{"rendered":"DOOM: The Dark Ages Premium Edition Steam-Account"},"content":{"rendered":"<h2 data-start=\"237\" data-end=\"316\"><strong data-start=\"240\" data-end=\"316\">DOOM: The Dark Ages Premium Edition Steam-Account \u2013 Die mittelalterliche H\u00f6lle erwartet Sie<\/strong><\/h2>\n<p data-start=\"318\" data-end=\"582\">Schalten Sie <em data-start=\"325\" data-end=\"362\"><a href=\"https:\/\/store.steampowered.com\/app\/3017860\/DOOM_The_Dark_Ages\/\" target=\"_blank\" rel=\"noopener\">DOOM: The Dark Ages<\/a> Premium Edition<\/em> mit unserem Steam-Account frei und erleben Sie das n\u00e4chste Kapitel der legend\u00e4ren Franchise von id Software. Betreten Sie diesmal eine mittelalterlich inspirierte Welt, in der d\u00e4monische M\u00e4chte auf Stahl, Zauberei und unerbittliche Feuerkraft treffen. <\/p>\n<h3 data-start=\"584\" data-end=\"616\"><strong data-start=\"588\" data-end=\"614\">Ein mittelalterlicher DOOM-Slayer<\/strong><\/h3>\n<p data-start=\"617\" data-end=\"819\">Spielen Sie als der Slayer, neu interpretiert in einem brutalen Dark-Age-Setting. F\u00fchren Sie m\u00e4chtige Nahkampfwaffen wie Flegel und Schild neben ikonischen Schusswaffen und kombinieren Sie wilden Nahkampf mit unerbittlichen Fernangriffen. <\/p>\n<h3 data-start=\"821\" data-end=\"854\"><strong data-start=\"825\" data-end=\"852\">Premium Edition Boni<\/strong><\/h3>\n<p data-start=\"855\" data-end=\"994\">Enth\u00e4lt exklusive Skins, einen digitalen Soundtrack, In-Game-Kosmetika und Early-Access-Features, die das Arsenal und den Stil Ihres Slayers erweitern.<\/p>\n<h3 data-start=\"996\" data-end=\"1027\"><strong data-start=\"1000\" data-end=\"1025\">Eposche Schlachten und Lore<\/strong><\/h3>\n<p data-start=\"1028\" data-end=\"1230\">Stellen Sie sich riesigen D\u00e4monen, korrumpierten Rittern und unheimlichen Schrecken in weitl\u00e4ufigen gotischen Schl\u00f6ssern, Kerkern und auf Schlachtfeldern. Das Spiel vertieft die Lore von DOOM und beh\u00e4lt dabei seine charakteristische Geschwindigkeit und Intensit\u00e4t bei. <\/p>\n<h3 data-start=\"1232\" data-end=\"1269\"><strong data-start=\"1236\" data-end=\"1267\">Minimale Systemanforderungen<\/strong><\/h3>\n<ul data-start=\"1270\" data-end=\"1437\">\n<li data-start=\"1270\" data-end=\"1297\">\n<p data-start=\"1272\" data-end=\"1297\">Betriebssystem: Windows 10 (64-Bit)<\/p>\n<\/li>\n<li data-start=\"1298\" data-end=\"1350\">\n<p data-start=\"1300\" data-end=\"1350\">Prozessor: Intel Core i5-8400 \/ AMD Ryzen 5 2600<\/p>\n<\/li>\n<li data-start=\"1351\" data-end=\"1371\">\n<p data-start=\"1353\" data-end=\"1371\">Arbeitsspeicher: 8 GB RAM<\/p>\n<\/li>\n<li data-start=\"1372\" data-end=\"1414\">\n<p data-start=\"1374\" data-end=\"1414\">Grafikkarte: NVIDIA GTX 1060 \/ AMD RX 580<\/p>\n<\/li>\n<li data-start=\"1415\" data-end=\"1437\">\n<p data-start=\"1417\" data-end=\"1437\">Speicherplatz: 60 GB SSD<\/p>\n<\/li>\n<\/ul>\n<h3 data-start=\"1439\" data-end=\"1480\"><strong data-start=\"1443\" data-end=\"1478\">Empfohlene Systemanforderungen<\/strong><\/h3>\n<ul data-start=\"1481\" data-end=\"1658\">\n<li data-start=\"1481\" data-end=\"1511\">\n<p data-start=\"1483\" data-end=\"1511\">OS: Windows 10\/11 (64-Bit)<\/p>\n<\/li>\n<li data-start=\"1512\" data-end=\"1566\">\n<p data-start=\"1514\" data-end=\"1566\">Prozessor: Intel Core i7-9700K \/ AMD Ryzen 7 3700X<\/p>\n<\/li>\n<li data-start=\"1567\" data-end=\"1588\">\n<p data-start=\"1569\" data-end=\"1588\">Arbeitsspeicher: 16 GB RAM<\/p>\n<\/li>\n<li data-start=\"1589\" data-end=\"1635\">\n<p data-start=\"1591\" data-end=\"1635\">Grafikkarte: NVIDIA RTX 2070 \/ AMD RX 6700 XT<\/p>\n<\/li>\n<li data-start=\"1636\" data-end=\"1658\">\n<p data-start=\"1638\" data-end=\"1658\">Speicherplatz: 60 GB SSD<\/p>\n<\/li>\n<\/ul>\n<h3>So nutzen Sie Ihren DOOM: The Dark Ages Steam-Account<\/h3>\n<p><img decoding=\"async\" class=\"alignnone wp-image-3511\" src=\"https:\/\/orkza.com\/wp-content\/uploads\/2024\/10\/STEAM-ACTIVATION-GUIDE-400x225.jpg\" alt=\"\" width=\"804\" height=\"453\" title=\"\" srcset=\"https:\/\/orkza.com\/wp-content\/uploads\/2024\/10\/STEAM-ACTIVATION-GUIDE-400x225.jpg 400w, https:\/\/orkza.com\/wp-content\/uploads\/2024\/10\/STEAM-ACTIVATION-GUIDE-430x242.jpg 430w, https:\/\/orkza.com\/wp-content\/uploads\/2024\/10\/STEAM-ACTIVATION-GUIDE-150x84.jpg 150w, https:\/\/orkza.com\/wp-content\/uploads\/2024\/10\/STEAM-ACTIVATION-GUIDE-700x394.jpg 700w, https:\/\/orkza.com\/wp-content\/uploads\/2024\/10\/STEAM-ACTIVATION-GUIDE-768x432.jpg 768w, https:\/\/orkza.com\/wp-content\/uploads\/2024\/10\/STEAM-ACTIVATION-GUIDE.jpg 1280w\" sizes=\"(max-width: 804px) 100vw, 804px\" \/><\/p>\n<p>Melde dich nach dem Kauf auf deinem PC mit dem bereitgestellten Steam-Konto an. Sobald du angemeldet bist, navigiere zu deiner Bibliothek, installiere das Spiel und klicke auf den Play-Button.  Nach ein paar Minuten beende das Spiel und schalte Steam in den Offline-Modus \u2013 und schon bist du bereit f\u00fcr stundenlangen, aufregenden Spielspa\u00df!<\/p>\n<p>F\u00fcr eine umfassende Einrichtung lies dir unseren <a href=\"https:\/\/orkza.com\/de\/steam-account-activation-guide\/\" target=\"_blank\" rel=\"noopener\">Steam-Konto-Aktivierungsleitfaden<\/a> durch.<\/p>\n<p>Entdecke unsere neuesten <a href=\"https:\/\/orkza.com\/de\/produkt-kategorie\/pc-spiele\/\" target=\"_blank\" rel=\"noopener\">PC-SPIELE<\/a><\/p>\n","protected":false},"excerpt":{"rendered":"<p data-start=\"1660\" data-end=\"1807\">Vernichten Sie D\u00e4monen in <em data-start=\"1701\" data-end=\"1738\">DOOM: The Dark Ages Premium Edition<\/em>. F\u00fchren Sie mittelalterliche Waffen sowie Schusswaffen und schalten Sie exklusive Bonusinhalte frei. <\/p>\n<p><img decoding=\"async\" class=\"alignnone wp-image-3526\" src=\"https:\/\/orkza.com\/wp-content\/uploads\/2024\/10\/Steam-Account-Notice-min-300x300.png\" alt=\"\" width=\"41\" height=\"41\" srcset=\"https:\/\/orkza.com\/wp-content\/uploads\/2024\/10\/Steam-Account-Notice-min-300x300.png 300w, https:\/\/orkza.com\/wp-content\/uploads\/2024\/10\/Steam-Account-Notice-min-scaled-430x430.png 430w, https:\/\/orkza.com\/wp-content\/uploads\/2024\/10\/Steam-Account-Notice-min-150x150.png 150w, https:\/\/orkza.com\/wp-content\/uploads\/2024\/10\/Steam-Account-Notice-min-scaled-700x700.png 700w, https:\/\/orkza.com\/wp-content\/uploads\/2024\/10\/Steam-Account-Notice-min-800x800.png 800w, https:\/\/orkza.com\/wp-content\/uploads\/2024\/10\/Steam-Account-Notice-min-768x768.png 768w, https:\/\/orkza.com\/wp-content\/uploads\/2024\/10\/Steam-Account-Notice-min-1536x1536.png 1536w, https:\/\/orkza.com\/wp-content\/uploads\/2024\/10\/Steam-Account-Notice-min-2048x2048.png 2048w\" sizes=\"(max-width: 41px) 100vw, 41px\" \/><strong>Hinweis: Kontodaten k\u00f6nnen nicht ge\u00e4ndert werden. Dies ist ein Steam-Konto mit lebenslangem Zugriff, nur f\u00fcr Offline-Spiele. <\/strong><\/p>\n","protected":false},"featured_media":17715,"comment_status":"open","ping_status":"closed","template":"","meta":[],"product_brand":[],"product_cat":[216],"product_tag":[249],"class_list":{"0":"post-17749","1":"product","2":"type-product","3":"status-publish","4":"has-post-thumbnail","6":"product_cat-action","7":"product_tag-steam","9":"first","10":"instock","11":"sale","12":"virtual","13":"purchasable","14":"product-type-simple"},"_links":{"self":[{"href":"https:\/\/orkza.com\/de\/wp-json\/wp\/v2\/product\/17749","targetHints":{"allow":["GET"]}}],"collection":[{"href":"https:\/\/orkza.com\/de\/wp-json\/wp\/v2\/product"}],"about":[{"href":"https:\/\/orkza.com\/de\/wp-json\/wp\/v2\/types\/product"}],"replies":[{"embeddable":true,"href":"https:\/\/orkza.com\/de\/wp-json\/wp\/v2\/comments?post=17749"}],"version-history":[{"count":0,"href":"https:\/\/orkza.com\/de\/wp-json\/wp\/v2\/product\/17749\/revisions"}],"wp:featuredmedia":[{"embeddable":true,"href":"https:\/\/orkza.com\/de\/wp-json\/wp\/v2\/media\/17715"}],"wp:attachment":[{"href":"https:\/\/orkza.com\/de\/wp-json\/wp\/v2\/media?parent=17749"}],"wp:term":[{"taxonomy":"product_brand","embeddable":true,"href":"https:\/\/orkza.com\/de\/wp-json\/wp\/v2\/product_brand?post=17749"},{"taxonomy":"product_cat","embeddable":true,"href":"https:\/\/orkza.com\/de\/wp-json\/wp\/v2\/product_cat?post=17749"},{"taxonomy":"product_tag","embeddable":true,"href":"https:\/\/orkza.com\/de\/wp-json\/wp\/v2\/product_tag?post=17749"}],"curies":[{"name":"wp","href":"https:\/\/api.w.org\/{rel}","templated":true}]}}