{"id":17743,"date":"2025-10-03T15:58:26","date_gmt":"2025-10-03T15:58:26","guid":{"rendered":"https:\/\/orkza.com\/product\/sifu-steam-account\/"},"modified":"2026-02-26T06:12:30","modified_gmt":"2026-02-26T06:12:30","slug":"sifu-steam-account","status":"publish","type":"product","link":"https:\/\/orkza.com\/de\/produkt\/sifu-steam-account\/","title":{"rendered":"Sifu Steam-Account"},"content":{"rendered":"<h2 data-start=\"4417\" data-end=\"4486\"><strong data-start=\"4421\" data-end=\"4486\">Sifu Steam-Account \u2013 Eine Martial-Arts-Reise, angetrieben von Rache<\/strong><\/h2>\n<p class=\"\" data-start=\"4488\" data-end=\"4751\">Schl\u00fcpfen Sie in die Rolle eines jungen Kung-Fu-Sch\u00fclers in <a href=\"https:\/\/store.steampowered.com\/app\/2138710\/Sifu\/\" target=\"_blank\" rel=\"noopener\"><em data-start=\"4537\" data-end=\"4543\">Sifu<\/em><\/a>, einem anspruchsvollen und stylischen Beat-\u2019em-up, jetzt spielbar mit unserem Steam-Account. Jagen Sie Rache durch raue Umgebungen, pr\u00e4zise K\u00e4mpfe und eine innovative Alterungsmechanik, die sowohl K\u00f6nnen als auch Strategie auf die Probe stellt. <\/p>\n<h3 data-start=\"4753\" data-end=\"4782\"><strong data-start=\"4758\" data-end=\"4782\">Brutaler, fl\u00fcssiger Kampf<\/strong><\/h3>\n<p class=\"\" data-start=\"4784\" data-end=\"4961\">K\u00e4mpfen Sie gegen mehrere Gegner mit einer Mischung aus Martial-Arts-Techniken, Paraden, Ausweichman\u00f6vern und Umgebungs-Takedowns. Jeder Treffer muss verdient sein \u2013 Timing und Positionierung sind alles. <\/p>\n<h3 data-start=\"4963\" data-end=\"4995\"><strong data-start=\"4968\" data-end=\"4995\">Innovative Altersmechanik<\/strong><\/h3>\n<p class=\"\" data-start=\"4997\" data-end=\"5159\">Jedes Mal, wenn Sie fallen, werden Sie \u00e4lter \u2013 und m\u00e4chtiger, aber mit weniger Gesundheit. Lernen Sie aus dem Scheitern, passen Sie Ihre Strategie an und werden Sie zum Meister, bevor Ihre Zeit abl\u00e4uft. <\/p>\n<h3 data-start=\"5161\" data-end=\"5214\"><strong data-start=\"5166\" data-end=\"5214\">Stylische Optik und atmosph\u00e4risches Storytelling<\/strong><\/h3>\n<p class=\"\" data-start=\"5216\" data-end=\"5353\">Sifus markanter Artstyle, cineastische Kamerawinkel und atmosph\u00e4rische Musik liefern ein intensives und immersives Martial-Arts-Erlebnis wie kein anderes.<\/p>\n<h3>So nutzen Sie Ihren Sifu Steam-Account<\/h3>\n<p><img decoding=\"async\" class=\"alignnone wp-image-3511\" src=\"https:\/\/orkza.com\/wp-content\/uploads\/2024\/10\/STEAM-ACTIVATION-GUIDE-400x225.jpg\" alt=\"\" width=\"804\" height=\"453\" title=\"\" srcset=\"https:\/\/orkza.com\/wp-content\/uploads\/2024\/10\/STEAM-ACTIVATION-GUIDE-400x225.jpg 400w, https:\/\/orkza.com\/wp-content\/uploads\/2024\/10\/STEAM-ACTIVATION-GUIDE-430x242.jpg 430w, https:\/\/orkza.com\/wp-content\/uploads\/2024\/10\/STEAM-ACTIVATION-GUIDE-150x84.jpg 150w, https:\/\/orkza.com\/wp-content\/uploads\/2024\/10\/STEAM-ACTIVATION-GUIDE-700x394.jpg 700w, https:\/\/orkza.com\/wp-content\/uploads\/2024\/10\/STEAM-ACTIVATION-GUIDE-768x432.jpg 768w, https:\/\/orkza.com\/wp-content\/uploads\/2024\/10\/STEAM-ACTIVATION-GUIDE.jpg 1280w\" sizes=\"(max-width: 804px) 100vw, 804px\" \/><\/p>\n<p>Melde dich nach dem Kauf auf deinem PC mit dem bereitgestellten Steam-Konto an. Sobald du angemeldet bist, navigiere zu deiner Bibliothek, installiere das Spiel und klicke auf den Play-Button.  Nach ein paar Minuten beende das Spiel und schalte Steam in den Offline-Modus \u2013 und schon bist du bereit f\u00fcr stundenlangen, aufregenden Spielspa\u00df!<\/p>\n<p>F\u00fcr einen umfassenden Einrichtungsprozess lesen Sie bitte unsere <a href=\"https:\/\/orkza.com\/de\/steam-account-activation-guide\/\" target=\"_blank\" rel=\"noopener\">vollst\u00e4ndige Aktivierungsanleitung<\/a><\/p>\n<h3 data-start=\"5355\" data-end=\"5391\"><strong data-start=\"5360\" data-end=\"5391\">Minimale Systemanforderungen<\/strong><\/h3>\n<ul data-start=\"5393\" data-end=\"5557\">\n<li class=\"\" data-start=\"5393\" data-end=\"5420\">\n<p class=\"\" data-start=\"5395\" data-end=\"5420\">Betriebssystem: Windows 10 (64-Bit)<\/p>\n<\/li>\n<li class=\"\" data-start=\"5421\" data-end=\"5469\">\n<p class=\"\" data-start=\"5423\" data-end=\"5469\">Prozessor: Intel Core i5-7300U \/ AMD FX-6350<\/p>\n<\/li>\n<li class=\"\" data-start=\"5470\" data-end=\"5490\">\n<p class=\"\" data-start=\"5472\" data-end=\"5490\">Arbeitsspeicher: 8 GB RAM<\/p>\n<\/li>\n<li class=\"\" data-start=\"5491\" data-end=\"5540\">\n<p class=\"\" data-start=\"5493\" data-end=\"5540\">Grafikkarte: NVIDIA GTX 660 \/ AMD Radeon HD 7870<\/p>\n<\/li>\n<li class=\"\" data-start=\"5541\" data-end=\"5557\">\n<p class=\"\" data-start=\"5543\" data-end=\"5557\">Speicher: 22 GB<\/p>\n<\/li>\n<\/ul>\n<h3 data-start=\"5559\" data-end=\"5599\"><strong data-start=\"5564\" data-end=\"5599\">Empfohlene Systemanforderungen<\/strong><\/h3>\n<ul data-start=\"5601\" data-end=\"5770\">\n<li class=\"\" data-start=\"5601\" data-end=\"5631\">\n<p class=\"\" data-start=\"5603\" data-end=\"5631\">OS: Windows 10\/11 (64-Bit)<\/p>\n<\/li>\n<li class=\"\" data-start=\"5632\" data-end=\"5685\">\n<p class=\"\" data-start=\"5634\" data-end=\"5685\">Prozessor: Intel Core i7-6700K \/ AMD Ryzen 5 1600<\/p>\n<\/li>\n<li class=\"\" data-start=\"5686\" data-end=\"5707\">\n<p class=\"\" data-start=\"5688\" data-end=\"5707\">Arbeitsspeicher: 10 GB RAM<\/p>\n<\/li>\n<li class=\"\" data-start=\"5708\" data-end=\"5749\">\n<p class=\"\" data-start=\"5710\" data-end=\"5749\">Grafik: NVIDIA GTX 970 \/ AMD RX 590<\/p>\n<\/li>\n<li class=\"\" data-start=\"5750\" data-end=\"5770\">\n<p class=\"\" data-start=\"5752\" data-end=\"5770\">Speicher: 22 GB SSD<\/p>\n<\/li>\n<\/ul>\n<p>Entdecken Sie unsere neuesten <a href=\"https:\/\/orkza.com\/de\/produkt-kategorie\/pc-spiele\/\" target=\"_blank\" rel=\"noopener\">Spiel-Accounts<\/a><\/p>\n","protected":false},"excerpt":{"rendered":"<p>Entfesseln Sie Kung-Fu-Rache in diesem stylischen Pr\u00fcgler. Altern Sie mit jeder Niederlage, werden Sie st\u00e4rker und meistern Sie den Kampf \u2013 Steam-Account inklusive. <\/p>\n<p><img decoding=\"async\" class=\"alignnone wp-image-3526\" src=\"https:\/\/orkza.com\/wp-content\/uploads\/2024\/10\/Steam-Account-Notice-min-300x300.png\" alt=\"\" width=\"45\" height=\"45\" srcset=\"https:\/\/orkza.com\/wp-content\/uploads\/2024\/10\/Steam-Account-Notice-min-300x300.png 300w, https:\/\/orkza.com\/wp-content\/uploads\/2024\/10\/Steam-Account-Notice-min-scaled-430x430.png 430w, https:\/\/orkza.com\/wp-content\/uploads\/2024\/10\/Steam-Account-Notice-min-150x150.png 150w, https:\/\/orkza.com\/wp-content\/uploads\/2024\/10\/Steam-Account-Notice-min-scaled-700x700.png 700w, https:\/\/orkza.com\/wp-content\/uploads\/2024\/10\/Steam-Account-Notice-min-800x800.png 800w, https:\/\/orkza.com\/wp-content\/uploads\/2024\/10\/Steam-Account-Notice-min-768x768.png 768w, https:\/\/orkza.com\/wp-content\/uploads\/2024\/10\/Steam-Account-Notice-min-1536x1536.png 1536w, https:\/\/orkza.com\/wp-content\/uploads\/2024\/10\/Steam-Account-Notice-min-2048x2048.png 2048w\" sizes=\"(max-width: 45px) 100vw, 45px\" \/><strong>Hinweis: Kontodaten k\u00f6nnen nicht ge\u00e4ndert werden. Dies ist ein Steam-Konto mit lebenslangem Zugriff, nur f\u00fcr Offline-Spiele. <\/strong><\/p>\n","protected":false},"featured_media":17745,"comment_status":"open","ping_status":"closed","template":"","meta":[],"product_brand":[],"product_cat":[216],"product_tag":[249],"class_list":{"0":"post-17743","1":"product","2":"type-product","3":"status-publish","4":"has-post-thumbnail","6":"product_cat-action","7":"product_tag-steam","9":"first","10":"instock","11":"sale","12":"virtual","13":"purchasable","14":"product-type-simple"},"_links":{"self":[{"href":"https:\/\/orkza.com\/de\/wp-json\/wp\/v2\/product\/17743","targetHints":{"allow":["GET"]}}],"collection":[{"href":"https:\/\/orkza.com\/de\/wp-json\/wp\/v2\/product"}],"about":[{"href":"https:\/\/orkza.com\/de\/wp-json\/wp\/v2\/types\/product"}],"replies":[{"embeddable":true,"href":"https:\/\/orkza.com\/de\/wp-json\/wp\/v2\/comments?post=17743"}],"version-history":[{"count":0,"href":"https:\/\/orkza.com\/de\/wp-json\/wp\/v2\/product\/17743\/revisions"}],"wp:featuredmedia":[{"embeddable":true,"href":"https:\/\/orkza.com\/de\/wp-json\/wp\/v2\/media\/17745"}],"wp:attachment":[{"href":"https:\/\/orkza.com\/de\/wp-json\/wp\/v2\/media?parent=17743"}],"wp:term":[{"taxonomy":"product_brand","embeddable":true,"href":"https:\/\/orkza.com\/de\/wp-json\/wp\/v2\/product_brand?post=17743"},{"taxonomy":"product_cat","embeddable":true,"href":"https:\/\/orkza.com\/de\/wp-json\/wp\/v2\/product_cat?post=17743"},{"taxonomy":"product_tag","embeddable":true,"href":"https:\/\/orkza.com\/de\/wp-json\/wp\/v2\/product_tag?post=17743"}],"curies":[{"name":"wp","href":"https:\/\/api.w.org\/{rel}","templated":true}]}}