{"id":17739,"date":"2025-10-03T15:58:22","date_gmt":"2025-10-03T15:58:22","guid":{"rendered":"https:\/\/orkza.com\/product\/sea-of-stars-steam-account\/"},"modified":"2026-02-26T06:12:29","modified_gmt":"2026-02-26T06:12:29","slug":"sea-of-stars-steam-account","status":"publish","type":"product","link":"https:\/\/orkza.com\/de\/produkt\/sea-of-stars-steam-account\/","title":{"rendered":"Sea of Stars Steam-Account"},"content":{"rendered":"<h2 data-start=\"1667\" data-end=\"1739\"><strong data-start=\"1671\" data-end=\"1739\">Sea of Stars Steam-Account \u2013 Ein zeitloses rundenbasiertes RPG-Abenteuer<\/strong><\/h2>\n<p class=\"\" data-start=\"1741\" data-end=\"2004\">Stechen Sie in See zu einer nostalgischen und zugleich modernen RPG-Reise mit <a href=\"https:\/\/store.steampowered.com\/app\/1244090\/Sea_of_Stars\/\" target=\"_blank\" rel=\"noopener\"><em data-start=\"1793\" data-end=\"1807\">Sea of Stars<\/em><\/a>, jetzt verf\u00fcgbar \u00fcber unseren Steam-Account. Inspiriert von Retro-Klassikern wie <em data-start=\"1878\" data-end=\"1894\">Chrono Trigger<\/em> vereint dieses pixelperfekte Spiel eine ber\u00fchrende Story, strategische K\u00e4mpfe und einen wundersch\u00f6nen 16-Bit-Artstyle. <\/p>\n<h3 data-start=\"2006\" data-end=\"2043\"><strong data-start=\"2011\" data-end=\"2043\">Zwei Helden, eine epische Reise<\/strong><\/h3>\n<p class=\"\" data-start=\"2045\" data-end=\"2237\">Spielen Sie als Valere und Zale, zwei Kinder der Sonnenwende, die Eclipse-Magie einsetzen, um uralte \u00dcbel abzuwehren. Erkunden Sie eine riesige Welt voller Dungeons, St\u00e4dte und Geheimnisse, die darauf warten, entdeckt zu werden. <\/p>\n<h3 data-start=\"2239\" data-end=\"2273\"><strong data-start=\"2244\" data-end=\"2273\">Dynamische rundenbasierte K\u00e4mpfe<\/strong><\/h3>\n<p class=\"\" data-start=\"2275\" data-end=\"2443\">St\u00fcrzen Sie sich in aktive rundenbasierte K\u00e4mpfe, die Timing und Strategie belohnen. Kombos, synchronisierte Moves und Elementmanipulation machen jeden Kampf spannend und einzigartig. <\/p>\n<h3 data-start=\"2445\" data-end=\"2486\"><strong data-start=\"2450\" data-end=\"2486\">Umfangreiche Erkundung und Nebenquests<\/strong><\/h3>\n<p class=\"\" data-start=\"2488\" data-end=\"2655\">Angeln Sie, kochen Sie, l\u00f6sen Sie R\u00e4tsel und interagieren Sie mit Dutzenden charmanter Charaktere. Jede Stadt, H\u00f6hle und K\u00fcste steckt voller Pers\u00f6nlichkeit und sinnvoller Nebeninhalte. <\/p>\n<h3>So nutzen Sie Ihren Mortal Kombat 1 Steam-Account<\/h3>\n<p><img decoding=\"async\" class=\"alignnone wp-image-3511\" src=\"https:\/\/orkza.com\/wp-content\/uploads\/2024\/10\/STEAM-ACTIVATION-GUIDE-400x225.jpg\" alt=\"\" width=\"804\" height=\"453\" title=\"\" srcset=\"https:\/\/orkza.com\/wp-content\/uploads\/2024\/10\/STEAM-ACTIVATION-GUIDE-400x225.jpg 400w, https:\/\/orkza.com\/wp-content\/uploads\/2024\/10\/STEAM-ACTIVATION-GUIDE-430x242.jpg 430w, https:\/\/orkza.com\/wp-content\/uploads\/2024\/10\/STEAM-ACTIVATION-GUIDE-150x84.jpg 150w, https:\/\/orkza.com\/wp-content\/uploads\/2024\/10\/STEAM-ACTIVATION-GUIDE-700x394.jpg 700w, https:\/\/orkza.com\/wp-content\/uploads\/2024\/10\/STEAM-ACTIVATION-GUIDE-768x432.jpg 768w, https:\/\/orkza.com\/wp-content\/uploads\/2024\/10\/STEAM-ACTIVATION-GUIDE.jpg 1280w\" sizes=\"(max-width: 804px) 100vw, 804px\" \/><\/p>\n<p>Melde dich nach dem Kauf auf deinem PC mit dem bereitgestellten Steam-Konto an. Sobald du angemeldet bist, navigiere zu deiner Bibliothek, installiere das Spiel und klicke auf den Play-Button.  Nach ein paar Minuten beende das Spiel und schalte Steam in den Offline-Modus \u2013 und schon bist du bereit f\u00fcr stundenlangen, aufregenden Spielspa\u00df!<\/p>\n<p>F\u00fcr einen umfassenden Einrichtungsprozess lesen Sie bitte unsere <a href=\"https:\/\/orkza.com\/de\/steam-account-activation-guide\/\" target=\"_blank\" rel=\"noopener\">vollst\u00e4ndige Aktivierungsanleitung<\/a><\/p>\n<h3 data-start=\"2657\" data-end=\"2693\"><strong data-start=\"2662\" data-end=\"2693\">Minimale Systemanforderungen<\/strong><\/h3>\n<ul data-start=\"2695\" data-end=\"2850\">\n<li class=\"\" data-start=\"2695\" data-end=\"2726\">\n<p class=\"\" data-start=\"2697\" data-end=\"2726\">OS: Windows 7 \/ 10 (64-Bit)<\/p>\n<\/li>\n<li class=\"\" data-start=\"2727\" data-end=\"2764\">\n<p class=\"\" data-start=\"2729\" data-end=\"2764\">Prozessor: Intel Core 2 Duo E8600<\/p>\n<\/li>\n<li class=\"\" data-start=\"2765\" data-end=\"2785\">\n<p class=\"\" data-start=\"2767\" data-end=\"2785\">Arbeitsspeicher: 4 GB RAM<\/p>\n<\/li>\n<li class=\"\" data-start=\"2786\" data-end=\"2834\">\n<p class=\"\" data-start=\"2788\" data-end=\"2834\">Grafik: NVIDIA GT 520 \/ AMD Radeon HD 5450<\/p>\n<\/li>\n<li class=\"\" data-start=\"2835\" data-end=\"2850\">\n<p class=\"\" data-start=\"2837\" data-end=\"2850\">Speicher: 5 GB<\/p>\n<\/li>\n<\/ul>\n<h3 data-start=\"2852\" data-end=\"2892\"><strong data-start=\"2857\" data-end=\"2892\">Empfohlene Systemanforderungen<\/strong><\/h3>\n<ul data-start=\"2894\" data-end=\"3051\">\n<li class=\"\" data-start=\"2894\" data-end=\"2924\">\n<p class=\"\" data-start=\"2896\" data-end=\"2924\">OS: Windows 10\/11 (64-Bit)<\/p>\n<\/li>\n<li class=\"\" data-start=\"2925\" data-end=\"2967\">\n<p class=\"\" data-start=\"2927\" data-end=\"2967\">Prozessor: Intel i3 2100 \/ AMD FX-6300<\/p>\n<\/li>\n<li class=\"\" data-start=\"2968\" data-end=\"2988\">\n<p class=\"\" data-start=\"2970\" data-end=\"2988\">Arbeitsspeicher: 8 GB RAM<\/p>\n<\/li>\n<li class=\"\" data-start=\"2989\" data-end=\"3031\">\n<p class=\"\" data-start=\"2991\" data-end=\"3031\">Grafik: NVIDIA GTX 650 \/ AMD HD 7750<\/p>\n<\/li>\n<li class=\"\" data-start=\"3032\" data-end=\"3051\">\n<p class=\"\" data-start=\"3034\" data-end=\"3051\">Speicher: 5 GB SSD<\/p>\n<\/li>\n<\/ul>\n<p>Entdecken Sie unsere neuesten <a href=\"https:\/\/orkza.com\/de\/produkt-kategorie\/pc-spiele\/\" target=\"_blank\" rel=\"noopener\">Spiel-Accounts<\/a><\/p>\n","protected":false},"excerpt":{"rendered":"<p class=\"\" data-start=\"242\" data-end=\"395\">Begeben Sie sich auf eine nostalgische RPG-Reise mit wundersch\u00f6ner Pixelgrafik, rundenbasierten K\u00e4mpfen und einer fesselnden Story \u2013 spielen Sie jetzt mit unserem Steam-Account.<\/p>\n<p><img decoding=\"async\" class=\"alignnone wp-image-3526\" src=\"https:\/\/orkza.com\/wp-content\/uploads\/2024\/10\/Steam-Account-Notice-min-300x300.png\" alt=\"\" width=\"45\" height=\"45\" srcset=\"https:\/\/orkza.com\/wp-content\/uploads\/2024\/10\/Steam-Account-Notice-min-300x300.png 300w, https:\/\/orkza.com\/wp-content\/uploads\/2024\/10\/Steam-Account-Notice-min-scaled-430x430.png 430w, https:\/\/orkza.com\/wp-content\/uploads\/2024\/10\/Steam-Account-Notice-min-150x150.png 150w, https:\/\/orkza.com\/wp-content\/uploads\/2024\/10\/Steam-Account-Notice-min-scaled-700x700.png 700w, https:\/\/orkza.com\/wp-content\/uploads\/2024\/10\/Steam-Account-Notice-min-800x800.png 800w, https:\/\/orkza.com\/wp-content\/uploads\/2024\/10\/Steam-Account-Notice-min-768x768.png 768w, https:\/\/orkza.com\/wp-content\/uploads\/2024\/10\/Steam-Account-Notice-min-1536x1536.png 1536w, https:\/\/orkza.com\/wp-content\/uploads\/2024\/10\/Steam-Account-Notice-min-2048x2048.png 2048w\" sizes=\"(max-width: 45px) 100vw, 45px\" \/><strong>Hinweis: Kontodaten k\u00f6nnen nicht ge\u00e4ndert werden. Dies ist ein Steam-Konto mit lebenslangem Zugriff, nur f\u00fcr Offline-Spiele. <\/strong><\/p>\n","protected":false},"featured_media":17741,"comment_status":"open","ping_status":"closed","template":"","meta":[],"product_brand":[],"product_cat":[219],"product_tag":[249],"class_list":{"0":"post-17739","1":"product","2":"type-product","3":"status-publish","4":"has-post-thumbnail","6":"product_cat-rpg","7":"product_tag-steam","9":"first","10":"instock","11":"sale","12":"virtual","13":"purchasable","14":"product-type-simple"},"_links":{"self":[{"href":"https:\/\/orkza.com\/de\/wp-json\/wp\/v2\/product\/17739","targetHints":{"allow":["GET"]}}],"collection":[{"href":"https:\/\/orkza.com\/de\/wp-json\/wp\/v2\/product"}],"about":[{"href":"https:\/\/orkza.com\/de\/wp-json\/wp\/v2\/types\/product"}],"replies":[{"embeddable":true,"href":"https:\/\/orkza.com\/de\/wp-json\/wp\/v2\/comments?post=17739"}],"version-history":[{"count":0,"href":"https:\/\/orkza.com\/de\/wp-json\/wp\/v2\/product\/17739\/revisions"}],"wp:featuredmedia":[{"embeddable":true,"href":"https:\/\/orkza.com\/de\/wp-json\/wp\/v2\/media\/17741"}],"wp:attachment":[{"href":"https:\/\/orkza.com\/de\/wp-json\/wp\/v2\/media?parent=17739"}],"wp:term":[{"taxonomy":"product_brand","embeddable":true,"href":"https:\/\/orkza.com\/de\/wp-json\/wp\/v2\/product_brand?post=17739"},{"taxonomy":"product_cat","embeddable":true,"href":"https:\/\/orkza.com\/de\/wp-json\/wp\/v2\/product_cat?post=17739"},{"taxonomy":"product_tag","embeddable":true,"href":"https:\/\/orkza.com\/de\/wp-json\/wp\/v2\/product_tag?post=17739"}],"curies":[{"name":"wp","href":"https:\/\/api.w.org\/{rel}","templated":true}]}}